{"id":2425,"date":"2025-06-03T10:55:07","date_gmt":"2025-06-03T08:55:07","guid":{"rendered":"https:\/\/tactical-13.com\/?page_id=2425"},"modified":"2025-07-23T08:07:13","modified_gmt":"2025-07-23T06:07:13","slug":"gesetzlicher-hinweis","status":"publish","type":"page","link":"https:\/\/tactical-13.com\/de\/gesetzlicher-hinweis\/","title":{"rendered":"Rechtliche Hinweise"},"content":{"rendered":"<div data-elementor-type=\"wp-page\" data-elementor-id=\"2425\" class=\"elementor elementor-2425\" data-elementor-settings=\"{&quot;ha_cmc_init_switcher&quot;:&quot;no&quot;}\" data-elementor-post-type=\"page\">\n\t\t\t\t<div class=\"elementor-element elementor-element-5b0233e e-flex e-con-boxed e-con e-parent\" data-id=\"5b0233e\" data-element_type=\"container\" data-settings=\"{&quot;background_background&quot;:&quot;classic&quot;,&quot;jet_parallax_layout_list&quot;:[],&quot;_ha_eqh_enable&quot;:false}\">\n\t\t\t\t\t<div class=\"e-con-inner\">\n\t\t<div class=\"elementor-element elementor-element-0ee8521 e-con-full e-flex e-con e-child\" data-id=\"0ee8521\" data-element_type=\"container\" data-settings=\"{&quot;jet_parallax_layout_list&quot;:[],&quot;_ha_eqh_enable&quot;:false}\">\n\t\t\t\t<div class=\"elementor-element elementor-element-3a141d8 elementor-widget elementor-widget-heading\" data-id=\"3a141d8\" data-element_type=\"widget\" data-widget_type=\"heading.default\">\n\t\t\t\t<div class=\"elementor-widget-container\">\n\t\t\t\t\t<h1 class=\"elementor-heading-title elementor-size-default\">Rechtliche Hinweise<\/h1>\t\t\t\t<\/div>\n\t\t\t\t<\/div>\n\t\t\t\t<\/div>\n\t\t\t\t\t<\/div>\n\t\t\t\t<\/div>\n\t\t<div class=\"elementor-element elementor-element-c8c861b e-flex e-con-boxed e-con e-parent\" data-id=\"c8c861b\" data-element_type=\"container\" data-settings=\"{&quot;jet_parallax_layout_list&quot;:[],&quot;_ha_eqh_enable&quot;:false}\">\n\t\t\t\t\t<div class=\"e-con-inner\">\n\t\t\t\t<div class=\"elementor-element elementor-element-f8277e7 elementor-widget elementor-widget-text-editor\" data-id=\"f8277e7\" data-element_type=\"widget\" data-widget_type=\"text-editor.default\">\n\t\t\t\t<div class=\"elementor-widget-container\">\n\t\t\t\t\t\t\t\t\t<h3 data-pm-slice=\"1 1 []\">1. Herausgeber der Seite<\/h3><p>Gem\u00e4\u00df Artikel 6 des Gesetzes Nr. 2004-575 vom 21. Juni 2004 \u00fcber das Vertrauen in die digitale Wirtschaft wird den Nutzern der Website Folgendes mitgeteilt <a>www.tactical-13.com<\/a> die Identit\u00e4t der verschiedenen Personen, die an seiner Durchf\u00fchrung und Nachbereitung beteiligt sind :<\/p><ul data-spread=\"false\"><li><p><strong>Eigent\u00fcmer \/ Herausgeber<\/strong> : TACTICAL XIII<\/p><\/li><li><p><strong>SIRET<\/strong> : 894 760 388 00012<\/p><\/li><li><p><strong>Verantwortlich f\u00fcr die Ver\u00f6ffentlichung<\/strong> : TACTICAL XIII - <a>contact@tactical-13.com<\/a><\/p><\/li><li><p><strong>Webmaster<\/strong> : <a href=\"https:\/\/studio-regards.fr\/\">Studiowohnung Regards<\/a><a>\u00a0<\/a>und <a href=\"https:\/\/romeostudio.fr\/\">Romeo Studio<\/a><\/p><\/li><\/ul><div><hr \/><\/div><h3>2. Bedingungen f\u00fcr die Nutzung<\/h3><p>Die Nutzung der Seite <a>www.tactical-13.com<\/a> bedeutet, dass Sie die Allgemeinen Nutzungsbedingungen voll und ganz akzeptieren. Diese k\u00f6nnen jederzeit ge\u00e4ndert werden, sodass die Nutzer sie regelm\u00e4\u00dfig einsehen sollten.<\/p><p>Die Website ist jederzeit zug\u00e4nglich, aber TACTICAL XIII kann eine Wartungsunterbrechung beschlie\u00dfen und wird sich bem\u00fchen, die Nutzer vorab dar\u00fcber zu informieren.<\/p><div><hr \/><\/div><h3>3. Beschreibung der Dienste<\/h3><p>Die Seite <a>www.tactical-13.com<\/a> hat zum Ziel, die von TACTICAL XIII angebotenen Produkte und Dienstleistungen vorzustellen.<\/p><p>TACTICAL XIII bem\u00fcht sich, m\u00f6glichst genaue Informationen bereitzustellen, haftet jedoch nicht f\u00fcr Auslassungen oder Ungenauigkeiten.<\/p><div><hr \/><\/div><h3>4. Technische Einschr\u00e4nkungen<\/h3><p>Die Website verwendet das CMS WordPress. Der Nutzer verpflichtet sich, mit einer aktuellen, virenfreien Hardware und einem aktualisierten Browser auf die Seite zuzugreifen.<\/p><p>TACTICAL XIII haftet nicht f\u00fcr materielle Sch\u00e4den, die mit der Nutzung der Website verbunden sind.<\/p><div><hr \/><\/div><h3>5. Geistiges Eigentum<\/h3><p>TACTICAL XIII ist Eigent\u00fcmer der geistigen Eigentumsrechte oder besitzt die Nutzungsrechte f\u00fcr alle Elemente der Website. Jegliche Vervielf\u00e4ltigung oder Nutzung, ganz oder teilweise, ist ohne schriftliche Genehmigung untersagt.<\/p><div><hr \/><\/div><h3>6. Beschr\u00e4nkungen der Haftung<\/h3><p>TACTICAL XIII haftet nicht f\u00fcr direkte oder indirekte Sch\u00e4den, die sich aus der Nutzung der Website ergeben.<\/p><p>Interaktive Bereiche stehen den Nutzern zur Verf\u00fcgung. TACTICAL XIII beh\u00e4lt sich das Recht vor, Inhalte zu entfernen, die gegen das Gesetz versto\u00dfen.<\/p><div><hr \/><\/div><h3>7. Umgang mit pers\u00f6nlichen Daten<\/h3><p>TACTICAL XIII sammelt nur die Daten, die f\u00fcr die Nutzung der Dienste der Website erforderlich sind. Der Nutzer hat das Recht, auf seine Daten zuzugreifen, sie zu berichtigen und zu l\u00f6schen, auf Anfrage an <a>contact@tactical-13.com<\/a>.<\/p><p>Ohne die ausdr\u00fcckliche Zustimmung des Nutzers werden keine pers\u00f6nlichen Informationen an Dritte weitergegeben. Im Falle eines R\u00fcckkaufs von TACTICAL XIII k\u00f6nnten die Informationen an den Erwerber weitergegeben werden.<\/p><div><hr \/><\/div><h3>8. Hyperlinks und Cookies<\/h3><p>Die Website kann Links zu anderen Websites enthalten. TACTICAL XIII kann f\u00fcr den Inhalt dieser Websites nicht garantieren.<\/p><p>Die Navigation auf <a>www.tactical-13.com<\/a> kann zur Installation von Cookies f\u00fchren. Der Nutzer kann seinen Browser so einstellen, dass Cookies blockiert werden.<\/p><div><hr \/><\/div><h3>9. Anwendbares Recht und Gerichtsbarkeit<\/h3><p>Alle Streitigkeiten im Zusammenhang mit der Nutzung der Website unterliegen dem franz\u00f6sischen Recht. Die zust\u00e4ndige Gerichtsbarkeit ist das Gericht in Clermont-Ferrand.<\/p><div><hr \/><\/div><h3>10. Referenzgesetze<\/h3><ul data-spread=\"false\"><li><p>Gesetz Nr. 78-17 vom 6. Januar 1978 in seiner ge\u00e4nderten Fassung (Informatik und Freiheitsrechte)<\/p><\/li><li><p>Gesetz Nr. 2004-575 vom 21. Juni 2004 (Vertrauen in die digitale Wirtschaft)<\/p><\/li><\/ul><div><hr \/><\/div><h3>11. Zugelassener Mediator<\/h3><p>Gem\u00e4\u00df Artikel L.612-1 des Verbraucherschutzgesetzes kann der Kunde kostenlos den Schlichtungsdienst in Anspruch nehmen:<br \/>CM2C - Centre de la M\u00e9diation de la Consommation de Conciliateurs de Justice (Zentrum f\u00fcr Verbrauchermediation von Schlichtern)<br \/>www.cm2c.net - 14 rue Saint Jean, 75017 Paris<\/p><div><hr \/><\/div><h3>12. Lexikon<\/h3><ul data-spread=\"false\"><li><p><strong>Benutzer<\/strong> : Internetnutzer, der sich mit der Website verbindet.<\/p><\/li><li><p><strong>Pers\u00f6nliche Informationen<\/strong> : Daten, die die direkte oder indirekte Identifizierung einer nat\u00fcrlichen Person erm\u00f6glichen.<\/p><\/li><\/ul>\t\t\t\t\t\t\t\t<\/div>\n\t\t\t\t<\/div>\n\t\t\t\t\t<\/div>\n\t\t\t\t<\/div>\n\t\t<div class=\"elementor-element elementor-element-1a7c427 e-flex e-con-boxed e-con e-parent\" data-id=\"1a7c427\" data-element_type=\"container\" data-settings=\"{&quot;jet_parallax_layout_list&quot;:[],&quot;background_background&quot;:&quot;classic&quot;,&quot;_ha_eqh_enable&quot;:false}\">\n\t\t\t\t\t<div class=\"e-con-inner\">\n\t\t\t\t<div class=\"elementor-element elementor-element-314550d elementor-widget elementor-widget-heading\" data-id=\"314550d\" data-element_type=\"widget\" data-widget_type=\"heading.default\">\n\t\t\t\t<div class=\"elementor-widget-container\">\n\t\t\t\t\t<h2 class=\"elementor-heading-title elementor-size-default\">Hier erfahren Sie, warum unsere Kunden Tactical XIII m\u00f6gen<\/h2>\t\t\t\t<\/div>\n\t\t\t\t<\/div>\n\t\t\t\t\t<\/div>\n\t\t\t\t<\/div>\n\t\t<div class=\"elementor-element elementor-element-18107ed e-flex e-con-boxed e-con e-parent\" data-id=\"18107ed\" data-element_type=\"container\" data-settings=\"{&quot;jet_parallax_layout_list&quot;:[],&quot;background_background&quot;:&quot;classic&quot;,&quot;_ha_eqh_enable&quot;:false}\">\n\t\t\t\t\t<div class=\"e-con-inner\">\n\t\t<div class=\"elementor-element elementor-element-c20f1f7 e-con-full e-flex e-con e-child\" data-id=\"c20f1f7\" data-element_type=\"container\" data-settings=\"{&quot;jet_parallax_layout_list&quot;:[],&quot;_ha_eqh_enable&quot;:false}\">\n\t\t\t\t<div class=\"elementor-element elementor-element-76f4215 elementor-view-default elementor-widget elementor-widget-icon\" data-id=\"76f4215\" data-element_type=\"widget\" data-widget_type=\"icon.default\">\n\t\t\t\t<div class=\"elementor-widget-container\">\n\t\t\t\t\t\t\t<div class=\"elementor-icon-wrapper\">\n\t\t\t<div class=\"elementor-icon\">\n\t\t\t<svg aria-hidden=\"true\" class=\"e-font-icon-svg e-fas-shipping-fast\" viewbox=\"0 0 640 512\" xmlns=\"http:\/\/www.w3.org\/2000\/svg\"><path d=\"M624 352h-16V243.9c0-12.7-5.1-24.9-14.1-33.9L494 110.1c-9-9-21.2-14.1-33.9-14.1H416V48c0-26.5-21.5-48-48-48H112C85.5 0 64 21.5 64 48v48H8c-4.4 0-8 3.6-8 8v16c0 4.4 3.6 8 8 8h272c4.4 0 8 3.6 8 8v16c0 4.4-3.6 8-8 8H40c-4.4 0-8 3.6-8 8v16c0 4.4 3.6 8 8 8h208c4.4 0 8 3.6 8 8v16c0 4.4-3.6 8-8 8H8c-4.4 0-8 3.6-8 8v16c0 4.4 3.6 8 8 8h208c4.4 0 8 3.6 8 8v16c0 4.4-3.6 8-8 8H64v128c0 53 43 96 96 96s96-43 96-96h128c0 53 43 96 96 96s96-43 96-96h48c8.8 0 16-7.2 16-16v-32c0-8.8-7.2-16-16-16zM160 464c-26.5 0-48-21.5-48-48s21.5-48 48-48 48 21.5 48 48-21.5 48-48 48zm320 0c-26.5 0-48-21.5-48-48s21.5-48 48-48 48 21.5 48 48-21.5 48-48 48zm80-208H416V144h44.1l99.9 99.9V256z\"><\/path><\/svg>\t\t\t<\/div>\n\t\t<\/div>\n\t\t\t\t\t\t<\/div>\n\t\t\t\t<\/div>\n\t\t\t\t<div class=\"elementor-element elementor-element-742c498 elementor-widget elementor-widget-heading\" data-id=\"742c498\" data-element_type=\"widget\" data-widget_type=\"heading.default\">\n\t\t\t\t<div class=\"elementor-widget-container\">\n\t\t\t\t\t<h3 class=\"elementor-heading-title elementor-size-default\">Kostenlose Lieferung<br \/>in Frankreich<\/h3>\t\t\t\t<\/div>\n\t\t\t\t<\/div>\n\t\t\t\t<div class=\"elementor-element elementor-element-61768ac elementor-widget elementor-widget-text-editor\" data-id=\"61768ac\" data-element_type=\"widget\" data-widget_type=\"text-editor.default\">\n\t\t\t\t<div class=\"elementor-widget-container\">\n\t\t\t\t\t\t\t\t\t<p class=\"translation-block\"><span style=\"font-weight: 400\">Erhalten Sie Ihren <\/span><b>Wanderwagen<\/b><b><\/b><span style=\"font-weight: 400\">und <\/span><b>Zubeh\u00f6r<\/b><span style=\"font-weight: 400\">in 3 bis 5 Werktagen kostenlos und bereit f\u00fcr Ihr Abenteuer.<\/span><\/p>\t\t\t\t\t\t\t\t<\/div>\n\t\t\t\t<\/div>\n\t\t\t\t<\/div>\n\t\t<div class=\"elementor-element elementor-element-6f56aaf e-con-full e-flex e-con e-child\" data-id=\"6f56aaf\" data-element_type=\"container\" data-settings=\"{&quot;jet_parallax_layout_list&quot;:[],&quot;_ha_eqh_enable&quot;:false}\">\n\t\t\t\t<div class=\"elementor-element elementor-element-19a2fc2 elementor-view-default elementor-widget elementor-widget-icon\" data-id=\"19a2fc2\" data-element_type=\"widget\" data-widget_type=\"icon.default\">\n\t\t\t\t<div class=\"elementor-widget-container\">\n\t\t\t\t\t\t\t<div class=\"elementor-icon-wrapper\">\n\t\t\t<div class=\"elementor-icon\">\n\t\t\t<svg aria-hidden=\"true\" class=\"e-font-icon-svg e-fas-award\" viewbox=\"0 0 384 512\" xmlns=\"http:\/\/www.w3.org\/2000\/svg\"><path d=\"M97.12 362.63c-8.69-8.69-4.16-6.24-25.12-11.85-9.51-2.55-17.87-7.45-25.43-13.32L1.2 448.7c-4.39 10.77 3.81 22.47 15.43 22.03l52.69-2.01L105.56 507c8 8.44 22.04 5.81 26.43-4.96l52.05-127.62c-10.84 6.04-22.87 9.58-35.31 9.58-19.5 0-37.82-7.59-51.61-21.37zM382.8 448.7l-45.37-111.24c-7.56 5.88-15.92 10.77-25.43 13.32-21.07 5.64-16.45 3.18-25.12 11.85-13.79 13.78-32.12 21.37-51.62 21.37-12.44 0-24.47-3.55-35.31-9.58L252 502.04c4.39 10.77 18.44 13.4 26.43 4.96l36.25-38.28 52.69 2.01c11.62.44 19.82-11.27 15.43-22.03zM263 340c15.28-15.55 17.03-14.21 38.79-20.14 13.89-3.79 24.75-14.84 28.47-28.98 7.48-28.4 5.54-24.97 25.95-45.75 10.17-10.35 14.14-25.44 10.42-39.58-7.47-28.38-7.48-24.42 0-52.83 3.72-14.14-.25-29.23-10.42-39.58-20.41-20.78-18.47-17.36-25.95-45.75-3.72-14.14-14.58-25.19-28.47-28.98-27.88-7.61-24.52-5.62-44.95-26.41-10.17-10.35-25-14.4-38.89-10.61-27.87 7.6-23.98 7.61-51.9 0-13.89-3.79-28.72.25-38.89 10.61-20.41 20.78-17.05 18.8-44.94 26.41-13.89 3.79-24.75 14.84-28.47 28.98-7.47 28.39-5.54 24.97-25.95 45.75-10.17 10.35-14.15 25.44-10.42 39.58 7.47 28.36 7.48 24.4 0 52.82-3.72 14.14.25 29.23 10.42 39.59 20.41 20.78 18.47 17.35 25.95 45.75 3.72 14.14 14.58 25.19 28.47 28.98C104.6 325.96 106.27 325 121 340c13.23 13.47 33.84 15.88 49.74 5.82a39.676 39.676 0 0 1 42.53 0c15.89 10.06 36.5 7.65 49.73-5.82zM97.66 175.96c0-53.03 42.24-96.02 94.34-96.02s94.34 42.99 94.34 96.02-42.24 96.02-94.34 96.02-94.34-42.99-94.34-96.02z\"><\/path><\/svg>\t\t\t<\/div>\n\t\t<\/div>\n\t\t\t\t\t\t<\/div>\n\t\t\t\t<\/div>\n\t\t\t\t<div class=\"elementor-element elementor-element-87ec63e elementor-widget elementor-widget-heading\" data-id=\"87ec63e\" data-element_type=\"widget\" data-widget_type=\"heading.default\">\n\t\t\t\t<div class=\"elementor-widget-container\">\n\t\t\t\t\t<h3 class=\"elementor-heading-title elementor-size-default\">Handwerkliche Qualit\u00e4t<br \/>Franz\u00f6sisch<\/h3>\t\t\t\t<\/div>\n\t\t\t\t<\/div>\n\t\t\t\t<div class=\"elementor-element elementor-element-181ebb0 elementor-widget elementor-widget-text-editor\" data-id=\"181ebb0\" data-element_type=\"widget\" data-widget_type=\"text-editor.default\">\n\t\t\t\t<div class=\"elementor-widget-container\">\n\t\t\t\t\t\t\t\t\t<p class=\"translation-block\"><span style=\"font-weight: 400\">Jeder <\/span><b>Trekkingwagen<\/b><span style=\"font-weight: 400\"> Model X-Trek wird von Hand in der <\/span><b>Auvergne<\/b><span style=\"font-weight: 400\"> mit <\/span><b>robusten<\/b><span style=\"font-weight: 400\"> und <\/span><b>leichtgewichtigen<\/b><span style=\"font-weight: 400\"> Materialien hergestellt.<\/span>.<\/p>\t\t\t\t\t\t\t\t<\/div>\n\t\t\t\t<\/div>\n\t\t\t\t<\/div>\n\t\t<div class=\"elementor-element elementor-element-5d71e18 e-con-full e-flex e-con e-child\" data-id=\"5d71e18\" data-element_type=\"container\" data-settings=\"{&quot;jet_parallax_layout_list&quot;:[],&quot;_ha_eqh_enable&quot;:false}\">\n\t\t\t\t<div class=\"elementor-element elementor-element-c8b8d31 elementor-view-default elementor-widget elementor-widget-icon\" data-id=\"c8b8d31\" data-element_type=\"widget\" data-widget_type=\"icon.default\">\n\t\t\t\t<div class=\"elementor-widget-container\">\n\t\t\t\t\t\t\t<div class=\"elementor-icon-wrapper\">\n\t\t\t<div class=\"elementor-icon\">\n\t\t\t<svg aria-hidden=\"true\" class=\"e-font-icon-svg e-fas-shield-alt\" viewbox=\"0 0 512 512\" xmlns=\"http:\/\/www.w3.org\/2000\/svg\"><path d=\"M466.5 83.7l-192-80a48.15 48.15 0 0 0-36.9 0l-192 80C27.7 91.1 16 108.6 16 128c0 198.5 114.5 335.7 221.5 380.3 11.8 4.9 25.1 4.9 36.9 0C360.1 472.6 496 349.3 496 128c0-19.4-11.7-36.9-29.5-44.3zM256.1 446.3l-.1-381 175.9 73.3c-3.3 151.4-82.1 261.1-175.8 307.7z\"><\/path><\/svg>\t\t\t<\/div>\n\t\t<\/div>\n\t\t\t\t\t\t<\/div>\n\t\t\t\t<\/div>\n\t\t\t\t<div class=\"elementor-element elementor-element-5402ad8 elementor-widget elementor-widget-heading\" data-id=\"5402ad8\" data-element_type=\"widget\" data-widget_type=\"heading.default\">\n\t\t\t\t<div class=\"elementor-widget-container\">\n\t\t\t\t\t<h3 class=\"elementor-heading-title elementor-size-default translation-block\">Reparierbar, modular,<br>nachhaltig<\/h3>\t\t\t\t<\/div>\n\t\t\t\t<\/div>\n\t\t\t\t<div class=\"elementor-element elementor-element-54362f9 elementor-widget elementor-widget-text-editor\" data-id=\"54362f9\" data-element_type=\"widget\" data-widget_type=\"text-editor.default\">\n\t\t\t\t<div class=\"elementor-widget-container\">\n\t\t\t\t\t\t\t\t\t<p><span style=\"font-weight: 400;\">Entworfen mit<\/span><b> austauschbare Teile<\/b><span style=\"font-weight: 400;\"> um zu halten, auch bei deinen <\/span><b>lange Expeditionen<\/b><span style=\"font-weight: 400;\">.<\/span><\/p>\t\t\t\t\t\t\t\t<\/div>\n\t\t\t\t<\/div>\n\t\t\t\t<\/div>\n\t\t\t\t\t<\/div>\n\t\t\t\t<\/div>\n\t\t\t\t<\/div>","protected":false},"excerpt":{"rendered":"<p>Rechtliche Hinweise 1. Herausgeber der Website Gem\u00e4\u00df Artikel 6 des Gesetzes Nr. 2004-575 vom 21. Juni 2004 \u00fcber das Vertrauen in die digitale Wirtschaft wird den Nutzern der Website www.tactical-13.com die Identit\u00e4t der verschiedenen Akteure im Rahmen der Realisierung und Betreuung der Website mitgeteilt: Eigent\u00fcmer \/ Herausgeber: TACTICAL XIII SIRET [...].<\/p>","protected":false},"author":1,"featured_media":0,"parent":0,"menu_order":0,"comment_status":"closed","ping_status":"closed","template":"elementor_header_footer","meta":{"footnotes":""},"class_list":["post-2425","page","type-page","status-publish","hentry"],"blocksy_meta":[],"yoast_head":"<!-- This site is optimized with the Yoast SEO plugin v27.3 - https:\/\/yoast.com\/product\/yoast-seo-wordpress\/ -->\n<title>Mentions l\u00e9gales - TACTICAL XIII<\/title>\n<meta name=\"robots\" content=\"index, follow, max-snippet:-1, max-image-preview:large, max-video-preview:-1\" \/>\n<link rel=\"canonical\" href=\"https:\/\/tactical-13.com\/de\/gesetzlicher-hinweis\/\" \/>\n<meta property=\"og:locale\" content=\"de_DE\" \/>\n<meta property=\"og:type\" content=\"article\" \/>\n<meta property=\"og:title\" content=\"Mentions l\u00e9gales - TACTICAL XIII\" \/>\n<meta property=\"og:description\" content=\"Mentions L\u00e9gales 1. \u00c9diteur du site Conform\u00e9ment \u00e0 l&rsquo;article 6 de la loi n\u00b0 2004-575 du 21 juin 2004 pour la confiance dans l&rsquo;\u00e9conomie num\u00e9rique, il est pr\u00e9cis\u00e9 aux utilisateurs du site www.tactical-13.com l&rsquo;identit\u00e9 des diff\u00e9rents intervenants dans le cadre de sa r\u00e9alisation et de son suivi : Propri\u00e9taire \/ \u00c9diteur : TACTICAL XIII SIRET [&hellip;]\" \/>\n<meta property=\"og:url\" content=\"https:\/\/tactical-13.com\/de\/gesetzlicher-hinweis\/\" \/>\n<meta property=\"og:site_name\" content=\"TACTICAL XIII\" \/>\n<meta property=\"article:modified_time\" content=\"2025-07-23T06:07:13+00:00\" \/>\n<meta name=\"twitter:card\" content=\"summary_large_image\" \/>\n<meta name=\"twitter:label1\" content=\"Gesch\u00e4tzte Lesezeit\" \/>\n\t<meta name=\"twitter:data1\" content=\"3\u00a0Minuten\" \/>\n<script type=\"application\/ld+json\" class=\"yoast-schema-graph\">{\"@context\":\"https:\\\/\\\/schema.org\",\"@graph\":[{\"@type\":\"WebPage\",\"@id\":\"https:\\\/\\\/tactical-13.com\\\/fr\\\/mention-legales\\\/\",\"url\":\"https:\\\/\\\/tactical-13.com\\\/fr\\\/mention-legales\\\/\",\"name\":\"Mentions l\u00e9gales - TACTICAL XIII\",\"isPartOf\":{\"@id\":\"https:\\\/\\\/tactical-13.com\\\/nb\\\/#website\"},\"datePublished\":\"2025-06-03T08:55:07+00:00\",\"dateModified\":\"2025-07-23T06:07:13+00:00\",\"breadcrumb\":{\"@id\":\"https:\\\/\\\/tactical-13.com\\\/fr\\\/mention-legales\\\/#breadcrumb\"},\"inLanguage\":\"de\",\"potentialAction\":[{\"@type\":\"ReadAction\",\"target\":[\"https:\\\/\\\/tactical-13.com\\\/fr\\\/mention-legales\\\/\"]}]},{\"@type\":\"BreadcrumbList\",\"@id\":\"https:\\\/\\\/tactical-13.com\\\/fr\\\/mention-legales\\\/#breadcrumb\",\"itemListElement\":[{\"@type\":\"ListItem\",\"position\":1,\"name\":\"Accueil\",\"item\":\"https:\\\/\\\/tactical-13.com\\\/\"},{\"@type\":\"ListItem\",\"position\":2,\"name\":\"Mentions l\u00e9gales\"}]},{\"@type\":\"WebSite\",\"@id\":\"https:\\\/\\\/tactical-13.com\\\/nb\\\/#website\",\"url\":\"https:\\\/\\\/tactical-13.com\\\/nb\\\/\",\"name\":\"TACTICAL XIII\",\"description\":\"Chariot de randonn\u00e9e\",\"publisher\":{\"@id\":\"https:\\\/\\\/tactical-13.com\\\/nb\\\/#organization\"},\"potentialAction\":[{\"@type\":\"SearchAction\",\"target\":{\"@type\":\"EntryPoint\",\"urlTemplate\":\"https:\\\/\\\/tactical-13.com\\\/nb\\\/?s={search_term_string}\"},\"query-input\":{\"@type\":\"PropertyValueSpecification\",\"valueRequired\":true,\"valueName\":\"search_term_string\"}}],\"inLanguage\":\"de\"},{\"@type\":\"Organization\",\"@id\":\"https:\\\/\\\/tactical-13.com\\\/nb\\\/#organization\",\"name\":\"TACTICAL XIII\",\"url\":\"https:\\\/\\\/tactical-13.com\\\/nb\\\/\",\"logo\":{\"@type\":\"ImageObject\",\"inLanguage\":\"de\",\"@id\":\"https:\\\/\\\/tactical-13.com\\\/nb\\\/#\\\/schema\\\/logo\\\/image\\\/\",\"url\":\"https:\\\/\\\/tactical-13.com\\\/wp-content\\\/uploads\\\/2025\\\/05\\\/Logo-Tactical-XIII-black.png\",\"contentUrl\":\"https:\\\/\\\/tactical-13.com\\\/wp-content\\\/uploads\\\/2025\\\/05\\\/Logo-Tactical-XIII-black.png\",\"width\":350,\"height\":237,\"caption\":\"TACTICAL XIII\"},\"image\":{\"@id\":\"https:\\\/\\\/tactical-13.com\\\/nb\\\/#\\\/schema\\\/logo\\\/image\\\/\"}}]}<\/script>\n<!-- \/ Yoast SEO plugin. -->","yoast_head_json":{"title":"Rechtliche Hinweise - TACTICAL XIII","robots":{"index":"index","follow":"follow","max-snippet":"max-snippet:-1","max-image-preview":"max-image-preview:large","max-video-preview":"max-video-preview:-1"},"canonical":"https:\/\/tactical-13.com\/de\/gesetzlicher-hinweis\/","og_locale":"de_DE","og_type":"article","og_title":"Mentions l\u00e9gales - TACTICAL XIII","og_description":"Mentions L\u00e9gales 1. \u00c9diteur du site Conform\u00e9ment \u00e0 l&rsquo;article 6 de la loi n\u00b0 2004-575 du 21 juin 2004 pour la confiance dans l&rsquo;\u00e9conomie num\u00e9rique, il est pr\u00e9cis\u00e9 aux utilisateurs du site www.tactical-13.com l&rsquo;identit\u00e9 des diff\u00e9rents intervenants dans le cadre de sa r\u00e9alisation et de son suivi : Propri\u00e9taire \/ \u00c9diteur : TACTICAL XIII SIRET [&hellip;]","og_url":"https:\/\/tactical-13.com\/de\/gesetzlicher-hinweis\/","og_site_name":"TACTICAL XIII","article_modified_time":"2025-07-23T06:07:13+00:00","twitter_card":"summary_large_image","twitter_misc":{"Gesch\u00e4tzte Lesezeit":"3\u00a0Minuten"},"schema":{"@context":"https:\/\/schema.org","@graph":[{"@type":"WebPage","@id":"https:\/\/tactical-13.com\/fr\/mention-legales\/","url":"https:\/\/tactical-13.com\/fr\/mention-legales\/","name":"Rechtliche Hinweise - TACTICAL XIII","isPartOf":{"@id":"https:\/\/tactical-13.com\/nb\/#website"},"datePublished":"2025-06-03T08:55:07+00:00","dateModified":"2025-07-23T06:07:13+00:00","breadcrumb":{"@id":"https:\/\/tactical-13.com\/fr\/mention-legales\/#breadcrumb"},"inLanguage":"de","potentialAction":[{"@type":"ReadAction","target":["https:\/\/tactical-13.com\/fr\/mention-legales\/"]}]},{"@type":"BreadcrumbList","@id":"https:\/\/tactical-13.com\/fr\/mention-legales\/#breadcrumb","itemListElement":[{"@type":"ListItem","position":1,"name":"Accueil","item":"https:\/\/tactical-13.com\/"},{"@type":"ListItem","position":2,"name":"Mentions l\u00e9gales"}]},{"@type":"WebSite","@id":"https:\/\/tactical-13.com\/nb\/#website","url":"https:\/\/tactical-13.com\/nb\/","name":"TACTICAL XIII","description":"Wanderwagen","publisher":{"@id":"https:\/\/tactical-13.com\/nb\/#organization"},"potentialAction":[{"@type":"SearchAction","target":{"@type":"EntryPoint","urlTemplate":"https:\/\/tactical-13.com\/nb\/?s={search_term_string}"},"query-input":{"@type":"PropertyValueSpecification","valueRequired":true,"valueName":"search_term_string"}}],"inLanguage":"de"},{"@type":"Organization","@id":"https:\/\/tactical-13.com\/nb\/#organization","name":"TACTICAL XIII","url":"https:\/\/tactical-13.com\/nb\/","logo":{"@type":"ImageObject","inLanguage":"de","@id":"https:\/\/tactical-13.com\/nb\/#\/schema\/logo\/image\/","url":"https:\/\/tactical-13.com\/wp-content\/uploads\/2025\/05\/Logo-Tactical-XIII-black.png","contentUrl":"https:\/\/tactical-13.com\/wp-content\/uploads\/2025\/05\/Logo-Tactical-XIII-black.png","width":350,"height":237,"caption":"TACTICAL XIII"},"image":{"@id":"https:\/\/tactical-13.com\/nb\/#\/schema\/logo\/image\/"}}]}},"jetpack_sharing_enabled":true,"_links":{"self":[{"href":"https:\/\/tactical-13.com\/de\/wp-json\/wp\/v2\/pages\/2425","targetHints":{"allow":["GET"]}}],"collection":[{"href":"https:\/\/tactical-13.com\/de\/wp-json\/wp\/v2\/pages"}],"about":[{"href":"https:\/\/tactical-13.com\/de\/wp-json\/wp\/v2\/types\/page"}],"author":[{"embeddable":true,"href":"https:\/\/tactical-13.com\/de\/wp-json\/wp\/v2\/users\/1"}],"replies":[{"embeddable":true,"href":"https:\/\/tactical-13.com\/de\/wp-json\/wp\/v2\/comments?post=2425"}],"version-history":[{"count":0,"href":"https:\/\/tactical-13.com\/de\/wp-json\/wp\/v2\/pages\/2425\/revisions"}],"wp:attachment":[{"href":"https:\/\/tactical-13.com\/de\/wp-json\/wp\/v2\/media?parent=2425"}],"curies":[{"name":"wp","href":"https:\/\/api.w.org\/{rel}","templated":true}]}}