{"id":1134,"date":"2025-05-20T13:36:53","date_gmt":"2025-05-20T11:36:53","guid":{"rendered":"https:\/\/tactical-13.com\/?post_type=product&#038;p=1134"},"modified":"2026-03-17T21:59:36","modified_gmt":"2026-03-17T20:59:36","slug":"model-x-trek-version-3","status":"publish","type":"product","link":"https:\/\/tactical-13.com\/de\/produkt\/model-x-trek-version-3\/","title":{"rendered":"Model X-Trek Version 3"},"content":{"rendered":"<div data-elementor-type=\"product-post\" data-elementor-id=\"1134\" class=\"elementor elementor-1134\" data-elementor-settings=\"{&quot;ha_cmc_init_switcher&quot;:&quot;no&quot;}\" data-elementor-post-type=\"product\">\n\t\t\t\t<div class=\"elementor-element elementor-element-44652149 e-flex e-con-boxed e-con e-parent\" data-id=\"44652149\" data-element_type=\"container\" data-settings=\"{&quot;jet_parallax_layout_list&quot;:[],&quot;_ha_eqh_enable&quot;:false}\">\n\t\t\t\t\t<div class=\"e-con-inner\">\n\t\t\t\t<div class=\"elementor-element elementor-element-a38bc7d elementor-widget elementor-widget-heading\" data-id=\"a38bc7d\" data-element_type=\"widget\" data-widget_type=\"heading.default\">\n\t\t\t\t<div class=\"elementor-widget-container\">\n\t\t\t\t\t<h2 class=\"elementor-heading-title elementor-size-default\">Der Wanderwagen, der entwickelt wurde, um Ihre Grenzen zu erweitern<\/h2>\t\t\t\t<\/div>\n\t\t\t\t<\/div>\n\t\t\t\t<div class=\"elementor-element elementor-element-1bb290c9 elementor-widget elementor-widget-text-editor\" data-id=\"1bb290c9\" data-element_type=\"widget\" data-widget_type=\"text-editor.default\">\n\t\t\t\t<div class=\"elementor-widget-container\">\n\t\t\t\t\t\t\t\t\t<p class=\"translation-block\"><span style=\"font-weight: 400\">Der <\/span><b>Model X-Trek Version 3<\/b><span style=\"font-weight: 400\"> ist unser fortschrittlichster Wandertrolley, der auf dem Feedback von Hunderten von Wanderern beruht. <\/span>.<\/p>\n<p class=\"translation-block\"><span style=\"font-weight: 400\">Seine <\/span><b>steife Rohrkonstruktion<\/b><span style=\"font-weight: 400\"> aus <\/span><b>Kohlefaser<\/b><span style=\"font-weight: 400\"> und <\/span><b>Aluminium<\/b><span style=\"font-weight: 400\">ist f\u00fcr Taschen von <\/span><b>30 bis 110 Liter ausgelegt<\/b><span style=\"font-weight: 400\">. Dank seiner Robustheit absorbiert er St\u00f6\u00dfe auf technisch anspruchsvollem Gel\u00e4nde und verringert gleichzeitig den Trageaufwand.<\/span>.<\/p>\n<p class=\"translation-block\"><span style=\"font-weight: 400\">Mit seinen <\/span><b>nur 2,08 kg<\/b><span style=\"font-weight: 400\"> und einer au\u00dfergew\u00f6hnlichen Kompaktheit im gefalteten Zustand l\u00e4sst er sich leicht \u00fcberall hin mitnehmen: <\/span><b>zum Trampen, im Flugzeug, im Zug oder im Bus<\/span><span style=\"font-weight: 400\">. Ideal f\u00fcr <\/span><b>Milit\u00e4rs<\/b><span style=\"font-weight: 400\">, <\/span><b>Rettungsprofis<\/b><span style=\"font-weight: 400\">, <\/span><b>Outdoor-Fotografen<\/b><span style=\"font-weight: 400\"> oder auch <\/span><b>Langstreckenwanderer<\/b><span style=\"font-weight: 400\">, dieser gel\u00e4ndeg\u00e4ngige Wagen begleitet Sie auf Ihren anspruchsvollsten Expeditionen.<\/span>.<\/p>\n<p class=\"translation-block\"><b>Jetzt verf\u00fcgbar<\/b><span style=\"font-weight: 400\"> - Lieferung nach Hause innerhalb von<\/span><b>3 bis 5 Werktagen<\/b><span style=\"font-weight: 400\">.<\/span>.<\/p>\t\t\t\t\t\t\t\t<\/div>\n\t\t\t\t<\/div>\n\t\t\t\t\t<\/div>\n\t\t\t\t<\/div>\n\t\t\t\t<\/div>","protected":false},"excerpt":{"rendered":"<p class=\"translation-block\"><span style=\"font-weight: 400\">Entwickelt f\u00fcr Abenteuerbegeisterte ist das <\/span><b>Model X-Trek Version 3<\/b><span style=\"font-weight: 400\"> die ultimative Weiterentwicklung unseres <\/span><b>Wanderwagens<\/b><span style=\"font-weight: 400\">. <\/span><b>Leicht<\/b><span style=\"font-weight: 400\">, <\/span><b>modular<\/b><span style=\"font-weight: 400\"> und <\/span><b>ultra-robust<\/b><span style=\"font-weight: 400\"> \u2013 er passt sich jedem Gel\u00e4nde und jeder Situation an. <a href=\"https:\/\/tactical-13.com\/de\/erfahrungsberichte\/\" target=\"_self\">Basierend auf dem Feedback unserer Nutzer<\/a><\/span><span style=\"font-weight: 400\"> kann er je nach Streckenanforderung in wenigen Sekunden zwischen <\/span><b>Rollmodus<\/b><span style=\"font-weight: 400\"> und <\/span><b>Tragemodus<\/b><span style=\"font-weight: 400\"> wechseln.<\/span><\/p>","protected":false},"featured_media":181,"comment_status":"open","ping_status":"closed","template":"","meta":[],"product_brand":[],"product_cat":[23],"product_tag":[24,25,45],"class_list":{"0":"post-1134","1":"product","2":"type-product","3":"status-publish","4":"has-post-thumbnail","6":"product_cat-chariots-de-randonnee","7":"product_tag-chariot","8":"product_tag-chariot-de-randonnee","9":"product_tag-x-trek-version-3","11":"first","12":"instock","13":"taxable","14":"shipping-taxable","15":"purchasable","16":"product-type-variable","17":"has-default-attributes"},"yoast_head":"<!-- This site is optimized with the Yoast SEO plugin v27.3 - https:\/\/yoast.com\/product\/yoast-seo-wordpress\/ -->\n<title>Model X-Trek Version 3 \u2013 Chariot de randonn\u00e9e | Tactical XIII<\/title>\n<meta name=\"description\" content=\"D\u00e9couvrez le Model X-Trek Version 3, un chariot de randonn\u00e9e ultra l\u00e9ger, modulable et robuste. Con\u00e7u pour transporter vos sacs sur tous types de terrains.\" \/>\n<meta name=\"robots\" content=\"index, follow, max-snippet:-1, max-image-preview:large, max-video-preview:-1\" \/>\n<link rel=\"canonical\" href=\"https:\/\/tactical-13.com\/de\/produkt\/model-x-trek-version-3\/\" \/>\n<meta property=\"og:locale\" content=\"de_DE\" \/>\n<meta property=\"og:type\" content=\"article\" \/>\n<meta property=\"og:title\" content=\"Model X-Trek Version 3 \u2013 Chariot de randonn\u00e9e | Tactical XIII\" \/>\n<meta property=\"og:description\" content=\"D\u00e9couvrez le Model X-Trek Version 3, un chariot de randonn\u00e9e ultra l\u00e9ger, modulable et robuste. Con\u00e7u pour transporter vos sacs sur tous types de terrains.\" \/>\n<meta property=\"og:url\" content=\"https:\/\/tactical-13.com\/de\/produkt\/model-x-trek-version-3\/\" \/>\n<meta property=\"og:site_name\" content=\"TACTICAL XIII\" \/>\n<meta property=\"article:modified_time\" content=\"2026-03-17T20:59:36+00:00\" \/>\n<meta property=\"og:image\" content=\"http:\/\/tactical-13.com\/wp-content\/uploads\/2025\/05\/Chariot-Randonnee-X-Trek-V3-Tactical-13.jpg\" \/>\n\t<meta property=\"og:image:width\" content=\"1200\" \/>\n\t<meta property=\"og:image:height\" content=\"1200\" \/>\n\t<meta property=\"og:image:type\" content=\"image\/jpeg\" \/>\n<meta name=\"twitter:card\" content=\"summary_large_image\" \/>\n<meta name=\"twitter:label1\" content=\"Gesch\u00e4tzte Lesezeit\" \/>\n\t<meta name=\"twitter:data1\" content=\"1\u00a0Minute\" \/>\n<script type=\"application\/ld+json\" class=\"yoast-schema-graph\">{\"@context\":\"https:\\\/\\\/schema.org\",\"@graph\":[{\"@type\":\"WebPage\",\"@id\":\"https:\\\/\\\/tactical-13.com\\\/produit\\\/model-x-trek-version-3\\\/\",\"url\":\"https:\\\/\\\/tactical-13.com\\\/produit\\\/model-x-trek-version-3\\\/\",\"name\":\"Model X-Trek Version 3 \u2013 Chariot de randonn\u00e9e | Tactical XIII\",\"isPartOf\":{\"@id\":\"https:\\\/\\\/tactical-13.com\\\/nb\\\/#website\"},\"primaryImageOfPage\":{\"@id\":\"https:\\\/\\\/tactical-13.com\\\/produit\\\/model-x-trek-version-3\\\/#primaryimage\"},\"image\":{\"@id\":\"https:\\\/\\\/tactical-13.com\\\/produit\\\/model-x-trek-version-3\\\/#primaryimage\"},\"thumbnailUrl\":\"https:\\\/\\\/tactical-13.com\\\/wp-content\\\/uploads\\\/2025\\\/05\\\/Chariot-Randonnee-X-Trek-V3-Tactical-13.jpg\",\"datePublished\":\"2025-05-20T11:36:53+00:00\",\"dateModified\":\"2026-03-17T20:59:36+00:00\",\"description\":\"D\u00e9couvrez le Model X-Trek Version 3, un chariot de randonn\u00e9e ultra l\u00e9ger, modulable et robuste. Con\u00e7u pour transporter vos sacs sur tous types de terrains.\",\"breadcrumb\":{\"@id\":\"https:\\\/\\\/tactical-13.com\\\/produit\\\/model-x-trek-version-3\\\/#breadcrumb\"},\"inLanguage\":\"de\",\"potentialAction\":[{\"@type\":\"ReadAction\",\"target\":[\"https:\\\/\\\/tactical-13.com\\\/produit\\\/model-x-trek-version-3\\\/\"]}]},{\"@type\":\"ImageObject\",\"inLanguage\":\"de\",\"@id\":\"https:\\\/\\\/tactical-13.com\\\/produit\\\/model-x-trek-version-3\\\/#primaryimage\",\"url\":\"https:\\\/\\\/tactical-13.com\\\/wp-content\\\/uploads\\\/2025\\\/05\\\/Chariot-Randonnee-X-Trek-V3-Tactical-13.jpg\",\"contentUrl\":\"https:\\\/\\\/tactical-13.com\\\/wp-content\\\/uploads\\\/2025\\\/05\\\/Chariot-Randonnee-X-Trek-V3-Tactical-13.jpg\",\"width\":1200,\"height\":1200},{\"@type\":\"BreadcrumbList\",\"@id\":\"https:\\\/\\\/tactical-13.com\\\/produit\\\/model-x-trek-version-3\\\/#breadcrumb\",\"itemListElement\":[{\"@type\":\"ListItem\",\"position\":1,\"name\":\"Accueil\",\"item\":\"https:\\\/\\\/tactical-13.com\\\/\"},{\"@type\":\"ListItem\",\"position\":2,\"name\":\"Boutique\",\"item\":\"https:\\\/\\\/tactical-13.com\\\/de\\\/shop\\\/\"},{\"@type\":\"ListItem\",\"position\":3,\"name\":\"Model X-Trek Version 3\"}]},{\"@type\":\"WebSite\",\"@id\":\"https:\\\/\\\/tactical-13.com\\\/nb\\\/#website\",\"url\":\"https:\\\/\\\/tactical-13.com\\\/nb\\\/\",\"name\":\"TACTICAL XIII\",\"description\":\"Chariot de randonn\u00e9e\",\"publisher\":{\"@id\":\"https:\\\/\\\/tactical-13.com\\\/nb\\\/#organization\"},\"potentialAction\":[{\"@type\":\"SearchAction\",\"target\":{\"@type\":\"EntryPoint\",\"urlTemplate\":\"https:\\\/\\\/tactical-13.com\\\/nb\\\/?s={search_term_string}\"},\"query-input\":{\"@type\":\"PropertyValueSpecification\",\"valueRequired\":true,\"valueName\":\"search_term_string\"}}],\"inLanguage\":\"de\"},{\"@type\":\"Organization\",\"@id\":\"https:\\\/\\\/tactical-13.com\\\/nb\\\/#organization\",\"name\":\"TACTICAL XIII\",\"url\":\"https:\\\/\\\/tactical-13.com\\\/nb\\\/\",\"logo\":{\"@type\":\"ImageObject\",\"inLanguage\":\"de\",\"@id\":\"https:\\\/\\\/tactical-13.com\\\/nb\\\/#\\\/schema\\\/logo\\\/image\\\/\",\"url\":\"https:\\\/\\\/tactical-13.com\\\/wp-content\\\/uploads\\\/2025\\\/05\\\/Logo-Tactical-XIII-black.png\",\"contentUrl\":\"https:\\\/\\\/tactical-13.com\\\/wp-content\\\/uploads\\\/2025\\\/05\\\/Logo-Tactical-XIII-black.png\",\"width\":350,\"height\":237,\"caption\":\"TACTICAL XIII\"},\"image\":{\"@id\":\"https:\\\/\\\/tactical-13.com\\\/nb\\\/#\\\/schema\\\/logo\\\/image\\\/\"}}]}<\/script>\n<!-- \/ Yoast SEO plugin. -->","yoast_head_json":{"title":"Model X-Trek Version 3 - Wanderwagen | Tactical XIII","description":"Entdecken Sie den Model X-Trek Version 3, einen ultraleichten, modularen und robusten Wanderwagen. Er wurde entwickelt, um Ihre Taschen \u00fcber alle Arten von Gel\u00e4nde zu transportieren.","robots":{"index":"index","follow":"follow","max-snippet":"max-snippet:-1","max-image-preview":"max-image-preview:large","max-video-preview":"max-video-preview:-1"},"canonical":"https:\/\/tactical-13.com\/de\/produkt\/model-x-trek-version-3\/","og_locale":"de_DE","og_type":"article","og_title":"Model X-Trek Version 3 \u2013 Chariot de randonn\u00e9e | Tactical XIII","og_description":"D\u00e9couvrez le Model X-Trek Version 3, un chariot de randonn\u00e9e ultra l\u00e9ger, modulable et robuste. Con\u00e7u pour transporter vos sacs sur tous types de terrains.","og_url":"https:\/\/tactical-13.com\/de\/produkt\/model-x-trek-version-3\/","og_site_name":"TACTICAL XIII","article_modified_time":"2026-03-17T20:59:36+00:00","og_image":[{"width":1200,"height":1200,"url":"http:\/\/tactical-13.com\/wp-content\/uploads\/2025\/05\/Chariot-Randonnee-X-Trek-V3-Tactical-13.jpg","type":"image\/jpeg"}],"twitter_card":"summary_large_image","twitter_misc":{"Gesch\u00e4tzte Lesezeit":"1\u00a0Minute"},"schema":{"@context":"https:\/\/schema.org","@graph":[{"@type":"WebPage","@id":"https:\/\/tactical-13.com\/produit\/model-x-trek-version-3\/","url":"https:\/\/tactical-13.com\/produit\/model-x-trek-version-3\/","name":"Model X-Trek Version 3 - Wanderwagen | Tactical XIII","isPartOf":{"@id":"https:\/\/tactical-13.com\/nb\/#website"},"primaryImageOfPage":{"@id":"https:\/\/tactical-13.com\/produit\/model-x-trek-version-3\/#primaryimage"},"image":{"@id":"https:\/\/tactical-13.com\/produit\/model-x-trek-version-3\/#primaryimage"},"thumbnailUrl":"https:\/\/tactical-13.com\/wp-content\/uploads\/2025\/05\/Chariot-Randonnee-X-Trek-V3-Tactical-13.jpg","datePublished":"2025-05-20T11:36:53+00:00","dateModified":"2026-03-17T20:59:36+00:00","description":"Entdecken Sie den Model X-Trek Version 3, einen ultraleichten, modularen und robusten Wanderwagen. Er wurde entwickelt, um Ihre Taschen \u00fcber alle Arten von Gel\u00e4nde zu transportieren.","breadcrumb":{"@id":"https:\/\/tactical-13.com\/produit\/model-x-trek-version-3\/#breadcrumb"},"inLanguage":"de","potentialAction":[{"@type":"ReadAction","target":["https:\/\/tactical-13.com\/produit\/model-x-trek-version-3\/"]}]},{"@type":"ImageObject","inLanguage":"de","@id":"https:\/\/tactical-13.com\/produit\/model-x-trek-version-3\/#primaryimage","url":"https:\/\/tactical-13.com\/wp-content\/uploads\/2025\/05\/Chariot-Randonnee-X-Trek-V3-Tactical-13.jpg","contentUrl":"https:\/\/tactical-13.com\/wp-content\/uploads\/2025\/05\/Chariot-Randonnee-X-Trek-V3-Tactical-13.jpg","width":1200,"height":1200},{"@type":"BreadcrumbList","@id":"https:\/\/tactical-13.com\/produit\/model-x-trek-version-3\/#breadcrumb","itemListElement":[{"@type":"ListItem","position":1,"name":"Accueil","item":"https:\/\/tactical-13.com\/"},{"@type":"ListItem","position":2,"name":"Boutique","item":"https:\/\/tactical-13.com\/de\/shop\/"},{"@type":"ListItem","position":3,"name":"Model X-Trek Version 3"}]},{"@type":"WebSite","@id":"https:\/\/tactical-13.com\/nb\/#website","url":"https:\/\/tactical-13.com\/nb\/","name":"TACTICAL XIII","description":"Wanderwagen","publisher":{"@id":"https:\/\/tactical-13.com\/nb\/#organization"},"potentialAction":[{"@type":"SearchAction","target":{"@type":"EntryPoint","urlTemplate":"https:\/\/tactical-13.com\/nb\/?s={search_term_string}"},"query-input":{"@type":"PropertyValueSpecification","valueRequired":true,"valueName":"search_term_string"}}],"inLanguage":"de"},{"@type":"Organization","@id":"https:\/\/tactical-13.com\/nb\/#organization","name":"TACTICAL XIII","url":"https:\/\/tactical-13.com\/nb\/","logo":{"@type":"ImageObject","inLanguage":"de","@id":"https:\/\/tactical-13.com\/nb\/#\/schema\/logo\/image\/","url":"https:\/\/tactical-13.com\/wp-content\/uploads\/2025\/05\/Logo-Tactical-XIII-black.png","contentUrl":"https:\/\/tactical-13.com\/wp-content\/uploads\/2025\/05\/Logo-Tactical-XIII-black.png","width":350,"height":237,"caption":"TACTICAL XIII"},"image":{"@id":"https:\/\/tactical-13.com\/nb\/#\/schema\/logo\/image\/"}}]}},"jetpack_sharing_enabled":true,"_links":{"self":[{"href":"https:\/\/tactical-13.com\/de\/wp-json\/wp\/v2\/product\/1134","targetHints":{"allow":["GET"]}}],"collection":[{"href":"https:\/\/tactical-13.com\/de\/wp-json\/wp\/v2\/product"}],"about":[{"href":"https:\/\/tactical-13.com\/de\/wp-json\/wp\/v2\/types\/product"}],"replies":[{"embeddable":true,"href":"https:\/\/tactical-13.com\/de\/wp-json\/wp\/v2\/comments?post=1134"}],"version-history":[{"count":2,"href":"https:\/\/tactical-13.com\/de\/wp-json\/wp\/v2\/product\/1134\/revisions"}],"predecessor-version":[{"id":6570,"href":"https:\/\/tactical-13.com\/de\/wp-json\/wp\/v2\/product\/1134\/revisions\/6570"}],"wp:featuredmedia":[{"embeddable":true,"href":"https:\/\/tactical-13.com\/de\/wp-json\/wp\/v2\/media\/181"}],"wp:attachment":[{"href":"https:\/\/tactical-13.com\/de\/wp-json\/wp\/v2\/media?parent=1134"}],"wp:term":[{"taxonomy":"product_brand","embeddable":true,"href":"https:\/\/tactical-13.com\/de\/wp-json\/wp\/v2\/product_brand?post=1134"},{"taxonomy":"product_cat","embeddable":true,"href":"https:\/\/tactical-13.com\/de\/wp-json\/wp\/v2\/product_cat?post=1134"},{"taxonomy":"product_tag","embeddable":true,"href":"https:\/\/tactical-13.com\/de\/wp-json\/wp\/v2\/product_tag?post=1134"}],"curies":[{"name":"wp","href":"https:\/\/api.w.org\/{rel}","templated":true}]}}