{"id":1881,"date":"2025-05-23T01:33:57","date_gmt":"2025-05-22T23:33:57","guid":{"rendered":"https:\/\/tactical-13.com\/?post_type=product&#038;p=1881"},"modified":"2026-04-01T16:02:12","modified_gmt":"2026-04-01T14:02:12","slug":"model-x-trek-version-2-evolution","status":"publish","type":"product","link":"https:\/\/tactical-13.com\/de\/produkt\/model-x-trek-version-2-evolution\/","title":{"rendered":"Model X-Trek V2 Evolution"},"content":{"rendered":"<div data-elementor-type=\"product-post\" data-elementor-id=\"1881\" class=\"elementor elementor-1881\" data-elementor-settings=\"{&quot;ha_cmc_init_switcher&quot;:&quot;no&quot;}\" data-elementor-post-type=\"product\">\n\t\t\t\t<div class=\"elementor-element elementor-element-44652149 e-flex e-con-boxed e-con e-parent\" data-id=\"44652149\" data-element_type=\"container\" data-settings=\"{&quot;jet_parallax_layout_list&quot;:[],&quot;_ha_eqh_enable&quot;:false}\">\n\t\t\t\t\t<div class=\"e-con-inner\">\n\t\t\t\t<div class=\"elementor-element elementor-element-a38bc7d elementor-widget elementor-widget-heading\" data-id=\"a38bc7d\" data-element_type=\"widget\" data-widget_type=\"heading.default\">\n\t\t\t\t<div class=\"elementor-widget-container\">\n\t\t\t\t\t<h2 class=\"elementor-heading-title elementor-size-default\">Ein ultraleichter Wanderwagen, der auf das Roaming zugeschnitten ist<\/h2>\t\t\t\t<\/div>\n\t\t\t\t<\/div>\n\t\t\t\t<div class=\"elementor-element elementor-element-1bb290c9 elementor-widget elementor-widget-text-editor\" data-id=\"1bb290c9\" data-element_type=\"widget\" data-widget_type=\"text-editor.default\">\n\t\t\t\t<div class=\"elementor-widget-container\">\n\t\t\t\t\t\t\t\t\t<p><span style=\"font-weight: 400;\">Die<\/span><b> Model X-Trek V2 Evolution<\/b><span style=\"font-weight: 400;\"> verk\u00f6rpert das perfekte Gleichgewicht zwischen <\/span><b>Leistung<\/b><span style=\"font-weight: 400;\">, <\/span><b>Leichtigkeit<\/b><span style=\"font-weight: 400;\"> und <\/span><b>Modularit\u00e4t<\/b><span style=\"font-weight: 400;\">. Mit einem Gewicht von 1,975 kg richtet er sich an <\/span><b>Wanderer<\/b><span style=\"font-weight: 400;\"> und <\/span><b>Trekker<\/b><span style=\"font-weight: 400;\"> Anspruchsvolle, die ihre Last verringern m\u00f6chten, ohne Kompromisse bei der Zuverl\u00e4ssigkeit einzugehen.<\/span><\/p><p><span style=\"font-weight: 400;\">Dank seiner <\/span><b>Achse<\/b><span style=\"font-weight: 400;\"> neue Generation in <\/span><b>Kohlenstofffasern <\/b><span style=\"font-weight: 400;\">und seinen pannensicheren 285-mm-R\u00e4dern ist dieser <\/span><b>ultraleichter Wanderwagen<\/b><span style=\"font-weight: 400;\"> absorbiert St\u00f6\u00dfe und bietet gleichzeitig eine hervorragende Stabilit\u00e4t, selbst auf technischen Wegen. Mit dem integrierten FEEL UP-System k\u00f6nnen Sie die H\u00f6he des Schlittens an die Gr\u00f6\u00dfe Ihres Rucksacks (30 bis 70L) anpassen, um eine pr\u00e4zise Passform und optimalen Komfort zu gew\u00e4hrleisten.<\/span><\/p><p><span style=\"font-weight: 400;\">Die <\/span><b>V2 Entwicklung<\/b><span style=\"font-weight: 400;\"> zeichnet sich auch durch seine einfache Montage aus: In weniger als 30 Sekunden ist er an Ihrem Rucksack angebracht, und in weniger als 20 Sekunden wechseln Sie vom <\/span><b>Modus<\/b> <b>Portage<\/b><span style=\"font-weight: 400;\"> unter <\/span><b>Modus<\/b> <b>rollen<\/b><span style=\"font-weight: 400;\">. Ideal, um ohne Unterbrechung dem Rhythmus der Natur zu folgen.<\/span><\/p><p><span style=\"font-weight: 400;\">Schlie\u00dflich kann diese Vorlage durch mehrere Optionen angepasst und verbessert werden:<\/span><\/p><ul><li><b>Achsen aus Titan<\/b><span style=\"font-weight: 400;\"> um zu gewinnen in <\/span><b>Leichtigkeit<\/b><\/li><li><b>Molle-System<\/b><span style=\"font-weight: 400;\"> zur Befestigung von Taschen oder Trinkflaschen an der Vorderseite des Wagens<\/span><\/li><\/ul><p><span style=\"font-weight: 400;\">Hergestellt in Frankreich, das <\/span><b>Model X-Trek V2 Evolution<\/b><span style=\"font-weight: 400;\"> ist ein treuer Verb\u00fcndeter bei all Ihren Expeditionen in die Wildnis.<\/span><\/p>\t\t\t\t\t\t\t\t<\/div>\n\t\t\t\t<\/div>\n\t\t\t\t\t<\/div>\n\t\t\t\t<\/div>\n\t\t\t\t<\/div>","protected":false},"excerpt":{"rendered":"<p class=\"translation-block\"><span style=\"font-weight: 400\">Der <\/span><b>Model X-Trek V2 Evolution <\/b><span style=\"font-weight: 400\">ist ein ultraleichter <\/span><b>Wanderwagen<\/b><span style=\"font-weight: 400\">f\u00fcr alle, die l\u00e4nger, weiter und schmerzfreier wandern wollen. <\/span><b>Kompakt<\/b><span style=\"font-weight: 400\">, <\/span><b>bequem<\/b><span style=\"font-weight: 400\"> und <\/span><b>robust<\/b><span style=\"font-weight: 400\"> k\u00f6nnen Sie je nach Gel\u00e4nde in Sekundenschnelle zwischen <\/span><b>Tragen<\/b><span style=\"font-weight: 400\"> und <\/span><b>Rollen<\/b><span style=\"font-weight: 400\">wechseln und dabei Ihren R\u00fccken und Ihre Gelenke effektiv entlasten.<\/span>.<\/p>","protected":false},"featured_media":3410,"comment_status":"open","ping_status":"closed","template":"","meta":[],"product_brand":[],"product_cat":[23],"product_tag":[24,25,44],"class_list":{"0":"post-1881","1":"product","2":"type-product","3":"status-publish","4":"has-post-thumbnail","6":"product_cat-chariots-de-randonnee","7":"product_tag-chariot","8":"product_tag-chariot-de-randonnee","9":"product_tag-x-trek-v2","11":"first","12":"instock","13":"taxable","14":"shipping-taxable","15":"purchasable","16":"product-type-variable","17":"has-default-attributes"},"yoast_head":"<!-- This site is optimized with the Yoast SEO plugin v27.3 - https:\/\/yoast.com\/product\/yoast-seo-wordpress\/ -->\n<title>Chariot de randonn\u00e9e Model X-Trek V2 Evolution | Tactical XIII<\/title>\n<meta name=\"description\" content=\"D\u00e9couvrez le Model X-Trek V2 Evolution, un chariot de randonn\u00e9e ultra l\u00e9ger, compact et robuste, con\u00e7u pour all\u00e9ger vos treks sans compromis sur le confort.\" \/>\n<meta name=\"robots\" content=\"index, follow, max-snippet:-1, max-image-preview:large, max-video-preview:-1\" \/>\n<link rel=\"canonical\" href=\"https:\/\/tactical-13.com\/de\/produkt\/model-x-trek-version-2-evolution\/\" \/>\n<meta property=\"og:locale\" content=\"de_DE\" \/>\n<meta property=\"og:type\" content=\"article\" \/>\n<meta property=\"og:title\" content=\"Chariot de randonn\u00e9e Model X-Trek V2 Evolution | Tactical XIII\" \/>\n<meta property=\"og:description\" content=\"D\u00e9couvrez le Model X-Trek V2 Evolution, un chariot de randonn\u00e9e ultra l\u00e9ger, compact et robuste, con\u00e7u pour all\u00e9ger vos treks sans compromis sur le confort.\" \/>\n<meta property=\"og:url\" content=\"https:\/\/tactical-13.com\/de\/produkt\/model-x-trek-version-2-evolution\/\" \/>\n<meta property=\"og:site_name\" content=\"TACTICAL XIII\" \/>\n<meta property=\"article:modified_time\" content=\"2026-04-01T14:02:12+00:00\" \/>\n<meta property=\"og:image\" content=\"http:\/\/tactical-13.com\/wp-content\/uploads\/2025\/05\/Chariot-de-randonnee-Model-X-Trek-V2-Evolution.jpg\" \/>\n\t<meta property=\"og:image:width\" content=\"1200\" \/>\n\t<meta property=\"og:image:height\" content=\"1200\" \/>\n\t<meta property=\"og:image:type\" content=\"image\/jpeg\" \/>\n<meta name=\"twitter:card\" content=\"summary_large_image\" \/>\n<script type=\"application\/ld+json\" class=\"yoast-schema-graph\">{\"@context\":\"https:\\\/\\\/schema.org\",\"@graph\":[{\"@type\":\"WebPage\",\"@id\":\"https:\\\/\\\/tactical-13.com\\\/fr\\\/produit\\\/model-x-trek-version-2-evolution\\\/\",\"url\":\"https:\\\/\\\/tactical-13.com\\\/fr\\\/produit\\\/model-x-trek-version-2-evolution\\\/\",\"name\":\"Chariot de randonn\u00e9e Model X-Trek V2 Evolution | Tactical XIII\",\"isPartOf\":{\"@id\":\"https:\\\/\\\/tactical-13.com\\\/nb\\\/#website\"},\"primaryImageOfPage\":{\"@id\":\"https:\\\/\\\/tactical-13.com\\\/fr\\\/produit\\\/model-x-trek-version-2-evolution\\\/#primaryimage\"},\"image\":{\"@id\":\"https:\\\/\\\/tactical-13.com\\\/fr\\\/produit\\\/model-x-trek-version-2-evolution\\\/#primaryimage\"},\"thumbnailUrl\":\"https:\\\/\\\/tactical-13.com\\\/wp-content\\\/uploads\\\/2025\\\/05\\\/Chariot-de-randonnee-Model-X-Trek-V2-Evolution.jpg\",\"datePublished\":\"2025-05-22T23:33:57+00:00\",\"dateModified\":\"2026-04-01T14:02:12+00:00\",\"description\":\"D\u00e9couvrez le Model X-Trek V2 Evolution, un chariot de randonn\u00e9e ultra l\u00e9ger, compact et robuste, con\u00e7u pour all\u00e9ger vos treks sans compromis sur le confort.\",\"breadcrumb\":{\"@id\":\"https:\\\/\\\/tactical-13.com\\\/fr\\\/produit\\\/model-x-trek-version-2-evolution\\\/#breadcrumb\"},\"inLanguage\":\"de\",\"potentialAction\":[{\"@type\":\"ReadAction\",\"target\":[\"https:\\\/\\\/tactical-13.com\\\/fr\\\/produit\\\/model-x-trek-version-2-evolution\\\/\"]}]},{\"@type\":\"ImageObject\",\"inLanguage\":\"de\",\"@id\":\"https:\\\/\\\/tactical-13.com\\\/fr\\\/produit\\\/model-x-trek-version-2-evolution\\\/#primaryimage\",\"url\":\"https:\\\/\\\/tactical-13.com\\\/wp-content\\\/uploads\\\/2025\\\/05\\\/Chariot-de-randonnee-Model-X-Trek-V2-Evolution.jpg\",\"contentUrl\":\"https:\\\/\\\/tactical-13.com\\\/wp-content\\\/uploads\\\/2025\\\/05\\\/Chariot-de-randonnee-Model-X-Trek-V2-Evolution.jpg\",\"width\":1200,\"height\":1200},{\"@type\":\"BreadcrumbList\",\"@id\":\"https:\\\/\\\/tactical-13.com\\\/fr\\\/produit\\\/model-x-trek-version-2-evolution\\\/#breadcrumb\",\"itemListElement\":[{\"@type\":\"ListItem\",\"position\":1,\"name\":\"Accueil\",\"item\":\"https:\\\/\\\/tactical-13.com\\\/\"},{\"@type\":\"ListItem\",\"position\":2,\"name\":\"Boutique\",\"item\":\"https:\\\/\\\/tactical-13.com\\\/de\\\/shop\\\/\"},{\"@type\":\"ListItem\",\"position\":3,\"name\":\"Model X-Trek V2 Evolution\"}]},{\"@type\":\"WebSite\",\"@id\":\"https:\\\/\\\/tactical-13.com\\\/nb\\\/#website\",\"url\":\"https:\\\/\\\/tactical-13.com\\\/nb\\\/\",\"name\":\"TACTICAL XIII\",\"description\":\"Chariot de randonn\u00e9e\",\"publisher\":{\"@id\":\"https:\\\/\\\/tactical-13.com\\\/nb\\\/#organization\"},\"potentialAction\":[{\"@type\":\"SearchAction\",\"target\":{\"@type\":\"EntryPoint\",\"urlTemplate\":\"https:\\\/\\\/tactical-13.com\\\/nb\\\/?s={search_term_string}\"},\"query-input\":{\"@type\":\"PropertyValueSpecification\",\"valueRequired\":true,\"valueName\":\"search_term_string\"}}],\"inLanguage\":\"de\"},{\"@type\":\"Organization\",\"@id\":\"https:\\\/\\\/tactical-13.com\\\/nb\\\/#organization\",\"name\":\"TACTICAL XIII\",\"url\":\"https:\\\/\\\/tactical-13.com\\\/nb\\\/\",\"logo\":{\"@type\":\"ImageObject\",\"inLanguage\":\"de\",\"@id\":\"https:\\\/\\\/tactical-13.com\\\/nb\\\/#\\\/schema\\\/logo\\\/image\\\/\",\"url\":\"https:\\\/\\\/tactical-13.com\\\/wp-content\\\/uploads\\\/2025\\\/05\\\/Logo-Tactical-XIII-black.png\",\"contentUrl\":\"https:\\\/\\\/tactical-13.com\\\/wp-content\\\/uploads\\\/2025\\\/05\\\/Logo-Tactical-XIII-black.png\",\"width\":350,\"height\":237,\"caption\":\"TACTICAL XIII\"},\"image\":{\"@id\":\"https:\\\/\\\/tactical-13.com\\\/nb\\\/#\\\/schema\\\/logo\\\/image\\\/\"}}]}<\/script>\n<!-- \/ Yoast SEO plugin. -->","yoast_head_json":{"title":"Trekkingwagen Model X-Trek V2 Evolution | Tactical XIII","description":"Entdecken Sie den Model X-Trek V2 Evolution, einen ultraleichten, kompakten und robusten Trekkingwagen, der Ihre Trekkingtouren leichter machen soll, ohne Kompromisse beim Komfort einzugehen.","robots":{"index":"index","follow":"follow","max-snippet":"max-snippet:-1","max-image-preview":"max-image-preview:large","max-video-preview":"max-video-preview:-1"},"canonical":"https:\/\/tactical-13.com\/de\/produkt\/model-x-trek-version-2-evolution\/","og_locale":"de_DE","og_type":"article","og_title":"Chariot de randonn\u00e9e Model X-Trek V2 Evolution | Tactical XIII","og_description":"D\u00e9couvrez le Model X-Trek V2 Evolution, un chariot de randonn\u00e9e ultra l\u00e9ger, compact et robuste, con\u00e7u pour all\u00e9ger vos treks sans compromis sur le confort.","og_url":"https:\/\/tactical-13.com\/de\/produkt\/model-x-trek-version-2-evolution\/","og_site_name":"TACTICAL XIII","article_modified_time":"2026-04-01T14:02:12+00:00","og_image":[{"width":1200,"height":1200,"url":"http:\/\/tactical-13.com\/wp-content\/uploads\/2025\/05\/Chariot-de-randonnee-Model-X-Trek-V2-Evolution.jpg","type":"image\/jpeg"}],"twitter_card":"summary_large_image","schema":{"@context":"https:\/\/schema.org","@graph":[{"@type":"WebPage","@id":"https:\/\/tactical-13.com\/fr\/produit\/model-x-trek-version-2-evolution\/","url":"https:\/\/tactical-13.com\/fr\/produit\/model-x-trek-version-2-evolution\/","name":"Trekkingwagen Model X-Trek V2 Evolution | Tactical XIII","isPartOf":{"@id":"https:\/\/tactical-13.com\/nb\/#website"},"primaryImageOfPage":{"@id":"https:\/\/tactical-13.com\/fr\/produit\/model-x-trek-version-2-evolution\/#primaryimage"},"image":{"@id":"https:\/\/tactical-13.com\/fr\/produit\/model-x-trek-version-2-evolution\/#primaryimage"},"thumbnailUrl":"https:\/\/tactical-13.com\/wp-content\/uploads\/2025\/05\/Chariot-de-randonnee-Model-X-Trek-V2-Evolution.jpg","datePublished":"2025-05-22T23:33:57+00:00","dateModified":"2026-04-01T14:02:12+00:00","description":"Entdecken Sie den Model X-Trek V2 Evolution, einen ultraleichten, kompakten und robusten Trekkingwagen, der Ihre Trekkingtouren leichter machen soll, ohne Kompromisse beim Komfort einzugehen.","breadcrumb":{"@id":"https:\/\/tactical-13.com\/fr\/produit\/model-x-trek-version-2-evolution\/#breadcrumb"},"inLanguage":"de","potentialAction":[{"@type":"ReadAction","target":["https:\/\/tactical-13.com\/fr\/produit\/model-x-trek-version-2-evolution\/"]}]},{"@type":"ImageObject","inLanguage":"de","@id":"https:\/\/tactical-13.com\/fr\/produit\/model-x-trek-version-2-evolution\/#primaryimage","url":"https:\/\/tactical-13.com\/wp-content\/uploads\/2025\/05\/Chariot-de-randonnee-Model-X-Trek-V2-Evolution.jpg","contentUrl":"https:\/\/tactical-13.com\/wp-content\/uploads\/2025\/05\/Chariot-de-randonnee-Model-X-Trek-V2-Evolution.jpg","width":1200,"height":1200},{"@type":"BreadcrumbList","@id":"https:\/\/tactical-13.com\/fr\/produit\/model-x-trek-version-2-evolution\/#breadcrumb","itemListElement":[{"@type":"ListItem","position":1,"name":"Accueil","item":"https:\/\/tactical-13.com\/"},{"@type":"ListItem","position":2,"name":"Boutique","item":"https:\/\/tactical-13.com\/de\/shop\/"},{"@type":"ListItem","position":3,"name":"Model X-Trek V2 Evolution"}]},{"@type":"WebSite","@id":"https:\/\/tactical-13.com\/nb\/#website","url":"https:\/\/tactical-13.com\/nb\/","name":"TACTICAL XIII","description":"Wanderwagen","publisher":{"@id":"https:\/\/tactical-13.com\/nb\/#organization"},"potentialAction":[{"@type":"SearchAction","target":{"@type":"EntryPoint","urlTemplate":"https:\/\/tactical-13.com\/nb\/?s={search_term_string}"},"query-input":{"@type":"PropertyValueSpecification","valueRequired":true,"valueName":"search_term_string"}}],"inLanguage":"de"},{"@type":"Organization","@id":"https:\/\/tactical-13.com\/nb\/#organization","name":"TACTICAL XIII","url":"https:\/\/tactical-13.com\/nb\/","logo":{"@type":"ImageObject","inLanguage":"de","@id":"https:\/\/tactical-13.com\/nb\/#\/schema\/logo\/image\/","url":"https:\/\/tactical-13.com\/wp-content\/uploads\/2025\/05\/Logo-Tactical-XIII-black.png","contentUrl":"https:\/\/tactical-13.com\/wp-content\/uploads\/2025\/05\/Logo-Tactical-XIII-black.png","width":350,"height":237,"caption":"TACTICAL XIII"},"image":{"@id":"https:\/\/tactical-13.com\/nb\/#\/schema\/logo\/image\/"}}]}},"jetpack_sharing_enabled":true,"_links":{"self":[{"href":"https:\/\/tactical-13.com\/de\/wp-json\/wp\/v2\/product\/1881","targetHints":{"allow":["GET"]}}],"collection":[{"href":"https:\/\/tactical-13.com\/de\/wp-json\/wp\/v2\/product"}],"about":[{"href":"https:\/\/tactical-13.com\/de\/wp-json\/wp\/v2\/types\/product"}],"replies":[{"embeddable":true,"href":"https:\/\/tactical-13.com\/de\/wp-json\/wp\/v2\/comments?post=1881"}],"version-history":[{"count":3,"href":"https:\/\/tactical-13.com\/de\/wp-json\/wp\/v2\/product\/1881\/revisions"}],"predecessor-version":[{"id":6577,"href":"https:\/\/tactical-13.com\/de\/wp-json\/wp\/v2\/product\/1881\/revisions\/6577"}],"wp:featuredmedia":[{"embeddable":true,"href":"https:\/\/tactical-13.com\/de\/wp-json\/wp\/v2\/media\/3410"}],"wp:attachment":[{"href":"https:\/\/tactical-13.com\/de\/wp-json\/wp\/v2\/media?parent=1881"}],"wp:term":[{"taxonomy":"product_brand","embeddable":true,"href":"https:\/\/tactical-13.com\/de\/wp-json\/wp\/v2\/product_brand?post=1881"},{"taxonomy":"product_cat","embeddable":true,"href":"https:\/\/tactical-13.com\/de\/wp-json\/wp\/v2\/product_cat?post=1881"},{"taxonomy":"product_tag","embeddable":true,"href":"https:\/\/tactical-13.com\/de\/wp-json\/wp\/v2\/product_tag?post=1881"}],"curies":[{"name":"wp","href":"https:\/\/api.w.org\/{rel}","templated":true}]}}