{"id":2068,"date":"2025-05-31T16:32:16","date_gmt":"2025-05-31T14:32:16","guid":{"rendered":"https:\/\/tactical-13.com\/?post_type=product&#038;p=2068"},"modified":"2025-11-07T01:44:46","modified_gmt":"2025-11-07T00:44:46","slug":"notfallkoffer","status":"publish","type":"product","link":"https:\/\/tactical-13.com\/de\/produkt\/notfallkoffer\/","title":{"rendered":"Pannenhilfe-Set"},"content":{"rendered":"<div data-elementor-type=\"product-post\" data-elementor-id=\"2068\" class=\"elementor elementor-2068\" data-elementor-settings=\"{&quot;ha_cmc_init_switcher&quot;:&quot;no&quot;}\" data-elementor-post-type=\"product\">\n\t\t\t\t<div class=\"elementor-element elementor-element-44652149 e-flex e-con-boxed e-con e-parent\" data-id=\"44652149\" data-element_type=\"container\" data-settings=\"{&quot;jet_parallax_layout_list&quot;:[],&quot;_ha_eqh_enable&quot;:false}\">\n\t\t\t\t\t<div class=\"e-con-inner\">\n\t\t\t\t<div class=\"elementor-element elementor-element-a38bc7d elementor-widget elementor-widget-heading\" data-id=\"a38bc7d\" data-element_type=\"widget\" data-widget_type=\"heading.default\">\n\t\t\t\t<div class=\"elementor-widget-container\">\n\t\t\t\t\t<h2 class=\"elementor-heading-title elementor-size-default\">Die Versicherung einer eigenst\u00e4ndigen Reparatur<\/h2>\t\t\t\t<\/div>\n\t\t\t\t<\/div>\n\t\t\t\t<div class=\"elementor-element elementor-element-1bb290c9 elementor-widget elementor-widget-text-editor\" data-id=\"1bb290c9\" data-element_type=\"widget\" data-widget_type=\"text-editor.default\">\n\t\t\t\t<div class=\"elementor-widget-container\">\n\t\t\t\t\t\t\t\t\t<p><span style=\"font-weight: 400;\">Wenn man auf eine Expedition geht, z\u00e4hlt jedes Gramm, aber die Zuverl\u00e4ssigkeit der Ausr\u00fcstung ist von entscheidender Bedeutung. Deshalb haben wir eine <\/span><b>Pannenkit<\/b><span style=\"font-weight: 400;\"> leicht, praktisch und auf Eigenst\u00e4ndigkeit ausgelegt. <\/span><span style=\"font-weight: 400;\">Sie enth\u00e4lt die Teile, die f\u00fcr die Durchf\u00fchrung von Reparaturen an Ihrem <\/span><b>Wanderwagen Model X-Trek<\/b><span style=\"font-weight: 400;\">In der Regel wird die <\/span><b>Verlust<\/b><span style=\"font-weight: 400;\">von <\/span><b>casse<\/b><span style=\"font-weight: 400;\"> oder einfach nur nat\u00fcrliche Abnutzung auf dem Feld.<\/span><\/p><p class=\"translation-block\">&lt;Diese Tasche ist f\u00fcr extreme Umgebungen geeignet<\/b><span style=\"font-weight: 400\"> und eignet sich besonders f\u00fcr l\u00e4ngere Touren<\/span><b> oder einsame Touren<\/span><b>. <\/b><span style=\"font-weight: 400\">Sie erm\u00f6glicht den Austausch von Schl\u00fcsselkomponenten ohne fremde Hilfe und verl\u00e4ngert so die Lebensdauer Ihrer Ger\u00e4te. <\/span><span style=\"font-weight: 400\">Jedes Kit ist mit den Modellen <\/span><a href=\"https:\/\/tactical-13.com\/de\/produkt\/model-x-trek-version-2-evolution\/\" target=\"_self\"><b>X-Trek V2 Evolution<\/b><\/a> <span style=\"font-weight: 400\">und <\/span><b><a href=\"https:\/\/tactical-13.com\/de\/produkt\/model-x-trek-version-3\/\" target=\"_self\">Version 3<\/a>,<\/b><span style=\"font-weight: 400\"> und enth\u00e4lt Standardteile, die im Feld leicht austauschbar sind.<\/span><\/p>\t\t\t\t\t\t\t\t<\/div>\n\t\t\t\t<\/div>\n\t\t\t\t\t<\/div>\n\t\t\t\t<\/div>\n\t\t\t\t<\/div>","protected":false},"excerpt":{"rendered":"<p><span style=\"font-weight: 400;\">Die <\/span><b>Pannenkit<\/b><span style=\"font-weight: 400;\"> Tactical XIII ist das unverzichtbare Element f\u00fcr alle Ihre <\/span><b>Wanderungen<\/b><span style=\"font-weight: 400;\"> in der Autonomie. Sie ist kompakt und leicht und erm\u00f6glicht es Ihnen, unvorhergesehene technische Probleme zu bew\u00e4ltigen, indem Sie Ihren Wagen einfach reparieren k\u00f6nnen. <\/span><a href=\"https:\/\/tactical-13.com\/de\/produkt-kategorie\/wanderkarren\/\"><b>Model X-Trek<\/b><\/a><span style=\"font-weight: 400;\">Die meisten Menschen k\u00f6nnen sich nicht einmal in der Natur aufhalten.<\/span><\/p>\n<p><span style=\"font-weight: 400;\">Sie ist ideal f\u00fcr lange Wanderungen oder abgelegene Gebiete und sorgt daf\u00fcr, dass Sie auf jeder Etappe der Reise beruhigt sind.<\/span><\/p>","protected":false},"featured_media":1103,"comment_status":"open","ping_status":"closed","template":"","meta":[],"product_brand":[],"product_cat":[29],"product_tag":[62,61,64,63],"class_list":{"0":"post-2068","1":"product","2":"type-product","3":"status-publish","4":"has-post-thumbnail","6":"product_cat-options","7":"product_tag-depannage","8":"product_tag-trousse","9":"product_tag-trousse-de-depannage","10":"product_tag-trousse-depannage","12":"first","13":"instock","14":"taxable","15":"shipping-taxable","16":"purchasable","17":"product-type-simple"},"yoast_head":"<!-- This site is optimized with the Yoast SEO plugin v27.3 - https:\/\/yoast.com\/product\/yoast-seo-wordpress\/ -->\n<title>Trousse de d\u00e9pannage pour chariot de randonn\u00e9e | Tactical XIII<\/title>\n<meta name=\"description\" content=\"Assurez votre autonomie avec la trousse de d\u00e9pannage Tactical XIII. Compatible avec les Model X-Trek, elle contient le n\u00e9cessaire pour vos r\u00e9parations.\" \/>\n<meta name=\"robots\" content=\"index, follow, max-snippet:-1, max-image-preview:large, max-video-preview:-1\" \/>\n<link rel=\"canonical\" href=\"https:\/\/tactical-13.com\/de\/produkt\/notfallkoffer\/\" \/>\n<meta property=\"og:locale\" content=\"de_DE\" \/>\n<meta property=\"og:type\" content=\"article\" \/>\n<meta property=\"og:title\" content=\"Trousse de d\u00e9pannage pour chariot de randonn\u00e9e | Tactical XIII\" \/>\n<meta property=\"og:description\" content=\"Assurez votre autonomie avec la trousse de d\u00e9pannage Tactical XIII. Compatible avec les Model X-Trek, elle contient le n\u00e9cessaire pour vos r\u00e9parations.\" \/>\n<meta property=\"og:url\" content=\"https:\/\/tactical-13.com\/de\/produkt\/notfallkoffer\/\" \/>\n<meta property=\"og:site_name\" content=\"TACTICAL XIII\" \/>\n<meta property=\"article:modified_time\" content=\"2025-11-07T00:44:46+00:00\" \/>\n<meta property=\"og:image\" content=\"http:\/\/tactical-13.com\/wp-content\/uploads\/2025\/05\/Trousse-de-depannage-Tactical-13.jpg\" \/>\n\t<meta property=\"og:image:width\" content=\"1080\" \/>\n\t<meta property=\"og:image:height\" content=\"1080\" \/>\n\t<meta property=\"og:image:type\" content=\"image\/jpeg\" \/>\n<meta name=\"twitter:card\" content=\"summary_large_image\" \/>\n<script type=\"application\/ld+json\" class=\"yoast-schema-graph\">{\"@context\":\"https:\\\/\\\/schema.org\",\"@graph\":[{\"@type\":\"WebPage\",\"@id\":\"https:\\\/\\\/tactical-13.com\\\/fr\\\/produit\\\/trousse-de-depannage\\\/\",\"url\":\"https:\\\/\\\/tactical-13.com\\\/fr\\\/produit\\\/trousse-de-depannage\\\/\",\"name\":\"Trousse de d\u00e9pannage pour chariot de randonn\u00e9e | Tactical XIII\",\"isPartOf\":{\"@id\":\"https:\\\/\\\/tactical-13.com\\\/nb\\\/#website\"},\"primaryImageOfPage\":{\"@id\":\"https:\\\/\\\/tactical-13.com\\\/fr\\\/produit\\\/trousse-de-depannage\\\/#primaryimage\"},\"image\":{\"@id\":\"https:\\\/\\\/tactical-13.com\\\/fr\\\/produit\\\/trousse-de-depannage\\\/#primaryimage\"},\"thumbnailUrl\":\"https:\\\/\\\/tactical-13.com\\\/wp-content\\\/uploads\\\/2025\\\/05\\\/Trousse-de-depannage-Tactical-13.jpg\",\"datePublished\":\"2025-05-31T14:32:16+00:00\",\"dateModified\":\"2025-11-07T00:44:46+00:00\",\"description\":\"Assurez votre autonomie avec la trousse de d\u00e9pannage Tactical XIII. Compatible avec les Model X-Trek, elle contient le n\u00e9cessaire pour vos r\u00e9parations.\",\"breadcrumb\":{\"@id\":\"https:\\\/\\\/tactical-13.com\\\/fr\\\/produit\\\/trousse-de-depannage\\\/#breadcrumb\"},\"inLanguage\":\"de\",\"potentialAction\":[{\"@type\":\"ReadAction\",\"target\":[\"https:\\\/\\\/tactical-13.com\\\/fr\\\/produit\\\/trousse-de-depannage\\\/\"]}]},{\"@type\":\"ImageObject\",\"inLanguage\":\"de\",\"@id\":\"https:\\\/\\\/tactical-13.com\\\/fr\\\/produit\\\/trousse-de-depannage\\\/#primaryimage\",\"url\":\"https:\\\/\\\/tactical-13.com\\\/wp-content\\\/uploads\\\/2025\\\/05\\\/Trousse-de-depannage-Tactical-13.jpg\",\"contentUrl\":\"https:\\\/\\\/tactical-13.com\\\/wp-content\\\/uploads\\\/2025\\\/05\\\/Trousse-de-depannage-Tactical-13.jpg\",\"width\":1080,\"height\":1080},{\"@type\":\"BreadcrumbList\",\"@id\":\"https:\\\/\\\/tactical-13.com\\\/fr\\\/produit\\\/trousse-de-depannage\\\/#breadcrumb\",\"itemListElement\":[{\"@type\":\"ListItem\",\"position\":1,\"name\":\"Accueil\",\"item\":\"https:\\\/\\\/tactical-13.com\\\/\"},{\"@type\":\"ListItem\",\"position\":2,\"name\":\"Boutique\",\"item\":\"https:\\\/\\\/tactical-13.com\\\/de\\\/shop\\\/\"},{\"@type\":\"ListItem\",\"position\":3,\"name\":\"Trousse de d\u00e9pannage\"}]},{\"@type\":\"WebSite\",\"@id\":\"https:\\\/\\\/tactical-13.com\\\/nb\\\/#website\",\"url\":\"https:\\\/\\\/tactical-13.com\\\/nb\\\/\",\"name\":\"TACTICAL XIII\",\"description\":\"Chariot de randonn\u00e9e\",\"publisher\":{\"@id\":\"https:\\\/\\\/tactical-13.com\\\/nb\\\/#organization\"},\"potentialAction\":[{\"@type\":\"SearchAction\",\"target\":{\"@type\":\"EntryPoint\",\"urlTemplate\":\"https:\\\/\\\/tactical-13.com\\\/nb\\\/?s={search_term_string}\"},\"query-input\":{\"@type\":\"PropertyValueSpecification\",\"valueRequired\":true,\"valueName\":\"search_term_string\"}}],\"inLanguage\":\"de\"},{\"@type\":\"Organization\",\"@id\":\"https:\\\/\\\/tactical-13.com\\\/nb\\\/#organization\",\"name\":\"TACTICAL XIII\",\"url\":\"https:\\\/\\\/tactical-13.com\\\/nb\\\/\",\"logo\":{\"@type\":\"ImageObject\",\"inLanguage\":\"de\",\"@id\":\"https:\\\/\\\/tactical-13.com\\\/nb\\\/#\\\/schema\\\/logo\\\/image\\\/\",\"url\":\"https:\\\/\\\/tactical-13.com\\\/wp-content\\\/uploads\\\/2025\\\/05\\\/Logo-Tactical-XIII-black.png\",\"contentUrl\":\"https:\\\/\\\/tactical-13.com\\\/wp-content\\\/uploads\\\/2025\\\/05\\\/Logo-Tactical-XIII-black.png\",\"width\":350,\"height\":237,\"caption\":\"TACTICAL XIII\"},\"image\":{\"@id\":\"https:\\\/\\\/tactical-13.com\\\/nb\\\/#\\\/schema\\\/logo\\\/image\\\/\"}}]}<\/script>\n<!-- \/ Yoast SEO plugin. -->","yoast_head_json":{"title":"Pannenset f\u00fcr den Wanderwagen | Tactical XIII","description":"Sichern Sie Ihre Autonomie mit dem Tactical XIII Pannenset. Es ist mit dem Model X-Trek kompatibel und enth\u00e4lt alles, was Sie f\u00fcr Ihre Reparaturen ben\u00f6tigen.","robots":{"index":"index","follow":"follow","max-snippet":"max-snippet:-1","max-image-preview":"max-image-preview:large","max-video-preview":"max-video-preview:-1"},"canonical":"https:\/\/tactical-13.com\/de\/produkt\/notfallkoffer\/","og_locale":"de_DE","og_type":"article","og_title":"Trousse de d\u00e9pannage pour chariot de randonn\u00e9e | Tactical XIII","og_description":"Assurez votre autonomie avec la trousse de d\u00e9pannage Tactical XIII. Compatible avec les Model X-Trek, elle contient le n\u00e9cessaire pour vos r\u00e9parations.","og_url":"https:\/\/tactical-13.com\/de\/produkt\/notfallkoffer\/","og_site_name":"TACTICAL XIII","article_modified_time":"2025-11-07T00:44:46+00:00","og_image":[{"width":1080,"height":1080,"url":"http:\/\/tactical-13.com\/wp-content\/uploads\/2025\/05\/Trousse-de-depannage-Tactical-13.jpg","type":"image\/jpeg"}],"twitter_card":"summary_large_image","schema":{"@context":"https:\/\/schema.org","@graph":[{"@type":"WebPage","@id":"https:\/\/tactical-13.com\/fr\/produit\/trousse-de-depannage\/","url":"https:\/\/tactical-13.com\/fr\/produit\/trousse-de-depannage\/","name":"Pannenset f\u00fcr den Wanderwagen | Tactical XIII","isPartOf":{"@id":"https:\/\/tactical-13.com\/nb\/#website"},"primaryImageOfPage":{"@id":"https:\/\/tactical-13.com\/fr\/produit\/trousse-de-depannage\/#primaryimage"},"image":{"@id":"https:\/\/tactical-13.com\/fr\/produit\/trousse-de-depannage\/#primaryimage"},"thumbnailUrl":"https:\/\/tactical-13.com\/wp-content\/uploads\/2025\/05\/Trousse-de-depannage-Tactical-13.jpg","datePublished":"2025-05-31T14:32:16+00:00","dateModified":"2025-11-07T00:44:46+00:00","description":"Sichern Sie Ihre Autonomie mit dem Tactical XIII Pannenset. Es ist mit dem Model X-Trek kompatibel und enth\u00e4lt alles, was Sie f\u00fcr Ihre Reparaturen ben\u00f6tigen.","breadcrumb":{"@id":"https:\/\/tactical-13.com\/fr\/produit\/trousse-de-depannage\/#breadcrumb"},"inLanguage":"de","potentialAction":[{"@type":"ReadAction","target":["https:\/\/tactical-13.com\/fr\/produit\/trousse-de-depannage\/"]}]},{"@type":"ImageObject","inLanguage":"de","@id":"https:\/\/tactical-13.com\/fr\/produit\/trousse-de-depannage\/#primaryimage","url":"https:\/\/tactical-13.com\/wp-content\/uploads\/2025\/05\/Trousse-de-depannage-Tactical-13.jpg","contentUrl":"https:\/\/tactical-13.com\/wp-content\/uploads\/2025\/05\/Trousse-de-depannage-Tactical-13.jpg","width":1080,"height":1080},{"@type":"BreadcrumbList","@id":"https:\/\/tactical-13.com\/fr\/produit\/trousse-de-depannage\/#breadcrumb","itemListElement":[{"@type":"ListItem","position":1,"name":"Accueil","item":"https:\/\/tactical-13.com\/"},{"@type":"ListItem","position":2,"name":"Boutique","item":"https:\/\/tactical-13.com\/de\/shop\/"},{"@type":"ListItem","position":3,"name":"Trousse de d\u00e9pannage"}]},{"@type":"WebSite","@id":"https:\/\/tactical-13.com\/nb\/#website","url":"https:\/\/tactical-13.com\/nb\/","name":"TACTICAL XIII","description":"Wanderwagen","publisher":{"@id":"https:\/\/tactical-13.com\/nb\/#organization"},"potentialAction":[{"@type":"SearchAction","target":{"@type":"EntryPoint","urlTemplate":"https:\/\/tactical-13.com\/nb\/?s={search_term_string}"},"query-input":{"@type":"PropertyValueSpecification","valueRequired":true,"valueName":"search_term_string"}}],"inLanguage":"de"},{"@type":"Organization","@id":"https:\/\/tactical-13.com\/nb\/#organization","name":"TACTICAL XIII","url":"https:\/\/tactical-13.com\/nb\/","logo":{"@type":"ImageObject","inLanguage":"de","@id":"https:\/\/tactical-13.com\/nb\/#\/schema\/logo\/image\/","url":"https:\/\/tactical-13.com\/wp-content\/uploads\/2025\/05\/Logo-Tactical-XIII-black.png","contentUrl":"https:\/\/tactical-13.com\/wp-content\/uploads\/2025\/05\/Logo-Tactical-XIII-black.png","width":350,"height":237,"caption":"TACTICAL XIII"},"image":{"@id":"https:\/\/tactical-13.com\/nb\/#\/schema\/logo\/image\/"}}]}},"jetpack_sharing_enabled":true,"_links":{"self":[{"href":"https:\/\/tactical-13.com\/de\/wp-json\/wp\/v2\/product\/2068","targetHints":{"allow":["GET"]}}],"collection":[{"href":"https:\/\/tactical-13.com\/de\/wp-json\/wp\/v2\/product"}],"about":[{"href":"https:\/\/tactical-13.com\/de\/wp-json\/wp\/v2\/types\/product"}],"replies":[{"embeddable":true,"href":"https:\/\/tactical-13.com\/de\/wp-json\/wp\/v2\/comments?post=2068"}],"version-history":[{"count":4,"href":"https:\/\/tactical-13.com\/de\/wp-json\/wp\/v2\/product\/2068\/revisions"}],"predecessor-version":[{"id":6132,"href":"https:\/\/tactical-13.com\/de\/wp-json\/wp\/v2\/product\/2068\/revisions\/6132"}],"wp:featuredmedia":[{"embeddable":true,"href":"https:\/\/tactical-13.com\/de\/wp-json\/wp\/v2\/media\/1103"}],"wp:attachment":[{"href":"https:\/\/tactical-13.com\/de\/wp-json\/wp\/v2\/media?parent=2068"}],"wp:term":[{"taxonomy":"product_brand","embeddable":true,"href":"https:\/\/tactical-13.com\/de\/wp-json\/wp\/v2\/product_brand?post=2068"},{"taxonomy":"product_cat","embeddable":true,"href":"https:\/\/tactical-13.com\/de\/wp-json\/wp\/v2\/product_cat?post=2068"},{"taxonomy":"product_tag","embeddable":true,"href":"https:\/\/tactical-13.com\/de\/wp-json\/wp\/v2\/product_tag?post=2068"}],"curies":[{"name":"wp","href":"https:\/\/api.w.org\/{rel}","templated":true}]}}