{"id":1881,"date":"2025-05-23T01:33:57","date_gmt":"2025-05-22T23:33:57","guid":{"rendered":"https:\/\/tactical-13.com\/?post_type=product&#038;p=1881"},"modified":"2026-04-01T16:02:12","modified_gmt":"2026-04-01T14:02:12","slug":"model-x-trek-version-2-evolution","status":"publish","type":"product","link":"https:\/\/tactical-13.com\/en\/product\/model-x-trek-version-2-evolution\/","title":{"rendered":"Model X-Trek V2 Evolution"},"content":{"rendered":"<div data-elementor-type=\"product-post\" data-elementor-id=\"1881\" class=\"elementor elementor-1881\" data-elementor-settings=\"{&quot;ha_cmc_init_switcher&quot;:&quot;no&quot;}\" data-elementor-post-type=\"product\">\n\t\t\t\t<div class=\"elementor-element elementor-element-44652149 e-flex e-con-boxed e-con e-parent\" data-id=\"44652149\" data-element_type=\"container\" data-settings=\"{&quot;jet_parallax_layout_list&quot;:[],&quot;_ha_eqh_enable&quot;:false}\">\n\t\t\t\t\t<div class=\"e-con-inner\">\n\t\t\t\t<div class=\"elementor-element elementor-element-a38bc7d elementor-widget elementor-widget-heading\" data-id=\"a38bc7d\" data-element_type=\"widget\" data-widget_type=\"heading.default\">\n\t\t\t\t<div class=\"elementor-widget-container\">\n\t\t\t\t\t<h2 class=\"elementor-heading-title elementor-size-default\">An ultra-light trekking trolley designed for touring<\/h2>\t\t\t\t<\/div>\n\t\t\t\t<\/div>\n\t\t\t\t<div class=\"elementor-element elementor-element-1bb290c9 elementor-widget elementor-widget-text-editor\" data-id=\"1bb290c9\" data-element_type=\"widget\" data-widget_type=\"text-editor.default\">\n\t\t\t\t<div class=\"elementor-widget-container\">\n\t\t\t\t\t\t\t\t\t<p><span style=\"font-weight: 400;\">The<\/span><b> Model X-Trek V2 Evolution<\/b><span style=\"font-weight: 400;\"> embodies the perfect balance between <\/span><b>performance<\/b><span style=\"font-weight: 400;\">, <\/span><b>lightness<\/b><span style=\"font-weight: 400;\"> and <\/span><b>modularity<\/b><span style=\"font-weight: 400;\">. Weighing in at 1.975 kg, it is ideal for <\/span><b>hikers<\/b><span style=\"font-weight: 400;\"> and <\/span><b>trekkers<\/b><span style=\"font-weight: 400;\"> who want to lighten their load without compromising on reliability.<\/span><\/p><p><span style=\"font-weight: 400;\">Thanks to its <\/span><b>axle<\/b><span style=\"font-weight: 400;\"> new generation in <\/span><b>carbon fibres <\/b><span style=\"font-weight: 400;\">and its puncture-proof 285 mm wheels, this <\/span><b>ultra-light hiking trolley<\/b><span style=\"font-weight: 400;\"> absorbs shocks while offering excellent stability, even on technical trails. The integrated FEEL UP system allows you to adapt the height of the trolley to the size of your bag (30 to 70L), for a precise fit and optimum comfort.<\/span><\/p><p><span style=\"font-weight: 400;\">The <\/span><b>V2 Evolution<\/b><span style=\"font-weight: 400;\"> is also easy to fit: it takes less than 30 seconds to install on your bag, and less than 20 seconds to switch from the <\/span><b>mode<\/b> <b>portage<\/b><span style=\"font-weight: 400;\"> at <\/span><b>mode<\/b> <b>rolling<\/b><span style=\"font-weight: 400;\">. Ideal for following the rhythm of nature, without interruption.<\/span><\/p><p><span style=\"font-weight: 400;\">Finally, this model can be customised and enhanced using a number of options:<\/span><\/p><ul><li><b>Titanium axles<\/b><span style=\"font-weight: 400;\"> to gain in <\/span><b>lightness<\/b><\/li><li><b>Soft system<\/b><span style=\"font-weight: 400;\"> for attaching pockets or water bottles to the front of the trolley<\/span><\/li><\/ul><p><span style=\"font-weight: 400;\">Made in France, the <\/span><b>Model X-Trek V2 Evolution<\/b><span style=\"font-weight: 400;\"> is a faithful ally for all your outdoor expeditions.<\/span><\/p>\t\t\t\t\t\t\t\t<\/div>\n\t\t\t\t<\/div>\n\t\t\t\t\t<\/div>\n\t\t\t\t<\/div>\n\t\t\t\t<\/div>","protected":false},"excerpt":{"rendered":"<p class=\"translation-block\"><span style=\"font-weight: 400\">The <\/span><b>Model X-Trek V2 Evolution<\/b><span style=\"font-weight: 400\"> is an <\/span><b>ultralight hiking cart<\/b><span style=\"font-weight: 400\"> designed for those who want to hike farther, longer, and pain-free. <\/span><b>Compact<\/b><span style=\"font-weight: 400\">, <\/span><b>comfortable<\/b><span style=\"font-weight: 400\">, and <\/span><b>durable<\/b><span style=\"font-weight: 400\">, it allows you to switch in seconds between <\/span><b>carrying<\/b><span style=\"font-weight: 400\"> and <\/span><b>rolling<\/b><span style=\"font-weight: 400\"> depending on the terrain, while effectively relieving your back and joints.<\/span><\/p>","protected":false},"featured_media":3410,"comment_status":"open","ping_status":"closed","template":"","meta":[],"product_brand":[],"product_cat":[23],"product_tag":[24,25,44],"class_list":{"0":"post-1881","1":"product","2":"type-product","3":"status-publish","4":"has-post-thumbnail","6":"product_cat-chariots-de-randonnee","7":"product_tag-chariot","8":"product_tag-chariot-de-randonnee","9":"product_tag-x-trek-v2","11":"first","12":"instock","13":"taxable","14":"shipping-taxable","15":"purchasable","16":"product-type-variable","17":"has-default-attributes"},"yoast_head":"<!-- This site is optimized with the Yoast SEO plugin v27.3 - https:\/\/yoast.com\/product\/yoast-seo-wordpress\/ -->\n<title>Chariot de randonn\u00e9e Model X-Trek V2 Evolution | Tactical XIII<\/title>\n<meta name=\"description\" content=\"D\u00e9couvrez le Model X-Trek V2 Evolution, un chariot de randonn\u00e9e ultra l\u00e9ger, compact et robuste, con\u00e7u pour all\u00e9ger vos treks sans compromis sur le confort.\" \/>\n<meta name=\"robots\" content=\"index, follow, max-snippet:-1, max-image-preview:large, max-video-preview:-1\" \/>\n<link rel=\"canonical\" href=\"https:\/\/tactical-13.com\/en\/product\/model-x-trek-version-2-evolution\/\" \/>\n<meta property=\"og:locale\" content=\"en_GB\" \/>\n<meta property=\"og:type\" content=\"article\" \/>\n<meta property=\"og:title\" content=\"Chariot de randonn\u00e9e Model X-Trek V2 Evolution | Tactical XIII\" \/>\n<meta property=\"og:description\" content=\"D\u00e9couvrez le Model X-Trek V2 Evolution, un chariot de randonn\u00e9e ultra l\u00e9ger, compact et robuste, con\u00e7u pour all\u00e9ger vos treks sans compromis sur le confort.\" \/>\n<meta property=\"og:url\" content=\"https:\/\/tactical-13.com\/en\/product\/model-x-trek-version-2-evolution\/\" \/>\n<meta property=\"og:site_name\" content=\"TACTICAL XIII\" \/>\n<meta property=\"article:modified_time\" content=\"2026-04-01T14:02:12+00:00\" \/>\n<meta property=\"og:image\" content=\"http:\/\/tactical-13.com\/wp-content\/uploads\/2025\/05\/Chariot-de-randonnee-Model-X-Trek-V2-Evolution.jpg\" \/>\n\t<meta property=\"og:image:width\" content=\"1200\" \/>\n\t<meta property=\"og:image:height\" content=\"1200\" \/>\n\t<meta property=\"og:image:type\" content=\"image\/jpeg\" \/>\n<meta name=\"twitter:card\" content=\"summary_large_image\" \/>\n<script type=\"application\/ld+json\" class=\"yoast-schema-graph\">{\"@context\":\"https:\\\/\\\/schema.org\",\"@graph\":[{\"@type\":\"WebPage\",\"@id\":\"https:\\\/\\\/tactical-13.com\\\/fr\\\/produit\\\/model-x-trek-version-2-evolution\\\/\",\"url\":\"https:\\\/\\\/tactical-13.com\\\/fr\\\/produit\\\/model-x-trek-version-2-evolution\\\/\",\"name\":\"Chariot de randonn\u00e9e Model X-Trek V2 Evolution | Tactical XIII\",\"isPartOf\":{\"@id\":\"https:\\\/\\\/tactical-13.com\\\/nb\\\/#website\"},\"primaryImageOfPage\":{\"@id\":\"https:\\\/\\\/tactical-13.com\\\/fr\\\/produit\\\/model-x-trek-version-2-evolution\\\/#primaryimage\"},\"image\":{\"@id\":\"https:\\\/\\\/tactical-13.com\\\/fr\\\/produit\\\/model-x-trek-version-2-evolution\\\/#primaryimage\"},\"thumbnailUrl\":\"https:\\\/\\\/tactical-13.com\\\/wp-content\\\/uploads\\\/2025\\\/05\\\/Chariot-de-randonnee-Model-X-Trek-V2-Evolution.jpg\",\"datePublished\":\"2025-05-22T23:33:57+00:00\",\"dateModified\":\"2026-04-01T14:02:12+00:00\",\"description\":\"D\u00e9couvrez le Model X-Trek V2 Evolution, un chariot de randonn\u00e9e ultra l\u00e9ger, compact et robuste, con\u00e7u pour all\u00e9ger vos treks sans compromis sur le confort.\",\"breadcrumb\":{\"@id\":\"https:\\\/\\\/tactical-13.com\\\/fr\\\/produit\\\/model-x-trek-version-2-evolution\\\/#breadcrumb\"},\"inLanguage\":\"en-GB\",\"potentialAction\":[{\"@type\":\"ReadAction\",\"target\":[\"https:\\\/\\\/tactical-13.com\\\/fr\\\/produit\\\/model-x-trek-version-2-evolution\\\/\"]}]},{\"@type\":\"ImageObject\",\"inLanguage\":\"en-GB\",\"@id\":\"https:\\\/\\\/tactical-13.com\\\/fr\\\/produit\\\/model-x-trek-version-2-evolution\\\/#primaryimage\",\"url\":\"https:\\\/\\\/tactical-13.com\\\/wp-content\\\/uploads\\\/2025\\\/05\\\/Chariot-de-randonnee-Model-X-Trek-V2-Evolution.jpg\",\"contentUrl\":\"https:\\\/\\\/tactical-13.com\\\/wp-content\\\/uploads\\\/2025\\\/05\\\/Chariot-de-randonnee-Model-X-Trek-V2-Evolution.jpg\",\"width\":1200,\"height\":1200},{\"@type\":\"BreadcrumbList\",\"@id\":\"https:\\\/\\\/tactical-13.com\\\/fr\\\/produit\\\/model-x-trek-version-2-evolution\\\/#breadcrumb\",\"itemListElement\":[{\"@type\":\"ListItem\",\"position\":1,\"name\":\"Accueil\",\"item\":\"https:\\\/\\\/tactical-13.com\\\/\"},{\"@type\":\"ListItem\",\"position\":2,\"name\":\"Boutique\",\"item\":\"https:\\\/\\\/tactical-13.com\\\/de\\\/shop\\\/\"},{\"@type\":\"ListItem\",\"position\":3,\"name\":\"Model X-Trek V2 Evolution\"}]},{\"@type\":\"WebSite\",\"@id\":\"https:\\\/\\\/tactical-13.com\\\/nb\\\/#website\",\"url\":\"https:\\\/\\\/tactical-13.com\\\/nb\\\/\",\"name\":\"TACTICAL XIII\",\"description\":\"Chariot de randonn\u00e9e\",\"publisher\":{\"@id\":\"https:\\\/\\\/tactical-13.com\\\/nb\\\/#organization\"},\"potentialAction\":[{\"@type\":\"SearchAction\",\"target\":{\"@type\":\"EntryPoint\",\"urlTemplate\":\"https:\\\/\\\/tactical-13.com\\\/nb\\\/?s={search_term_string}\"},\"query-input\":{\"@type\":\"PropertyValueSpecification\",\"valueRequired\":true,\"valueName\":\"search_term_string\"}}],\"inLanguage\":\"en-GB\"},{\"@type\":\"Organization\",\"@id\":\"https:\\\/\\\/tactical-13.com\\\/nb\\\/#organization\",\"name\":\"TACTICAL XIII\",\"url\":\"https:\\\/\\\/tactical-13.com\\\/nb\\\/\",\"logo\":{\"@type\":\"ImageObject\",\"inLanguage\":\"en-GB\",\"@id\":\"https:\\\/\\\/tactical-13.com\\\/nb\\\/#\\\/schema\\\/logo\\\/image\\\/\",\"url\":\"https:\\\/\\\/tactical-13.com\\\/wp-content\\\/uploads\\\/2025\\\/05\\\/Logo-Tactical-XIII-black.png\",\"contentUrl\":\"https:\\\/\\\/tactical-13.com\\\/wp-content\\\/uploads\\\/2025\\\/05\\\/Logo-Tactical-XIII-black.png\",\"width\":350,\"height\":237,\"caption\":\"TACTICAL XIII\"},\"image\":{\"@id\":\"https:\\\/\\\/tactical-13.com\\\/nb\\\/#\\\/schema\\\/logo\\\/image\\\/\"}}]}<\/script>\n<!-- \/ Yoast SEO plugin. -->","yoast_head_json":{"title":"Model X-Trek V2 Evolution trekking trolley | Tactical XIII","description":"Discover the Model X-Trek V2 Evolution, an ultra-light, compact and robust trekking trolley designed to lighten your treks without compromising on comfort.","robots":{"index":"index","follow":"follow","max-snippet":"max-snippet:-1","max-image-preview":"max-image-preview:large","max-video-preview":"max-video-preview:-1"},"canonical":"https:\/\/tactical-13.com\/en\/product\/model-x-trek-version-2-evolution\/","og_locale":"en_GB","og_type":"article","og_title":"Chariot de randonn\u00e9e Model X-Trek V2 Evolution | Tactical XIII","og_description":"D\u00e9couvrez le Model X-Trek V2 Evolution, un chariot de randonn\u00e9e ultra l\u00e9ger, compact et robuste, con\u00e7u pour all\u00e9ger vos treks sans compromis sur le confort.","og_url":"https:\/\/tactical-13.com\/en\/product\/model-x-trek-version-2-evolution\/","og_site_name":"TACTICAL XIII","article_modified_time":"2026-04-01T14:02:12+00:00","og_image":[{"width":1200,"height":1200,"url":"http:\/\/tactical-13.com\/wp-content\/uploads\/2025\/05\/Chariot-de-randonnee-Model-X-Trek-V2-Evolution.jpg","type":"image\/jpeg"}],"twitter_card":"summary_large_image","schema":{"@context":"https:\/\/schema.org","@graph":[{"@type":"WebPage","@id":"https:\/\/tactical-13.com\/fr\/produit\/model-x-trek-version-2-evolution\/","url":"https:\/\/tactical-13.com\/fr\/produit\/model-x-trek-version-2-evolution\/","name":"Model X-Trek V2 Evolution trekking trolley | Tactical XIII","isPartOf":{"@id":"https:\/\/tactical-13.com\/nb\/#website"},"primaryImageOfPage":{"@id":"https:\/\/tactical-13.com\/fr\/produit\/model-x-trek-version-2-evolution\/#primaryimage"},"image":{"@id":"https:\/\/tactical-13.com\/fr\/produit\/model-x-trek-version-2-evolution\/#primaryimage"},"thumbnailUrl":"https:\/\/tactical-13.com\/wp-content\/uploads\/2025\/05\/Chariot-de-randonnee-Model-X-Trek-V2-Evolution.jpg","datePublished":"2025-05-22T23:33:57+00:00","dateModified":"2026-04-01T14:02:12+00:00","description":"Discover the Model X-Trek V2 Evolution, an ultra-light, compact and robust trekking trolley designed to lighten your treks without compromising on comfort.","breadcrumb":{"@id":"https:\/\/tactical-13.com\/fr\/produit\/model-x-trek-version-2-evolution\/#breadcrumb"},"inLanguage":"en-GB","potentialAction":[{"@type":"ReadAction","target":["https:\/\/tactical-13.com\/fr\/produit\/model-x-trek-version-2-evolution\/"]}]},{"@type":"ImageObject","inLanguage":"en-GB","@id":"https:\/\/tactical-13.com\/fr\/produit\/model-x-trek-version-2-evolution\/#primaryimage","url":"https:\/\/tactical-13.com\/wp-content\/uploads\/2025\/05\/Chariot-de-randonnee-Model-X-Trek-V2-Evolution.jpg","contentUrl":"https:\/\/tactical-13.com\/wp-content\/uploads\/2025\/05\/Chariot-de-randonnee-Model-X-Trek-V2-Evolution.jpg","width":1200,"height":1200},{"@type":"BreadcrumbList","@id":"https:\/\/tactical-13.com\/fr\/produit\/model-x-trek-version-2-evolution\/#breadcrumb","itemListElement":[{"@type":"ListItem","position":1,"name":"Accueil","item":"https:\/\/tactical-13.com\/"},{"@type":"ListItem","position":2,"name":"Boutique","item":"https:\/\/tactical-13.com\/de\/shop\/"},{"@type":"ListItem","position":3,"name":"Model X-Trek V2 Evolution"}]},{"@type":"WebSite","@id":"https:\/\/tactical-13.com\/nb\/#website","url":"https:\/\/tactical-13.com\/nb\/","name":"TACTICAL XIII","description":"Hiking trolley","publisher":{"@id":"https:\/\/tactical-13.com\/nb\/#organization"},"potentialAction":[{"@type":"SearchAction","target":{"@type":"EntryPoint","urlTemplate":"https:\/\/tactical-13.com\/nb\/?s={search_term_string}"},"query-input":{"@type":"PropertyValueSpecification","valueRequired":true,"valueName":"search_term_string"}}],"inLanguage":"en-GB"},{"@type":"Organization","@id":"https:\/\/tactical-13.com\/nb\/#organization","name":"TACTICAL XIII","url":"https:\/\/tactical-13.com\/nb\/","logo":{"@type":"ImageObject","inLanguage":"en-GB","@id":"https:\/\/tactical-13.com\/nb\/#\/schema\/logo\/image\/","url":"https:\/\/tactical-13.com\/wp-content\/uploads\/2025\/05\/Logo-Tactical-XIII-black.png","contentUrl":"https:\/\/tactical-13.com\/wp-content\/uploads\/2025\/05\/Logo-Tactical-XIII-black.png","width":350,"height":237,"caption":"TACTICAL XIII"},"image":{"@id":"https:\/\/tactical-13.com\/nb\/#\/schema\/logo\/image\/"}}]}},"jetpack_sharing_enabled":true,"_links":{"self":[{"href":"https:\/\/tactical-13.com\/en\/wp-json\/wp\/v2\/product\/1881","targetHints":{"allow":["GET"]}}],"collection":[{"href":"https:\/\/tactical-13.com\/en\/wp-json\/wp\/v2\/product"}],"about":[{"href":"https:\/\/tactical-13.com\/en\/wp-json\/wp\/v2\/types\/product"}],"replies":[{"embeddable":true,"href":"https:\/\/tactical-13.com\/en\/wp-json\/wp\/v2\/comments?post=1881"}],"version-history":[{"count":3,"href":"https:\/\/tactical-13.com\/en\/wp-json\/wp\/v2\/product\/1881\/revisions"}],"predecessor-version":[{"id":6577,"href":"https:\/\/tactical-13.com\/en\/wp-json\/wp\/v2\/product\/1881\/revisions\/6577"}],"wp:featuredmedia":[{"embeddable":true,"href":"https:\/\/tactical-13.com\/en\/wp-json\/wp\/v2\/media\/3410"}],"wp:attachment":[{"href":"https:\/\/tactical-13.com\/en\/wp-json\/wp\/v2\/media?parent=1881"}],"wp:term":[{"taxonomy":"product_brand","embeddable":true,"href":"https:\/\/tactical-13.com\/en\/wp-json\/wp\/v2\/product_brand?post=1881"},{"taxonomy":"product_cat","embeddable":true,"href":"https:\/\/tactical-13.com\/en\/wp-json\/wp\/v2\/product_cat?post=1881"},{"taxonomy":"product_tag","embeddable":true,"href":"https:\/\/tactical-13.com\/en\/wp-json\/wp\/v2\/product_tag?post=1881"}],"curies":[{"name":"wp","href":"https:\/\/api.w.org\/{rel}","templated":true}]}}