{"id":2003,"date":"2025-05-31T11:58:57","date_gmt":"2025-05-31T09:58:57","guid":{"rendered":"https:\/\/tactical-13.com\/?post_type=product&#038;p=2003"},"modified":"2025-11-07T01:57:24","modified_gmt":"2025-11-07T00:57:24","slug":"wide-hiking-belt","status":"publish","type":"product","link":"https:\/\/tactical-13.com\/en\/product\/wide-hiking-belt\/","title":{"rendered":"Wide hiking belt"},"content":{"rendered":"<div data-elementor-type=\"product-post\" data-elementor-id=\"2003\" class=\"elementor elementor-2003\" data-elementor-settings=\"{&quot;ha_cmc_init_switcher&quot;:&quot;no&quot;}\" data-elementor-post-type=\"product\">\n\t\t\t\t<div class=\"elementor-element elementor-element-44652149 e-flex e-con-boxed e-con e-parent\" data-id=\"44652149\" data-element_type=\"container\" data-settings=\"{&quot;jet_parallax_layout_list&quot;:[],&quot;_ha_eqh_enable&quot;:false}\">\n\t\t\t\t\t<div class=\"e-con-inner\">\n\t\t\t\t<div class=\"elementor-element elementor-element-a38bc7d elementor-widget elementor-widget-heading\" data-id=\"a38bc7d\" data-element_type=\"widget\" data-widget_type=\"heading.default\">\n\t\t\t\t<div class=\"elementor-widget-container\">\n\t\t\t\t\t<h2 class=\"elementor-heading-title elementor-size-default\">A hiking belt designed for touring<\/h2>\t\t\t\t<\/div>\n\t\t\t\t<\/div>\n\t\t\t\t<div class=\"elementor-element elementor-element-1bb290c9 elementor-widget elementor-widget-text-editor\" data-id=\"1bb290c9\" data-element_type=\"widget\" data-widget_type=\"text-editor.default\">\n\t\t\t\t<div class=\"elementor-widget-container\">\n\t\t\t\t\t\t\t\t\t<p class=\"translation-block\"><span style=\"font-weight: 400\">Optimize your comfort and freedom of movement with the <\/span><b>Tactical XIII wide hiking belt<\/b><span style=\"font-weight: 400\">.  \nDesigned to support <strong>long hikes<\/strong> and the most <strong>demanding terrains<\/strong>, it distributes the load efficiently to relieve pressure on your back and shoulders.<\/span><\/p><p><span style=\"font-weight: 400;\">Ideal for towing a <\/span><b>hiking trolley <\/b><span style=\"font-weight: 400;\">as our <\/span><a href=\"https:\/\/tactical-13.com\/en\/product-category\/trekking-trolleys\/\"><b>Model X-Trek<\/b><\/a><span style=\"font-weight: 400;\">It can also be used with a <\/span><b>hands-free kit<\/b><span style=\"font-weight: 400;\"> for a smoother ride, even over long distances. Thanks to its wide structure, breathable materials and precise adjustments, it adapts to all body shapes.<\/span><\/p><p class=\"translation-block\"><b>Comfort, support, and freedom<\/b><span style=\"font-weight: 400\"> come together in this <\/span><b>rugged<\/b><span style=\"font-weight: 400\"> and <\/span><b>durable belt<\/b><span style=\"font-weight: 400\">, designed for <\/span><b>hikers<\/b><span style=\"font-weight: 400\">, <\/span><b>adventurers<\/b><span style=\"font-weight: 400\">, and those who embrace <\/span><b>self-supported travel<\/b><span style=\"font-weight: 400\">.<\/span><\/p><p class=\"p1 translation-block\">To choose the right <strong>hiking belt<\/strong>, measure your <strong>hip circumference<\/strong> and select the next size up.  \nFor example, if your hip measurement is 113 cm, choose size L (120 cm).<\/p>\t\t\t\t\t\t\t\t<\/div>\n\t\t\t\t<\/div>\n\t\t\t\t\t<\/div>\n\t\t\t\t<\/div>\n\t\t\t\t<\/div>","protected":false},"excerpt":{"rendered":"<p class=\"translation-block\"><span style=\"font-weight: 400\">At <\/span><b>Tactical XIII<\/b><span style=\"font-weight: 400\">, every detail matters when it comes to enhancing your <\/span><b>hiking comfort<\/b><span style=\"font-weight: 400\">.  \nOur <\/span><b>wide hiking belt<\/b><span style=\"font-weight: 400\"> is designed to provide optimal support while ensuring smooth, comfortable traction of your <\/span><b>Model X-Trek cart<\/b><span style=\"font-weight: 400\">.<\/span><\/p>\n<p class=\"translation-block\"><span style=\"font-weight: 400\">It fits perfectly with the hands-free kit, allowing you to walk in complete <\/span><b>freedom<\/b><span style=\"font-weight: 400\">\u2014 whether you're going uphill, on flat ground, or during partial carrying sections.<\/span><\/p>","protected":false},"featured_media":3411,"comment_status":"open","ping_status":"closed","template":"","meta":[],"product_brand":[],"product_cat":[29],"product_tag":[50,51,47,48,49],"class_list":{"0":"post-2003","1":"product","2":"type-product","3":"status-publish","4":"has-post-thumbnail","6":"product_cat-options","7":"product_tag-accessoire","8":"product_tag-accessoires","9":"product_tag-ceinture","10":"product_tag-ceinture-large","11":"product_tag-option","13":"first","14":"instock","15":"taxable","16":"shipping-taxable","17":"purchasable","18":"product-type-variable","19":"has-default-attributes"},"yoast_head":"<!-- This site is optimized with the Yoast SEO plugin v27.3 - https:\/\/yoast.com\/product\/yoast-seo-wordpress\/ -->\n<title>Ceinture de randonn\u00e9e large - Tactical XIII<\/title>\n<meta name=\"description\" content=\"Ceinture de randonn\u00e9e large Tactical XIII. Maintien optimal, confort durable, ajustable et id\u00e9ale pour tracter un chariot de randonn\u00e9e Model X-Trek.\" \/>\n<meta name=\"robots\" content=\"index, follow, max-snippet:-1, max-image-preview:large, max-video-preview:-1\" \/>\n<link rel=\"canonical\" href=\"https:\/\/tactical-13.com\/en\/product\/wide-hiking-belt\/\" \/>\n<meta property=\"og:locale\" content=\"en_GB\" \/>\n<meta property=\"og:type\" content=\"article\" \/>\n<meta property=\"og:title\" content=\"Ceinture de randonn\u00e9e large - Tactical XIII\" \/>\n<meta property=\"og:description\" content=\"Ceinture de randonn\u00e9e large Tactical XIII. Maintien optimal, confort durable, ajustable et id\u00e9ale pour tracter un chariot de randonn\u00e9e Model X-Trek.\" \/>\n<meta property=\"og:url\" content=\"https:\/\/tactical-13.com\/en\/product\/wide-hiking-belt\/\" \/>\n<meta property=\"og:site_name\" content=\"TACTICAL XIII\" \/>\n<meta property=\"article:modified_time\" content=\"2025-11-07T00:57:24+00:00\" \/>\n<meta property=\"og:image\" content=\"http:\/\/tactical-13.com\/wp-content\/uploads\/2025\/05\/Ceinture-de-randonnee-Tactical-13-1.jpg\" \/>\n\t<meta property=\"og:image:width\" content=\"1200\" \/>\n\t<meta property=\"og:image:height\" content=\"1200\" \/>\n\t<meta property=\"og:image:type\" content=\"image\/jpeg\" \/>\n<meta name=\"twitter:card\" content=\"summary_large_image\" \/>\n<meta name=\"twitter:label1\" content=\"Estimated reading time\" \/>\n\t<meta name=\"twitter:data1\" content=\"1 minute\" \/>\n<script type=\"application\/ld+json\" class=\"yoast-schema-graph\">{\"@context\":\"https:\\\/\\\/schema.org\",\"@graph\":[{\"@type\":\"WebPage\",\"@id\":\"https:\\\/\\\/tactical-13.com\\\/produit\\\/ceinture-large-de-randonnee\\\/\",\"url\":\"https:\\\/\\\/tactical-13.com\\\/produit\\\/ceinture-large-de-randonnee\\\/\",\"name\":\"Ceinture de randonn\u00e9e large - Tactical XIII\",\"isPartOf\":{\"@id\":\"https:\\\/\\\/tactical-13.com\\\/nb\\\/#website\"},\"primaryImageOfPage\":{\"@id\":\"https:\\\/\\\/tactical-13.com\\\/produit\\\/ceinture-large-de-randonnee\\\/#primaryimage\"},\"image\":{\"@id\":\"https:\\\/\\\/tactical-13.com\\\/produit\\\/ceinture-large-de-randonnee\\\/#primaryimage\"},\"thumbnailUrl\":\"https:\\\/\\\/tactical-13.com\\\/wp-content\\\/uploads\\\/2025\\\/05\\\/Ceinture-de-randonnee-Tactical-13-1.jpg\",\"datePublished\":\"2025-05-31T09:58:57+00:00\",\"dateModified\":\"2025-11-07T00:57:24+00:00\",\"description\":\"Ceinture de randonn\u00e9e large Tactical XIII. Maintien optimal, confort durable, ajustable et id\u00e9ale pour tracter un chariot de randonn\u00e9e Model X-Trek.\",\"breadcrumb\":{\"@id\":\"https:\\\/\\\/tactical-13.com\\\/produit\\\/ceinture-large-de-randonnee\\\/#breadcrumb\"},\"inLanguage\":\"en-GB\",\"potentialAction\":[{\"@type\":\"ReadAction\",\"target\":[\"https:\\\/\\\/tactical-13.com\\\/produit\\\/ceinture-large-de-randonnee\\\/\"]}]},{\"@type\":\"ImageObject\",\"inLanguage\":\"en-GB\",\"@id\":\"https:\\\/\\\/tactical-13.com\\\/produit\\\/ceinture-large-de-randonnee\\\/#primaryimage\",\"url\":\"https:\\\/\\\/tactical-13.com\\\/wp-content\\\/uploads\\\/2025\\\/05\\\/Ceinture-de-randonnee-Tactical-13-1.jpg\",\"contentUrl\":\"https:\\\/\\\/tactical-13.com\\\/wp-content\\\/uploads\\\/2025\\\/05\\\/Ceinture-de-randonnee-Tactical-13-1.jpg\",\"width\":1200,\"height\":1200},{\"@type\":\"BreadcrumbList\",\"@id\":\"https:\\\/\\\/tactical-13.com\\\/produit\\\/ceinture-large-de-randonnee\\\/#breadcrumb\",\"itemListElement\":[{\"@type\":\"ListItem\",\"position\":1,\"name\":\"Accueil\",\"item\":\"https:\\\/\\\/tactical-13.com\\\/\"},{\"@type\":\"ListItem\",\"position\":2,\"name\":\"Boutique\",\"item\":\"https:\\\/\\\/tactical-13.com\\\/de\\\/shop\\\/\"},{\"@type\":\"ListItem\",\"position\":3,\"name\":\"Ceinture de randonn\u00e9e large\"}]},{\"@type\":\"WebSite\",\"@id\":\"https:\\\/\\\/tactical-13.com\\\/nb\\\/#website\",\"url\":\"https:\\\/\\\/tactical-13.com\\\/nb\\\/\",\"name\":\"TACTICAL XIII\",\"description\":\"Chariot de randonn\u00e9e\",\"publisher\":{\"@id\":\"https:\\\/\\\/tactical-13.com\\\/nb\\\/#organization\"},\"potentialAction\":[{\"@type\":\"SearchAction\",\"target\":{\"@type\":\"EntryPoint\",\"urlTemplate\":\"https:\\\/\\\/tactical-13.com\\\/nb\\\/?s={search_term_string}\"},\"query-input\":{\"@type\":\"PropertyValueSpecification\",\"valueRequired\":true,\"valueName\":\"search_term_string\"}}],\"inLanguage\":\"en-GB\"},{\"@type\":\"Organization\",\"@id\":\"https:\\\/\\\/tactical-13.com\\\/nb\\\/#organization\",\"name\":\"TACTICAL XIII\",\"url\":\"https:\\\/\\\/tactical-13.com\\\/nb\\\/\",\"logo\":{\"@type\":\"ImageObject\",\"inLanguage\":\"en-GB\",\"@id\":\"https:\\\/\\\/tactical-13.com\\\/nb\\\/#\\\/schema\\\/logo\\\/image\\\/\",\"url\":\"https:\\\/\\\/tactical-13.com\\\/wp-content\\\/uploads\\\/2025\\\/05\\\/Logo-Tactical-XIII-black.png\",\"contentUrl\":\"https:\\\/\\\/tactical-13.com\\\/wp-content\\\/uploads\\\/2025\\\/05\\\/Logo-Tactical-XIII-black.png\",\"width\":350,\"height\":237,\"caption\":\"TACTICAL XIII\"},\"image\":{\"@id\":\"https:\\\/\\\/tactical-13.com\\\/nb\\\/#\\\/schema\\\/logo\\\/image\\\/\"}}]}<\/script>\n<!-- \/ Yoast SEO plugin. -->","yoast_head_json":{"title":"Wide hiking belt - Tactical XIII","description":"Tactical XIII wide hiking belt. Optimum support, long-lasting comfort, adjustable and ideal for towing a Model X-Trek trekking trolley.","robots":{"index":"index","follow":"follow","max-snippet":"max-snippet:-1","max-image-preview":"max-image-preview:large","max-video-preview":"max-video-preview:-1"},"canonical":"https:\/\/tactical-13.com\/en\/product\/wide-hiking-belt\/","og_locale":"en_GB","og_type":"article","og_title":"Ceinture de randonn\u00e9e large - Tactical XIII","og_description":"Ceinture de randonn\u00e9e large Tactical XIII. Maintien optimal, confort durable, ajustable et id\u00e9ale pour tracter un chariot de randonn\u00e9e Model X-Trek.","og_url":"https:\/\/tactical-13.com\/en\/product\/wide-hiking-belt\/","og_site_name":"TACTICAL XIII","article_modified_time":"2025-11-07T00:57:24+00:00","og_image":[{"width":1200,"height":1200,"url":"http:\/\/tactical-13.com\/wp-content\/uploads\/2025\/05\/Ceinture-de-randonnee-Tactical-13-1.jpg","type":"image\/jpeg"}],"twitter_card":"summary_large_image","twitter_misc":{"Estimated reading time":"1 minute"},"schema":{"@context":"https:\/\/schema.org","@graph":[{"@type":"WebPage","@id":"https:\/\/tactical-13.com\/produit\/ceinture-large-de-randonnee\/","url":"https:\/\/tactical-13.com\/produit\/ceinture-large-de-randonnee\/","name":"Wide hiking belt - Tactical XIII","isPartOf":{"@id":"https:\/\/tactical-13.com\/nb\/#website"},"primaryImageOfPage":{"@id":"https:\/\/tactical-13.com\/produit\/ceinture-large-de-randonnee\/#primaryimage"},"image":{"@id":"https:\/\/tactical-13.com\/produit\/ceinture-large-de-randonnee\/#primaryimage"},"thumbnailUrl":"https:\/\/tactical-13.com\/wp-content\/uploads\/2025\/05\/Ceinture-de-randonnee-Tactical-13-1.jpg","datePublished":"2025-05-31T09:58:57+00:00","dateModified":"2025-11-07T00:57:24+00:00","description":"Tactical XIII wide hiking belt. Optimum support, long-lasting comfort, adjustable and ideal for towing a Model X-Trek trekking trolley.","breadcrumb":{"@id":"https:\/\/tactical-13.com\/produit\/ceinture-large-de-randonnee\/#breadcrumb"},"inLanguage":"en-GB","potentialAction":[{"@type":"ReadAction","target":["https:\/\/tactical-13.com\/produit\/ceinture-large-de-randonnee\/"]}]},{"@type":"ImageObject","inLanguage":"en-GB","@id":"https:\/\/tactical-13.com\/produit\/ceinture-large-de-randonnee\/#primaryimage","url":"https:\/\/tactical-13.com\/wp-content\/uploads\/2025\/05\/Ceinture-de-randonnee-Tactical-13-1.jpg","contentUrl":"https:\/\/tactical-13.com\/wp-content\/uploads\/2025\/05\/Ceinture-de-randonnee-Tactical-13-1.jpg","width":1200,"height":1200},{"@type":"BreadcrumbList","@id":"https:\/\/tactical-13.com\/produit\/ceinture-large-de-randonnee\/#breadcrumb","itemListElement":[{"@type":"ListItem","position":1,"name":"Accueil","item":"https:\/\/tactical-13.com\/"},{"@type":"ListItem","position":2,"name":"Boutique","item":"https:\/\/tactical-13.com\/de\/shop\/"},{"@type":"ListItem","position":3,"name":"Ceinture de randonn\u00e9e large"}]},{"@type":"WebSite","@id":"https:\/\/tactical-13.com\/nb\/#website","url":"https:\/\/tactical-13.com\/nb\/","name":"TACTICAL XIII","description":"Hiking trolley","publisher":{"@id":"https:\/\/tactical-13.com\/nb\/#organization"},"potentialAction":[{"@type":"SearchAction","target":{"@type":"EntryPoint","urlTemplate":"https:\/\/tactical-13.com\/nb\/?s={search_term_string}"},"query-input":{"@type":"PropertyValueSpecification","valueRequired":true,"valueName":"search_term_string"}}],"inLanguage":"en-GB"},{"@type":"Organization","@id":"https:\/\/tactical-13.com\/nb\/#organization","name":"TACTICAL XIII","url":"https:\/\/tactical-13.com\/nb\/","logo":{"@type":"ImageObject","inLanguage":"en-GB","@id":"https:\/\/tactical-13.com\/nb\/#\/schema\/logo\/image\/","url":"https:\/\/tactical-13.com\/wp-content\/uploads\/2025\/05\/Logo-Tactical-XIII-black.png","contentUrl":"https:\/\/tactical-13.com\/wp-content\/uploads\/2025\/05\/Logo-Tactical-XIII-black.png","width":350,"height":237,"caption":"TACTICAL XIII"},"image":{"@id":"https:\/\/tactical-13.com\/nb\/#\/schema\/logo\/image\/"}}]}},"jetpack_sharing_enabled":true,"_links":{"self":[{"href":"https:\/\/tactical-13.com\/en\/wp-json\/wp\/v2\/product\/2003","targetHints":{"allow":["GET"]}}],"collection":[{"href":"https:\/\/tactical-13.com\/en\/wp-json\/wp\/v2\/product"}],"about":[{"href":"https:\/\/tactical-13.com\/en\/wp-json\/wp\/v2\/types\/product"}],"replies":[{"embeddable":true,"href":"https:\/\/tactical-13.com\/en\/wp-json\/wp\/v2\/comments?post=2003"}],"version-history":[{"count":2,"href":"https:\/\/tactical-13.com\/en\/wp-json\/wp\/v2\/product\/2003\/revisions"}],"predecessor-version":[{"id":6133,"href":"https:\/\/tactical-13.com\/en\/wp-json\/wp\/v2\/product\/2003\/revisions\/6133"}],"wp:featuredmedia":[{"embeddable":true,"href":"https:\/\/tactical-13.com\/en\/wp-json\/wp\/v2\/media\/3411"}],"wp:attachment":[{"href":"https:\/\/tactical-13.com\/en\/wp-json\/wp\/v2\/media?parent=2003"}],"wp:term":[{"taxonomy":"product_brand","embeddable":true,"href":"https:\/\/tactical-13.com\/en\/wp-json\/wp\/v2\/product_brand?post=2003"},{"taxonomy":"product_cat","embeddable":true,"href":"https:\/\/tactical-13.com\/en\/wp-json\/wp\/v2\/product_cat?post=2003"},{"taxonomy":"product_tag","embeddable":true,"href":"https:\/\/tactical-13.com\/en\/wp-json\/wp\/v2\/product_tag?post=2003"}],"curies":[{"name":"wp","href":"https:\/\/api.w.org\/{rel}","templated":true}]}}