{"id":2030,"date":"2025-05-31T15:20:04","date_gmt":"2025-05-31T13:20:04","guid":{"rendered":"https:\/\/tactical-13.com\/?post_type=product&#038;p=2030"},"modified":"2025-11-07T02:01:48","modified_gmt":"2025-11-07T01:01:48","slug":"kit-velo","status":"publish","type":"product","link":"https:\/\/tactical-13.com\/en\/product\/kit-velo\/","title":{"rendered":"Bike Kit"},"content":{"rendered":"<div data-elementor-type=\"product-post\" data-elementor-id=\"2030\" class=\"elementor elementor-2030\" data-elementor-settings=\"{&quot;ha_cmc_init_switcher&quot;:&quot;no&quot;}\" data-elementor-post-type=\"product\">\n\t\t\t\t<div class=\"elementor-element elementor-element-44652149 e-flex e-con-boxed e-con e-parent\" data-id=\"44652149\" data-element_type=\"container\" data-settings=\"{&quot;jet_parallax_layout_list&quot;:[],&quot;_ha_eqh_enable&quot;:false}\">\n\t\t\t\t\t<div class=\"e-con-inner\">\n\t\t\t\t<div class=\"elementor-element elementor-element-a38bc7d elementor-widget elementor-widget-heading\" data-id=\"a38bc7d\" data-element_type=\"widget\" data-widget_type=\"heading.default\">\n\t\t\t\t<div class=\"elementor-widget-container\">\n\t\t\t\t\t<h2 class=\"elementor-heading-title elementor-size-default\">Ideal for converting your touring trolley into a bike trailer for occasional use<\/h2>\t\t\t\t<\/div>\n\t\t\t\t<\/div>\n\t\t\t\t<div class=\"elementor-element elementor-element-1bb290c9 elementor-widget elementor-widget-text-editor\" data-id=\"1bb290c9\" data-element_type=\"widget\" data-widget_type=\"text-editor.default\">\n\t\t\t\t<div class=\"elementor-widget-container\">\n\t\t\t\t\t\t\t\t\t<p>The <strong>Bike Kit<\/strong> allows <strong>convert<\/strong> easily your <strong>hiking trolley<\/strong> for use in <strong>cycling tourism<\/strong> <strong>occasional<\/strong>. This system is designed for users who need to tow their equipment behind a bicycle on an occasional basis, while retaining the manoeuvrability and modularity of a bicycle. <a href=\"https:\/\/tactical-13.com\/en\/product-category\/trekking-trolleys\/\"><strong>their trekking trolley.<\/strong><\/a><\/p><p class=\"translation-block\">Designed with the same high standards as our <strong>carts<\/strong> \u2014 lightweight, durable, and easy to use \u2014 the <strong>kit<\/strong> can be installed without tools, and switching from walking mode to biking mode takes just a few seconds.  \nOnce on site, the entire <strong>kit<\/strong> can be stored in your backpack for minimal bulk, without significantly adding to your load.<\/p><p class=\"translation-block\">Note: this kit is not intended to replace a dedicated bike trailer for trips done entirely by bicycle.  \nIt is a <strong>hybrid solution<\/strong> designed for those who combine hiking and short cycling segments within the same journey.<\/p><p class=\"translation-block\">The <strong>Bike Kit<\/strong> is compatible with the <a href=\"https:\/\/tactical-13.com\/en\/product\/model-x-trek-version-2-evolution\/\" target=\"_self\">Model X-Trek V2 Evolution<\/a> and <a href=\"https:\/\/tactical-13.com\/en\/product\/model-x-trek-version-3\/\" target=\"_self\">Version 3<\/a>, and fits perfectly onto the cart\u2019s axle without affecting its stability.<\/p><p class=\"translation-block\">Available <strong>now<\/strong> \u2013 home delivery<strong> within 3 to 5 days<\/strong><\/p>\t\t\t\t\t\t\t\t<\/div>\n\t\t\t\t<\/div>\n\t\t\t\t\t<\/div>\n\t\t\t\t<\/div>\n\t\t\t\t<\/div>","protected":false},"excerpt":{"rendered":"<p class=\"translation-block\"><span style=\"font-weight: 400\">The <\/span><b>Tactical XIII Bike Kit<\/b><span style=\"font-weight: 400\"> allows you to transform your <\/span><a href=\"https:\/\/tactical-13.com\/en\/product-category\/trekking-trolleys\/\" target=\"_self\"><b>Model X-Trek hiking cart<\/b><\/a><span style=\"font-weight: 400\"> into a lightweight, practical, and ultra-compact bike trailer in just a few seconds.  \nPerfect for mixed foot-and-bike expeditions, it supports all your adventures without adding extra weight to your load.<\/span><\/p>","protected":false},"featured_media":1111,"comment_status":"open","ping_status":"closed","template":"","meta":[],"product_brand":[],"product_cat":[31],"product_tag":[50,51,52,54,49,55,53],"class_list":{"0":"post-2030","1":"product","2":"type-product","3":"status-publish","4":"has-post-thumbnail","6":"product_cat-kits-additionnels","7":"product_tag-accessoire","8":"product_tag-accessoires","9":"product_tag-kit","10":"product_tag-kit-velo","11":"product_tag-option","12":"product_tag-options","13":"product_tag-velo","15":"first","16":"instock","17":"taxable","18":"shipping-taxable","19":"purchasable","20":"product-type-simple"},"yoast_head":"<!-- This site is optimized with the Yoast SEO plugin v27.3 - https:\/\/yoast.com\/product\/yoast-seo-wordpress\/ -->\n<title>Kit V\u00e9lo - TACTICAL XIII<\/title>\n<meta name=\"description\" content=\"Transformez votre chariot de randonn\u00e9e en remorque v\u00e9lo l\u00e9g\u00e8re et compacte gr\u00e2ce au Kit V\u00e9lo Tactical XIII. Parfait pour les exp\u00e9ditions \u00e0 pied et \u00e0 v\u00e9lo.\" \/>\n<meta name=\"robots\" content=\"index, follow, max-snippet:-1, max-image-preview:large, max-video-preview:-1\" \/>\n<link rel=\"canonical\" href=\"https:\/\/tactical-13.com\/en\/product\/kit-velo\/\" \/>\n<meta property=\"og:locale\" content=\"en_GB\" \/>\n<meta property=\"og:type\" content=\"article\" \/>\n<meta property=\"og:title\" content=\"Kit V\u00e9lo - TACTICAL XIII\" \/>\n<meta property=\"og:description\" content=\"Transformez votre chariot de randonn\u00e9e en remorque v\u00e9lo l\u00e9g\u00e8re et compacte gr\u00e2ce au Kit V\u00e9lo Tactical XIII. Parfait pour les exp\u00e9ditions \u00e0 pied et \u00e0 v\u00e9lo.\" \/>\n<meta property=\"og:url\" content=\"https:\/\/tactical-13.com\/en\/product\/kit-velo\/\" \/>\n<meta property=\"og:site_name\" content=\"TACTICAL XIII\" \/>\n<meta property=\"article:modified_time\" content=\"2025-11-07T01:01:48+00:00\" \/>\n<meta property=\"og:image\" content=\"http:\/\/tactical-13.com\/wp-content\/uploads\/2025\/05\/Kit-velo-chariot-randonnee-Tactical-13.jpg\" \/>\n\t<meta property=\"og:image:width\" content=\"1080\" \/>\n\t<meta property=\"og:image:height\" content=\"1080\" \/>\n\t<meta property=\"og:image:type\" content=\"image\/jpeg\" \/>\n<meta name=\"twitter:card\" content=\"summary_large_image\" \/>\n<meta name=\"twitter:label1\" content=\"Estimated reading time\" \/>\n\t<meta name=\"twitter:data1\" content=\"2 minutes\" \/>\n<script type=\"application\/ld+json\" class=\"yoast-schema-graph\">{\"@context\":\"https:\\\/\\\/schema.org\",\"@graph\":[{\"@type\":\"WebPage\",\"@id\":\"https:\\\/\\\/tactical-13.com\\\/produit\\\/kit-velo\\\/\",\"url\":\"https:\\\/\\\/tactical-13.com\\\/produit\\\/kit-velo\\\/\",\"name\":\"Kit V\u00e9lo - TACTICAL XIII\",\"isPartOf\":{\"@id\":\"https:\\\/\\\/tactical-13.com\\\/nb\\\/#website\"},\"primaryImageOfPage\":{\"@id\":\"https:\\\/\\\/tactical-13.com\\\/produit\\\/kit-velo\\\/#primaryimage\"},\"image\":{\"@id\":\"https:\\\/\\\/tactical-13.com\\\/produit\\\/kit-velo\\\/#primaryimage\"},\"thumbnailUrl\":\"https:\\\/\\\/tactical-13.com\\\/wp-content\\\/uploads\\\/2025\\\/05\\\/Kit-velo-chariot-randonnee-Tactical-13.jpg\",\"datePublished\":\"2025-05-31T13:20:04+00:00\",\"dateModified\":\"2025-11-07T01:01:48+00:00\",\"description\":\"Transformez votre chariot de randonn\u00e9e en remorque v\u00e9lo l\u00e9g\u00e8re et compacte gr\u00e2ce au Kit V\u00e9lo Tactical XIII. Parfait pour les exp\u00e9ditions \u00e0 pied et \u00e0 v\u00e9lo.\",\"breadcrumb\":{\"@id\":\"https:\\\/\\\/tactical-13.com\\\/produit\\\/kit-velo\\\/#breadcrumb\"},\"inLanguage\":\"en-GB\",\"potentialAction\":[{\"@type\":\"ReadAction\",\"target\":[\"https:\\\/\\\/tactical-13.com\\\/produit\\\/kit-velo\\\/\"]}]},{\"@type\":\"ImageObject\",\"inLanguage\":\"en-GB\",\"@id\":\"https:\\\/\\\/tactical-13.com\\\/produit\\\/kit-velo\\\/#primaryimage\",\"url\":\"https:\\\/\\\/tactical-13.com\\\/wp-content\\\/uploads\\\/2025\\\/05\\\/Kit-velo-chariot-randonnee-Tactical-13.jpg\",\"contentUrl\":\"https:\\\/\\\/tactical-13.com\\\/wp-content\\\/uploads\\\/2025\\\/05\\\/Kit-velo-chariot-randonnee-Tactical-13.jpg\",\"width\":1080,\"height\":1080},{\"@type\":\"BreadcrumbList\",\"@id\":\"https:\\\/\\\/tactical-13.com\\\/produit\\\/kit-velo\\\/#breadcrumb\",\"itemListElement\":[{\"@type\":\"ListItem\",\"position\":1,\"name\":\"Accueil\",\"item\":\"https:\\\/\\\/tactical-13.com\\\/\"},{\"@type\":\"ListItem\",\"position\":2,\"name\":\"Boutique\",\"item\":\"https:\\\/\\\/tactical-13.com\\\/de\\\/shop\\\/\"},{\"@type\":\"ListItem\",\"position\":3,\"name\":\"Kit V\u00e9lo\"}]},{\"@type\":\"WebSite\",\"@id\":\"https:\\\/\\\/tactical-13.com\\\/nb\\\/#website\",\"url\":\"https:\\\/\\\/tactical-13.com\\\/nb\\\/\",\"name\":\"TACTICAL XIII\",\"description\":\"Chariot de randonn\u00e9e\",\"publisher\":{\"@id\":\"https:\\\/\\\/tactical-13.com\\\/nb\\\/#organization\"},\"potentialAction\":[{\"@type\":\"SearchAction\",\"target\":{\"@type\":\"EntryPoint\",\"urlTemplate\":\"https:\\\/\\\/tactical-13.com\\\/nb\\\/?s={search_term_string}\"},\"query-input\":{\"@type\":\"PropertyValueSpecification\",\"valueRequired\":true,\"valueName\":\"search_term_string\"}}],\"inLanguage\":\"en-GB\"},{\"@type\":\"Organization\",\"@id\":\"https:\\\/\\\/tactical-13.com\\\/nb\\\/#organization\",\"name\":\"TACTICAL XIII\",\"url\":\"https:\\\/\\\/tactical-13.com\\\/nb\\\/\",\"logo\":{\"@type\":\"ImageObject\",\"inLanguage\":\"en-GB\",\"@id\":\"https:\\\/\\\/tactical-13.com\\\/nb\\\/#\\\/schema\\\/logo\\\/image\\\/\",\"url\":\"https:\\\/\\\/tactical-13.com\\\/wp-content\\\/uploads\\\/2025\\\/05\\\/Logo-Tactical-XIII-black.png\",\"contentUrl\":\"https:\\\/\\\/tactical-13.com\\\/wp-content\\\/uploads\\\/2025\\\/05\\\/Logo-Tactical-XIII-black.png\",\"width\":350,\"height\":237,\"caption\":\"TACTICAL XIII\"},\"image\":{\"@id\":\"https:\\\/\\\/tactical-13.com\\\/nb\\\/#\\\/schema\\\/logo\\\/image\\\/\"}}]}<\/script>\n<!-- \/ Yoast SEO plugin. -->","yoast_head_json":{"title":"Bike kit - TACTICAL XIII","description":"Turn your trekking trolley into a lightweight, compact bike trailer with the Tactical XIII Bike Kit. Perfect for expeditions on foot or by bike.","robots":{"index":"index","follow":"follow","max-snippet":"max-snippet:-1","max-image-preview":"max-image-preview:large","max-video-preview":"max-video-preview:-1"},"canonical":"https:\/\/tactical-13.com\/en\/product\/kit-velo\/","og_locale":"en_GB","og_type":"article","og_title":"Kit V\u00e9lo - TACTICAL XIII","og_description":"Transformez votre chariot de randonn\u00e9e en remorque v\u00e9lo l\u00e9g\u00e8re et compacte gr\u00e2ce au Kit V\u00e9lo Tactical XIII. Parfait pour les exp\u00e9ditions \u00e0 pied et \u00e0 v\u00e9lo.","og_url":"https:\/\/tactical-13.com\/en\/product\/kit-velo\/","og_site_name":"TACTICAL XIII","article_modified_time":"2025-11-07T01:01:48+00:00","og_image":[{"width":1080,"height":1080,"url":"http:\/\/tactical-13.com\/wp-content\/uploads\/2025\/05\/Kit-velo-chariot-randonnee-Tactical-13.jpg","type":"image\/jpeg"}],"twitter_card":"summary_large_image","twitter_misc":{"Estimated reading time":"2 minutes"},"schema":{"@context":"https:\/\/schema.org","@graph":[{"@type":"WebPage","@id":"https:\/\/tactical-13.com\/produit\/kit-velo\/","url":"https:\/\/tactical-13.com\/produit\/kit-velo\/","name":"Bike kit - TACTICAL XIII","isPartOf":{"@id":"https:\/\/tactical-13.com\/nb\/#website"},"primaryImageOfPage":{"@id":"https:\/\/tactical-13.com\/produit\/kit-velo\/#primaryimage"},"image":{"@id":"https:\/\/tactical-13.com\/produit\/kit-velo\/#primaryimage"},"thumbnailUrl":"https:\/\/tactical-13.com\/wp-content\/uploads\/2025\/05\/Kit-velo-chariot-randonnee-Tactical-13.jpg","datePublished":"2025-05-31T13:20:04+00:00","dateModified":"2025-11-07T01:01:48+00:00","description":"Turn your trekking trolley into a lightweight, compact bike trailer with the Tactical XIII Bike Kit. Perfect for expeditions on foot or by bike.","breadcrumb":{"@id":"https:\/\/tactical-13.com\/produit\/kit-velo\/#breadcrumb"},"inLanguage":"en-GB","potentialAction":[{"@type":"ReadAction","target":["https:\/\/tactical-13.com\/produit\/kit-velo\/"]}]},{"@type":"ImageObject","inLanguage":"en-GB","@id":"https:\/\/tactical-13.com\/produit\/kit-velo\/#primaryimage","url":"https:\/\/tactical-13.com\/wp-content\/uploads\/2025\/05\/Kit-velo-chariot-randonnee-Tactical-13.jpg","contentUrl":"https:\/\/tactical-13.com\/wp-content\/uploads\/2025\/05\/Kit-velo-chariot-randonnee-Tactical-13.jpg","width":1080,"height":1080},{"@type":"BreadcrumbList","@id":"https:\/\/tactical-13.com\/produit\/kit-velo\/#breadcrumb","itemListElement":[{"@type":"ListItem","position":1,"name":"Accueil","item":"https:\/\/tactical-13.com\/"},{"@type":"ListItem","position":2,"name":"Boutique","item":"https:\/\/tactical-13.com\/de\/shop\/"},{"@type":"ListItem","position":3,"name":"Kit V\u00e9lo"}]},{"@type":"WebSite","@id":"https:\/\/tactical-13.com\/nb\/#website","url":"https:\/\/tactical-13.com\/nb\/","name":"TACTICAL XIII","description":"Hiking trolley","publisher":{"@id":"https:\/\/tactical-13.com\/nb\/#organization"},"potentialAction":[{"@type":"SearchAction","target":{"@type":"EntryPoint","urlTemplate":"https:\/\/tactical-13.com\/nb\/?s={search_term_string}"},"query-input":{"@type":"PropertyValueSpecification","valueRequired":true,"valueName":"search_term_string"}}],"inLanguage":"en-GB"},{"@type":"Organization","@id":"https:\/\/tactical-13.com\/nb\/#organization","name":"TACTICAL XIII","url":"https:\/\/tactical-13.com\/nb\/","logo":{"@type":"ImageObject","inLanguage":"en-GB","@id":"https:\/\/tactical-13.com\/nb\/#\/schema\/logo\/image\/","url":"https:\/\/tactical-13.com\/wp-content\/uploads\/2025\/05\/Logo-Tactical-XIII-black.png","contentUrl":"https:\/\/tactical-13.com\/wp-content\/uploads\/2025\/05\/Logo-Tactical-XIII-black.png","width":350,"height":237,"caption":"TACTICAL XIII"},"image":{"@id":"https:\/\/tactical-13.com\/nb\/#\/schema\/logo\/image\/"}}]}},"jetpack_sharing_enabled":true,"_links":{"self":[{"href":"https:\/\/tactical-13.com\/en\/wp-json\/wp\/v2\/product\/2030","targetHints":{"allow":["GET"]}}],"collection":[{"href":"https:\/\/tactical-13.com\/en\/wp-json\/wp\/v2\/product"}],"about":[{"href":"https:\/\/tactical-13.com\/en\/wp-json\/wp\/v2\/types\/product"}],"replies":[{"embeddable":true,"href":"https:\/\/tactical-13.com\/en\/wp-json\/wp\/v2\/comments?post=2030"}],"version-history":[{"count":1,"href":"https:\/\/tactical-13.com\/en\/wp-json\/wp\/v2\/product\/2030\/revisions"}],"predecessor-version":[{"id":6136,"href":"https:\/\/tactical-13.com\/en\/wp-json\/wp\/v2\/product\/2030\/revisions\/6136"}],"wp:featuredmedia":[{"embeddable":true,"href":"https:\/\/tactical-13.com\/en\/wp-json\/wp\/v2\/media\/1111"}],"wp:attachment":[{"href":"https:\/\/tactical-13.com\/en\/wp-json\/wp\/v2\/media?parent=2030"}],"wp:term":[{"taxonomy":"product_brand","embeddable":true,"href":"https:\/\/tactical-13.com\/en\/wp-json\/wp\/v2\/product_brand?post=2030"},{"taxonomy":"product_cat","embeddable":true,"href":"https:\/\/tactical-13.com\/en\/wp-json\/wp\/v2\/product_cat?post=2030"},{"taxonomy":"product_tag","embeddable":true,"href":"https:\/\/tactical-13.com\/en\/wp-json\/wp\/v2\/product_tag?post=2030"}],"curies":[{"name":"wp","href":"https:\/\/api.w.org\/{rel}","templated":true}]}}