{"id":2051,"date":"2025-05-31T15:55:57","date_gmt":"2025-05-31T13:55:57","guid":{"rendered":"https:\/\/tactical-13.com\/?post_type=product&#038;p=2051"},"modified":"2025-07-29T10:34:32","modified_gmt":"2025-07-29T08:34:32","slug":"patch-bleuet-de-france","status":"publish","type":"product","link":"https:\/\/tactical-13.com\/en\/product\/patch-bleuet-de-france\/","title":{"rendered":"Bleuet de France embroidered patch"},"content":{"rendered":"<div data-elementor-type=\"product-post\" data-elementor-id=\"2051\" class=\"elementor elementor-2051\" data-elementor-settings=\"{&quot;ha_cmc_init_switcher&quot;:&quot;no&quot;}\" data-elementor-post-type=\"product\">\n\t\t\t\t<div class=\"elementor-element elementor-element-44652149 e-flex e-con-boxed e-con e-parent\" data-id=\"44652149\" data-element_type=\"container\" data-settings=\"{&quot;jet_parallax_layout_list&quot;:[],&quot;_ha_eqh_enable&quot;:false}\">\n\t\t\t\t\t<div class=\"e-con-inner\">\n\t\t\t\t<div class=\"elementor-element elementor-element-a38bc7d elementor-widget elementor-widget-heading\" data-id=\"a38bc7d\" data-element_type=\"widget\" data-widget_type=\"heading.default\">\n\t\t\t\t<div class=\"elementor-widget-container\">\n\t\t\t\t\t<h2 class=\"elementor-heading-title elementor-size-default\">A meaningful patch for your rucksack<\/h2>\t\t\t\t<\/div>\n\t\t\t\t<\/div>\n\t\t\t\t<div class=\"elementor-element elementor-element-1bb290c9 elementor-widget elementor-widget-text-editor\" data-id=\"1bb290c9\" data-element_type=\"widget\" data-widget_type=\"text-editor.default\">\n\t\t\t\t<div class=\"elementor-widget-container\">\n\t\t\t\t\t\t\t\t\t<p><span style=\"font-weight: 400;\">More than just an accessory, the <\/span><b>Bleuet de France embroidered patch<\/b><span style=\"font-weight: 400;\"> embodies a commitment. This rucksack patch is entirely<\/span><b> made in France<\/b><span style=\"font-weight: 400;\"> and designed to last: dense embroidery, solid finishes and a Velcro system that guarantees a perfect fit, even outdoors.\u00a0<\/span><\/p><p><span style=\"font-weight: 400;\">With a diameter of 75 mm, it fits perfectly on all backpacks.\u00a0<\/span><\/p><p class=\"translation-block\"><span style=\"font-weight: 400\">Choosing this <strong>patch<\/strong> also means making a meaningful gesture: <\/span><b>100%<\/b><span style=\"font-weight: 400\"> of the purchase amount is donated to the <\/span><a href=\"https:\/\/www.bleuetdefrance.fr\/\" target=\"_self\">Bleuet de France<\/a><span style=\"font-weight: 400\"> foundation.<\/span><\/p>\t\t\t\t\t\t\t\t<\/div>\n\t\t\t\t<\/div>\n\t\t\t\t\t<\/div>\n\t\t\t\t<\/div>\n\t\t\t\t<\/div>","protected":false},"excerpt":{"rendered":"<p><span style=\"font-weight: 400;\">Show your support with pride thanks to the embroidered patch <\/span><a href=\"https:\/\/www.bleuetdefrance.fr\/\"><b>Bleuet de France<\/b><\/a><span style=\"font-weight: 400;\">. This<\/span><b> patch for rucksack<\/b><span style=\"font-weight: 400;\">, <\/span><b>discreet<\/b><span style=\"font-weight: 400;\"> and <\/span><b>symbolic<\/b><span style=\"font-weight: 400;\">It's easy to fit on a Velcro strap. <\/span><span style=\"font-weight: 400;\">Made in France with embroidery<\/span><b> 100 % high quality<\/b><span style=\"font-weight: 400;\">It can withstand the elements and long expeditions. All proceeds from this purchase will be donated to <\/span><b>Bleuet de France<\/b><span style=\"font-weight: 400;\">In support of veterans, victims of war and wards of the nation.<\/span><\/p>","protected":false},"featured_media":2060,"comment_status":"open","ping_status":"closed","template":"","meta":[],"product_brand":[],"product_cat":[29],"product_tag":[50,51,60,59,57,49,55,56,58],"class_list":{"0":"post-2051","1":"product","2":"type-product","3":"status-publish","4":"has-post-thumbnail","6":"product_cat-options","7":"product_tag-accessoire","8":"product_tag-accessoires","9":"product_tag-bleuet","10":"product_tag-bleuet-de-france","11":"product_tag-brode","12":"product_tag-option","13":"product_tag-options","14":"product_tag-patch","15":"product_tag-patch-brode","17":"first","18":"instock","19":"taxable","20":"shipping-taxable","21":"purchasable","22":"product-type-simple"},"yoast_head":"<!-- This site is optimized with the Yoast SEO plugin v27.3 - https:\/\/yoast.com\/product\/yoast-seo-wordpress\/ -->\n<title>Patch pour sac \u00e0 dos Bleuet de France | Tactical XIII<\/title>\n<meta name=\"description\" content=\"Affichez votre soutien aux anciens combattants et victimes de guerre avec ce patch pour sac \u00e0 dos brod\u00e9 Bleuet de France. Fabriqu\u00e9 en France.\" \/>\n<meta name=\"robots\" content=\"index, follow, max-snippet:-1, max-image-preview:large, max-video-preview:-1\" \/>\n<link rel=\"canonical\" href=\"https:\/\/tactical-13.com\/en\/product\/patch-bleuet-de-france\/\" \/>\n<meta property=\"og:locale\" content=\"en_GB\" \/>\n<meta property=\"og:type\" content=\"article\" \/>\n<meta property=\"og:title\" content=\"Patch pour sac \u00e0 dos Bleuet de France | Tactical XIII\" \/>\n<meta property=\"og:description\" content=\"Affichez votre soutien aux anciens combattants et victimes de guerre avec ce patch pour sac \u00e0 dos brod\u00e9 Bleuet de France. Fabriqu\u00e9 en France.\" \/>\n<meta property=\"og:url\" content=\"https:\/\/tactical-13.com\/en\/product\/patch-bleuet-de-france\/\" \/>\n<meta property=\"og:site_name\" content=\"TACTICAL XIII\" \/>\n<meta property=\"article:modified_time\" content=\"2025-07-29T08:34:32+00:00\" \/>\n<meta property=\"og:image\" content=\"https:\/\/tactical-13.com\/wp-content\/uploads\/2025\/05\/Patch-brode-bleuet-de-France-Tactical-13.jpg\" \/>\n\t<meta property=\"og:image:width\" content=\"1080\" \/>\n\t<meta property=\"og:image:height\" content=\"1080\" \/>\n\t<meta property=\"og:image:type\" content=\"image\/jpeg\" \/>\n<meta name=\"twitter:card\" content=\"summary_large_image\" \/>\n<meta name=\"twitter:label1\" content=\"Estimated reading time\" \/>\n\t<meta name=\"twitter:data1\" content=\"1 minute\" \/>\n<script type=\"application\/ld+json\" class=\"yoast-schema-graph\">{\"@context\":\"https:\\\/\\\/schema.org\",\"@graph\":[{\"@type\":\"WebPage\",\"@id\":\"https:\\\/\\\/tactical-13.com\\\/en\\\/product\\\/patch-bleuet-de-france\\\/\",\"url\":\"https:\\\/\\\/tactical-13.com\\\/en\\\/product\\\/patch-bleuet-de-france\\\/\",\"name\":\"Patch pour sac \u00e0 dos Bleuet de France | Tactical XIII\",\"isPartOf\":{\"@id\":\"https:\\\/\\\/tactical-13.com\\\/nb\\\/#website\"},\"primaryImageOfPage\":{\"@id\":\"https:\\\/\\\/tactical-13.com\\\/en\\\/product\\\/patch-bleuet-de-france\\\/#primaryimage\"},\"image\":{\"@id\":\"https:\\\/\\\/tactical-13.com\\\/en\\\/product\\\/patch-bleuet-de-france\\\/#primaryimage\"},\"thumbnailUrl\":\"https:\\\/\\\/tactical-13.com\\\/wp-content\\\/uploads\\\/2025\\\/05\\\/Patch-brode-bleuet-de-France-Tactical-13.jpg\",\"datePublished\":\"2025-05-31T13:55:57+00:00\",\"dateModified\":\"2025-07-29T08:34:32+00:00\",\"description\":\"Affichez votre soutien aux anciens combattants et victimes de guerre avec ce patch pour sac \u00e0 dos brod\u00e9 Bleuet de France. Fabriqu\u00e9 en France.\",\"breadcrumb\":{\"@id\":\"https:\\\/\\\/tactical-13.com\\\/en\\\/product\\\/patch-bleuet-de-france\\\/#breadcrumb\"},\"inLanguage\":\"en-GB\",\"potentialAction\":[{\"@type\":\"ReadAction\",\"target\":[\"https:\\\/\\\/tactical-13.com\\\/en\\\/product\\\/patch-bleuet-de-france\\\/\"]}]},{\"@type\":\"ImageObject\",\"inLanguage\":\"en-GB\",\"@id\":\"https:\\\/\\\/tactical-13.com\\\/en\\\/product\\\/patch-bleuet-de-france\\\/#primaryimage\",\"url\":\"https:\\\/\\\/tactical-13.com\\\/wp-content\\\/uploads\\\/2025\\\/05\\\/Patch-brode-bleuet-de-France-Tactical-13.jpg\",\"contentUrl\":\"https:\\\/\\\/tactical-13.com\\\/wp-content\\\/uploads\\\/2025\\\/05\\\/Patch-brode-bleuet-de-France-Tactical-13.jpg\",\"width\":1080,\"height\":1080},{\"@type\":\"BreadcrumbList\",\"@id\":\"https:\\\/\\\/tactical-13.com\\\/en\\\/product\\\/patch-bleuet-de-france\\\/#breadcrumb\",\"itemListElement\":[{\"@type\":\"ListItem\",\"position\":1,\"name\":\"Accueil\",\"item\":\"https:\\\/\\\/tactical-13.com\\\/\"},{\"@type\":\"ListItem\",\"position\":2,\"name\":\"Boutique\",\"item\":\"https:\\\/\\\/tactical-13.com\\\/de\\\/shop\\\/\"},{\"@type\":\"ListItem\",\"position\":3,\"name\":\"Patch brod\u00e9 Bleuet de France\"}]},{\"@type\":\"WebSite\",\"@id\":\"https:\\\/\\\/tactical-13.com\\\/nb\\\/#website\",\"url\":\"https:\\\/\\\/tactical-13.com\\\/nb\\\/\",\"name\":\"TACTICAL XIII\",\"description\":\"Chariot de randonn\u00e9e\",\"publisher\":{\"@id\":\"https:\\\/\\\/tactical-13.com\\\/nb\\\/#organization\"},\"potentialAction\":[{\"@type\":\"SearchAction\",\"target\":{\"@type\":\"EntryPoint\",\"urlTemplate\":\"https:\\\/\\\/tactical-13.com\\\/nb\\\/?s={search_term_string}\"},\"query-input\":{\"@type\":\"PropertyValueSpecification\",\"valueRequired\":true,\"valueName\":\"search_term_string\"}}],\"inLanguage\":\"en-GB\"},{\"@type\":\"Organization\",\"@id\":\"https:\\\/\\\/tactical-13.com\\\/nb\\\/#organization\",\"name\":\"TACTICAL XIII\",\"url\":\"https:\\\/\\\/tactical-13.com\\\/nb\\\/\",\"logo\":{\"@type\":\"ImageObject\",\"inLanguage\":\"en-GB\",\"@id\":\"https:\\\/\\\/tactical-13.com\\\/nb\\\/#\\\/schema\\\/logo\\\/image\\\/\",\"url\":\"https:\\\/\\\/tactical-13.com\\\/wp-content\\\/uploads\\\/2025\\\/05\\\/Logo-Tactical-XIII-black.png\",\"contentUrl\":\"https:\\\/\\\/tactical-13.com\\\/wp-content\\\/uploads\\\/2025\\\/05\\\/Logo-Tactical-XIII-black.png\",\"width\":350,\"height\":237,\"caption\":\"TACTICAL XIII\"},\"image\":{\"@id\":\"https:\\\/\\\/tactical-13.com\\\/nb\\\/#\\\/schema\\\/logo\\\/image\\\/\"}}]}<\/script>\n<!-- \/ Yoast SEO plugin. -->","yoast_head_json":{"title":"Patch for backpack Bleuet de France | Tactical XIII","description":"Show your support for veterans and victims of war with this Bleuet de France embroidered backpack patch. Made in France.","robots":{"index":"index","follow":"follow","max-snippet":"max-snippet:-1","max-image-preview":"max-image-preview:large","max-video-preview":"max-video-preview:-1"},"canonical":"https:\/\/tactical-13.com\/en\/product\/patch-bleuet-de-france\/","og_locale":"en_GB","og_type":"article","og_title":"Patch pour sac \u00e0 dos Bleuet de France | Tactical XIII","og_description":"Affichez votre soutien aux anciens combattants et victimes de guerre avec ce patch pour sac \u00e0 dos brod\u00e9 Bleuet de France. Fabriqu\u00e9 en France.","og_url":"https:\/\/tactical-13.com\/en\/product\/patch-bleuet-de-france\/","og_site_name":"TACTICAL XIII","article_modified_time":"2025-07-29T08:34:32+00:00","og_image":[{"width":1080,"height":1080,"url":"https:\/\/tactical-13.com\/wp-content\/uploads\/2025\/05\/Patch-brode-bleuet-de-France-Tactical-13.jpg","type":"image\/jpeg"}],"twitter_card":"summary_large_image","twitter_misc":{"Estimated reading time":"1 minute"},"schema":{"@context":"https:\/\/schema.org","@graph":[{"@type":"WebPage","@id":"https:\/\/tactical-13.com\/en\/product\/patch-bleuet-de-france\/","url":"https:\/\/tactical-13.com\/en\/product\/patch-bleuet-de-france\/","name":"Patch for backpack Bleuet de France | Tactical XIII","isPartOf":{"@id":"https:\/\/tactical-13.com\/nb\/#website"},"primaryImageOfPage":{"@id":"https:\/\/tactical-13.com\/en\/product\/patch-bleuet-de-france\/#primaryimage"},"image":{"@id":"https:\/\/tactical-13.com\/en\/product\/patch-bleuet-de-france\/#primaryimage"},"thumbnailUrl":"https:\/\/tactical-13.com\/wp-content\/uploads\/2025\/05\/Patch-brode-bleuet-de-France-Tactical-13.jpg","datePublished":"2025-05-31T13:55:57+00:00","dateModified":"2025-07-29T08:34:32+00:00","description":"Show your support for veterans and victims of war with this Bleuet de France embroidered backpack patch. Made in France.","breadcrumb":{"@id":"https:\/\/tactical-13.com\/en\/product\/patch-bleuet-de-france\/#breadcrumb"},"inLanguage":"en-GB","potentialAction":[{"@type":"ReadAction","target":["https:\/\/tactical-13.com\/en\/product\/patch-bleuet-de-france\/"]}]},{"@type":"ImageObject","inLanguage":"en-GB","@id":"https:\/\/tactical-13.com\/en\/product\/patch-bleuet-de-france\/#primaryimage","url":"https:\/\/tactical-13.com\/wp-content\/uploads\/2025\/05\/Patch-brode-bleuet-de-France-Tactical-13.jpg","contentUrl":"https:\/\/tactical-13.com\/wp-content\/uploads\/2025\/05\/Patch-brode-bleuet-de-France-Tactical-13.jpg","width":1080,"height":1080},{"@type":"BreadcrumbList","@id":"https:\/\/tactical-13.com\/en\/product\/patch-bleuet-de-france\/#breadcrumb","itemListElement":[{"@type":"ListItem","position":1,"name":"Accueil","item":"https:\/\/tactical-13.com\/"},{"@type":"ListItem","position":2,"name":"Boutique","item":"https:\/\/tactical-13.com\/de\/shop\/"},{"@type":"ListItem","position":3,"name":"Patch brod\u00e9 Bleuet de France"}]},{"@type":"WebSite","@id":"https:\/\/tactical-13.com\/nb\/#website","url":"https:\/\/tactical-13.com\/nb\/","name":"TACTICAL XIII","description":"Hiking trolley","publisher":{"@id":"https:\/\/tactical-13.com\/nb\/#organization"},"potentialAction":[{"@type":"SearchAction","target":{"@type":"EntryPoint","urlTemplate":"https:\/\/tactical-13.com\/nb\/?s={search_term_string}"},"query-input":{"@type":"PropertyValueSpecification","valueRequired":true,"valueName":"search_term_string"}}],"inLanguage":"en-GB"},{"@type":"Organization","@id":"https:\/\/tactical-13.com\/nb\/#organization","name":"TACTICAL XIII","url":"https:\/\/tactical-13.com\/nb\/","logo":{"@type":"ImageObject","inLanguage":"en-GB","@id":"https:\/\/tactical-13.com\/nb\/#\/schema\/logo\/image\/","url":"https:\/\/tactical-13.com\/wp-content\/uploads\/2025\/05\/Logo-Tactical-XIII-black.png","contentUrl":"https:\/\/tactical-13.com\/wp-content\/uploads\/2025\/05\/Logo-Tactical-XIII-black.png","width":350,"height":237,"caption":"TACTICAL XIII"},"image":{"@id":"https:\/\/tactical-13.com\/nb\/#\/schema\/logo\/image\/"}}]}},"jetpack_sharing_enabled":true,"_links":{"self":[{"href":"https:\/\/tactical-13.com\/en\/wp-json\/wp\/v2\/product\/2051","targetHints":{"allow":["GET"]}}],"collection":[{"href":"https:\/\/tactical-13.com\/en\/wp-json\/wp\/v2\/product"}],"about":[{"href":"https:\/\/tactical-13.com\/en\/wp-json\/wp\/v2\/types\/product"}],"replies":[{"embeddable":true,"href":"https:\/\/tactical-13.com\/en\/wp-json\/wp\/v2\/comments?post=2051"}],"version-history":[{"count":0,"href":"https:\/\/tactical-13.com\/en\/wp-json\/wp\/v2\/product\/2051\/revisions"}],"wp:featuredmedia":[{"embeddable":true,"href":"https:\/\/tactical-13.com\/en\/wp-json\/wp\/v2\/media\/2060"}],"wp:attachment":[{"href":"https:\/\/tactical-13.com\/en\/wp-json\/wp\/v2\/media?parent=2051"}],"wp:term":[{"taxonomy":"product_brand","embeddable":true,"href":"https:\/\/tactical-13.com\/en\/wp-json\/wp\/v2\/product_brand?post=2051"},{"taxonomy":"product_cat","embeddable":true,"href":"https:\/\/tactical-13.com\/en\/wp-json\/wp\/v2\/product_cat?post=2051"},{"taxonomy":"product_tag","embeddable":true,"href":"https:\/\/tactical-13.com\/en\/wp-json\/wp\/v2\/product_tag?post=2051"}],"curies":[{"name":"wp","href":"https:\/\/api.w.org\/{rel}","templated":true}]}}