{"id":2063,"date":"2025-05-31T16:26:18","date_gmt":"2025-05-31T14:26:18","guid":{"rendered":"https:\/\/tactical-13.com\/?post_type=product&#038;p=2063"},"modified":"2025-07-29T10:34:52","modified_gmt":"2025-07-29T08:34:52","slug":"patch-brode-tactical-13","status":"publish","type":"product","link":"https:\/\/tactical-13.com\/en\/product\/patch-brode-tactical-13\/","title":{"rendered":"Tactical XIII embroidered patch"},"content":{"rendered":"<div data-elementor-type=\"product-post\" data-elementor-id=\"2063\" class=\"elementor elementor-2063\" data-elementor-settings=\"{&quot;ha_cmc_init_switcher&quot;:&quot;no&quot;}\" data-elementor-post-type=\"product\">\n\t\t\t\t<div class=\"elementor-element elementor-element-44652149 e-flex e-con-boxed e-con e-parent\" data-id=\"44652149\" data-element_type=\"container\" data-settings=\"{&quot;jet_parallax_layout_list&quot;:[],&quot;_ha_eqh_enable&quot;:false}\">\n\t\t\t\t\t<div class=\"e-con-inner\">\n\t\t\t\t<div class=\"elementor-element elementor-element-a38bc7d elementor-widget elementor-widget-heading\" data-id=\"a38bc7d\" data-element_type=\"widget\" data-widget_type=\"heading.default\">\n\t\t\t\t<div class=\"elementor-widget-container\">\n\t\t\t\t\t<h2 class=\"elementor-heading-title elementor-size-default\">A backpack patch to show off your colours<\/h2>\t\t\t\t<\/div>\n\t\t\t\t<\/div>\n\t\t\t\t<div class=\"elementor-element elementor-element-1bb290c9 elementor-widget elementor-widget-text-editor\" data-id=\"1bb290c9\" data-element_type=\"widget\" data-widget_type=\"text-editor.default\">\n\t\t\t\t<div class=\"elementor-widget-container\">\n\t\t\t\t\t\t\t\t\t<p><span style=\"font-weight: 400;\">Discreet but emblematic, the <\/span><b>Tactical XIII patch<\/b><span style=\"font-weight: 400;\"> is much more than a decorative accessory. It symbolises <strong>commitment<\/strong>the <strong>passion<\/strong> adventure and <strong>pride<\/strong> to be part of the community <\/span><a href=\"https:\/\/tactical-13.com\/en\/testimonies\/\"><b>Tactical XIII<\/b><\/a><b>.\u00a0<\/b><\/p><p><span style=\"font-weight: 400;\">Made with embroidery <\/span><b>100 high quality %,<\/b><span style=\"font-weight: 400;\"> this patch is resistant to <strong>wear and tear<\/strong>the <strong>rain<\/strong> and <strong>long expeditions<\/strong>. It attaches easily to any <strong>Velcro tape<\/strong>. Its<\/span><b> 75 mm<\/b><span style=\"font-weight: 400;\"> diameter is ideal for visibility, and <\/span><b>customise<\/b><span style=\"font-weight: 400;\"> your bag. The patch is also available embroidered <a href=\"https:\/\/tactical-13.com\/en\/product\/patch-bleuet-de-france\/\">Bleuet de France.<\/a><\/span><\/p>\t\t\t\t\t\t\t\t<\/div>\n\t\t\t\t<\/div>\n\t\t\t\t\t<\/div>\n\t\t\t\t<\/div>\n\t\t\t\t<\/div>","protected":false},"excerpt":{"rendered":"<p><span style=\"font-weight: 400;\">Show that you belong to the community <\/span><a href=\"https:\/\/tactical-13.com\/en\/\"><b>Tactical XIII<\/b><\/a>\u00a0<span style=\"font-weight: 400;\">with this embroidered patch designed for your <\/span><b>rucksack<\/b><span style=\"font-weight: 400;\">. <\/span><b>Robust<\/b><span style=\"font-weight: 400;\"> and <\/span><b>easy<\/b> <b>\u00e0<\/b> <b>fix<\/b><span style=\"font-weight: 400;\"> Thanks to its Velcro back, it installs in seconds on all compatible surfaces.<\/span><b> Made in France<\/b><span style=\"font-weight: 400;\">he embodies the spirit of adventure and the <strong>artisanal quality<\/strong> dear to our brand.<\/span><\/p>","protected":false},"featured_media":3409,"comment_status":"open","ping_status":"closed","template":"","meta":[],"product_brand":[],"product_cat":[29],"product_tag":[50,51,57,49,55,56,58,66,65],"class_list":{"0":"post-2063","1":"product","2":"type-product","3":"status-publish","4":"has-post-thumbnail","6":"product_cat-options","7":"product_tag-accessoire","8":"product_tag-accessoires","9":"product_tag-brode","10":"product_tag-option","11":"product_tag-options","12":"product_tag-patch","13":"product_tag-patch-brode","14":"product_tag-tactical-13","15":"product_tag-tactical-xiii","17":"first","18":"instock","19":"taxable","20":"shipping-taxable","21":"purchasable","22":"product-type-simple"},"yoast_head":"<!-- This site is optimized with the Yoast SEO plugin v27.3 - https:\/\/yoast.com\/product\/yoast-seo-wordpress\/ -->\n<title>Patch sac \u00e0 dos brod\u00e9 | Tactical XIII<\/title>\n<meta name=\"description\" content=\"Affichez fi\u00e8rement votre appartenance avec le patch brod\u00e9 Tactical XIII. R\u00e9sistant, facile \u00e0 fixer sur votre sac \u00e0 dos ou chariot, fabriqu\u00e9 en France.\" \/>\n<meta name=\"robots\" content=\"index, follow, max-snippet:-1, max-image-preview:large, max-video-preview:-1\" \/>\n<link rel=\"canonical\" href=\"https:\/\/tactical-13.com\/en\/product\/patch-brode-tactical-13\/\" \/>\n<meta property=\"og:locale\" content=\"en_GB\" \/>\n<meta property=\"og:type\" content=\"article\" \/>\n<meta property=\"og:title\" content=\"Patch sac \u00e0 dos brod\u00e9 | Tactical XIII\" \/>\n<meta property=\"og:description\" content=\"Affichez fi\u00e8rement votre appartenance avec le patch brod\u00e9 Tactical XIII. R\u00e9sistant, facile \u00e0 fixer sur votre sac \u00e0 dos ou chariot, fabriqu\u00e9 en France.\" \/>\n<meta property=\"og:url\" content=\"https:\/\/tactical-13.com\/en\/product\/patch-brode-tactical-13\/\" \/>\n<meta property=\"og:site_name\" content=\"TACTICAL XIII\" \/>\n<meta property=\"article:modified_time\" content=\"2025-07-29T08:34:52+00:00\" \/>\n<meta property=\"og:image\" content=\"https:\/\/tactical-13.com\/wp-content\/uploads\/2025\/05\/Partch-brode-Tactical-13-square.jpg\" \/>\n\t<meta property=\"og:image:width\" content=\"1200\" \/>\n\t<meta property=\"og:image:height\" content=\"1200\" \/>\n\t<meta property=\"og:image:type\" content=\"image\/jpeg\" \/>\n<meta name=\"twitter:card\" content=\"summary_large_image\" \/>\n<meta name=\"twitter:label1\" content=\"Estimated reading time\" \/>\n\t<meta name=\"twitter:data1\" content=\"1 minute\" \/>\n<script type=\"application\/ld+json\" class=\"yoast-schema-graph\">{\"@context\":\"https:\\\/\\\/schema.org\",\"@graph\":[{\"@type\":\"WebPage\",\"@id\":\"https:\\\/\\\/tactical-13.com\\\/fr\\\/produit\\\/patch-brode-tactical-13\\\/\",\"url\":\"https:\\\/\\\/tactical-13.com\\\/fr\\\/produit\\\/patch-brode-tactical-13\\\/\",\"name\":\"Patch sac \u00e0 dos brod\u00e9 | Tactical XIII\",\"isPartOf\":{\"@id\":\"https:\\\/\\\/tactical-13.com\\\/nb\\\/#website\"},\"primaryImageOfPage\":{\"@id\":\"https:\\\/\\\/tactical-13.com\\\/fr\\\/produit\\\/patch-brode-tactical-13\\\/#primaryimage\"},\"image\":{\"@id\":\"https:\\\/\\\/tactical-13.com\\\/fr\\\/produit\\\/patch-brode-tactical-13\\\/#primaryimage\"},\"thumbnailUrl\":\"https:\\\/\\\/tactical-13.com\\\/wp-content\\\/uploads\\\/2025\\\/05\\\/Partch-brode-Tactical-13-square.jpg\",\"datePublished\":\"2025-05-31T14:26:18+00:00\",\"dateModified\":\"2025-07-29T08:34:52+00:00\",\"description\":\"Affichez fi\u00e8rement votre appartenance avec le patch brod\u00e9 Tactical XIII. R\u00e9sistant, facile \u00e0 fixer sur votre sac \u00e0 dos ou chariot, fabriqu\u00e9 en France.\",\"breadcrumb\":{\"@id\":\"https:\\\/\\\/tactical-13.com\\\/fr\\\/produit\\\/patch-brode-tactical-13\\\/#breadcrumb\"},\"inLanguage\":\"en-GB\",\"potentialAction\":[{\"@type\":\"ReadAction\",\"target\":[\"https:\\\/\\\/tactical-13.com\\\/fr\\\/produit\\\/patch-brode-tactical-13\\\/\"]}]},{\"@type\":\"ImageObject\",\"inLanguage\":\"en-GB\",\"@id\":\"https:\\\/\\\/tactical-13.com\\\/fr\\\/produit\\\/patch-brode-tactical-13\\\/#primaryimage\",\"url\":\"https:\\\/\\\/tactical-13.com\\\/wp-content\\\/uploads\\\/2025\\\/05\\\/Partch-brode-Tactical-13-square.jpg\",\"contentUrl\":\"https:\\\/\\\/tactical-13.com\\\/wp-content\\\/uploads\\\/2025\\\/05\\\/Partch-brode-Tactical-13-square.jpg\",\"width\":1200,\"height\":1200},{\"@type\":\"BreadcrumbList\",\"@id\":\"https:\\\/\\\/tactical-13.com\\\/fr\\\/produit\\\/patch-brode-tactical-13\\\/#breadcrumb\",\"itemListElement\":[{\"@type\":\"ListItem\",\"position\":1,\"name\":\"Accueil\",\"item\":\"https:\\\/\\\/tactical-13.com\\\/\"},{\"@type\":\"ListItem\",\"position\":2,\"name\":\"Boutique\",\"item\":\"https:\\\/\\\/tactical-13.com\\\/de\\\/shop\\\/\"},{\"@type\":\"ListItem\",\"position\":3,\"name\":\"Patch brod\u00e9 Tactical XIII\"}]},{\"@type\":\"WebSite\",\"@id\":\"https:\\\/\\\/tactical-13.com\\\/nb\\\/#website\",\"url\":\"https:\\\/\\\/tactical-13.com\\\/nb\\\/\",\"name\":\"TACTICAL XIII\",\"description\":\"Chariot de randonn\u00e9e\",\"publisher\":{\"@id\":\"https:\\\/\\\/tactical-13.com\\\/nb\\\/#organization\"},\"potentialAction\":[{\"@type\":\"SearchAction\",\"target\":{\"@type\":\"EntryPoint\",\"urlTemplate\":\"https:\\\/\\\/tactical-13.com\\\/nb\\\/?s={search_term_string}\"},\"query-input\":{\"@type\":\"PropertyValueSpecification\",\"valueRequired\":true,\"valueName\":\"search_term_string\"}}],\"inLanguage\":\"en-GB\"},{\"@type\":\"Organization\",\"@id\":\"https:\\\/\\\/tactical-13.com\\\/nb\\\/#organization\",\"name\":\"TACTICAL XIII\",\"url\":\"https:\\\/\\\/tactical-13.com\\\/nb\\\/\",\"logo\":{\"@type\":\"ImageObject\",\"inLanguage\":\"en-GB\",\"@id\":\"https:\\\/\\\/tactical-13.com\\\/nb\\\/#\\\/schema\\\/logo\\\/image\\\/\",\"url\":\"https:\\\/\\\/tactical-13.com\\\/wp-content\\\/uploads\\\/2025\\\/05\\\/Logo-Tactical-XIII-black.png\",\"contentUrl\":\"https:\\\/\\\/tactical-13.com\\\/wp-content\\\/uploads\\\/2025\\\/05\\\/Logo-Tactical-XIII-black.png\",\"width\":350,\"height\":237,\"caption\":\"TACTICAL XIII\"},\"image\":{\"@id\":\"https:\\\/\\\/tactical-13.com\\\/nb\\\/#\\\/schema\\\/logo\\\/image\\\/\"}}]}<\/script>\n<!-- \/ Yoast SEO plugin. -->","yoast_head_json":{"title":"Embroidered backpack patch | Tactical XIII","description":"Proudly show your allegiance with the Tactical XIII embroidered patch. Resistant, easy to attach to your rucksack or trolley, made in France.","robots":{"index":"index","follow":"follow","max-snippet":"max-snippet:-1","max-image-preview":"max-image-preview:large","max-video-preview":"max-video-preview:-1"},"canonical":"https:\/\/tactical-13.com\/en\/product\/patch-brode-tactical-13\/","og_locale":"en_GB","og_type":"article","og_title":"Patch sac \u00e0 dos brod\u00e9 | Tactical XIII","og_description":"Affichez fi\u00e8rement votre appartenance avec le patch brod\u00e9 Tactical XIII. R\u00e9sistant, facile \u00e0 fixer sur votre sac \u00e0 dos ou chariot, fabriqu\u00e9 en France.","og_url":"https:\/\/tactical-13.com\/en\/product\/patch-brode-tactical-13\/","og_site_name":"TACTICAL XIII","article_modified_time":"2025-07-29T08:34:52+00:00","og_image":[{"width":1200,"height":1200,"url":"https:\/\/tactical-13.com\/wp-content\/uploads\/2025\/05\/Partch-brode-Tactical-13-square.jpg","type":"image\/jpeg"}],"twitter_card":"summary_large_image","twitter_misc":{"Estimated reading time":"1 minute"},"schema":{"@context":"https:\/\/schema.org","@graph":[{"@type":"WebPage","@id":"https:\/\/tactical-13.com\/fr\/produit\/patch-brode-tactical-13\/","url":"https:\/\/tactical-13.com\/fr\/produit\/patch-brode-tactical-13\/","name":"Embroidered backpack patch | Tactical XIII","isPartOf":{"@id":"https:\/\/tactical-13.com\/nb\/#website"},"primaryImageOfPage":{"@id":"https:\/\/tactical-13.com\/fr\/produit\/patch-brode-tactical-13\/#primaryimage"},"image":{"@id":"https:\/\/tactical-13.com\/fr\/produit\/patch-brode-tactical-13\/#primaryimage"},"thumbnailUrl":"https:\/\/tactical-13.com\/wp-content\/uploads\/2025\/05\/Partch-brode-Tactical-13-square.jpg","datePublished":"2025-05-31T14:26:18+00:00","dateModified":"2025-07-29T08:34:52+00:00","description":"Proudly show your allegiance with the Tactical XIII embroidered patch. Resistant, easy to attach to your rucksack or trolley, made in France.","breadcrumb":{"@id":"https:\/\/tactical-13.com\/fr\/produit\/patch-brode-tactical-13\/#breadcrumb"},"inLanguage":"en-GB","potentialAction":[{"@type":"ReadAction","target":["https:\/\/tactical-13.com\/fr\/produit\/patch-brode-tactical-13\/"]}]},{"@type":"ImageObject","inLanguage":"en-GB","@id":"https:\/\/tactical-13.com\/fr\/produit\/patch-brode-tactical-13\/#primaryimage","url":"https:\/\/tactical-13.com\/wp-content\/uploads\/2025\/05\/Partch-brode-Tactical-13-square.jpg","contentUrl":"https:\/\/tactical-13.com\/wp-content\/uploads\/2025\/05\/Partch-brode-Tactical-13-square.jpg","width":1200,"height":1200},{"@type":"BreadcrumbList","@id":"https:\/\/tactical-13.com\/fr\/produit\/patch-brode-tactical-13\/#breadcrumb","itemListElement":[{"@type":"ListItem","position":1,"name":"Accueil","item":"https:\/\/tactical-13.com\/"},{"@type":"ListItem","position":2,"name":"Boutique","item":"https:\/\/tactical-13.com\/de\/shop\/"},{"@type":"ListItem","position":3,"name":"Patch brod\u00e9 Tactical XIII"}]},{"@type":"WebSite","@id":"https:\/\/tactical-13.com\/nb\/#website","url":"https:\/\/tactical-13.com\/nb\/","name":"TACTICAL XIII","description":"Hiking trolley","publisher":{"@id":"https:\/\/tactical-13.com\/nb\/#organization"},"potentialAction":[{"@type":"SearchAction","target":{"@type":"EntryPoint","urlTemplate":"https:\/\/tactical-13.com\/nb\/?s={search_term_string}"},"query-input":{"@type":"PropertyValueSpecification","valueRequired":true,"valueName":"search_term_string"}}],"inLanguage":"en-GB"},{"@type":"Organization","@id":"https:\/\/tactical-13.com\/nb\/#organization","name":"TACTICAL XIII","url":"https:\/\/tactical-13.com\/nb\/","logo":{"@type":"ImageObject","inLanguage":"en-GB","@id":"https:\/\/tactical-13.com\/nb\/#\/schema\/logo\/image\/","url":"https:\/\/tactical-13.com\/wp-content\/uploads\/2025\/05\/Logo-Tactical-XIII-black.png","contentUrl":"https:\/\/tactical-13.com\/wp-content\/uploads\/2025\/05\/Logo-Tactical-XIII-black.png","width":350,"height":237,"caption":"TACTICAL XIII"},"image":{"@id":"https:\/\/tactical-13.com\/nb\/#\/schema\/logo\/image\/"}}]}},"jetpack_sharing_enabled":true,"_links":{"self":[{"href":"https:\/\/tactical-13.com\/en\/wp-json\/wp\/v2\/product\/2063","targetHints":{"allow":["GET"]}}],"collection":[{"href":"https:\/\/tactical-13.com\/en\/wp-json\/wp\/v2\/product"}],"about":[{"href":"https:\/\/tactical-13.com\/en\/wp-json\/wp\/v2\/types\/product"}],"replies":[{"embeddable":true,"href":"https:\/\/tactical-13.com\/en\/wp-json\/wp\/v2\/comments?post=2063"}],"version-history":[{"count":0,"href":"https:\/\/tactical-13.com\/en\/wp-json\/wp\/v2\/product\/2063\/revisions"}],"wp:featuredmedia":[{"embeddable":true,"href":"https:\/\/tactical-13.com\/en\/wp-json\/wp\/v2\/media\/3409"}],"wp:attachment":[{"href":"https:\/\/tactical-13.com\/en\/wp-json\/wp\/v2\/media?parent=2063"}],"wp:term":[{"taxonomy":"product_brand","embeddable":true,"href":"https:\/\/tactical-13.com\/en\/wp-json\/wp\/v2\/product_brand?post=2063"},{"taxonomy":"product_cat","embeddable":true,"href":"https:\/\/tactical-13.com\/en\/wp-json\/wp\/v2\/product_cat?post=2063"},{"taxonomy":"product_tag","embeddable":true,"href":"https:\/\/tactical-13.com\/en\/wp-json\/wp\/v2\/product_tag?post=2063"}],"curies":[{"name":"wp","href":"https:\/\/api.w.org\/{rel}","templated":true}]}}