{"id":2068,"date":"2025-05-31T16:32:16","date_gmt":"2025-05-31T14:32:16","guid":{"rendered":"https:\/\/tactical-13.com\/?post_type=product&#038;p=2068"},"modified":"2025-11-07T01:44:46","modified_gmt":"2025-11-07T00:44:46","slug":"repair-kit-2","status":"publish","type":"product","link":"https:\/\/tactical-13.com\/en\/product\/repair-kit-2\/","title":{"rendered":"Breakdown kit"},"content":{"rendered":"<div data-elementor-type=\"product-post\" data-elementor-id=\"2068\" class=\"elementor elementor-2068\" data-elementor-settings=\"{&quot;ha_cmc_init_switcher&quot;:&quot;no&quot;}\" data-elementor-post-type=\"product\">\n\t\t\t\t<div class=\"elementor-element elementor-element-44652149 e-flex e-con-boxed e-con e-parent\" data-id=\"44652149\" data-element_type=\"container\" data-settings=\"{&quot;jet_parallax_layout_list&quot;:[],&quot;_ha_eqh_enable&quot;:false}\">\n\t\t\t\t\t<div class=\"e-con-inner\">\n\t\t\t\t<div class=\"elementor-element elementor-element-a38bc7d elementor-widget elementor-widget-heading\" data-id=\"a38bc7d\" data-element_type=\"widget\" data-widget_type=\"heading.default\">\n\t\t\t\t<div class=\"elementor-widget-container\">\n\t\t\t\t\t<h2 class=\"elementor-heading-title elementor-size-default\">The confidence of self-repair<\/h2>\t\t\t\t<\/div>\n\t\t\t\t<\/div>\n\t\t\t\t<div class=\"elementor-element elementor-element-1bb290c9 elementor-widget elementor-widget-text-editor\" data-id=\"1bb290c9\" data-element_type=\"widget\" data-widget_type=\"text-editor.default\">\n\t\t\t\t<div class=\"elementor-widget-container\">\n\t\t\t\t\t\t\t\t\t<p><span style=\"font-weight: 400;\">When you go on an expedition, every gram counts, but the reliability of your equipment is essential. That's why we've designed a <\/span><b>breakdown kit<\/b><span style=\"font-weight: 400;\"> lightweight, practical and designed for independence. <\/span><span style=\"font-weight: 400;\">It contains the parts you need to carry out repairs on your <\/span><b>Model X-Trek trekking trolley<\/b><span style=\"font-weight: 400;\">in the event of <\/span><b>loss<\/b><span style=\"font-weight: 400;\">of <\/span><b>break<\/b><span style=\"font-weight: 400;\"> or simply natural wear and tear in the field.<\/span><\/p><p class=\"translation-block\"><b>Built for extreme environments<\/b><span style=\"font-weight: 400\">, this kit is especially recommended for <\/span><b>long-distance<\/b><span style=\"font-weight: 400\"> or remote expeditions<\/span><b>.<\/b><span style=\"font-weight: 400\">  \nIt allows you to replace key components without external assistance, extending the lifespan of your gear.  \nEach kit is compatible with the <\/span><a href=\"https:\/\/tactical-13.com\/en\/product\/model-x-trek-version-2-evolution\/\" target=\"_self\"><b>X-Trek V2 Evolution<\/b><\/a><span style=\"font-weight: 400\"> and <\/span><b><a href=\"https:\/\/tactical-13.com\/en\/product\/model-x-trek-version-3\/\" target=\"_self\">Version 3<\/a><\/b><span style=\"font-weight: 400\"> models, and includes standard parts that are easy to replace in the field.<\/span><\/p>\t\t\t\t\t\t\t\t<\/div>\n\t\t\t\t<\/div>\n\t\t\t\t\t<\/div>\n\t\t\t\t<\/div>\n\t\t\t\t<\/div>","protected":false},"excerpt":{"rendered":"<p><span style=\"font-weight: 400;\">La <\/span><b>breakdown kit<\/b><span style=\"font-weight: 400;\"> Tactical XIII is the essential element for all your <\/span><b>walks<\/b><span style=\"font-weight: 400;\"> in autonomy. Compact and lightweight, it allows you to deal with unforeseen technical problems by easily repairing your truck. <\/span><a href=\"https:\/\/tactical-13.com\/en\/product-category\/trekking-trolleys\/\"><b>Model X-Trek<\/b><\/a><span style=\"font-weight: 400;\">even in the great outdoors.<\/span><\/p>\n<p><span style=\"font-weight: 400;\">Ideal for long journeys or remote areas, it gives you peace of mind every step of the way.<\/span><\/p>","protected":false},"featured_media":1103,"comment_status":"open","ping_status":"closed","template":"","meta":[],"product_brand":[],"product_cat":[29],"product_tag":[62,61,64,63],"class_list":{"0":"post-2068","1":"product","2":"type-product","3":"status-publish","4":"has-post-thumbnail","6":"product_cat-options","7":"product_tag-depannage","8":"product_tag-trousse","9":"product_tag-trousse-de-depannage","10":"product_tag-trousse-depannage","12":"first","13":"instock","14":"taxable","15":"shipping-taxable","16":"purchasable","17":"product-type-simple"},"yoast_head":"<!-- This site is optimized with the Yoast SEO plugin v27.3 - https:\/\/yoast.com\/product\/yoast-seo-wordpress\/ -->\n<title>Trousse de d\u00e9pannage pour chariot de randonn\u00e9e | Tactical XIII<\/title>\n<meta name=\"description\" content=\"Assurez votre autonomie avec la trousse de d\u00e9pannage Tactical XIII. Compatible avec les Model X-Trek, elle contient le n\u00e9cessaire pour vos r\u00e9parations.\" \/>\n<meta name=\"robots\" content=\"index, follow, max-snippet:-1, max-image-preview:large, max-video-preview:-1\" \/>\n<link rel=\"canonical\" href=\"https:\/\/tactical-13.com\/en\/product\/repair-kit-2\/\" \/>\n<meta property=\"og:locale\" content=\"en_GB\" \/>\n<meta property=\"og:type\" content=\"article\" \/>\n<meta property=\"og:title\" content=\"Trousse de d\u00e9pannage pour chariot de randonn\u00e9e | Tactical XIII\" \/>\n<meta property=\"og:description\" content=\"Assurez votre autonomie avec la trousse de d\u00e9pannage Tactical XIII. Compatible avec les Model X-Trek, elle contient le n\u00e9cessaire pour vos r\u00e9parations.\" \/>\n<meta property=\"og:url\" content=\"https:\/\/tactical-13.com\/en\/product\/repair-kit-2\/\" \/>\n<meta property=\"og:site_name\" content=\"TACTICAL XIII\" \/>\n<meta property=\"article:modified_time\" content=\"2025-11-07T00:44:46+00:00\" \/>\n<meta property=\"og:image\" content=\"http:\/\/tactical-13.com\/wp-content\/uploads\/2025\/05\/Trousse-de-depannage-Tactical-13.jpg\" \/>\n\t<meta property=\"og:image:width\" content=\"1080\" \/>\n\t<meta property=\"og:image:height\" content=\"1080\" \/>\n\t<meta property=\"og:image:type\" content=\"image\/jpeg\" \/>\n<meta name=\"twitter:card\" content=\"summary_large_image\" \/>\n<script type=\"application\/ld+json\" class=\"yoast-schema-graph\">{\"@context\":\"https:\\\/\\\/schema.org\",\"@graph\":[{\"@type\":\"WebPage\",\"@id\":\"https:\\\/\\\/tactical-13.com\\\/fr\\\/produit\\\/trousse-de-depannage\\\/\",\"url\":\"https:\\\/\\\/tactical-13.com\\\/fr\\\/produit\\\/trousse-de-depannage\\\/\",\"name\":\"Trousse de d\u00e9pannage pour chariot de randonn\u00e9e | Tactical XIII\",\"isPartOf\":{\"@id\":\"https:\\\/\\\/tactical-13.com\\\/nb\\\/#website\"},\"primaryImageOfPage\":{\"@id\":\"https:\\\/\\\/tactical-13.com\\\/fr\\\/produit\\\/trousse-de-depannage\\\/#primaryimage\"},\"image\":{\"@id\":\"https:\\\/\\\/tactical-13.com\\\/fr\\\/produit\\\/trousse-de-depannage\\\/#primaryimage\"},\"thumbnailUrl\":\"https:\\\/\\\/tactical-13.com\\\/wp-content\\\/uploads\\\/2025\\\/05\\\/Trousse-de-depannage-Tactical-13.jpg\",\"datePublished\":\"2025-05-31T14:32:16+00:00\",\"dateModified\":\"2025-11-07T00:44:46+00:00\",\"description\":\"Assurez votre autonomie avec la trousse de d\u00e9pannage Tactical XIII. Compatible avec les Model X-Trek, elle contient le n\u00e9cessaire pour vos r\u00e9parations.\",\"breadcrumb\":{\"@id\":\"https:\\\/\\\/tactical-13.com\\\/fr\\\/produit\\\/trousse-de-depannage\\\/#breadcrumb\"},\"inLanguage\":\"en-GB\",\"potentialAction\":[{\"@type\":\"ReadAction\",\"target\":[\"https:\\\/\\\/tactical-13.com\\\/fr\\\/produit\\\/trousse-de-depannage\\\/\"]}]},{\"@type\":\"ImageObject\",\"inLanguage\":\"en-GB\",\"@id\":\"https:\\\/\\\/tactical-13.com\\\/fr\\\/produit\\\/trousse-de-depannage\\\/#primaryimage\",\"url\":\"https:\\\/\\\/tactical-13.com\\\/wp-content\\\/uploads\\\/2025\\\/05\\\/Trousse-de-depannage-Tactical-13.jpg\",\"contentUrl\":\"https:\\\/\\\/tactical-13.com\\\/wp-content\\\/uploads\\\/2025\\\/05\\\/Trousse-de-depannage-Tactical-13.jpg\",\"width\":1080,\"height\":1080},{\"@type\":\"BreadcrumbList\",\"@id\":\"https:\\\/\\\/tactical-13.com\\\/fr\\\/produit\\\/trousse-de-depannage\\\/#breadcrumb\",\"itemListElement\":[{\"@type\":\"ListItem\",\"position\":1,\"name\":\"Accueil\",\"item\":\"https:\\\/\\\/tactical-13.com\\\/\"},{\"@type\":\"ListItem\",\"position\":2,\"name\":\"Boutique\",\"item\":\"https:\\\/\\\/tactical-13.com\\\/de\\\/shop\\\/\"},{\"@type\":\"ListItem\",\"position\":3,\"name\":\"Trousse de d\u00e9pannage\"}]},{\"@type\":\"WebSite\",\"@id\":\"https:\\\/\\\/tactical-13.com\\\/nb\\\/#website\",\"url\":\"https:\\\/\\\/tactical-13.com\\\/nb\\\/\",\"name\":\"TACTICAL XIII\",\"description\":\"Chariot de randonn\u00e9e\",\"publisher\":{\"@id\":\"https:\\\/\\\/tactical-13.com\\\/nb\\\/#organization\"},\"potentialAction\":[{\"@type\":\"SearchAction\",\"target\":{\"@type\":\"EntryPoint\",\"urlTemplate\":\"https:\\\/\\\/tactical-13.com\\\/nb\\\/?s={search_term_string}\"},\"query-input\":{\"@type\":\"PropertyValueSpecification\",\"valueRequired\":true,\"valueName\":\"search_term_string\"}}],\"inLanguage\":\"en-GB\"},{\"@type\":\"Organization\",\"@id\":\"https:\\\/\\\/tactical-13.com\\\/nb\\\/#organization\",\"name\":\"TACTICAL XIII\",\"url\":\"https:\\\/\\\/tactical-13.com\\\/nb\\\/\",\"logo\":{\"@type\":\"ImageObject\",\"inLanguage\":\"en-GB\",\"@id\":\"https:\\\/\\\/tactical-13.com\\\/nb\\\/#\\\/schema\\\/logo\\\/image\\\/\",\"url\":\"https:\\\/\\\/tactical-13.com\\\/wp-content\\\/uploads\\\/2025\\\/05\\\/Logo-Tactical-XIII-black.png\",\"contentUrl\":\"https:\\\/\\\/tactical-13.com\\\/wp-content\\\/uploads\\\/2025\\\/05\\\/Logo-Tactical-XIII-black.png\",\"width\":350,\"height\":237,\"caption\":\"TACTICAL XIII\"},\"image\":{\"@id\":\"https:\\\/\\\/tactical-13.com\\\/nb\\\/#\\\/schema\\\/logo\\\/image\\\/\"}}]}<\/script>\n<!-- \/ Yoast SEO plugin. -->","yoast_head_json":{"title":"Breakdown kit for trekking trolley | Tactical XIII","description":"Ensure your autonomy with the Tactical XIII breakdown kit. Compatible with Model X-Treks, it contains everything you need for repairs.","robots":{"index":"index","follow":"follow","max-snippet":"max-snippet:-1","max-image-preview":"max-image-preview:large","max-video-preview":"max-video-preview:-1"},"canonical":"https:\/\/tactical-13.com\/en\/product\/repair-kit-2\/","og_locale":"en_GB","og_type":"article","og_title":"Trousse de d\u00e9pannage pour chariot de randonn\u00e9e | Tactical XIII","og_description":"Assurez votre autonomie avec la trousse de d\u00e9pannage Tactical XIII. Compatible avec les Model X-Trek, elle contient le n\u00e9cessaire pour vos r\u00e9parations.","og_url":"https:\/\/tactical-13.com\/en\/product\/repair-kit-2\/","og_site_name":"TACTICAL XIII","article_modified_time":"2025-11-07T00:44:46+00:00","og_image":[{"width":1080,"height":1080,"url":"http:\/\/tactical-13.com\/wp-content\/uploads\/2025\/05\/Trousse-de-depannage-Tactical-13.jpg","type":"image\/jpeg"}],"twitter_card":"summary_large_image","schema":{"@context":"https:\/\/schema.org","@graph":[{"@type":"WebPage","@id":"https:\/\/tactical-13.com\/fr\/produit\/trousse-de-depannage\/","url":"https:\/\/tactical-13.com\/fr\/produit\/trousse-de-depannage\/","name":"Breakdown kit for trekking trolley | Tactical XIII","isPartOf":{"@id":"https:\/\/tactical-13.com\/nb\/#website"},"primaryImageOfPage":{"@id":"https:\/\/tactical-13.com\/fr\/produit\/trousse-de-depannage\/#primaryimage"},"image":{"@id":"https:\/\/tactical-13.com\/fr\/produit\/trousse-de-depannage\/#primaryimage"},"thumbnailUrl":"https:\/\/tactical-13.com\/wp-content\/uploads\/2025\/05\/Trousse-de-depannage-Tactical-13.jpg","datePublished":"2025-05-31T14:32:16+00:00","dateModified":"2025-11-07T00:44:46+00:00","description":"Ensure your autonomy with the Tactical XIII breakdown kit. Compatible with Model X-Treks, it contains everything you need for repairs.","breadcrumb":{"@id":"https:\/\/tactical-13.com\/fr\/produit\/trousse-de-depannage\/#breadcrumb"},"inLanguage":"en-GB","potentialAction":[{"@type":"ReadAction","target":["https:\/\/tactical-13.com\/fr\/produit\/trousse-de-depannage\/"]}]},{"@type":"ImageObject","inLanguage":"en-GB","@id":"https:\/\/tactical-13.com\/fr\/produit\/trousse-de-depannage\/#primaryimage","url":"https:\/\/tactical-13.com\/wp-content\/uploads\/2025\/05\/Trousse-de-depannage-Tactical-13.jpg","contentUrl":"https:\/\/tactical-13.com\/wp-content\/uploads\/2025\/05\/Trousse-de-depannage-Tactical-13.jpg","width":1080,"height":1080},{"@type":"BreadcrumbList","@id":"https:\/\/tactical-13.com\/fr\/produit\/trousse-de-depannage\/#breadcrumb","itemListElement":[{"@type":"ListItem","position":1,"name":"Accueil","item":"https:\/\/tactical-13.com\/"},{"@type":"ListItem","position":2,"name":"Boutique","item":"https:\/\/tactical-13.com\/de\/shop\/"},{"@type":"ListItem","position":3,"name":"Trousse de d\u00e9pannage"}]},{"@type":"WebSite","@id":"https:\/\/tactical-13.com\/nb\/#website","url":"https:\/\/tactical-13.com\/nb\/","name":"TACTICAL XIII","description":"Hiking trolley","publisher":{"@id":"https:\/\/tactical-13.com\/nb\/#organization"},"potentialAction":[{"@type":"SearchAction","target":{"@type":"EntryPoint","urlTemplate":"https:\/\/tactical-13.com\/nb\/?s={search_term_string}"},"query-input":{"@type":"PropertyValueSpecification","valueRequired":true,"valueName":"search_term_string"}}],"inLanguage":"en-GB"},{"@type":"Organization","@id":"https:\/\/tactical-13.com\/nb\/#organization","name":"TACTICAL XIII","url":"https:\/\/tactical-13.com\/nb\/","logo":{"@type":"ImageObject","inLanguage":"en-GB","@id":"https:\/\/tactical-13.com\/nb\/#\/schema\/logo\/image\/","url":"https:\/\/tactical-13.com\/wp-content\/uploads\/2025\/05\/Logo-Tactical-XIII-black.png","contentUrl":"https:\/\/tactical-13.com\/wp-content\/uploads\/2025\/05\/Logo-Tactical-XIII-black.png","width":350,"height":237,"caption":"TACTICAL XIII"},"image":{"@id":"https:\/\/tactical-13.com\/nb\/#\/schema\/logo\/image\/"}}]}},"jetpack_sharing_enabled":true,"_links":{"self":[{"href":"https:\/\/tactical-13.com\/en\/wp-json\/wp\/v2\/product\/2068","targetHints":{"allow":["GET"]}}],"collection":[{"href":"https:\/\/tactical-13.com\/en\/wp-json\/wp\/v2\/product"}],"about":[{"href":"https:\/\/tactical-13.com\/en\/wp-json\/wp\/v2\/types\/product"}],"replies":[{"embeddable":true,"href":"https:\/\/tactical-13.com\/en\/wp-json\/wp\/v2\/comments?post=2068"}],"version-history":[{"count":4,"href":"https:\/\/tactical-13.com\/en\/wp-json\/wp\/v2\/product\/2068\/revisions"}],"predecessor-version":[{"id":6132,"href":"https:\/\/tactical-13.com\/en\/wp-json\/wp\/v2\/product\/2068\/revisions\/6132"}],"wp:featuredmedia":[{"embeddable":true,"href":"https:\/\/tactical-13.com\/en\/wp-json\/wp\/v2\/media\/1103"}],"wp:attachment":[{"href":"https:\/\/tactical-13.com\/en\/wp-json\/wp\/v2\/media?parent=2068"}],"wp:term":[{"taxonomy":"product_brand","embeddable":true,"href":"https:\/\/tactical-13.com\/en\/wp-json\/wp\/v2\/product_brand?post=2068"},{"taxonomy":"product_cat","embeddable":true,"href":"https:\/\/tactical-13.com\/en\/wp-json\/wp\/v2\/product_cat?post=2068"},{"taxonomy":"product_tag","embeddable":true,"href":"https:\/\/tactical-13.com\/en\/wp-json\/wp\/v2\/product_tag?post=2068"}],"curies":[{"name":"wp","href":"https:\/\/api.w.org\/{rel}","templated":true}]}}