{"id":2080,"date":"2025-05-31T16:45:34","date_gmt":"2025-05-31T14:45:34","guid":{"rendered":"https:\/\/tactical-13.com\/?post_type=product&#038;p=2080"},"modified":"2025-10-19T03:41:51","modified_gmt":"2025-10-19T01:41:51","slug":"puncture-proof-tyres-model-x-trek","status":"publish","type":"product","link":"https:\/\/tactical-13.com\/en\/product\/puncture-proof-tyres-model-x-trek\/","title":{"rendered":"Model X-Trek puncture-proof tyres"},"content":{"rendered":"<div data-elementor-type=\"product-post\" data-elementor-id=\"2080\" class=\"elementor elementor-2080\" data-elementor-settings=\"{&quot;ha_cmc_init_switcher&quot;:&quot;no&quot;}\" data-elementor-post-type=\"product\">\n\t\t\t\t<div class=\"elementor-element elementor-element-44652149 e-flex e-con-boxed e-con e-parent\" data-id=\"44652149\" data-element_type=\"container\" data-settings=\"{&quot;jet_parallax_layout_list&quot;:[],&quot;_ha_eqh_enable&quot;:false}\">\n\t\t\t\t\t<div class=\"e-con-inner\">\n\t\t\t\t<div class=\"elementor-element elementor-element-a38bc7d elementor-widget elementor-widget-heading\" data-id=\"a38bc7d\" data-element_type=\"widget\" data-widget_type=\"heading.default\">\n\t\t\t\t<div class=\"elementor-widget-container\">\n\t\t\t\t\t<h2 class=\"elementor-heading-title elementor-size-default\">What you need to know about tyre wear and maintenance<\/h2>\t\t\t\t<\/div>\n\t\t\t\t<\/div>\n\t\t\t\t<div class=\"elementor-element elementor-element-1bb290c9 elementor-widget elementor-widget-text-editor\" data-id=\"1bb290c9\" data-element_type=\"widget\" data-widget_type=\"text-editor.default\">\n\t\t\t\t<div class=\"elementor-widget-container\">\n\t\t\t\t\t\t\t\t\t<p>Tyre wear depends on a number of factors:<\/p><ul><li>the weight of your load<\/li><li>the type of terrain: tyres wear out faster on tarmac than on tracks.<\/li><li>how often you alternate between riding and carrying\u00a0<\/li><\/ul><p><strong>We advise you to replace them as soon as the outside diameter approaches 24 cm.<\/strong> (generally between 1,500 and 3,000 km travelled).<\/p><hr \/><h3>What about the bearings?<\/h3><p>Bearings also have a variable lifespan depending on use.<br \/><strong>We recommend changing them after 5000 km.<\/strong>or as soon as an abnormal noise appears while driving.<\/p><hr \/><h3>Reconditioned wheels: a practical solution for touring<\/h3><p>When your tyres need replacing, you have two options:<\/p><ul><li><strong>Return of your complete wheels<\/strong> tyres and bearings: we replace tyres and bearings in our workshop.<\/li><li><strong>Shipment of reconditioned wheels<\/strong> If you're on the move, we can send complete reconditioned wheels (new tyres + bearings) to the address of your choice or by recorded delivery.<\/li><\/ul>\t\t\t\t\t\t\t\t<\/div>\n\t\t\t\t<\/div>\n\t\t\t\t\t<\/div>\n\t\t\t\t<\/div>\n\t\t\t\t<\/div>","protected":false},"excerpt":{"rendered":"<p>Designed to tackle the most demanding trails, puncture-proof tyres <strong>Model X-Trek<\/strong> are designed to provide long-lasting equipment for your <a href=\"https:\/\/tactical-13.com\/en\/product-category\/trekking-trolleys\/\">hiking trolley<\/a>. Robust and reliable, they provide stability, ride comfort and performance, even on uneven terrain.<\/p>\n<p><strong>Two versions are available, depending on your use:<\/strong><\/p>\n<ul>\n<li><strong>X-TREK<\/strong> for all types of terrain - <strong>10 \u20ac\/tyre<\/strong><\/li>\n<li><strong>X-ROAD<\/strong> For very long road trips - <strong>20 \u20ac\/tyre<\/strong> (<em>+400 g on the total weight of the trolley<\/em>)<\/li>\n<\/ul>","protected":false},"featured_media":1107,"comment_status":"open","ping_status":"closed","template":"","meta":[],"product_brand":[],"product_cat":[30],"product_tag":[69,70,68,71,67,72,75,73,74],"class_list":{"0":"post-2080","1":"product","2":"type-product","3":"status-publish","4":"has-post-thumbnail","6":"product_cat-pieces-detachees","7":"product_tag-increvable","8":"product_tag-increvables","9":"product_tag-pneu","10":"product_tag-pneu-increvable","11":"product_tag-pneus","12":"product_tag-pneus-increvables","13":"product_tag-pneus-increvables-model-x-trek","14":"product_tag-roue","15":"product_tag-roues","17":"first","18":"instock","19":"taxable","20":"shipping-taxable","21":"purchasable","22":"product-type-variable","23":"has-default-attributes"},"yoast_head":"<!-- This site is optimized with the Yoast SEO plugin v27.3 - https:\/\/yoast.com\/product\/yoast-seo-wordpress\/ -->\n<title>Pneus de rechange robustes chariot de randonn\u00e9e | Tactical XIII<\/title>\n<meta name=\"description\" content=\"\u00c9quipez durablement votre chariot pour randonn\u00e9e avec nos pneus increvables Model X-Trek.\" \/>\n<meta name=\"robots\" content=\"index, follow, max-snippet:-1, max-image-preview:large, max-video-preview:-1\" \/>\n<link rel=\"canonical\" href=\"https:\/\/tactical-13.com\/en\/product\/puncture-proof-tyres-model-x-trek\/\" \/>\n<meta property=\"og:locale\" content=\"en_GB\" \/>\n<meta property=\"og:type\" content=\"article\" \/>\n<meta property=\"og:title\" content=\"Pneus de rechange robustes chariot de randonn\u00e9e | Tactical XIII\" \/>\n<meta property=\"og:description\" content=\"\u00c9quipez durablement votre chariot pour randonn\u00e9e avec nos pneus increvables Model X-Trek.\" \/>\n<meta property=\"og:url\" content=\"https:\/\/tactical-13.com\/en\/product\/puncture-proof-tyres-model-x-trek\/\" \/>\n<meta property=\"og:site_name\" content=\"TACTICAL XIII\" \/>\n<meta property=\"article:modified_time\" content=\"2025-10-19T01:41:51+00:00\" \/>\n<meta property=\"og:image\" content=\"http:\/\/tactical-13.com\/wp-content\/uploads\/2025\/05\/Pneu-increvable-tactical-13.jpg\" \/>\n\t<meta property=\"og:image:width\" content=\"1080\" \/>\n\t<meta property=\"og:image:height\" content=\"1080\" \/>\n\t<meta property=\"og:image:type\" content=\"image\/jpeg\" \/>\n<meta name=\"twitter:card\" content=\"summary_large_image\" \/>\n<meta name=\"twitter:label1\" content=\"Estimated reading time\" \/>\n\t<meta name=\"twitter:data1\" content=\"2 minutes\" \/>\n<script type=\"application\/ld+json\" class=\"yoast-schema-graph\">{\"@context\":\"https:\\\/\\\/schema.org\",\"@graph\":[{\"@type\":\"WebPage\",\"@id\":\"https:\\\/\\\/tactical-13.com\\\/produit\\\/pneus-increvables-model-x-trek\\\/\",\"url\":\"https:\\\/\\\/tactical-13.com\\\/produit\\\/pneus-increvables-model-x-trek\\\/\",\"name\":\"Pneus de rechange robustes chariot de randonn\u00e9e | Tactical XIII\",\"isPartOf\":{\"@id\":\"https:\\\/\\\/tactical-13.com\\\/nb\\\/#website\"},\"primaryImageOfPage\":{\"@id\":\"https:\\\/\\\/tactical-13.com\\\/produit\\\/pneus-increvables-model-x-trek\\\/#primaryimage\"},\"image\":{\"@id\":\"https:\\\/\\\/tactical-13.com\\\/produit\\\/pneus-increvables-model-x-trek\\\/#primaryimage\"},\"thumbnailUrl\":\"https:\\\/\\\/tactical-13.com\\\/wp-content\\\/uploads\\\/2025\\\/05\\\/Pneu-increvable-tactical-13.jpg\",\"datePublished\":\"2025-05-31T14:45:34+00:00\",\"dateModified\":\"2025-10-19T01:41:51+00:00\",\"description\":\"\u00c9quipez durablement votre chariot pour randonn\u00e9e avec nos pneus increvables Model X-Trek.\",\"breadcrumb\":{\"@id\":\"https:\\\/\\\/tactical-13.com\\\/produit\\\/pneus-increvables-model-x-trek\\\/#breadcrumb\"},\"inLanguage\":\"en-GB\",\"potentialAction\":[{\"@type\":\"ReadAction\",\"target\":[\"https:\\\/\\\/tactical-13.com\\\/produit\\\/pneus-increvables-model-x-trek\\\/\"]}]},{\"@type\":\"ImageObject\",\"inLanguage\":\"en-GB\",\"@id\":\"https:\\\/\\\/tactical-13.com\\\/produit\\\/pneus-increvables-model-x-trek\\\/#primaryimage\",\"url\":\"https:\\\/\\\/tactical-13.com\\\/wp-content\\\/uploads\\\/2025\\\/05\\\/Pneu-increvable-tactical-13.jpg\",\"contentUrl\":\"https:\\\/\\\/tactical-13.com\\\/wp-content\\\/uploads\\\/2025\\\/05\\\/Pneu-increvable-tactical-13.jpg\",\"width\":1080,\"height\":1080},{\"@type\":\"BreadcrumbList\",\"@id\":\"https:\\\/\\\/tactical-13.com\\\/produit\\\/pneus-increvables-model-x-trek\\\/#breadcrumb\",\"itemListElement\":[{\"@type\":\"ListItem\",\"position\":1,\"name\":\"Accueil\",\"item\":\"https:\\\/\\\/tactical-13.com\\\/\"},{\"@type\":\"ListItem\",\"position\":2,\"name\":\"Boutique\",\"item\":\"https:\\\/\\\/tactical-13.com\\\/de\\\/shop\\\/\"},{\"@type\":\"ListItem\",\"position\":3,\"name\":\"Pneus increvables Model X-Trek\"}]},{\"@type\":\"WebSite\",\"@id\":\"https:\\\/\\\/tactical-13.com\\\/nb\\\/#website\",\"url\":\"https:\\\/\\\/tactical-13.com\\\/nb\\\/\",\"name\":\"TACTICAL XIII\",\"description\":\"Chariot de randonn\u00e9e\",\"publisher\":{\"@id\":\"https:\\\/\\\/tactical-13.com\\\/nb\\\/#organization\"},\"potentialAction\":[{\"@type\":\"SearchAction\",\"target\":{\"@type\":\"EntryPoint\",\"urlTemplate\":\"https:\\\/\\\/tactical-13.com\\\/nb\\\/?s={search_term_string}\"},\"query-input\":{\"@type\":\"PropertyValueSpecification\",\"valueRequired\":true,\"valueName\":\"search_term_string\"}}],\"inLanguage\":\"en-GB\"},{\"@type\":\"Organization\",\"@id\":\"https:\\\/\\\/tactical-13.com\\\/nb\\\/#organization\",\"name\":\"TACTICAL XIII\",\"url\":\"https:\\\/\\\/tactical-13.com\\\/nb\\\/\",\"logo\":{\"@type\":\"ImageObject\",\"inLanguage\":\"en-GB\",\"@id\":\"https:\\\/\\\/tactical-13.com\\\/nb\\\/#\\\/schema\\\/logo\\\/image\\\/\",\"url\":\"https:\\\/\\\/tactical-13.com\\\/wp-content\\\/uploads\\\/2025\\\/05\\\/Logo-Tactical-XIII-black.png\",\"contentUrl\":\"https:\\\/\\\/tactical-13.com\\\/wp-content\\\/uploads\\\/2025\\\/05\\\/Logo-Tactical-XIII-black.png\",\"width\":350,\"height\":237,\"caption\":\"TACTICAL XIII\"},\"image\":{\"@id\":\"https:\\\/\\\/tactical-13.com\\\/nb\\\/#\\\/schema\\\/logo\\\/image\\\/\"}}]}<\/script>\n<!-- \/ Yoast SEO plugin. -->","yoast_head_json":{"title":"Heavy duty spare tyres for trekking trolleys | Tactical XIII","description":"Equip your trekking trolley for the long haul with our puncture-proof Model X-Trek tyres.","robots":{"index":"index","follow":"follow","max-snippet":"max-snippet:-1","max-image-preview":"max-image-preview:large","max-video-preview":"max-video-preview:-1"},"canonical":"https:\/\/tactical-13.com\/en\/product\/puncture-proof-tyres-model-x-trek\/","og_locale":"en_GB","og_type":"article","og_title":"Pneus de rechange robustes chariot de randonn\u00e9e | Tactical XIII","og_description":"\u00c9quipez durablement votre chariot pour randonn\u00e9e avec nos pneus increvables Model X-Trek.","og_url":"https:\/\/tactical-13.com\/en\/product\/puncture-proof-tyres-model-x-trek\/","og_site_name":"TACTICAL XIII","article_modified_time":"2025-10-19T01:41:51+00:00","og_image":[{"width":1080,"height":1080,"url":"http:\/\/tactical-13.com\/wp-content\/uploads\/2025\/05\/Pneu-increvable-tactical-13.jpg","type":"image\/jpeg"}],"twitter_card":"summary_large_image","twitter_misc":{"Estimated reading time":"2 minutes"},"schema":{"@context":"https:\/\/schema.org","@graph":[{"@type":"WebPage","@id":"https:\/\/tactical-13.com\/produit\/pneus-increvables-model-x-trek\/","url":"https:\/\/tactical-13.com\/produit\/pneus-increvables-model-x-trek\/","name":"Heavy duty spare tyres for trekking trolleys | Tactical XIII","isPartOf":{"@id":"https:\/\/tactical-13.com\/nb\/#website"},"primaryImageOfPage":{"@id":"https:\/\/tactical-13.com\/produit\/pneus-increvables-model-x-trek\/#primaryimage"},"image":{"@id":"https:\/\/tactical-13.com\/produit\/pneus-increvables-model-x-trek\/#primaryimage"},"thumbnailUrl":"https:\/\/tactical-13.com\/wp-content\/uploads\/2025\/05\/Pneu-increvable-tactical-13.jpg","datePublished":"2025-05-31T14:45:34+00:00","dateModified":"2025-10-19T01:41:51+00:00","description":"Equip your trekking trolley for the long haul with our puncture-proof Model X-Trek tyres.","breadcrumb":{"@id":"https:\/\/tactical-13.com\/produit\/pneus-increvables-model-x-trek\/#breadcrumb"},"inLanguage":"en-GB","potentialAction":[{"@type":"ReadAction","target":["https:\/\/tactical-13.com\/produit\/pneus-increvables-model-x-trek\/"]}]},{"@type":"ImageObject","inLanguage":"en-GB","@id":"https:\/\/tactical-13.com\/produit\/pneus-increvables-model-x-trek\/#primaryimage","url":"https:\/\/tactical-13.com\/wp-content\/uploads\/2025\/05\/Pneu-increvable-tactical-13.jpg","contentUrl":"https:\/\/tactical-13.com\/wp-content\/uploads\/2025\/05\/Pneu-increvable-tactical-13.jpg","width":1080,"height":1080},{"@type":"BreadcrumbList","@id":"https:\/\/tactical-13.com\/produit\/pneus-increvables-model-x-trek\/#breadcrumb","itemListElement":[{"@type":"ListItem","position":1,"name":"Accueil","item":"https:\/\/tactical-13.com\/"},{"@type":"ListItem","position":2,"name":"Boutique","item":"https:\/\/tactical-13.com\/de\/shop\/"},{"@type":"ListItem","position":3,"name":"Pneus increvables Model X-Trek"}]},{"@type":"WebSite","@id":"https:\/\/tactical-13.com\/nb\/#website","url":"https:\/\/tactical-13.com\/nb\/","name":"TACTICAL XIII","description":"Hiking trolley","publisher":{"@id":"https:\/\/tactical-13.com\/nb\/#organization"},"potentialAction":[{"@type":"SearchAction","target":{"@type":"EntryPoint","urlTemplate":"https:\/\/tactical-13.com\/nb\/?s={search_term_string}"},"query-input":{"@type":"PropertyValueSpecification","valueRequired":true,"valueName":"search_term_string"}}],"inLanguage":"en-GB"},{"@type":"Organization","@id":"https:\/\/tactical-13.com\/nb\/#organization","name":"TACTICAL XIII","url":"https:\/\/tactical-13.com\/nb\/","logo":{"@type":"ImageObject","inLanguage":"en-GB","@id":"https:\/\/tactical-13.com\/nb\/#\/schema\/logo\/image\/","url":"https:\/\/tactical-13.com\/wp-content\/uploads\/2025\/05\/Logo-Tactical-XIII-black.png","contentUrl":"https:\/\/tactical-13.com\/wp-content\/uploads\/2025\/05\/Logo-Tactical-XIII-black.png","width":350,"height":237,"caption":"TACTICAL XIII"},"image":{"@id":"https:\/\/tactical-13.com\/nb\/#\/schema\/logo\/image\/"}}]}},"jetpack_sharing_enabled":true,"_links":{"self":[{"href":"https:\/\/tactical-13.com\/en\/wp-json\/wp\/v2\/product\/2080","targetHints":{"allow":["GET"]}}],"collection":[{"href":"https:\/\/tactical-13.com\/en\/wp-json\/wp\/v2\/product"}],"about":[{"href":"https:\/\/tactical-13.com\/en\/wp-json\/wp\/v2\/types\/product"}],"replies":[{"embeddable":true,"href":"https:\/\/tactical-13.com\/en\/wp-json\/wp\/v2\/comments?post=2080"}],"version-history":[{"count":0,"href":"https:\/\/tactical-13.com\/en\/wp-json\/wp\/v2\/product\/2080\/revisions"}],"wp:featuredmedia":[{"embeddable":true,"href":"https:\/\/tactical-13.com\/en\/wp-json\/wp\/v2\/media\/1107"}],"wp:attachment":[{"href":"https:\/\/tactical-13.com\/en\/wp-json\/wp\/v2\/media?parent=2080"}],"wp:term":[{"taxonomy":"product_brand","embeddable":true,"href":"https:\/\/tactical-13.com\/en\/wp-json\/wp\/v2\/product_brand?post=2080"},{"taxonomy":"product_cat","embeddable":true,"href":"https:\/\/tactical-13.com\/en\/wp-json\/wp\/v2\/product_cat?post=2080"},{"taxonomy":"product_tag","embeddable":true,"href":"https:\/\/tactical-13.com\/en\/wp-json\/wp\/v2\/product_tag?post=2080"}],"curies":[{"name":"wp","href":"https:\/\/api.w.org\/{rel}","templated":true}]}}