{"id":1881,"date":"2025-05-23T01:33:57","date_gmt":"2025-05-22T23:33:57","guid":{"rendered":"https:\/\/tactical-13.com\/?post_type=product&#038;p=1881"},"modified":"2026-04-01T16:02:12","modified_gmt":"2026-04-01T14:02:12","slug":"modelo-x-trek-version-2-evolution","status":"publish","type":"product","link":"https:\/\/tactical-13.com\/es\/producto\/modelo-x-trek-version-2-evolution\/","title":{"rendered":"Modelo X-Trek V2 Evolution"},"content":{"rendered":"<div data-elementor-type=\"product-post\" data-elementor-id=\"1881\" class=\"elementor elementor-1881\" data-elementor-settings=\"{&quot;ha_cmc_init_switcher&quot;:&quot;no&quot;}\" data-elementor-post-type=\"product\">\n\t\t\t\t<div class=\"elementor-element elementor-element-44652149 e-flex e-con-boxed e-con e-parent\" data-id=\"44652149\" data-element_type=\"container\" data-settings=\"{&quot;jet_parallax_layout_list&quot;:[],&quot;_ha_eqh_enable&quot;:false}\">\n\t\t\t\t\t<div class=\"e-con-inner\">\n\t\t\t\t<div class=\"elementor-element elementor-element-a38bc7d elementor-widget elementor-widget-heading\" data-id=\"a38bc7d\" data-element_type=\"widget\" data-widget_type=\"heading.default\">\n\t\t\t\t<div class=\"elementor-widget-container\">\n\t\t\t\t\t<h2 class=\"elementor-heading-title elementor-size-default\">Un carro de trekking ultraligero dise\u00f1ado para viajar<\/h2>\t\t\t\t<\/div>\n\t\t\t\t<\/div>\n\t\t\t\t<div class=\"elementor-element elementor-element-1bb290c9 elementor-widget elementor-widget-text-editor\" data-id=\"1bb290c9\" data-element_type=\"widget\" data-widget_type=\"text-editor.default\">\n\t\t\t\t<div class=\"elementor-widget-container\">\n\t\t\t\t\t\t\t\t\t<p><span style=\"font-weight: 400;\">Le<\/span><b> Modelo X-Trek V2 Evolution<\/b><span style=\"font-weight: 400;\"> encarna el equilibrio perfecto entre <\/span><b>rendimiento<\/b><span style=\"font-weight: 400;\">, <\/span><b>ligereza<\/b><span style=\"font-weight: 400;\"> y <\/span><b>modularidad<\/b><span style=\"font-weight: 400;\">. Con un peso de 1,975 kg, es ideal para <\/span><b>excursionistas<\/b><span style=\"font-weight: 400;\"> y <\/span><b>senderistas<\/b><span style=\"font-weight: 400;\"> que desean aligerar su carga sin renunciar a la fiabilidad.<\/span><\/p><p><span style=\"font-weight: 400;\">Gracias a su <\/span><b>eje<\/b><span style=\"font-weight: 400;\"> nueva generaci\u00f3n en <\/span><b>fibras de carbono <\/b><span style=\"font-weight: 400;\">y sus ruedas antipinchazos de 285 mm, este <\/span><b>carro de senderismo ultraligero<\/b><span style=\"font-weight: 400;\"> absorbe los impactos al tiempo que ofrece una excelente estabilidad, incluso en senderos t\u00e9cnicos. El sistema integrado FEEL UP permite adaptar la altura del carro al tama\u00f1o de la bolsa (de 30 a 70 L), para un ajuste preciso y una comodidad \u00f3ptima.<\/span><\/p><p><span style=\"font-weight: 400;\">Le <\/span><b>Evoluci\u00f3n V2<\/b><span style=\"font-weight: 400;\"> tambi\u00e9n es f\u00e1cil de colocar: se tarda menos de 30 segundos en instalarlo en la bolsa y menos de 20 segundos en cambiar del <\/span><b>modo<\/b> <b>portage<\/b><span style=\"font-weight: 400;\"> en <\/span><b>modo<\/b> <b>rodante<\/b><span style=\"font-weight: 400;\">. Ideal para seguir el ritmo de la naturaleza, sin interrupciones.<\/span><\/p><p><span style=\"font-weight: 400;\">Por \u00faltimo, este modelo puede personalizarse y mejorarse mediante una serie de opciones:<\/span><\/p><ul><li><b>Ejes de titanio<\/b><span style=\"font-weight: 400;\"> para ganar <\/span><b>ligereza<\/b><\/li><li><b>Sistema blando<\/b><span style=\"font-weight: 400;\"> para fijar bolsillos o botellas de agua a la parte delantera del carro<\/span><\/li><\/ul><p><span style=\"font-weight: 400;\">Fabricado en Francia, el <\/span><b>Modelo X-Trek V2 Evolution<\/b><span style=\"font-weight: 400;\"> es un fiel aliado para todas tus expediciones al aire libre.<\/span><\/p>\t\t\t\t\t\t\t\t<\/div>\n\t\t\t\t<\/div>\n\t\t\t\t\t<\/div>\n\t\t\t\t<\/div>\n\t\t\t\t<\/div>","protected":false},"excerpt":{"rendered":"<p class=\"translation-block\"><span style=\"font-weight: 400\">El <\/span><b>Modelo X-Trek V2 Evolution<\/b><span style=\"font-weight: 400\">es un <\/span><b>trolley de senderismo ultraligero<\/b><span style=\"font-weight: 400\">, dise\u00f1ado para aquellos que quieren hacer senderismo m\u00e1s lejos, durante m\u00e1s tiempo y sin dolor. <\/span><b>Compacto<\/b><span style=\"font-weight: 400\">, <\/span><b>c\u00f3modo<\/b><span style=\"font-weight: 400\"> y <\/span><b>robusto<\/b><span style=\"font-weight: 400\">, permite cambiar en segundos entre <\/span><b>cargar<\/b><span style=\"font-weight: 400\"> y <\/span><b>rodar<\/b><span style=\"font-weight: 400\"> en funci\u00f3n del terreno, al tiempo que descarga eficazmente la espalda y las articulaciones.<\/span><\/p>","protected":false},"featured_media":3410,"comment_status":"open","ping_status":"closed","template":"","meta":[],"product_brand":[],"product_cat":[23],"product_tag":[24,25,44],"class_list":{"0":"post-1881","1":"product","2":"type-product","3":"status-publish","4":"has-post-thumbnail","6":"product_cat-chariots-de-randonnee","7":"product_tag-chariot","8":"product_tag-chariot-de-randonnee","9":"product_tag-x-trek-v2","11":"first","12":"instock","13":"taxable","14":"shipping-taxable","15":"purchasable","16":"product-type-variable","17":"has-default-attributes"},"yoast_head":"<!-- This site is optimized with the Yoast SEO plugin v27.3 - https:\/\/yoast.com\/product\/yoast-seo-wordpress\/ -->\n<title>Chariot de randonn\u00e9e Model X-Trek V2 Evolution | Tactical XIII<\/title>\n<meta name=\"description\" content=\"D\u00e9couvrez le Model X-Trek V2 Evolution, un chariot de randonn\u00e9e ultra l\u00e9ger, compact et robuste, con\u00e7u pour all\u00e9ger vos treks sans compromis sur le confort.\" \/>\n<meta name=\"robots\" content=\"index, follow, max-snippet:-1, max-image-preview:large, max-video-preview:-1\" \/>\n<link rel=\"canonical\" href=\"https:\/\/tactical-13.com\/es\/producto\/modelo-x-trek-version-2-evolution\/\" \/>\n<meta property=\"og:locale\" content=\"es_ES\" \/>\n<meta property=\"og:type\" content=\"article\" \/>\n<meta property=\"og:title\" content=\"Chariot de randonn\u00e9e Model X-Trek V2 Evolution | Tactical XIII\" \/>\n<meta property=\"og:description\" content=\"D\u00e9couvrez le Model X-Trek V2 Evolution, un chariot de randonn\u00e9e ultra l\u00e9ger, compact et robuste, con\u00e7u pour all\u00e9ger vos treks sans compromis sur le confort.\" \/>\n<meta property=\"og:url\" content=\"https:\/\/tactical-13.com\/es\/producto\/modelo-x-trek-version-2-evolution\/\" \/>\n<meta property=\"og:site_name\" content=\"TACTICAL XIII\" \/>\n<meta property=\"article:modified_time\" content=\"2026-04-01T14:02:12+00:00\" \/>\n<meta property=\"og:image\" content=\"http:\/\/tactical-13.com\/wp-content\/uploads\/2025\/05\/Chariot-de-randonnee-Model-X-Trek-V2-Evolution.jpg\" \/>\n\t<meta property=\"og:image:width\" content=\"1200\" \/>\n\t<meta property=\"og:image:height\" content=\"1200\" \/>\n\t<meta property=\"og:image:type\" content=\"image\/jpeg\" \/>\n<meta name=\"twitter:card\" content=\"summary_large_image\" \/>\n<script type=\"application\/ld+json\" class=\"yoast-schema-graph\">{\"@context\":\"https:\\\/\\\/schema.org\",\"@graph\":[{\"@type\":\"WebPage\",\"@id\":\"https:\\\/\\\/tactical-13.com\\\/fr\\\/produit\\\/model-x-trek-version-2-evolution\\\/\",\"url\":\"https:\\\/\\\/tactical-13.com\\\/fr\\\/produit\\\/model-x-trek-version-2-evolution\\\/\",\"name\":\"Chariot de randonn\u00e9e Model X-Trek V2 Evolution | Tactical XIII\",\"isPartOf\":{\"@id\":\"https:\\\/\\\/tactical-13.com\\\/nb\\\/#website\"},\"primaryImageOfPage\":{\"@id\":\"https:\\\/\\\/tactical-13.com\\\/fr\\\/produit\\\/model-x-trek-version-2-evolution\\\/#primaryimage\"},\"image\":{\"@id\":\"https:\\\/\\\/tactical-13.com\\\/fr\\\/produit\\\/model-x-trek-version-2-evolution\\\/#primaryimage\"},\"thumbnailUrl\":\"https:\\\/\\\/tactical-13.com\\\/wp-content\\\/uploads\\\/2025\\\/05\\\/Chariot-de-randonnee-Model-X-Trek-V2-Evolution.jpg\",\"datePublished\":\"2025-05-22T23:33:57+00:00\",\"dateModified\":\"2026-04-01T14:02:12+00:00\",\"description\":\"D\u00e9couvrez le Model X-Trek V2 Evolution, un chariot de randonn\u00e9e ultra l\u00e9ger, compact et robuste, con\u00e7u pour all\u00e9ger vos treks sans compromis sur le confort.\",\"breadcrumb\":{\"@id\":\"https:\\\/\\\/tactical-13.com\\\/fr\\\/produit\\\/model-x-trek-version-2-evolution\\\/#breadcrumb\"},\"inLanguage\":\"es\",\"potentialAction\":[{\"@type\":\"ReadAction\",\"target\":[\"https:\\\/\\\/tactical-13.com\\\/fr\\\/produit\\\/model-x-trek-version-2-evolution\\\/\"]}]},{\"@type\":\"ImageObject\",\"inLanguage\":\"es\",\"@id\":\"https:\\\/\\\/tactical-13.com\\\/fr\\\/produit\\\/model-x-trek-version-2-evolution\\\/#primaryimage\",\"url\":\"https:\\\/\\\/tactical-13.com\\\/wp-content\\\/uploads\\\/2025\\\/05\\\/Chariot-de-randonnee-Model-X-Trek-V2-Evolution.jpg\",\"contentUrl\":\"https:\\\/\\\/tactical-13.com\\\/wp-content\\\/uploads\\\/2025\\\/05\\\/Chariot-de-randonnee-Model-X-Trek-V2-Evolution.jpg\",\"width\":1200,\"height\":1200},{\"@type\":\"BreadcrumbList\",\"@id\":\"https:\\\/\\\/tactical-13.com\\\/fr\\\/produit\\\/model-x-trek-version-2-evolution\\\/#breadcrumb\",\"itemListElement\":[{\"@type\":\"ListItem\",\"position\":1,\"name\":\"Accueil\",\"item\":\"https:\\\/\\\/tactical-13.com\\\/\"},{\"@type\":\"ListItem\",\"position\":2,\"name\":\"Boutique\",\"item\":\"https:\\\/\\\/tactical-13.com\\\/de\\\/shop\\\/\"},{\"@type\":\"ListItem\",\"position\":3,\"name\":\"Model X-Trek V2 Evolution\"}]},{\"@type\":\"WebSite\",\"@id\":\"https:\\\/\\\/tactical-13.com\\\/nb\\\/#website\",\"url\":\"https:\\\/\\\/tactical-13.com\\\/nb\\\/\",\"name\":\"TACTICAL XIII\",\"description\":\"Chariot de randonn\u00e9e\",\"publisher\":{\"@id\":\"https:\\\/\\\/tactical-13.com\\\/nb\\\/#organization\"},\"potentialAction\":[{\"@type\":\"SearchAction\",\"target\":{\"@type\":\"EntryPoint\",\"urlTemplate\":\"https:\\\/\\\/tactical-13.com\\\/nb\\\/?s={search_term_string}\"},\"query-input\":{\"@type\":\"PropertyValueSpecification\",\"valueRequired\":true,\"valueName\":\"search_term_string\"}}],\"inLanguage\":\"es\"},{\"@type\":\"Organization\",\"@id\":\"https:\\\/\\\/tactical-13.com\\\/nb\\\/#organization\",\"name\":\"TACTICAL XIII\",\"url\":\"https:\\\/\\\/tactical-13.com\\\/nb\\\/\",\"logo\":{\"@type\":\"ImageObject\",\"inLanguage\":\"es\",\"@id\":\"https:\\\/\\\/tactical-13.com\\\/nb\\\/#\\\/schema\\\/logo\\\/image\\\/\",\"url\":\"https:\\\/\\\/tactical-13.com\\\/wp-content\\\/uploads\\\/2025\\\/05\\\/Logo-Tactical-XIII-black.png\",\"contentUrl\":\"https:\\\/\\\/tactical-13.com\\\/wp-content\\\/uploads\\\/2025\\\/05\\\/Logo-Tactical-XIII-black.png\",\"width\":350,\"height\":237,\"caption\":\"TACTICAL XIII\"},\"image\":{\"@id\":\"https:\\\/\\\/tactical-13.com\\\/nb\\\/#\\\/schema\\\/logo\\\/image\\\/\"}}]}<\/script>\n<!-- \/ Yoast SEO plugin. -->","yoast_head_json":{"title":"Modelo X-Trek V2 Evolution trekking trolley | Tactical XIII","description":"Descubre el modelo X-Trek V2 Evolution, un carro de trekking ultraligero, compacto y robusto dise\u00f1ado para aligerar tus caminatas sin renunciar a la comodidad.","robots":{"index":"index","follow":"follow","max-snippet":"max-snippet:-1","max-image-preview":"max-image-preview:large","max-video-preview":"max-video-preview:-1"},"canonical":"https:\/\/tactical-13.com\/es\/producto\/modelo-x-trek-version-2-evolution\/","og_locale":"es_ES","og_type":"article","og_title":"Chariot de randonn\u00e9e Model X-Trek V2 Evolution | Tactical XIII","og_description":"D\u00e9couvrez le Model X-Trek V2 Evolution, un chariot de randonn\u00e9e ultra l\u00e9ger, compact et robuste, con\u00e7u pour all\u00e9ger vos treks sans compromis sur le confort.","og_url":"https:\/\/tactical-13.com\/es\/producto\/modelo-x-trek-version-2-evolution\/","og_site_name":"TACTICAL XIII","article_modified_time":"2026-04-01T14:02:12+00:00","og_image":[{"width":1200,"height":1200,"url":"http:\/\/tactical-13.com\/wp-content\/uploads\/2025\/05\/Chariot-de-randonnee-Model-X-Trek-V2-Evolution.jpg","type":"image\/jpeg"}],"twitter_card":"summary_large_image","schema":{"@context":"https:\/\/schema.org","@graph":[{"@type":"WebPage","@id":"https:\/\/tactical-13.com\/fr\/produit\/model-x-trek-version-2-evolution\/","url":"https:\/\/tactical-13.com\/fr\/produit\/model-x-trek-version-2-evolution\/","name":"Modelo X-Trek V2 Evolution trekking trolley | Tactical XIII","isPartOf":{"@id":"https:\/\/tactical-13.com\/nb\/#website"},"primaryImageOfPage":{"@id":"https:\/\/tactical-13.com\/fr\/produit\/model-x-trek-version-2-evolution\/#primaryimage"},"image":{"@id":"https:\/\/tactical-13.com\/fr\/produit\/model-x-trek-version-2-evolution\/#primaryimage"},"thumbnailUrl":"https:\/\/tactical-13.com\/wp-content\/uploads\/2025\/05\/Chariot-de-randonnee-Model-X-Trek-V2-Evolution.jpg","datePublished":"2025-05-22T23:33:57+00:00","dateModified":"2026-04-01T14:02:12+00:00","description":"Descubre el modelo X-Trek V2 Evolution, un carro de trekking ultraligero, compacto y robusto dise\u00f1ado para aligerar tus caminatas sin renunciar a la comodidad.","breadcrumb":{"@id":"https:\/\/tactical-13.com\/fr\/produit\/model-x-trek-version-2-evolution\/#breadcrumb"},"inLanguage":"es","potentialAction":[{"@type":"ReadAction","target":["https:\/\/tactical-13.com\/fr\/produit\/model-x-trek-version-2-evolution\/"]}]},{"@type":"ImageObject","inLanguage":"es","@id":"https:\/\/tactical-13.com\/fr\/produit\/model-x-trek-version-2-evolution\/#primaryimage","url":"https:\/\/tactical-13.com\/wp-content\/uploads\/2025\/05\/Chariot-de-randonnee-Model-X-Trek-V2-Evolution.jpg","contentUrl":"https:\/\/tactical-13.com\/wp-content\/uploads\/2025\/05\/Chariot-de-randonnee-Model-X-Trek-V2-Evolution.jpg","width":1200,"height":1200},{"@type":"BreadcrumbList","@id":"https:\/\/tactical-13.com\/fr\/produit\/model-x-trek-version-2-evolution\/#breadcrumb","itemListElement":[{"@type":"ListItem","position":1,"name":"Accueil","item":"https:\/\/tactical-13.com\/"},{"@type":"ListItem","position":2,"name":"Boutique","item":"https:\/\/tactical-13.com\/de\/shop\/"},{"@type":"ListItem","position":3,"name":"Model X-Trek V2 Evolution"}]},{"@type":"WebSite","@id":"https:\/\/tactical-13.com\/nb\/#website","url":"https:\/\/tactical-13.com\/nb\/","name":"T\u00c1CTICA XIII","description":"Carro de senderismo","publisher":{"@id":"https:\/\/tactical-13.com\/nb\/#organization"},"potentialAction":[{"@type":"SearchAction","target":{"@type":"EntryPoint","urlTemplate":"https:\/\/tactical-13.com\/nb\/?s={search_term_string}"},"query-input":{"@type":"PropertyValueSpecification","valueRequired":true,"valueName":"search_term_string"}}],"inLanguage":"es"},{"@type":"Organization","@id":"https:\/\/tactical-13.com\/nb\/#organization","name":"T\u00c1CTICA XIII","url":"https:\/\/tactical-13.com\/nb\/","logo":{"@type":"ImageObject","inLanguage":"es","@id":"https:\/\/tactical-13.com\/nb\/#\/schema\/logo\/image\/","url":"https:\/\/tactical-13.com\/wp-content\/uploads\/2025\/05\/Logo-Tactical-XIII-black.png","contentUrl":"https:\/\/tactical-13.com\/wp-content\/uploads\/2025\/05\/Logo-Tactical-XIII-black.png","width":350,"height":237,"caption":"TACTICAL XIII"},"image":{"@id":"https:\/\/tactical-13.com\/nb\/#\/schema\/logo\/image\/"}}]}},"jetpack_sharing_enabled":true,"_links":{"self":[{"href":"https:\/\/tactical-13.com\/es\/wp-json\/wp\/v2\/product\/1881","targetHints":{"allow":["GET"]}}],"collection":[{"href":"https:\/\/tactical-13.com\/es\/wp-json\/wp\/v2\/product"}],"about":[{"href":"https:\/\/tactical-13.com\/es\/wp-json\/wp\/v2\/types\/product"}],"replies":[{"embeddable":true,"href":"https:\/\/tactical-13.com\/es\/wp-json\/wp\/v2\/comments?post=1881"}],"version-history":[{"count":3,"href":"https:\/\/tactical-13.com\/es\/wp-json\/wp\/v2\/product\/1881\/revisions"}],"predecessor-version":[{"id":6577,"href":"https:\/\/tactical-13.com\/es\/wp-json\/wp\/v2\/product\/1881\/revisions\/6577"}],"wp:featuredmedia":[{"embeddable":true,"href":"https:\/\/tactical-13.com\/es\/wp-json\/wp\/v2\/media\/3410"}],"wp:attachment":[{"href":"https:\/\/tactical-13.com\/es\/wp-json\/wp\/v2\/media?parent=1881"}],"wp:term":[{"taxonomy":"product_brand","embeddable":true,"href":"https:\/\/tactical-13.com\/es\/wp-json\/wp\/v2\/product_brand?post=1881"},{"taxonomy":"product_cat","embeddable":true,"href":"https:\/\/tactical-13.com\/es\/wp-json\/wp\/v2\/product_cat?post=1881"},{"taxonomy":"product_tag","embeddable":true,"href":"https:\/\/tactical-13.com\/es\/wp-json\/wp\/v2\/product_tag?post=1881"}],"curies":[{"name":"wp","href":"https:\/\/api.w.org\/{rel}","templated":true}]}}