{"id":2030,"date":"2025-05-31T15:20:04","date_gmt":"2025-05-31T13:20:04","guid":{"rendered":"https:\/\/tactical-13.com\/?post_type=product&#038;p=2030"},"modified":"2025-11-07T02:01:48","modified_gmt":"2025-11-07T01:01:48","slug":"kit-de-velocidad","status":"publish","type":"product","link":"https:\/\/tactical-13.com\/es\/producto\/kit-de-velocidad\/","title":{"rendered":"Kit de bicicleta"},"content":{"rendered":"<div data-elementor-type=\"product-post\" data-elementor-id=\"2030\" class=\"elementor elementor-2030\" data-elementor-settings=\"{&quot;ha_cmc_init_switcher&quot;:&quot;no&quot;}\" data-elementor-post-type=\"product\">\n\t\t\t\t<div class=\"elementor-element elementor-element-44652149 e-flex e-con-boxed e-con e-parent\" data-id=\"44652149\" data-element_type=\"container\" data-settings=\"{&quot;jet_parallax_layout_list&quot;:[],&quot;_ha_eqh_enable&quot;:false}\">\n\t\t\t\t\t<div class=\"e-con-inner\">\n\t\t\t\t<div class=\"elementor-element elementor-element-a38bc7d elementor-widget elementor-widget-heading\" data-id=\"a38bc7d\" data-element_type=\"widget\" data-widget_type=\"heading.default\">\n\t\t\t\t<div class=\"elementor-widget-container\">\n\t\t\t\t\t<h2 class=\"elementor-heading-title elementor-size-default\">Ideal para convertir su carro de paseo en un remolque de bicicleta para uso ocasional<\/h2>\t\t\t\t<\/div>\n\t\t\t\t<\/div>\n\t\t\t\t<div class=\"elementor-element elementor-element-1bb290c9 elementor-widget elementor-widget-text-editor\" data-id=\"1bb290c9\" data-element_type=\"widget\" data-widget_type=\"text-editor.default\">\n\t\t\t\t<div class=\"elementor-widget-container\">\n\t\t\t\t\t\t\t\t\t<p>Le <strong>Kit de bicicleta<\/strong> permite <strong>convertir<\/strong> f\u00e1cilmente su <strong>carro de senderismo<\/strong> para su uso en <strong>cicloturismo<\/strong> <strong>ocasionalmente<\/strong>. Este sistema est\u00e1 dise\u00f1ado para usuarios que necesitan remolcar su equipo detr\u00e1s de una bicicleta de forma ocasional, conservando la maniobrabilidad y modularidad de una bicicleta. <a href=\"https:\/\/tactical-13.com\/es\/categoria-producto\/carros-de-trekking\/\"><strong>sus carritos de senderismo.<\/strong><\/a><\/p><p class=\"translation-block\">Dise\u00f1ado con los mismos requisitos que nuestros <strong>trolleys<\/strong>, ligereza, robustez y facilidad de uso, el <strong>kit<\/strong> puede instalarse sin herramientas y cambiar del modo peat\u00f3n al modo bicicleta lleva s\u00f3lo unos segundos.Una vez colocado, todo el <strong>kit<\/strong> puede guardarse en la mochila para que ocupe el m\u00ednimo volumen, sin pesar significativamente en el equipo.<\/p><p class=\"translation-block\">Atenci\u00f3n: este kit no est\u00e1 pensado para sustituir a un remolque de bicicleta dedicado exclusivamente a los viajes en bicicleta. Es una <strong>soluci\u00f3n h\u00edbrida<\/strong> dise\u00f1ada para quienes combinan senderismo y peque\u00f1os tramos de ciclismo en un mismo itinerario.<\/p><p class=\"translation-block\">El <strong>Kit de bicicleta<\/strong> es compatible con las versiones <a href=\"https:\/\/tactical-13.com\/es\/producto\/modelo-x-trek-version-2-evolution\/\" target=\"_self\">Modelo X-Trek V2 Evolution<\/a> y <a href=\"https:\/\/tactical-13.com\/es\/producto\/modelo-x-trek-version-3\/\" target=\"_self\">Versi\u00f3n 3<\/a>, y se adapta perfectamente al eje del <strong>carro<\/strong> sin alterar su estabilidad.<\/p><p class=\"translation-block\">Disponible a partir de <strong>ahora<\/strong> - entrega a domicilio<strong> en un plazo de 3 a 5 d\u00edas<\/strong>.<\/p>\t\t\t\t\t\t\t\t<\/div>\n\t\t\t\t<\/div>\n\t\t\t\t\t<\/div>\n\t\t\t\t<\/div>\n\t\t\t\t<\/div>","protected":false},"excerpt":{"rendered":"<p class=\"translation-block\"><span style=\"font-weight: 400\">El <\/span><b>Kit de bicicleta Tactical XIII<\/b><span style=\"font-weight: 400\">te permite transformar tu <\/span><a href=\"https:\/\/tactical-13.com\/es\/categoria-producto\/carros-de-trekking\/\" target=\"_self\"><b>Carro de senderismo modelo X-Trek<\/b><\/a><span style=\"font-weight: 400\">en un remolque de bicicleta ligero, pr\u00e1ctico y ultracompacto en cuesti\u00f3n de instantes. Ideal para itinerarios mixtos a pie y en bicicleta, te acompa\u00f1a en todas tus aventuras sin lastrar tu carga.<\/span><\/p>","protected":false},"featured_media":1111,"comment_status":"open","ping_status":"closed","template":"","meta":[],"product_brand":[],"product_cat":[31],"product_tag":[50,51,52,54,49,55,53],"class_list":{"0":"post-2030","1":"product","2":"type-product","3":"status-publish","4":"has-post-thumbnail","6":"product_cat-kits-additionnels","7":"product_tag-accessoire","8":"product_tag-accessoires","9":"product_tag-kit","10":"product_tag-kit-velo","11":"product_tag-option","12":"product_tag-options","13":"product_tag-velo","15":"first","16":"instock","17":"taxable","18":"shipping-taxable","19":"purchasable","20":"product-type-simple"},"yoast_head":"<!-- This site is optimized with the Yoast SEO plugin v27.3 - https:\/\/yoast.com\/product\/yoast-seo-wordpress\/ -->\n<title>Kit V\u00e9lo - TACTICAL XIII<\/title>\n<meta name=\"description\" content=\"Transformez votre chariot de randonn\u00e9e en remorque v\u00e9lo l\u00e9g\u00e8re et compacte gr\u00e2ce au Kit V\u00e9lo Tactical XIII. Parfait pour les exp\u00e9ditions \u00e0 pied et \u00e0 v\u00e9lo.\" \/>\n<meta name=\"robots\" content=\"index, follow, max-snippet:-1, max-image-preview:large, max-video-preview:-1\" \/>\n<link rel=\"canonical\" href=\"https:\/\/tactical-13.com\/es\/producto\/kit-de-velocidad\/\" \/>\n<meta property=\"og:locale\" content=\"es_ES\" \/>\n<meta property=\"og:type\" content=\"article\" \/>\n<meta property=\"og:title\" content=\"Kit V\u00e9lo - TACTICAL XIII\" \/>\n<meta property=\"og:description\" content=\"Transformez votre chariot de randonn\u00e9e en remorque v\u00e9lo l\u00e9g\u00e8re et compacte gr\u00e2ce au Kit V\u00e9lo Tactical XIII. Parfait pour les exp\u00e9ditions \u00e0 pied et \u00e0 v\u00e9lo.\" \/>\n<meta property=\"og:url\" content=\"https:\/\/tactical-13.com\/es\/producto\/kit-de-velocidad\/\" \/>\n<meta property=\"og:site_name\" content=\"TACTICAL XIII\" \/>\n<meta property=\"article:modified_time\" content=\"2025-11-07T01:01:48+00:00\" \/>\n<meta property=\"og:image\" content=\"http:\/\/tactical-13.com\/wp-content\/uploads\/2025\/05\/Kit-velo-chariot-randonnee-Tactical-13.jpg\" \/>\n\t<meta property=\"og:image:width\" content=\"1080\" \/>\n\t<meta property=\"og:image:height\" content=\"1080\" \/>\n\t<meta property=\"og:image:type\" content=\"image\/jpeg\" \/>\n<meta name=\"twitter:card\" content=\"summary_large_image\" \/>\n<meta name=\"twitter:label1\" content=\"Tiempo de lectura\" \/>\n\t<meta name=\"twitter:data1\" content=\"2 minutos\" \/>\n<script type=\"application\/ld+json\" class=\"yoast-schema-graph\">{\"@context\":\"https:\\\/\\\/schema.org\",\"@graph\":[{\"@type\":\"WebPage\",\"@id\":\"https:\\\/\\\/tactical-13.com\\\/produit\\\/kit-velo\\\/\",\"url\":\"https:\\\/\\\/tactical-13.com\\\/produit\\\/kit-velo\\\/\",\"name\":\"Kit V\u00e9lo - TACTICAL XIII\",\"isPartOf\":{\"@id\":\"https:\\\/\\\/tactical-13.com\\\/nb\\\/#website\"},\"primaryImageOfPage\":{\"@id\":\"https:\\\/\\\/tactical-13.com\\\/produit\\\/kit-velo\\\/#primaryimage\"},\"image\":{\"@id\":\"https:\\\/\\\/tactical-13.com\\\/produit\\\/kit-velo\\\/#primaryimage\"},\"thumbnailUrl\":\"https:\\\/\\\/tactical-13.com\\\/wp-content\\\/uploads\\\/2025\\\/05\\\/Kit-velo-chariot-randonnee-Tactical-13.jpg\",\"datePublished\":\"2025-05-31T13:20:04+00:00\",\"dateModified\":\"2025-11-07T01:01:48+00:00\",\"description\":\"Transformez votre chariot de randonn\u00e9e en remorque v\u00e9lo l\u00e9g\u00e8re et compacte gr\u00e2ce au Kit V\u00e9lo Tactical XIII. Parfait pour les exp\u00e9ditions \u00e0 pied et \u00e0 v\u00e9lo.\",\"breadcrumb\":{\"@id\":\"https:\\\/\\\/tactical-13.com\\\/produit\\\/kit-velo\\\/#breadcrumb\"},\"inLanguage\":\"es\",\"potentialAction\":[{\"@type\":\"ReadAction\",\"target\":[\"https:\\\/\\\/tactical-13.com\\\/produit\\\/kit-velo\\\/\"]}]},{\"@type\":\"ImageObject\",\"inLanguage\":\"es\",\"@id\":\"https:\\\/\\\/tactical-13.com\\\/produit\\\/kit-velo\\\/#primaryimage\",\"url\":\"https:\\\/\\\/tactical-13.com\\\/wp-content\\\/uploads\\\/2025\\\/05\\\/Kit-velo-chariot-randonnee-Tactical-13.jpg\",\"contentUrl\":\"https:\\\/\\\/tactical-13.com\\\/wp-content\\\/uploads\\\/2025\\\/05\\\/Kit-velo-chariot-randonnee-Tactical-13.jpg\",\"width\":1080,\"height\":1080},{\"@type\":\"BreadcrumbList\",\"@id\":\"https:\\\/\\\/tactical-13.com\\\/produit\\\/kit-velo\\\/#breadcrumb\",\"itemListElement\":[{\"@type\":\"ListItem\",\"position\":1,\"name\":\"Accueil\",\"item\":\"https:\\\/\\\/tactical-13.com\\\/\"},{\"@type\":\"ListItem\",\"position\":2,\"name\":\"Boutique\",\"item\":\"https:\\\/\\\/tactical-13.com\\\/de\\\/shop\\\/\"},{\"@type\":\"ListItem\",\"position\":3,\"name\":\"Kit V\u00e9lo\"}]},{\"@type\":\"WebSite\",\"@id\":\"https:\\\/\\\/tactical-13.com\\\/nb\\\/#website\",\"url\":\"https:\\\/\\\/tactical-13.com\\\/nb\\\/\",\"name\":\"TACTICAL XIII\",\"description\":\"Chariot de randonn\u00e9e\",\"publisher\":{\"@id\":\"https:\\\/\\\/tactical-13.com\\\/nb\\\/#organization\"},\"potentialAction\":[{\"@type\":\"SearchAction\",\"target\":{\"@type\":\"EntryPoint\",\"urlTemplate\":\"https:\\\/\\\/tactical-13.com\\\/nb\\\/?s={search_term_string}\"},\"query-input\":{\"@type\":\"PropertyValueSpecification\",\"valueRequired\":true,\"valueName\":\"search_term_string\"}}],\"inLanguage\":\"es\"},{\"@type\":\"Organization\",\"@id\":\"https:\\\/\\\/tactical-13.com\\\/nb\\\/#organization\",\"name\":\"TACTICAL XIII\",\"url\":\"https:\\\/\\\/tactical-13.com\\\/nb\\\/\",\"logo\":{\"@type\":\"ImageObject\",\"inLanguage\":\"es\",\"@id\":\"https:\\\/\\\/tactical-13.com\\\/nb\\\/#\\\/schema\\\/logo\\\/image\\\/\",\"url\":\"https:\\\/\\\/tactical-13.com\\\/wp-content\\\/uploads\\\/2025\\\/05\\\/Logo-Tactical-XIII-black.png\",\"contentUrl\":\"https:\\\/\\\/tactical-13.com\\\/wp-content\\\/uploads\\\/2025\\\/05\\\/Logo-Tactical-XIII-black.png\",\"width\":350,\"height\":237,\"caption\":\"TACTICAL XIII\"},\"image\":{\"@id\":\"https:\\\/\\\/tactical-13.com\\\/nb\\\/#\\\/schema\\\/logo\\\/image\\\/\"}}]}<\/script>\n<!-- \/ Yoast SEO plugin. -->","yoast_head_json":{"title":"Kit de bicicleta - TACTICAL XIII","description":"Convierte tu carro de trekking en un remolque de bicicleta ligero y compacto con el kit de bicicleta Tactical XIII. Perfecto para expediciones a pie o en bicicleta.","robots":{"index":"index","follow":"follow","max-snippet":"max-snippet:-1","max-image-preview":"max-image-preview:large","max-video-preview":"max-video-preview:-1"},"canonical":"https:\/\/tactical-13.com\/es\/producto\/kit-de-velocidad\/","og_locale":"es_ES","og_type":"article","og_title":"Kit V\u00e9lo - TACTICAL XIII","og_description":"Transformez votre chariot de randonn\u00e9e en remorque v\u00e9lo l\u00e9g\u00e8re et compacte gr\u00e2ce au Kit V\u00e9lo Tactical XIII. Parfait pour les exp\u00e9ditions \u00e0 pied et \u00e0 v\u00e9lo.","og_url":"https:\/\/tactical-13.com\/es\/producto\/kit-de-velocidad\/","og_site_name":"TACTICAL XIII","article_modified_time":"2025-11-07T01:01:48+00:00","og_image":[{"width":1080,"height":1080,"url":"http:\/\/tactical-13.com\/wp-content\/uploads\/2025\/05\/Kit-velo-chariot-randonnee-Tactical-13.jpg","type":"image\/jpeg"}],"twitter_card":"summary_large_image","twitter_misc":{"Tiempo de lectura":"2 minutos"},"schema":{"@context":"https:\/\/schema.org","@graph":[{"@type":"WebPage","@id":"https:\/\/tactical-13.com\/produit\/kit-velo\/","url":"https:\/\/tactical-13.com\/produit\/kit-velo\/","name":"Kit de bicicleta - TACTICAL XIII","isPartOf":{"@id":"https:\/\/tactical-13.com\/nb\/#website"},"primaryImageOfPage":{"@id":"https:\/\/tactical-13.com\/produit\/kit-velo\/#primaryimage"},"image":{"@id":"https:\/\/tactical-13.com\/produit\/kit-velo\/#primaryimage"},"thumbnailUrl":"https:\/\/tactical-13.com\/wp-content\/uploads\/2025\/05\/Kit-velo-chariot-randonnee-Tactical-13.jpg","datePublished":"2025-05-31T13:20:04+00:00","dateModified":"2025-11-07T01:01:48+00:00","description":"Convierte tu carro de trekking en un remolque de bicicleta ligero y compacto con el kit de bicicleta Tactical XIII. Perfecto para expediciones a pie o en bicicleta.","breadcrumb":{"@id":"https:\/\/tactical-13.com\/produit\/kit-velo\/#breadcrumb"},"inLanguage":"es","potentialAction":[{"@type":"ReadAction","target":["https:\/\/tactical-13.com\/produit\/kit-velo\/"]}]},{"@type":"ImageObject","inLanguage":"es","@id":"https:\/\/tactical-13.com\/produit\/kit-velo\/#primaryimage","url":"https:\/\/tactical-13.com\/wp-content\/uploads\/2025\/05\/Kit-velo-chariot-randonnee-Tactical-13.jpg","contentUrl":"https:\/\/tactical-13.com\/wp-content\/uploads\/2025\/05\/Kit-velo-chariot-randonnee-Tactical-13.jpg","width":1080,"height":1080},{"@type":"BreadcrumbList","@id":"https:\/\/tactical-13.com\/produit\/kit-velo\/#breadcrumb","itemListElement":[{"@type":"ListItem","position":1,"name":"Accueil","item":"https:\/\/tactical-13.com\/"},{"@type":"ListItem","position":2,"name":"Boutique","item":"https:\/\/tactical-13.com\/de\/shop\/"},{"@type":"ListItem","position":3,"name":"Kit V\u00e9lo"}]},{"@type":"WebSite","@id":"https:\/\/tactical-13.com\/nb\/#website","url":"https:\/\/tactical-13.com\/nb\/","name":"T\u00c1CTICA XIII","description":"Carro de senderismo","publisher":{"@id":"https:\/\/tactical-13.com\/nb\/#organization"},"potentialAction":[{"@type":"SearchAction","target":{"@type":"EntryPoint","urlTemplate":"https:\/\/tactical-13.com\/nb\/?s={search_term_string}"},"query-input":{"@type":"PropertyValueSpecification","valueRequired":true,"valueName":"search_term_string"}}],"inLanguage":"es"},{"@type":"Organization","@id":"https:\/\/tactical-13.com\/nb\/#organization","name":"T\u00c1CTICA XIII","url":"https:\/\/tactical-13.com\/nb\/","logo":{"@type":"ImageObject","inLanguage":"es","@id":"https:\/\/tactical-13.com\/nb\/#\/schema\/logo\/image\/","url":"https:\/\/tactical-13.com\/wp-content\/uploads\/2025\/05\/Logo-Tactical-XIII-black.png","contentUrl":"https:\/\/tactical-13.com\/wp-content\/uploads\/2025\/05\/Logo-Tactical-XIII-black.png","width":350,"height":237,"caption":"TACTICAL XIII"},"image":{"@id":"https:\/\/tactical-13.com\/nb\/#\/schema\/logo\/image\/"}}]}},"jetpack_sharing_enabled":true,"_links":{"self":[{"href":"https:\/\/tactical-13.com\/es\/wp-json\/wp\/v2\/product\/2030","targetHints":{"allow":["GET"]}}],"collection":[{"href":"https:\/\/tactical-13.com\/es\/wp-json\/wp\/v2\/product"}],"about":[{"href":"https:\/\/tactical-13.com\/es\/wp-json\/wp\/v2\/types\/product"}],"replies":[{"embeddable":true,"href":"https:\/\/tactical-13.com\/es\/wp-json\/wp\/v2\/comments?post=2030"}],"version-history":[{"count":1,"href":"https:\/\/tactical-13.com\/es\/wp-json\/wp\/v2\/product\/2030\/revisions"}],"predecessor-version":[{"id":6136,"href":"https:\/\/tactical-13.com\/es\/wp-json\/wp\/v2\/product\/2030\/revisions\/6136"}],"wp:featuredmedia":[{"embeddable":true,"href":"https:\/\/tactical-13.com\/es\/wp-json\/wp\/v2\/media\/1111"}],"wp:attachment":[{"href":"https:\/\/tactical-13.com\/es\/wp-json\/wp\/v2\/media?parent=2030"}],"wp:term":[{"taxonomy":"product_brand","embeddable":true,"href":"https:\/\/tactical-13.com\/es\/wp-json\/wp\/v2\/product_brand?post=2030"},{"taxonomy":"product_cat","embeddable":true,"href":"https:\/\/tactical-13.com\/es\/wp-json\/wp\/v2\/product_cat?post=2030"},{"taxonomy":"product_tag","embeddable":true,"href":"https:\/\/tactical-13.com\/es\/wp-json\/wp\/v2\/product_tag?post=2030"}],"curies":[{"name":"wp","href":"https:\/\/api.w.org\/{rel}","templated":true}]}}