{"id":2068,"date":"2025-05-31T16:32:16","date_gmt":"2025-05-31T14:32:16","guid":{"rendered":"https:\/\/tactical-13.com\/?post_type=product&#038;p=2068"},"modified":"2025-11-07T01:44:46","modified_gmt":"2025-11-07T00:44:46","slug":"trousse-de-depannage","status":"publish","type":"product","link":"https:\/\/tactical-13.com\/fr\/produit\/trousse-de-depannage\/","title":{"rendered":"Trousse de d\u00e9pannage"},"content":{"rendered":"\t\t<div data-elementor-type=\"product-post\" data-elementor-id=\"2068\" class=\"elementor elementor-2068\" data-elementor-settings=\"{&quot;ha_cmc_init_switcher&quot;:&quot;no&quot;}\" data-elementor-post-type=\"product\">\n\t\t\t\t<div class=\"elementor-element elementor-element-44652149 e-flex e-con-boxed e-con e-parent\" data-id=\"44652149\" data-element_type=\"container\" data-settings=\"{&quot;jet_parallax_layout_list&quot;:[],&quot;_ha_eqh_enable&quot;:false}\">\n\t\t\t\t\t<div class=\"e-con-inner\">\n\t\t\t\t<div class=\"elementor-element elementor-element-a38bc7d elementor-widget elementor-widget-heading\" data-id=\"a38bc7d\" data-element_type=\"widget\" data-widget_type=\"heading.default\">\n\t\t\t\t<div class=\"elementor-widget-container\">\n\t\t\t\t\t<h2 class=\"elementor-heading-title elementor-size-default\">L\u2019assurance d\u2019une r\u00e9paration autonome<\/h2>\t\t\t\t<\/div>\n\t\t\t\t<\/div>\n\t\t\t\t<div class=\"elementor-element elementor-element-1bb290c9 elementor-widget elementor-widget-text-editor\" data-id=\"1bb290c9\" data-element_type=\"widget\" data-widget_type=\"text-editor.default\">\n\t\t\t\t<div class=\"elementor-widget-container\">\n\t\t\t\t\t\t\t\t\t<p><span style=\"font-weight: 400;\">Lorsque l\u2019on part en exp\u00e9dition, chaque gramme compte, mais la fiabilit\u00e9 de son mat\u00e9riel est essentielle. C\u2019est pourquoi nous avons con\u00e7u une <\/span><b>trousse de d\u00e9pannage<\/b><span style=\"font-weight: 400;\"> l\u00e9g\u00e8re, pratique et pens\u00e9e pour l\u2019autonomie. <\/span><span style=\"font-weight: 400;\">Elle contient les pi\u00e8ces indispensables pour effectuer les r\u00e9parations de votre <\/span><b>chariot de randonn\u00e9e Model X-Trek<\/b><span style=\"font-weight: 400;\">, que ce soit en cas de <\/span><b>perte<\/b><span style=\"font-weight: 400;\">, de <\/span><b>casse<\/b><span style=\"font-weight: 400;\"> ou simplement d\u2019usure naturelle sur le terrain.<\/span><\/p><p><b>Adapt\u00e9e aux environnements extr\u00eames<\/b><span style=\"font-weight: 400;\">, cette trousse est particuli\u00e8rement recommand\u00e9e pour les itin\u00e9rances <\/span><b>longues<\/b><span style=\"font-weight: 400;\"> ou isol\u00e9es<\/span><b>. <\/b><span style=\"font-weight: 400;\">Elle permet de remplacer les \u00e9l\u00e9ments cl\u00e9s sans assistance ext\u00e9rieure, et prolonge la dur\u00e9e de vie de votre mat\u00e9riel. <\/span><span style=\"font-weight: 400;\">Chaque trousse est compatible avec les mod\u00e8les <\/span><a href=\"https:\/\/tactical-13.com\/produit\/model-x-trek-version-2-evolution\/\"><b>X-Trek V2 Evolution<\/b><\/a>\u00a0<span style=\"font-weight: 400;\">et <\/span><b><a href=\"https:\/\/tactical-13.com\/produit\/model-x-trek-version-3\/\">Version 3<\/a>,<\/b><span style=\"font-weight: 400;\">\u00a0et comprend des pi\u00e8ces standards facilement interchangeables sur le terrain.<\/span><\/p>\t\t\t\t\t\t\t\t<\/div>\n\t\t\t\t<\/div>\n\t\t\t\t\t<\/div>\n\t\t\t\t<\/div>\n\t\t\t\t<\/div>\n\t\t","protected":false},"excerpt":{"rendered":"<p><span style=\"font-weight: 400;\">La <\/span><b>trousse de d\u00e9pannage<\/b><span style=\"font-weight: 400;\"> Tactical XIII est l\u2019\u00e9l\u00e9ment indispensable pour toutes vos <\/span><b>randonn\u00e9es<\/b><span style=\"font-weight: 400;\"> en autonomie. Compacte et l\u00e9g\u00e8re, elle vous permet de faire face aux impr\u00e9vus techniques en r\u00e9parant facilement votre chariot <\/span><a href=\"https:\/\/tactical-13.com\/categorie-produit\/chariots-de-randonnee\/\"><b>Model X-Trek<\/b><\/a><span style=\"font-weight: 400;\">, m\u00eame en pleine nature.<\/span><\/p>\n<p><span style=\"font-weight: 400;\">Id\u00e9ale pour les longues itin\u00e9rances ou les zones recul\u00e9es, elle assure votre tranquillit\u00e9 d\u2019esprit \u00e0 chaque \u00e9tape du parcours.<\/span><\/p>\n","protected":false},"featured_media":1103,"comment_status":"open","ping_status":"closed","template":"","meta":[],"product_brand":[],"product_cat":[29],"product_tag":[62,61,64,63],"class_list":{"0":"post-2068","1":"product","2":"type-product","3":"status-publish","4":"has-post-thumbnail","6":"product_cat-options","7":"product_tag-depannage","8":"product_tag-trousse","9":"product_tag-trousse-de-depannage","10":"product_tag-trousse-depannage","12":"first","13":"instock","14":"taxable","15":"shipping-taxable","16":"purchasable","17":"product-type-simple"},"yoast_head":"<!-- This site is optimized with the Yoast SEO plugin v27.3 - https:\/\/yoast.com\/product\/yoast-seo-wordpress\/ -->\n<title>Trousse de d\u00e9pannage pour chariot de randonn\u00e9e | Tactical XIII<\/title>\n<meta name=\"description\" content=\"Assurez votre autonomie avec la trousse de d\u00e9pannage Tactical XIII. Compatible avec les Model X-Trek, elle contient le n\u00e9cessaire pour vos r\u00e9parations.\" \/>\n<meta name=\"robots\" content=\"index, follow, max-snippet:-1, max-image-preview:large, max-video-preview:-1\" \/>\n<link rel=\"canonical\" href=\"https:\/\/tactical-13.com\/fr\/produit\/trousse-de-depannage\/\" \/>\n<meta property=\"og:locale\" content=\"fr_FR\" \/>\n<meta property=\"og:type\" content=\"article\" \/>\n<meta property=\"og:title\" content=\"Trousse de d\u00e9pannage pour chariot de randonn\u00e9e | Tactical XIII\" \/>\n<meta property=\"og:description\" content=\"Assurez votre autonomie avec la trousse de d\u00e9pannage Tactical XIII. Compatible avec les Model X-Trek, elle contient le n\u00e9cessaire pour vos r\u00e9parations.\" \/>\n<meta property=\"og:url\" content=\"https:\/\/tactical-13.com\/fr\/produit\/trousse-de-depannage\/\" \/>\n<meta property=\"og:site_name\" content=\"TACTICAL XIII\" \/>\n<meta property=\"article:modified_time\" content=\"2025-11-07T00:44:46+00:00\" \/>\n<meta property=\"og:image\" content=\"http:\/\/tactical-13.com\/wp-content\/uploads\/2025\/05\/Trousse-de-depannage-Tactical-13.jpg\" \/>\n\t<meta property=\"og:image:width\" content=\"1080\" \/>\n\t<meta property=\"og:image:height\" content=\"1080\" \/>\n\t<meta property=\"og:image:type\" content=\"image\/jpeg\" \/>\n<meta name=\"twitter:card\" content=\"summary_large_image\" \/>\n<script type=\"application\/ld+json\" class=\"yoast-schema-graph\">{\"@context\":\"https:\\\/\\\/schema.org\",\"@graph\":[{\"@type\":\"WebPage\",\"@id\":\"https:\\\/\\\/tactical-13.com\\\/fr\\\/produit\\\/trousse-de-depannage\\\/\",\"url\":\"https:\\\/\\\/tactical-13.com\\\/fr\\\/produit\\\/trousse-de-depannage\\\/\",\"name\":\"Trousse de d\u00e9pannage pour chariot de randonn\u00e9e | Tactical XIII\",\"isPartOf\":{\"@id\":\"https:\\\/\\\/tactical-13.com\\\/nb\\\/#website\"},\"primaryImageOfPage\":{\"@id\":\"https:\\\/\\\/tactical-13.com\\\/fr\\\/produit\\\/trousse-de-depannage\\\/#primaryimage\"},\"image\":{\"@id\":\"https:\\\/\\\/tactical-13.com\\\/fr\\\/produit\\\/trousse-de-depannage\\\/#primaryimage\"},\"thumbnailUrl\":\"https:\\\/\\\/tactical-13.com\\\/wp-content\\\/uploads\\\/2025\\\/05\\\/Trousse-de-depannage-Tactical-13.jpg\",\"datePublished\":\"2025-05-31T14:32:16+00:00\",\"dateModified\":\"2025-11-07T00:44:46+00:00\",\"description\":\"Assurez votre autonomie avec la trousse de d\u00e9pannage Tactical XIII. Compatible avec les Model X-Trek, elle contient le n\u00e9cessaire pour vos r\u00e9parations.\",\"breadcrumb\":{\"@id\":\"https:\\\/\\\/tactical-13.com\\\/fr\\\/produit\\\/trousse-de-depannage\\\/#breadcrumb\"},\"inLanguage\":\"fr-FR\",\"potentialAction\":[{\"@type\":\"ReadAction\",\"target\":[\"https:\\\/\\\/tactical-13.com\\\/fr\\\/produit\\\/trousse-de-depannage\\\/\"]}]},{\"@type\":\"ImageObject\",\"inLanguage\":\"fr-FR\",\"@id\":\"https:\\\/\\\/tactical-13.com\\\/fr\\\/produit\\\/trousse-de-depannage\\\/#primaryimage\",\"url\":\"https:\\\/\\\/tactical-13.com\\\/wp-content\\\/uploads\\\/2025\\\/05\\\/Trousse-de-depannage-Tactical-13.jpg\",\"contentUrl\":\"https:\\\/\\\/tactical-13.com\\\/wp-content\\\/uploads\\\/2025\\\/05\\\/Trousse-de-depannage-Tactical-13.jpg\",\"width\":1080,\"height\":1080},{\"@type\":\"BreadcrumbList\",\"@id\":\"https:\\\/\\\/tactical-13.com\\\/fr\\\/produit\\\/trousse-de-depannage\\\/#breadcrumb\",\"itemListElement\":[{\"@type\":\"ListItem\",\"position\":1,\"name\":\"Accueil\",\"item\":\"https:\\\/\\\/tactical-13.com\\\/\"},{\"@type\":\"ListItem\",\"position\":2,\"name\":\"Boutique\",\"item\":\"https:\\\/\\\/tactical-13.com\\\/de\\\/shop\\\/\"},{\"@type\":\"ListItem\",\"position\":3,\"name\":\"Trousse de d\u00e9pannage\"}]},{\"@type\":\"WebSite\",\"@id\":\"https:\\\/\\\/tactical-13.com\\\/nb\\\/#website\",\"url\":\"https:\\\/\\\/tactical-13.com\\\/nb\\\/\",\"name\":\"TACTICAL XIII\",\"description\":\"Chariot de randonn\u00e9e\",\"publisher\":{\"@id\":\"https:\\\/\\\/tactical-13.com\\\/nb\\\/#organization\"},\"potentialAction\":[{\"@type\":\"SearchAction\",\"target\":{\"@type\":\"EntryPoint\",\"urlTemplate\":\"https:\\\/\\\/tactical-13.com\\\/nb\\\/?s={search_term_string}\"},\"query-input\":{\"@type\":\"PropertyValueSpecification\",\"valueRequired\":true,\"valueName\":\"search_term_string\"}}],\"inLanguage\":\"fr-FR\"},{\"@type\":\"Organization\",\"@id\":\"https:\\\/\\\/tactical-13.com\\\/nb\\\/#organization\",\"name\":\"TACTICAL XIII\",\"url\":\"https:\\\/\\\/tactical-13.com\\\/nb\\\/\",\"logo\":{\"@type\":\"ImageObject\",\"inLanguage\":\"fr-FR\",\"@id\":\"https:\\\/\\\/tactical-13.com\\\/nb\\\/#\\\/schema\\\/logo\\\/image\\\/\",\"url\":\"https:\\\/\\\/tactical-13.com\\\/wp-content\\\/uploads\\\/2025\\\/05\\\/Logo-Tactical-XIII-black.png\",\"contentUrl\":\"https:\\\/\\\/tactical-13.com\\\/wp-content\\\/uploads\\\/2025\\\/05\\\/Logo-Tactical-XIII-black.png\",\"width\":350,\"height\":237,\"caption\":\"TACTICAL XIII\"},\"image\":{\"@id\":\"https:\\\/\\\/tactical-13.com\\\/nb\\\/#\\\/schema\\\/logo\\\/image\\\/\"}}]}<\/script>\n<!-- \/ Yoast SEO plugin. -->","yoast_head_json":{"title":"Trousse de d\u00e9pannage pour chariot de randonn\u00e9e | Tactical XIII","description":"Assurez votre autonomie avec la trousse de d\u00e9pannage Tactical XIII. Compatible avec les Model X-Trek, elle contient le n\u00e9cessaire pour vos r\u00e9parations.","robots":{"index":"index","follow":"follow","max-snippet":"max-snippet:-1","max-image-preview":"max-image-preview:large","max-video-preview":"max-video-preview:-1"},"canonical":"https:\/\/tactical-13.com\/fr\/produit\/trousse-de-depannage\/","og_locale":"fr_FR","og_type":"article","og_title":"Trousse de d\u00e9pannage pour chariot de randonn\u00e9e | Tactical XIII","og_description":"Assurez votre autonomie avec la trousse de d\u00e9pannage Tactical XIII. Compatible avec les Model X-Trek, elle contient le n\u00e9cessaire pour vos r\u00e9parations.","og_url":"https:\/\/tactical-13.com\/fr\/produit\/trousse-de-depannage\/","og_site_name":"TACTICAL XIII","article_modified_time":"2025-11-07T00:44:46+00:00","og_image":[{"width":1080,"height":1080,"url":"http:\/\/tactical-13.com\/wp-content\/uploads\/2025\/05\/Trousse-de-depannage-Tactical-13.jpg","type":"image\/jpeg"}],"twitter_card":"summary_large_image","schema":{"@context":"https:\/\/schema.org","@graph":[{"@type":"WebPage","@id":"https:\/\/tactical-13.com\/fr\/produit\/trousse-de-depannage\/","url":"https:\/\/tactical-13.com\/fr\/produit\/trousse-de-depannage\/","name":"Trousse de d\u00e9pannage pour chariot de randonn\u00e9e | Tactical XIII","isPartOf":{"@id":"https:\/\/tactical-13.com\/nb\/#website"},"primaryImageOfPage":{"@id":"https:\/\/tactical-13.com\/fr\/produit\/trousse-de-depannage\/#primaryimage"},"image":{"@id":"https:\/\/tactical-13.com\/fr\/produit\/trousse-de-depannage\/#primaryimage"},"thumbnailUrl":"https:\/\/tactical-13.com\/wp-content\/uploads\/2025\/05\/Trousse-de-depannage-Tactical-13.jpg","datePublished":"2025-05-31T14:32:16+00:00","dateModified":"2025-11-07T00:44:46+00:00","description":"Assurez votre autonomie avec la trousse de d\u00e9pannage Tactical XIII. Compatible avec les Model X-Trek, elle contient le n\u00e9cessaire pour vos r\u00e9parations.","breadcrumb":{"@id":"https:\/\/tactical-13.com\/fr\/produit\/trousse-de-depannage\/#breadcrumb"},"inLanguage":"fr-FR","potentialAction":[{"@type":"ReadAction","target":["https:\/\/tactical-13.com\/fr\/produit\/trousse-de-depannage\/"]}]},{"@type":"ImageObject","inLanguage":"fr-FR","@id":"https:\/\/tactical-13.com\/fr\/produit\/trousse-de-depannage\/#primaryimage","url":"https:\/\/tactical-13.com\/wp-content\/uploads\/2025\/05\/Trousse-de-depannage-Tactical-13.jpg","contentUrl":"https:\/\/tactical-13.com\/wp-content\/uploads\/2025\/05\/Trousse-de-depannage-Tactical-13.jpg","width":1080,"height":1080},{"@type":"BreadcrumbList","@id":"https:\/\/tactical-13.com\/fr\/produit\/trousse-de-depannage\/#breadcrumb","itemListElement":[{"@type":"ListItem","position":1,"name":"Accueil","item":"https:\/\/tactical-13.com\/"},{"@type":"ListItem","position":2,"name":"Boutique","item":"https:\/\/tactical-13.com\/de\/shop\/"},{"@type":"ListItem","position":3,"name":"Trousse de d\u00e9pannage"}]},{"@type":"WebSite","@id":"https:\/\/tactical-13.com\/nb\/#website","url":"https:\/\/tactical-13.com\/nb\/","name":"TACTICAL XIII","description":"Chariot de randonn\u00e9e","publisher":{"@id":"https:\/\/tactical-13.com\/nb\/#organization"},"potentialAction":[{"@type":"SearchAction","target":{"@type":"EntryPoint","urlTemplate":"https:\/\/tactical-13.com\/nb\/?s={search_term_string}"},"query-input":{"@type":"PropertyValueSpecification","valueRequired":true,"valueName":"search_term_string"}}],"inLanguage":"fr-FR"},{"@type":"Organization","@id":"https:\/\/tactical-13.com\/nb\/#organization","name":"TACTICAL XIII","url":"https:\/\/tactical-13.com\/nb\/","logo":{"@type":"ImageObject","inLanguage":"fr-FR","@id":"https:\/\/tactical-13.com\/nb\/#\/schema\/logo\/image\/","url":"https:\/\/tactical-13.com\/wp-content\/uploads\/2025\/05\/Logo-Tactical-XIII-black.png","contentUrl":"https:\/\/tactical-13.com\/wp-content\/uploads\/2025\/05\/Logo-Tactical-XIII-black.png","width":350,"height":237,"caption":"TACTICAL XIII"},"image":{"@id":"https:\/\/tactical-13.com\/nb\/#\/schema\/logo\/image\/"}}]}},"jetpack_sharing_enabled":true,"_links":{"self":[{"href":"https:\/\/tactical-13.com\/fr\/wp-json\/wp\/v2\/product\/2068","targetHints":{"allow":["GET"]}}],"collection":[{"href":"https:\/\/tactical-13.com\/fr\/wp-json\/wp\/v2\/product"}],"about":[{"href":"https:\/\/tactical-13.com\/fr\/wp-json\/wp\/v2\/types\/product"}],"replies":[{"embeddable":true,"href":"https:\/\/tactical-13.com\/fr\/wp-json\/wp\/v2\/comments?post=2068"}],"version-history":[{"count":4,"href":"https:\/\/tactical-13.com\/fr\/wp-json\/wp\/v2\/product\/2068\/revisions"}],"predecessor-version":[{"id":6132,"href":"https:\/\/tactical-13.com\/fr\/wp-json\/wp\/v2\/product\/2068\/revisions\/6132"}],"wp:featuredmedia":[{"embeddable":true,"href":"https:\/\/tactical-13.com\/fr\/wp-json\/wp\/v2\/media\/1103"}],"wp:attachment":[{"href":"https:\/\/tactical-13.com\/fr\/wp-json\/wp\/v2\/media?parent=2068"}],"wp:term":[{"taxonomy":"product_brand","embeddable":true,"href":"https:\/\/tactical-13.com\/fr\/wp-json\/wp\/v2\/product_brand?post=2068"},{"taxonomy":"product_cat","embeddable":true,"href":"https:\/\/tactical-13.com\/fr\/wp-json\/wp\/v2\/product_cat?post=2068"},{"taxonomy":"product_tag","embeddable":true,"href":"https:\/\/tactical-13.com\/fr\/wp-json\/wp\/v2\/product_tag?post=2068"}],"curies":[{"name":"wp","href":"https:\/\/api.w.org\/{rel}","templated":true}]}}