{"id":2003,"date":"2025-05-31T11:58:57","date_gmt":"2025-05-31T09:58:57","guid":{"rendered":"https:\/\/tactical-13.com\/?post_type=product&#038;p=2003"},"modified":"2025-11-07T01:57:24","modified_gmt":"2025-11-07T00:57:24","slug":"cintura-larga-da-escursionismo","status":"publish","type":"product","link":"https:\/\/tactical-13.com\/it\/prodotto\/cintura-larga-da-escursionismo\/","title":{"rendered":"Ampia cintura da trekking"},"content":{"rendered":"<div data-elementor-type=\"product-post\" data-elementor-id=\"2003\" class=\"elementor elementor-2003\" data-elementor-settings=\"{&quot;ha_cmc_init_switcher&quot;:&quot;no&quot;}\" data-elementor-post-type=\"product\">\n\t\t\t\t<div class=\"elementor-element elementor-element-44652149 e-flex e-con-boxed e-con e-parent\" data-id=\"44652149\" data-element_type=\"container\" data-settings=\"{&quot;jet_parallax_layout_list&quot;:[],&quot;_ha_eqh_enable&quot;:false}\">\n\t\t\t\t\t<div class=\"e-con-inner\">\n\t\t\t\t<div class=\"elementor-element elementor-element-a38bc7d elementor-widget elementor-widget-heading\" data-id=\"a38bc7d\" data-element_type=\"widget\" data-widget_type=\"heading.default\">\n\t\t\t\t<div class=\"elementor-widget-container\">\n\t\t\t\t\t<h2 class=\"elementor-heading-title elementor-size-default\">Una cintura da escursionismo progettata per il turismo<\/h2>\t\t\t\t<\/div>\n\t\t\t\t<\/div>\n\t\t\t\t<div class=\"elementor-element elementor-element-1bb290c9 elementor-widget elementor-widget-text-editor\" data-id=\"1bb290c9\" data-element_type=\"widget\" data-widget_type=\"text-editor.default\">\n\t\t\t\t<div class=\"elementor-widget-container\">\n\t\t\t\t\t\t\t\t\t<p class=\"translation-block\"><span style=\"font-weight: 400\">Ottimizzate il vostro comfort e la vostra libert\u00e0 di movimento con la cintura larga da trekking <\/span><b>Tactical XIII<\/b><span style=\"font-weight: 400\">. Progettata per accompagnare le <strong>lunghe passeggiate<\/strong> e i <strong>terreni<\/strong> pi\u00f9 impegnativi, distribuisce efficacemente il carico per alleggerire la schiena e le spalle.<\/span><\/p><p><span style=\"font-weight: 400;\">Ideale per il traino di un <\/span><b>carrello escursionistico <\/b><span style=\"font-weight: 400;\">come il nostro <\/span><a href=\"https:\/\/tactical-13.com\/it\/categoria-prodotto\/carrelli-da-trekking\/\"><b>Modello X-Trek<\/b><\/a><span style=\"font-weight: 400;\">Pu\u00f2 essere utilizzato anche con un <\/span><b>kit vivavoce<\/b><span style=\"font-weight: 400;\"> per una guida pi\u00f9 fluida, anche sulle lunghe distanze. Grazie alla sua struttura ampia, ai materiali traspiranti e alle regolazioni precise, si adatta a tutte le forme del corpo.<\/span><\/p><p class=\"translation-block\"><b>Comfort, sostegno e libert\u00e0<\/b><span style=\"font-weight: 400\"> si uniscono in questo <\/span><b>robusto<\/b><span style=\"font-weight: 400\"> e <\/span><b>durevole<\/b><span style=\"font-weight: 400\">, pensata per <\/span><b>randonneur<\/b><span style=\"font-weight: 400\">, <\/span><b>avventurieri<\/b><span style=\"font-weight: 400\"> e appassionati di <\/span><b>roaming indipendente.<\/b><\/p><p class=\"p1 translation-block\">Per scegliere correttamente la vostra <strong>cintura da trekking<\/strong>, misurate la vostra <strong>circonferenza<\/strong> <strong>dei fianchi<\/strong> e scegliete la taglia successiva. Ad esempio, per una circonferenza dei fianchi di 113 cm, scegliere la taglia L (120 cm).<\/p>\t\t\t\t\t\t\t\t<\/div>\n\t\t\t\t<\/div>\n\t\t\t\t\t<\/div>\n\t\t\t\t<\/div>\n\t\t\t\t<\/div>","protected":false},"excerpt":{"rendered":"<p class=\"translation-block\"><span style=\"font-weight: 400\">Alla <\/span><b>Tactical XIII<\/b><span style=\"font-weight: 400\">, ogni dettaglio conta per migliorare il vostro <\/span><b>comfort<\/b> <b>in<\/b> <b>escursionismo<\/b><span style=\"font-weight: 400\">. La nostra <\/span><b>cintura da escursionista<\/b><span style=\"font-weight: 400\"> larga \u00e8 stata progettata per offrire un supporto ottimale e garantire una trazione fluida e confortevole del vostro <\/span><b>Modello X-Trek<\/b><span style=\"font-weight: 400\"> carrello. <\/span>.<\/p>\n<p class=\"translation-block\"><span style=\"font-weight: 400\">Si adatta perfettamente al kit vivavoce per camminare in completa <\/span><b>libert\u00e0<\/b><span style=\"font-weight: 400\">, sia che si tratti di arrampicata, di terreno pianeggiante o di un portage parziale.<\/span><\/p>","protected":false},"featured_media":3411,"comment_status":"open","ping_status":"closed","template":"","meta":[],"product_brand":[],"product_cat":[29],"product_tag":[50,51,47,48,49],"class_list":{"0":"post-2003","1":"product","2":"type-product","3":"status-publish","4":"has-post-thumbnail","6":"product_cat-options","7":"product_tag-accessoire","8":"product_tag-accessoires","9":"product_tag-ceinture","10":"product_tag-ceinture-large","11":"product_tag-option","13":"first","14":"instock","15":"taxable","16":"shipping-taxable","17":"purchasable","18":"product-type-variable","19":"has-default-attributes"},"yoast_head":"<!-- This site is optimized with the Yoast SEO plugin v27.3 - https:\/\/yoast.com\/product\/yoast-seo-wordpress\/ -->\n<title>Ceinture de randonn\u00e9e large - Tactical XIII<\/title>\n<meta name=\"description\" content=\"Ceinture de randonn\u00e9e large Tactical XIII. Maintien optimal, confort durable, ajustable et id\u00e9ale pour tracter un chariot de randonn\u00e9e Model X-Trek.\" \/>\n<meta name=\"robots\" content=\"index, follow, max-snippet:-1, max-image-preview:large, max-video-preview:-1\" \/>\n<link rel=\"canonical\" href=\"https:\/\/tactical-13.com\/it\/prodotto\/cintura-larga-da-escursionismo\/\" \/>\n<meta property=\"og:locale\" content=\"it_IT\" \/>\n<meta property=\"og:type\" content=\"article\" \/>\n<meta property=\"og:title\" content=\"Ceinture de randonn\u00e9e large - Tactical XIII\" \/>\n<meta property=\"og:description\" content=\"Ceinture de randonn\u00e9e large Tactical XIII. Maintien optimal, confort durable, ajustable et id\u00e9ale pour tracter un chariot de randonn\u00e9e Model X-Trek.\" \/>\n<meta property=\"og:url\" content=\"https:\/\/tactical-13.com\/it\/prodotto\/cintura-larga-da-escursionismo\/\" \/>\n<meta property=\"og:site_name\" content=\"TACTICAL XIII\" \/>\n<meta property=\"article:modified_time\" content=\"2025-11-07T00:57:24+00:00\" \/>\n<meta property=\"og:image\" content=\"http:\/\/tactical-13.com\/wp-content\/uploads\/2025\/05\/Ceinture-de-randonnee-Tactical-13-1.jpg\" \/>\n\t<meta property=\"og:image:width\" content=\"1200\" \/>\n\t<meta property=\"og:image:height\" content=\"1200\" \/>\n\t<meta property=\"og:image:type\" content=\"image\/jpeg\" \/>\n<meta name=\"twitter:card\" content=\"summary_large_image\" \/>\n<meta name=\"twitter:label1\" content=\"Tempo di lettura stimato\" \/>\n\t<meta name=\"twitter:data1\" content=\"1 minuto\" \/>\n<script type=\"application\/ld+json\" class=\"yoast-schema-graph\">{\"@context\":\"https:\\\/\\\/schema.org\",\"@graph\":[{\"@type\":\"WebPage\",\"@id\":\"https:\\\/\\\/tactical-13.com\\\/produit\\\/ceinture-large-de-randonnee\\\/\",\"url\":\"https:\\\/\\\/tactical-13.com\\\/produit\\\/ceinture-large-de-randonnee\\\/\",\"name\":\"Ceinture de randonn\u00e9e large - Tactical XIII\",\"isPartOf\":{\"@id\":\"https:\\\/\\\/tactical-13.com\\\/nb\\\/#website\"},\"primaryImageOfPage\":{\"@id\":\"https:\\\/\\\/tactical-13.com\\\/produit\\\/ceinture-large-de-randonnee\\\/#primaryimage\"},\"image\":{\"@id\":\"https:\\\/\\\/tactical-13.com\\\/produit\\\/ceinture-large-de-randonnee\\\/#primaryimage\"},\"thumbnailUrl\":\"https:\\\/\\\/tactical-13.com\\\/wp-content\\\/uploads\\\/2025\\\/05\\\/Ceinture-de-randonnee-Tactical-13-1.jpg\",\"datePublished\":\"2025-05-31T09:58:57+00:00\",\"dateModified\":\"2025-11-07T00:57:24+00:00\",\"description\":\"Ceinture de randonn\u00e9e large Tactical XIII. Maintien optimal, confort durable, ajustable et id\u00e9ale pour tracter un chariot de randonn\u00e9e Model X-Trek.\",\"breadcrumb\":{\"@id\":\"https:\\\/\\\/tactical-13.com\\\/produit\\\/ceinture-large-de-randonnee\\\/#breadcrumb\"},\"inLanguage\":\"it-IT\",\"potentialAction\":[{\"@type\":\"ReadAction\",\"target\":[\"https:\\\/\\\/tactical-13.com\\\/produit\\\/ceinture-large-de-randonnee\\\/\"]}]},{\"@type\":\"ImageObject\",\"inLanguage\":\"it-IT\",\"@id\":\"https:\\\/\\\/tactical-13.com\\\/produit\\\/ceinture-large-de-randonnee\\\/#primaryimage\",\"url\":\"https:\\\/\\\/tactical-13.com\\\/wp-content\\\/uploads\\\/2025\\\/05\\\/Ceinture-de-randonnee-Tactical-13-1.jpg\",\"contentUrl\":\"https:\\\/\\\/tactical-13.com\\\/wp-content\\\/uploads\\\/2025\\\/05\\\/Ceinture-de-randonnee-Tactical-13-1.jpg\",\"width\":1200,\"height\":1200},{\"@type\":\"BreadcrumbList\",\"@id\":\"https:\\\/\\\/tactical-13.com\\\/produit\\\/ceinture-large-de-randonnee\\\/#breadcrumb\",\"itemListElement\":[{\"@type\":\"ListItem\",\"position\":1,\"name\":\"Accueil\",\"item\":\"https:\\\/\\\/tactical-13.com\\\/\"},{\"@type\":\"ListItem\",\"position\":2,\"name\":\"Boutique\",\"item\":\"https:\\\/\\\/tactical-13.com\\\/de\\\/shop\\\/\"},{\"@type\":\"ListItem\",\"position\":3,\"name\":\"Ceinture de randonn\u00e9e large\"}]},{\"@type\":\"WebSite\",\"@id\":\"https:\\\/\\\/tactical-13.com\\\/nb\\\/#website\",\"url\":\"https:\\\/\\\/tactical-13.com\\\/nb\\\/\",\"name\":\"TACTICAL XIII\",\"description\":\"Chariot de randonn\u00e9e\",\"publisher\":{\"@id\":\"https:\\\/\\\/tactical-13.com\\\/nb\\\/#organization\"},\"potentialAction\":[{\"@type\":\"SearchAction\",\"target\":{\"@type\":\"EntryPoint\",\"urlTemplate\":\"https:\\\/\\\/tactical-13.com\\\/nb\\\/?s={search_term_string}\"},\"query-input\":{\"@type\":\"PropertyValueSpecification\",\"valueRequired\":true,\"valueName\":\"search_term_string\"}}],\"inLanguage\":\"it-IT\"},{\"@type\":\"Organization\",\"@id\":\"https:\\\/\\\/tactical-13.com\\\/nb\\\/#organization\",\"name\":\"TACTICAL XIII\",\"url\":\"https:\\\/\\\/tactical-13.com\\\/nb\\\/\",\"logo\":{\"@type\":\"ImageObject\",\"inLanguage\":\"it-IT\",\"@id\":\"https:\\\/\\\/tactical-13.com\\\/nb\\\/#\\\/schema\\\/logo\\\/image\\\/\",\"url\":\"https:\\\/\\\/tactical-13.com\\\/wp-content\\\/uploads\\\/2025\\\/05\\\/Logo-Tactical-XIII-black.png\",\"contentUrl\":\"https:\\\/\\\/tactical-13.com\\\/wp-content\\\/uploads\\\/2025\\\/05\\\/Logo-Tactical-XIII-black.png\",\"width\":350,\"height\":237,\"caption\":\"TACTICAL XIII\"},\"image\":{\"@id\":\"https:\\\/\\\/tactical-13.com\\\/nb\\\/#\\\/schema\\\/logo\\\/image\\\/\"}}]}<\/script>\n<!-- \/ Yoast SEO plugin. -->","yoast_head_json":{"title":"Cintura larga da escursionismo - Tactical XIII","description":"Cintura tattica XIII da trekking larga. Sostegno ottimale, comfort duraturo, regolabile e ideale per il traino del carrello da trekking Model X-Trek.","robots":{"index":"index","follow":"follow","max-snippet":"max-snippet:-1","max-image-preview":"max-image-preview:large","max-video-preview":"max-video-preview:-1"},"canonical":"https:\/\/tactical-13.com\/it\/prodotto\/cintura-larga-da-escursionismo\/","og_locale":"it_IT","og_type":"article","og_title":"Ceinture de randonn\u00e9e large - Tactical XIII","og_description":"Ceinture de randonn\u00e9e large Tactical XIII. Maintien optimal, confort durable, ajustable et id\u00e9ale pour tracter un chariot de randonn\u00e9e Model X-Trek.","og_url":"https:\/\/tactical-13.com\/it\/prodotto\/cintura-larga-da-escursionismo\/","og_site_name":"TACTICAL XIII","article_modified_time":"2025-11-07T00:57:24+00:00","og_image":[{"width":1200,"height":1200,"url":"http:\/\/tactical-13.com\/wp-content\/uploads\/2025\/05\/Ceinture-de-randonnee-Tactical-13-1.jpg","type":"image\/jpeg"}],"twitter_card":"summary_large_image","twitter_misc":{"Tempo di lettura stimato":"1 minuto"},"schema":{"@context":"https:\/\/schema.org","@graph":[{"@type":"WebPage","@id":"https:\/\/tactical-13.com\/produit\/ceinture-large-de-randonnee\/","url":"https:\/\/tactical-13.com\/produit\/ceinture-large-de-randonnee\/","name":"Cintura larga da escursionismo - Tactical XIII","isPartOf":{"@id":"https:\/\/tactical-13.com\/nb\/#website"},"primaryImageOfPage":{"@id":"https:\/\/tactical-13.com\/produit\/ceinture-large-de-randonnee\/#primaryimage"},"image":{"@id":"https:\/\/tactical-13.com\/produit\/ceinture-large-de-randonnee\/#primaryimage"},"thumbnailUrl":"https:\/\/tactical-13.com\/wp-content\/uploads\/2025\/05\/Ceinture-de-randonnee-Tactical-13-1.jpg","datePublished":"2025-05-31T09:58:57+00:00","dateModified":"2025-11-07T00:57:24+00:00","description":"Cintura tattica XIII da trekking larga. Sostegno ottimale, comfort duraturo, regolabile e ideale per il traino del carrello da trekking Model X-Trek.","breadcrumb":{"@id":"https:\/\/tactical-13.com\/produit\/ceinture-large-de-randonnee\/#breadcrumb"},"inLanguage":"it-IT","potentialAction":[{"@type":"ReadAction","target":["https:\/\/tactical-13.com\/produit\/ceinture-large-de-randonnee\/"]}]},{"@type":"ImageObject","inLanguage":"it-IT","@id":"https:\/\/tactical-13.com\/produit\/ceinture-large-de-randonnee\/#primaryimage","url":"https:\/\/tactical-13.com\/wp-content\/uploads\/2025\/05\/Ceinture-de-randonnee-Tactical-13-1.jpg","contentUrl":"https:\/\/tactical-13.com\/wp-content\/uploads\/2025\/05\/Ceinture-de-randonnee-Tactical-13-1.jpg","width":1200,"height":1200},{"@type":"BreadcrumbList","@id":"https:\/\/tactical-13.com\/produit\/ceinture-large-de-randonnee\/#breadcrumb","itemListElement":[{"@type":"ListItem","position":1,"name":"Accueil","item":"https:\/\/tactical-13.com\/"},{"@type":"ListItem","position":2,"name":"Boutique","item":"https:\/\/tactical-13.com\/de\/shop\/"},{"@type":"ListItem","position":3,"name":"Ceinture de randonn\u00e9e large"}]},{"@type":"WebSite","@id":"https:\/\/tactical-13.com\/nb\/#website","url":"https:\/\/tactical-13.com\/nb\/","name":"TATTICO XIII","description":"Carrello escursionistico","publisher":{"@id":"https:\/\/tactical-13.com\/nb\/#organization"},"potentialAction":[{"@type":"SearchAction","target":{"@type":"EntryPoint","urlTemplate":"https:\/\/tactical-13.com\/nb\/?s={search_term_string}"},"query-input":{"@type":"PropertyValueSpecification","valueRequired":true,"valueName":"search_term_string"}}],"inLanguage":"it-IT"},{"@type":"Organization","@id":"https:\/\/tactical-13.com\/nb\/#organization","name":"TATTICO XIII","url":"https:\/\/tactical-13.com\/nb\/","logo":{"@type":"ImageObject","inLanguage":"it-IT","@id":"https:\/\/tactical-13.com\/nb\/#\/schema\/logo\/image\/","url":"https:\/\/tactical-13.com\/wp-content\/uploads\/2025\/05\/Logo-Tactical-XIII-black.png","contentUrl":"https:\/\/tactical-13.com\/wp-content\/uploads\/2025\/05\/Logo-Tactical-XIII-black.png","width":350,"height":237,"caption":"TACTICAL XIII"},"image":{"@id":"https:\/\/tactical-13.com\/nb\/#\/schema\/logo\/image\/"}}]}},"jetpack_sharing_enabled":true,"_links":{"self":[{"href":"https:\/\/tactical-13.com\/it\/wp-json\/wp\/v2\/product\/2003","targetHints":{"allow":["GET"]}}],"collection":[{"href":"https:\/\/tactical-13.com\/it\/wp-json\/wp\/v2\/product"}],"about":[{"href":"https:\/\/tactical-13.com\/it\/wp-json\/wp\/v2\/types\/product"}],"replies":[{"embeddable":true,"href":"https:\/\/tactical-13.com\/it\/wp-json\/wp\/v2\/comments?post=2003"}],"version-history":[{"count":2,"href":"https:\/\/tactical-13.com\/it\/wp-json\/wp\/v2\/product\/2003\/revisions"}],"predecessor-version":[{"id":6133,"href":"https:\/\/tactical-13.com\/it\/wp-json\/wp\/v2\/product\/2003\/revisions\/6133"}],"wp:featuredmedia":[{"embeddable":true,"href":"https:\/\/tactical-13.com\/it\/wp-json\/wp\/v2\/media\/3411"}],"wp:attachment":[{"href":"https:\/\/tactical-13.com\/it\/wp-json\/wp\/v2\/media?parent=2003"}],"wp:term":[{"taxonomy":"product_brand","embeddable":true,"href":"https:\/\/tactical-13.com\/it\/wp-json\/wp\/v2\/product_brand?post=2003"},{"taxonomy":"product_cat","embeddable":true,"href":"https:\/\/tactical-13.com\/it\/wp-json\/wp\/v2\/product_cat?post=2003"},{"taxonomy":"product_tag","embeddable":true,"href":"https:\/\/tactical-13.com\/it\/wp-json\/wp\/v2\/product_tag?post=2003"}],"curies":[{"name":"wp","href":"https:\/\/api.w.org\/{rel}","templated":true}]}}