{"id":2030,"date":"2025-05-31T15:20:04","date_gmt":"2025-05-31T13:20:04","guid":{"rendered":"https:\/\/tactical-13.com\/?post_type=product&#038;p=2030"},"modified":"2025-11-07T02:01:48","modified_gmt":"2025-11-07T01:01:48","slug":"kit-velo","status":"publish","type":"product","link":"https:\/\/tactical-13.com\/it\/prodotto\/kit-velo\/","title":{"rendered":"Kit bici"},"content":{"rendered":"<div data-elementor-type=\"product-post\" data-elementor-id=\"2030\" class=\"elementor elementor-2030\" data-elementor-settings=\"{&quot;ha_cmc_init_switcher&quot;:&quot;no&quot;}\" data-elementor-post-type=\"product\">\n\t\t\t\t<div class=\"elementor-element elementor-element-44652149 e-flex e-con-boxed e-con e-parent\" data-id=\"44652149\" data-element_type=\"container\" data-settings=\"{&quot;jet_parallax_layout_list&quot;:[],&quot;_ha_eqh_enable&quot;:false}\">\n\t\t\t\t\t<div class=\"e-con-inner\">\n\t\t\t\t<div class=\"elementor-element elementor-element-a38bc7d elementor-widget elementor-widget-heading\" data-id=\"a38bc7d\" data-element_type=\"widget\" data-widget_type=\"heading.default\">\n\t\t\t\t<div class=\"elementor-widget-container\">\n\t\t\t\t\t<h2 class=\"elementor-heading-title elementor-size-default\">Ideale per convertire il carrello da turismo in un rimorchio per biciclette per un uso occasionale.<\/h2>\t\t\t\t<\/div>\n\t\t\t\t<\/div>\n\t\t\t\t<div class=\"elementor-element elementor-element-1bb290c9 elementor-widget elementor-widget-text-editor\" data-id=\"1bb290c9\" data-element_type=\"widget\" data-widget_type=\"text-editor.default\">\n\t\t\t\t<div class=\"elementor-widget-container\">\n\t\t\t\t\t\t\t\t\t<p>Le <strong>Kit bici<\/strong> permette <strong>convertire<\/strong> facilmente il tuo <strong>carrello escursionistico<\/strong> per l'utilizzo in <strong>cicloturismo<\/strong> <strong>occasionale<\/strong>. Questo sistema \u00e8 stato progettato per gli utenti che hanno bisogno di trainare occasionalmente la propria attrezzatura dietro una bicicletta, pur mantenendo la manovrabilit\u00e0 e la modularit\u00e0 di quest'ultima. <a href=\"https:\/\/tactical-13.com\/it\/categoria-prodotto\/carrelli-da-trekking\/\"><strong>il loro carrello da trekking.<\/strong><\/a><\/p><p class=\"translation-block\">Progettato con gli stessi requisiti dei nostri <strong>trolley<\/strong>, leggerezza, robustezza e facilit\u00e0 d'uso, il <strong>kit<\/strong> pu\u00f2 essere installato senza attrezzi e il passaggio dalla modalit\u00e0 pedonale a quella ciclistica richiede solo pochi secondi. Una volta posizionato, l'intero <strong>kit<\/strong> pu\u00f2 essere riposto nello zaino per ridurre al minimo l'ingombro, senza appesantire significativamente l'attrezzatura.<\/p><p class=\"translation-block\">Attenzione: questo kit non \u00e8 destinato a sostituire un rimorchio da bici dedicato per viaggi esclusivamente in bicicletta. Si tratta di una <strong>soluzione ibrida<\/strong> pensata per chi combina escursioni a piedi e piccoli tratti in bicicletta nello stesso itinerario.<\/p><p class=\"translation-block\">Il <strong>Bike Kit<\/strong> \u00e8 compatibile con le versioni <a href=\"https:\/\/tactical-13.com\/it\/prodotto\/modello-x-trek-versione-2-evolution\/\" target=\"_self\">Modello X-Trek V2 Evolution<\/a> e <a href=\"https:\/\/tactical-13.com\/it\/prodotto\/modello-x-trek-versione-3\/\" target=\"_self\">Versione 3<\/a>, e si adatta perfettamente all'asse del <strong>carrello<\/strong> senza alterarne la stabilit\u00e0.<\/p><p class=\"translation-block\">Disponibile da <strong>ora<\/strong> - consegna a domicilio<strong> entro 3-5 giorni<\/strong>.<\/p>\t\t\t\t\t\t\t\t<\/div>\n\t\t\t\t<\/div>\n\t\t\t\t\t<\/div>\n\t\t\t\t<\/div>\n\t\t\t\t<\/div>","protected":false},"excerpt":{"rendered":"<p class=\"translation-block\"><span style=\"font-weight: 400\">Il <\/span><b>Tactical XIII Bike Kit<\/b><span style=\"font-weight: 400\"> vi permette di trasformare in pochi istanti il vostro <\/span><a href=\"https:\/\/tactical-13.com\/it\/categoria-prodotto\/carrelli-da-trekking\/\" target=\"_self\"><b>carrello da trekking modello X-Trek<\/b><\/a><span style=\"font-weight: 400\">in un rimorchio per bicicletta leggero, pratico e ultracompatto. Ideale per itinerari misti a piedi e in bicicletta, vi accompagna in tutte le vostre avventure senza appesantire il vostro carico.<\/span><\/p>","protected":false},"featured_media":1111,"comment_status":"open","ping_status":"closed","template":"","meta":[],"product_brand":[],"product_cat":[31],"product_tag":[50,51,52,54,49,55,53],"class_list":{"0":"post-2030","1":"product","2":"type-product","3":"status-publish","4":"has-post-thumbnail","6":"product_cat-kits-additionnels","7":"product_tag-accessoire","8":"product_tag-accessoires","9":"product_tag-kit","10":"product_tag-kit-velo","11":"product_tag-option","12":"product_tag-options","13":"product_tag-velo","15":"first","16":"instock","17":"taxable","18":"shipping-taxable","19":"purchasable","20":"product-type-simple"},"yoast_head":"<!-- This site is optimized with the Yoast SEO plugin v27.3 - https:\/\/yoast.com\/product\/yoast-seo-wordpress\/ -->\n<title>Kit V\u00e9lo - TACTICAL XIII<\/title>\n<meta name=\"description\" content=\"Transformez votre chariot de randonn\u00e9e en remorque v\u00e9lo l\u00e9g\u00e8re et compacte gr\u00e2ce au Kit V\u00e9lo Tactical XIII. Parfait pour les exp\u00e9ditions \u00e0 pied et \u00e0 v\u00e9lo.\" \/>\n<meta name=\"robots\" content=\"index, follow, max-snippet:-1, max-image-preview:large, max-video-preview:-1\" \/>\n<link rel=\"canonical\" href=\"https:\/\/tactical-13.com\/it\/prodotto\/kit-velo\/\" \/>\n<meta property=\"og:locale\" content=\"it_IT\" \/>\n<meta property=\"og:type\" content=\"article\" \/>\n<meta property=\"og:title\" content=\"Kit V\u00e9lo - TACTICAL XIII\" \/>\n<meta property=\"og:description\" content=\"Transformez votre chariot de randonn\u00e9e en remorque v\u00e9lo l\u00e9g\u00e8re et compacte gr\u00e2ce au Kit V\u00e9lo Tactical XIII. Parfait pour les exp\u00e9ditions \u00e0 pied et \u00e0 v\u00e9lo.\" \/>\n<meta property=\"og:url\" content=\"https:\/\/tactical-13.com\/it\/prodotto\/kit-velo\/\" \/>\n<meta property=\"og:site_name\" content=\"TACTICAL XIII\" \/>\n<meta property=\"article:modified_time\" content=\"2025-11-07T01:01:48+00:00\" \/>\n<meta property=\"og:image\" content=\"http:\/\/tactical-13.com\/wp-content\/uploads\/2025\/05\/Kit-velo-chariot-randonnee-Tactical-13.jpg\" \/>\n\t<meta property=\"og:image:width\" content=\"1080\" \/>\n\t<meta property=\"og:image:height\" content=\"1080\" \/>\n\t<meta property=\"og:image:type\" content=\"image\/jpeg\" \/>\n<meta name=\"twitter:card\" content=\"summary_large_image\" \/>\n<meta name=\"twitter:label1\" content=\"Tempo di lettura stimato\" \/>\n\t<meta name=\"twitter:data1\" content=\"2 minuti\" \/>\n<script type=\"application\/ld+json\" class=\"yoast-schema-graph\">{\"@context\":\"https:\\\/\\\/schema.org\",\"@graph\":[{\"@type\":\"WebPage\",\"@id\":\"https:\\\/\\\/tactical-13.com\\\/produit\\\/kit-velo\\\/\",\"url\":\"https:\\\/\\\/tactical-13.com\\\/produit\\\/kit-velo\\\/\",\"name\":\"Kit V\u00e9lo - TACTICAL XIII\",\"isPartOf\":{\"@id\":\"https:\\\/\\\/tactical-13.com\\\/nb\\\/#website\"},\"primaryImageOfPage\":{\"@id\":\"https:\\\/\\\/tactical-13.com\\\/produit\\\/kit-velo\\\/#primaryimage\"},\"image\":{\"@id\":\"https:\\\/\\\/tactical-13.com\\\/produit\\\/kit-velo\\\/#primaryimage\"},\"thumbnailUrl\":\"https:\\\/\\\/tactical-13.com\\\/wp-content\\\/uploads\\\/2025\\\/05\\\/Kit-velo-chariot-randonnee-Tactical-13.jpg\",\"datePublished\":\"2025-05-31T13:20:04+00:00\",\"dateModified\":\"2025-11-07T01:01:48+00:00\",\"description\":\"Transformez votre chariot de randonn\u00e9e en remorque v\u00e9lo l\u00e9g\u00e8re et compacte gr\u00e2ce au Kit V\u00e9lo Tactical XIII. Parfait pour les exp\u00e9ditions \u00e0 pied et \u00e0 v\u00e9lo.\",\"breadcrumb\":{\"@id\":\"https:\\\/\\\/tactical-13.com\\\/produit\\\/kit-velo\\\/#breadcrumb\"},\"inLanguage\":\"it-IT\",\"potentialAction\":[{\"@type\":\"ReadAction\",\"target\":[\"https:\\\/\\\/tactical-13.com\\\/produit\\\/kit-velo\\\/\"]}]},{\"@type\":\"ImageObject\",\"inLanguage\":\"it-IT\",\"@id\":\"https:\\\/\\\/tactical-13.com\\\/produit\\\/kit-velo\\\/#primaryimage\",\"url\":\"https:\\\/\\\/tactical-13.com\\\/wp-content\\\/uploads\\\/2025\\\/05\\\/Kit-velo-chariot-randonnee-Tactical-13.jpg\",\"contentUrl\":\"https:\\\/\\\/tactical-13.com\\\/wp-content\\\/uploads\\\/2025\\\/05\\\/Kit-velo-chariot-randonnee-Tactical-13.jpg\",\"width\":1080,\"height\":1080},{\"@type\":\"BreadcrumbList\",\"@id\":\"https:\\\/\\\/tactical-13.com\\\/produit\\\/kit-velo\\\/#breadcrumb\",\"itemListElement\":[{\"@type\":\"ListItem\",\"position\":1,\"name\":\"Accueil\",\"item\":\"https:\\\/\\\/tactical-13.com\\\/\"},{\"@type\":\"ListItem\",\"position\":2,\"name\":\"Boutique\",\"item\":\"https:\\\/\\\/tactical-13.com\\\/de\\\/shop\\\/\"},{\"@type\":\"ListItem\",\"position\":3,\"name\":\"Kit V\u00e9lo\"}]},{\"@type\":\"WebSite\",\"@id\":\"https:\\\/\\\/tactical-13.com\\\/nb\\\/#website\",\"url\":\"https:\\\/\\\/tactical-13.com\\\/nb\\\/\",\"name\":\"TACTICAL XIII\",\"description\":\"Chariot de randonn\u00e9e\",\"publisher\":{\"@id\":\"https:\\\/\\\/tactical-13.com\\\/nb\\\/#organization\"},\"potentialAction\":[{\"@type\":\"SearchAction\",\"target\":{\"@type\":\"EntryPoint\",\"urlTemplate\":\"https:\\\/\\\/tactical-13.com\\\/nb\\\/?s={search_term_string}\"},\"query-input\":{\"@type\":\"PropertyValueSpecification\",\"valueRequired\":true,\"valueName\":\"search_term_string\"}}],\"inLanguage\":\"it-IT\"},{\"@type\":\"Organization\",\"@id\":\"https:\\\/\\\/tactical-13.com\\\/nb\\\/#organization\",\"name\":\"TACTICAL XIII\",\"url\":\"https:\\\/\\\/tactical-13.com\\\/nb\\\/\",\"logo\":{\"@type\":\"ImageObject\",\"inLanguage\":\"it-IT\",\"@id\":\"https:\\\/\\\/tactical-13.com\\\/nb\\\/#\\\/schema\\\/logo\\\/image\\\/\",\"url\":\"https:\\\/\\\/tactical-13.com\\\/wp-content\\\/uploads\\\/2025\\\/05\\\/Logo-Tactical-XIII-black.png\",\"contentUrl\":\"https:\\\/\\\/tactical-13.com\\\/wp-content\\\/uploads\\\/2025\\\/05\\\/Logo-Tactical-XIII-black.png\",\"width\":350,\"height\":237,\"caption\":\"TACTICAL XIII\"},\"image\":{\"@id\":\"https:\\\/\\\/tactical-13.com\\\/nb\\\/#\\\/schema\\\/logo\\\/image\\\/\"}}]}<\/script>\n<!-- \/ Yoast SEO plugin. -->","yoast_head_json":{"title":"Kit bici - TACTICAL XIII","description":"Trasformate il vostro carrello da trekking in un rimorchio per bicicletta leggero e compatto con il Tactical XIII Bike Kit. Perfetto per le spedizioni a piedi o in bicicletta.","robots":{"index":"index","follow":"follow","max-snippet":"max-snippet:-1","max-image-preview":"max-image-preview:large","max-video-preview":"max-video-preview:-1"},"canonical":"https:\/\/tactical-13.com\/it\/prodotto\/kit-velo\/","og_locale":"it_IT","og_type":"article","og_title":"Kit V\u00e9lo - TACTICAL XIII","og_description":"Transformez votre chariot de randonn\u00e9e en remorque v\u00e9lo l\u00e9g\u00e8re et compacte gr\u00e2ce au Kit V\u00e9lo Tactical XIII. Parfait pour les exp\u00e9ditions \u00e0 pied et \u00e0 v\u00e9lo.","og_url":"https:\/\/tactical-13.com\/it\/prodotto\/kit-velo\/","og_site_name":"TACTICAL XIII","article_modified_time":"2025-11-07T01:01:48+00:00","og_image":[{"width":1080,"height":1080,"url":"http:\/\/tactical-13.com\/wp-content\/uploads\/2025\/05\/Kit-velo-chariot-randonnee-Tactical-13.jpg","type":"image\/jpeg"}],"twitter_card":"summary_large_image","twitter_misc":{"Tempo di lettura stimato":"2 minuti"},"schema":{"@context":"https:\/\/schema.org","@graph":[{"@type":"WebPage","@id":"https:\/\/tactical-13.com\/produit\/kit-velo\/","url":"https:\/\/tactical-13.com\/produit\/kit-velo\/","name":"Kit bici - TACTICAL XIII","isPartOf":{"@id":"https:\/\/tactical-13.com\/nb\/#website"},"primaryImageOfPage":{"@id":"https:\/\/tactical-13.com\/produit\/kit-velo\/#primaryimage"},"image":{"@id":"https:\/\/tactical-13.com\/produit\/kit-velo\/#primaryimage"},"thumbnailUrl":"https:\/\/tactical-13.com\/wp-content\/uploads\/2025\/05\/Kit-velo-chariot-randonnee-Tactical-13.jpg","datePublished":"2025-05-31T13:20:04+00:00","dateModified":"2025-11-07T01:01:48+00:00","description":"Trasformate il vostro carrello da trekking in un rimorchio per bicicletta leggero e compatto con il Tactical XIII Bike Kit. Perfetto per le spedizioni a piedi o in bicicletta.","breadcrumb":{"@id":"https:\/\/tactical-13.com\/produit\/kit-velo\/#breadcrumb"},"inLanguage":"it-IT","potentialAction":[{"@type":"ReadAction","target":["https:\/\/tactical-13.com\/produit\/kit-velo\/"]}]},{"@type":"ImageObject","inLanguage":"it-IT","@id":"https:\/\/tactical-13.com\/produit\/kit-velo\/#primaryimage","url":"https:\/\/tactical-13.com\/wp-content\/uploads\/2025\/05\/Kit-velo-chariot-randonnee-Tactical-13.jpg","contentUrl":"https:\/\/tactical-13.com\/wp-content\/uploads\/2025\/05\/Kit-velo-chariot-randonnee-Tactical-13.jpg","width":1080,"height":1080},{"@type":"BreadcrumbList","@id":"https:\/\/tactical-13.com\/produit\/kit-velo\/#breadcrumb","itemListElement":[{"@type":"ListItem","position":1,"name":"Accueil","item":"https:\/\/tactical-13.com\/"},{"@type":"ListItem","position":2,"name":"Boutique","item":"https:\/\/tactical-13.com\/de\/shop\/"},{"@type":"ListItem","position":3,"name":"Kit V\u00e9lo"}]},{"@type":"WebSite","@id":"https:\/\/tactical-13.com\/nb\/#website","url":"https:\/\/tactical-13.com\/nb\/","name":"TATTICO XIII","description":"Carrello escursionistico","publisher":{"@id":"https:\/\/tactical-13.com\/nb\/#organization"},"potentialAction":[{"@type":"SearchAction","target":{"@type":"EntryPoint","urlTemplate":"https:\/\/tactical-13.com\/nb\/?s={search_term_string}"},"query-input":{"@type":"PropertyValueSpecification","valueRequired":true,"valueName":"search_term_string"}}],"inLanguage":"it-IT"},{"@type":"Organization","@id":"https:\/\/tactical-13.com\/nb\/#organization","name":"TATTICO XIII","url":"https:\/\/tactical-13.com\/nb\/","logo":{"@type":"ImageObject","inLanguage":"it-IT","@id":"https:\/\/tactical-13.com\/nb\/#\/schema\/logo\/image\/","url":"https:\/\/tactical-13.com\/wp-content\/uploads\/2025\/05\/Logo-Tactical-XIII-black.png","contentUrl":"https:\/\/tactical-13.com\/wp-content\/uploads\/2025\/05\/Logo-Tactical-XIII-black.png","width":350,"height":237,"caption":"TACTICAL XIII"},"image":{"@id":"https:\/\/tactical-13.com\/nb\/#\/schema\/logo\/image\/"}}]}},"jetpack_sharing_enabled":true,"_links":{"self":[{"href":"https:\/\/tactical-13.com\/it\/wp-json\/wp\/v2\/product\/2030","targetHints":{"allow":["GET"]}}],"collection":[{"href":"https:\/\/tactical-13.com\/it\/wp-json\/wp\/v2\/product"}],"about":[{"href":"https:\/\/tactical-13.com\/it\/wp-json\/wp\/v2\/types\/product"}],"replies":[{"embeddable":true,"href":"https:\/\/tactical-13.com\/it\/wp-json\/wp\/v2\/comments?post=2030"}],"version-history":[{"count":1,"href":"https:\/\/tactical-13.com\/it\/wp-json\/wp\/v2\/product\/2030\/revisions"}],"predecessor-version":[{"id":6136,"href":"https:\/\/tactical-13.com\/it\/wp-json\/wp\/v2\/product\/2030\/revisions\/6136"}],"wp:featuredmedia":[{"embeddable":true,"href":"https:\/\/tactical-13.com\/it\/wp-json\/wp\/v2\/media\/1111"}],"wp:attachment":[{"href":"https:\/\/tactical-13.com\/it\/wp-json\/wp\/v2\/media?parent=2030"}],"wp:term":[{"taxonomy":"product_brand","embeddable":true,"href":"https:\/\/tactical-13.com\/it\/wp-json\/wp\/v2\/product_brand?post=2030"},{"taxonomy":"product_cat","embeddable":true,"href":"https:\/\/tactical-13.com\/it\/wp-json\/wp\/v2\/product_cat?post=2030"},{"taxonomy":"product_tag","embeddable":true,"href":"https:\/\/tactical-13.com\/it\/wp-json\/wp\/v2\/product_tag?post=2030"}],"curies":[{"name":"wp","href":"https:\/\/api.w.org\/{rel}","templated":true}]}}