{"id":2080,"date":"2025-05-31T16:45:34","date_gmt":"2025-05-31T14:45:34","guid":{"rendered":"https:\/\/tactical-13.com\/?post_type=product&#038;p=2080"},"modified":"2025-10-19T03:41:51","modified_gmt":"2025-10-19T01:41:51","slug":"pneumatici-antiforatura-modello-x-trek","status":"publish","type":"product","link":"https:\/\/tactical-13.com\/it\/prodotto\/pneumatici-antiforatura-modello-x-trek\/","title":{"rendered":"Modello X-Trek a prova di foratura"},"content":{"rendered":"<div data-elementor-type=\"product-post\" data-elementor-id=\"2080\" class=\"elementor elementor-2080\" data-elementor-settings=\"{&quot;ha_cmc_init_switcher&quot;:&quot;no&quot;}\" data-elementor-post-type=\"product\">\n\t\t\t\t<div class=\"elementor-element elementor-element-44652149 e-flex e-con-boxed e-con e-parent\" data-id=\"44652149\" data-element_type=\"container\" data-settings=\"{&quot;jet_parallax_layout_list&quot;:[],&quot;_ha_eqh_enable&quot;:false}\">\n\t\t\t\t\t<div class=\"e-con-inner\">\n\t\t\t\t<div class=\"elementor-element elementor-element-a38bc7d elementor-widget elementor-widget-heading\" data-id=\"a38bc7d\" data-element_type=\"widget\" data-widget_type=\"heading.default\">\n\t\t\t\t<div class=\"elementor-widget-container\">\n\t\t\t\t\t<h2 class=\"elementor-heading-title elementor-size-default\">Cosa c'\u00e8 da sapere sull'usura e la manutenzione degli pneumatici<\/h2>\t\t\t\t<\/div>\n\t\t\t\t<\/div>\n\t\t\t\t<div class=\"elementor-element elementor-element-1bb290c9 elementor-widget elementor-widget-text-editor\" data-id=\"1bb290c9\" data-element_type=\"widget\" data-widget_type=\"text-editor.default\">\n\t\t\t\t<div class=\"elementor-widget-container\">\n\t\t\t\t\t\t\t\t\t<p>L'usura degli pneumatici dipende da una serie di fattori:<\/p><ul><li>il peso del carico<\/li><li>il tipo di terreno: i pneumatici si consumano pi\u00f9 rapidamente sull'asfalto che sulle piste.<\/li><li>la frequenza con cui si alterna la guida e il trasporto\u00a0<\/li><\/ul><p><strong>Si consiglia di sostituirli non appena il diametro esterno si avvicina a 24 cm.<\/strong> (in genere tra i 1.500 e i 3.000 km percorsi).<\/p><hr \/><h3>E i cuscinetti?<\/h3><p>Anche i cuscinetti hanno una durata variabile a seconda dell'uso.<br \/><strong>Si consiglia di sostituirli dopo 5000 km.<\/strong>o non appena si manifesta un rumore anomalo durante la guida.<\/p><hr \/><h3>Ruote ricondizionate: una soluzione pratica per il turismo<\/h3><p>Quando i vostri pneumatici devono essere sostituiti, avete due possibilit\u00e0:<\/p><ul><li><strong>Restituzione delle ruote complete<\/strong> pneumatici e cuscinetti: sostituiamo pneumatici e cuscinetti nella nostra officina.<\/li><li><strong>Spedizione di ruote ricondizionate<\/strong> Se siete in viaggio, possiamo spedire le ruote ricondizionate complete (pneumatici e cuscinetti nuovi) all'indirizzo di vostra scelta o tramite raccomandata.<\/li><\/ul>\t\t\t\t\t\t\t\t<\/div>\n\t\t\t\t<\/div>\n\t\t\t\t\t<\/div>\n\t\t\t\t<\/div>\n\t\t\t\t<\/div>","protected":false},"excerpt":{"rendered":"<p>Progettati per affrontare i percorsi pi\u00f9 impegnativi, pneumatici a prova di foratura <strong>Modello X-Trek<\/strong> sono progettati per fornire un equipaggiamento di lunga durata per il vostro <a href=\"https:\/\/tactical-13.com\/it\/categoria-prodotto\/carrelli-da-trekking\/\">carrello escursionistico<\/a>. Robusti e affidabili, garantiscono stabilit\u00e0, comfort di guida e prestazioni, anche su terreni irregolari.<\/p>\n<p><strong>Sono disponibili due versioni, a seconda dell'utilizzo:<\/strong><\/p>\n<ul>\n<li><strong>X-TREK<\/strong> per tutti i tipi di terreno - <strong>10 \u20ac\/tiro<\/strong><\/li>\n<li><strong>X-ROAD<\/strong> Per i viaggi su strada molto lunghi - <strong>20 \u20ac\/tiro<\/strong> (<em>+400 g sul peso totale del carrello<\/em>)<\/li>\n<\/ul>","protected":false},"featured_media":1107,"comment_status":"open","ping_status":"closed","template":"","meta":[],"product_brand":[],"product_cat":[30],"product_tag":[69,70,68,71,67,72,75,73,74],"class_list":{"0":"post-2080","1":"product","2":"type-product","3":"status-publish","4":"has-post-thumbnail","6":"product_cat-pieces-detachees","7":"product_tag-increvable","8":"product_tag-increvables","9":"product_tag-pneu","10":"product_tag-pneu-increvable","11":"product_tag-pneus","12":"product_tag-pneus-increvables","13":"product_tag-pneus-increvables-model-x-trek","14":"product_tag-roue","15":"product_tag-roues","17":"first","18":"instock","19":"taxable","20":"shipping-taxable","21":"purchasable","22":"product-type-variable","23":"has-default-attributes"},"yoast_head":"<!-- This site is optimized with the Yoast SEO plugin v27.3 - https:\/\/yoast.com\/product\/yoast-seo-wordpress\/ -->\n<title>Pneus de rechange robustes chariot de randonn\u00e9e | Tactical XIII<\/title>\n<meta name=\"description\" content=\"\u00c9quipez durablement votre chariot pour randonn\u00e9e avec nos pneus increvables Model X-Trek.\" \/>\n<meta name=\"robots\" content=\"index, follow, max-snippet:-1, max-image-preview:large, max-video-preview:-1\" \/>\n<link rel=\"canonical\" href=\"https:\/\/tactical-13.com\/it\/prodotto\/pneumatici-antiforatura-modello-x-trek\/\" \/>\n<meta property=\"og:locale\" content=\"it_IT\" \/>\n<meta property=\"og:type\" content=\"article\" \/>\n<meta property=\"og:title\" content=\"Pneus de rechange robustes chariot de randonn\u00e9e | Tactical XIII\" \/>\n<meta property=\"og:description\" content=\"\u00c9quipez durablement votre chariot pour randonn\u00e9e avec nos pneus increvables Model X-Trek.\" \/>\n<meta property=\"og:url\" content=\"https:\/\/tactical-13.com\/it\/prodotto\/pneumatici-antiforatura-modello-x-trek\/\" \/>\n<meta property=\"og:site_name\" content=\"TACTICAL XIII\" \/>\n<meta property=\"article:modified_time\" content=\"2025-10-19T01:41:51+00:00\" \/>\n<meta property=\"og:image\" content=\"http:\/\/tactical-13.com\/wp-content\/uploads\/2025\/05\/Pneu-increvable-tactical-13.jpg\" \/>\n\t<meta property=\"og:image:width\" content=\"1080\" \/>\n\t<meta property=\"og:image:height\" content=\"1080\" \/>\n\t<meta property=\"og:image:type\" content=\"image\/jpeg\" \/>\n<meta name=\"twitter:card\" content=\"summary_large_image\" \/>\n<meta name=\"twitter:label1\" content=\"Tempo di lettura stimato\" \/>\n\t<meta name=\"twitter:data1\" content=\"2 minuti\" \/>\n<script type=\"application\/ld+json\" class=\"yoast-schema-graph\">{\"@context\":\"https:\\\/\\\/schema.org\",\"@graph\":[{\"@type\":\"WebPage\",\"@id\":\"https:\\\/\\\/tactical-13.com\\\/produit\\\/pneus-increvables-model-x-trek\\\/\",\"url\":\"https:\\\/\\\/tactical-13.com\\\/produit\\\/pneus-increvables-model-x-trek\\\/\",\"name\":\"Pneus de rechange robustes chariot de randonn\u00e9e | Tactical XIII\",\"isPartOf\":{\"@id\":\"https:\\\/\\\/tactical-13.com\\\/nb\\\/#website\"},\"primaryImageOfPage\":{\"@id\":\"https:\\\/\\\/tactical-13.com\\\/produit\\\/pneus-increvables-model-x-trek\\\/#primaryimage\"},\"image\":{\"@id\":\"https:\\\/\\\/tactical-13.com\\\/produit\\\/pneus-increvables-model-x-trek\\\/#primaryimage\"},\"thumbnailUrl\":\"https:\\\/\\\/tactical-13.com\\\/wp-content\\\/uploads\\\/2025\\\/05\\\/Pneu-increvable-tactical-13.jpg\",\"datePublished\":\"2025-05-31T14:45:34+00:00\",\"dateModified\":\"2025-10-19T01:41:51+00:00\",\"description\":\"\u00c9quipez durablement votre chariot pour randonn\u00e9e avec nos pneus increvables Model X-Trek.\",\"breadcrumb\":{\"@id\":\"https:\\\/\\\/tactical-13.com\\\/produit\\\/pneus-increvables-model-x-trek\\\/#breadcrumb\"},\"inLanguage\":\"it-IT\",\"potentialAction\":[{\"@type\":\"ReadAction\",\"target\":[\"https:\\\/\\\/tactical-13.com\\\/produit\\\/pneus-increvables-model-x-trek\\\/\"]}]},{\"@type\":\"ImageObject\",\"inLanguage\":\"it-IT\",\"@id\":\"https:\\\/\\\/tactical-13.com\\\/produit\\\/pneus-increvables-model-x-trek\\\/#primaryimage\",\"url\":\"https:\\\/\\\/tactical-13.com\\\/wp-content\\\/uploads\\\/2025\\\/05\\\/Pneu-increvable-tactical-13.jpg\",\"contentUrl\":\"https:\\\/\\\/tactical-13.com\\\/wp-content\\\/uploads\\\/2025\\\/05\\\/Pneu-increvable-tactical-13.jpg\",\"width\":1080,\"height\":1080},{\"@type\":\"BreadcrumbList\",\"@id\":\"https:\\\/\\\/tactical-13.com\\\/produit\\\/pneus-increvables-model-x-trek\\\/#breadcrumb\",\"itemListElement\":[{\"@type\":\"ListItem\",\"position\":1,\"name\":\"Accueil\",\"item\":\"https:\\\/\\\/tactical-13.com\\\/\"},{\"@type\":\"ListItem\",\"position\":2,\"name\":\"Boutique\",\"item\":\"https:\\\/\\\/tactical-13.com\\\/de\\\/shop\\\/\"},{\"@type\":\"ListItem\",\"position\":3,\"name\":\"Pneus increvables Model X-Trek\"}]},{\"@type\":\"WebSite\",\"@id\":\"https:\\\/\\\/tactical-13.com\\\/nb\\\/#website\",\"url\":\"https:\\\/\\\/tactical-13.com\\\/nb\\\/\",\"name\":\"TACTICAL XIII\",\"description\":\"Chariot de randonn\u00e9e\",\"publisher\":{\"@id\":\"https:\\\/\\\/tactical-13.com\\\/nb\\\/#organization\"},\"potentialAction\":[{\"@type\":\"SearchAction\",\"target\":{\"@type\":\"EntryPoint\",\"urlTemplate\":\"https:\\\/\\\/tactical-13.com\\\/nb\\\/?s={search_term_string}\"},\"query-input\":{\"@type\":\"PropertyValueSpecification\",\"valueRequired\":true,\"valueName\":\"search_term_string\"}}],\"inLanguage\":\"it-IT\"},{\"@type\":\"Organization\",\"@id\":\"https:\\\/\\\/tactical-13.com\\\/nb\\\/#organization\",\"name\":\"TACTICAL XIII\",\"url\":\"https:\\\/\\\/tactical-13.com\\\/nb\\\/\",\"logo\":{\"@type\":\"ImageObject\",\"inLanguage\":\"it-IT\",\"@id\":\"https:\\\/\\\/tactical-13.com\\\/nb\\\/#\\\/schema\\\/logo\\\/image\\\/\",\"url\":\"https:\\\/\\\/tactical-13.com\\\/wp-content\\\/uploads\\\/2025\\\/05\\\/Logo-Tactical-XIII-black.png\",\"contentUrl\":\"https:\\\/\\\/tactical-13.com\\\/wp-content\\\/uploads\\\/2025\\\/05\\\/Logo-Tactical-XIII-black.png\",\"width\":350,\"height\":237,\"caption\":\"TACTICAL XIII\"},\"image\":{\"@id\":\"https:\\\/\\\/tactical-13.com\\\/nb\\\/#\\\/schema\\\/logo\\\/image\\\/\"}}]}<\/script>\n<!-- \/ Yoast SEO plugin. -->","yoast_head_json":{"title":"Pneumatici di ricambio pesanti per carrelli da trekking | Tactical XIII","description":"Equipaggiate il vostro carrello da trekking per le lunghe distanze con i nostri pneumatici antiforatura Modello X-Trek.","robots":{"index":"index","follow":"follow","max-snippet":"max-snippet:-1","max-image-preview":"max-image-preview:large","max-video-preview":"max-video-preview:-1"},"canonical":"https:\/\/tactical-13.com\/it\/prodotto\/pneumatici-antiforatura-modello-x-trek\/","og_locale":"it_IT","og_type":"article","og_title":"Pneus de rechange robustes chariot de randonn\u00e9e | Tactical XIII","og_description":"\u00c9quipez durablement votre chariot pour randonn\u00e9e avec nos pneus increvables Model X-Trek.","og_url":"https:\/\/tactical-13.com\/it\/prodotto\/pneumatici-antiforatura-modello-x-trek\/","og_site_name":"TACTICAL XIII","article_modified_time":"2025-10-19T01:41:51+00:00","og_image":[{"width":1080,"height":1080,"url":"http:\/\/tactical-13.com\/wp-content\/uploads\/2025\/05\/Pneu-increvable-tactical-13.jpg","type":"image\/jpeg"}],"twitter_card":"summary_large_image","twitter_misc":{"Tempo di lettura stimato":"2 minuti"},"schema":{"@context":"https:\/\/schema.org","@graph":[{"@type":"WebPage","@id":"https:\/\/tactical-13.com\/produit\/pneus-increvables-model-x-trek\/","url":"https:\/\/tactical-13.com\/produit\/pneus-increvables-model-x-trek\/","name":"Pneumatici di ricambio pesanti per carrelli da trekking | Tactical XIII","isPartOf":{"@id":"https:\/\/tactical-13.com\/nb\/#website"},"primaryImageOfPage":{"@id":"https:\/\/tactical-13.com\/produit\/pneus-increvables-model-x-trek\/#primaryimage"},"image":{"@id":"https:\/\/tactical-13.com\/produit\/pneus-increvables-model-x-trek\/#primaryimage"},"thumbnailUrl":"https:\/\/tactical-13.com\/wp-content\/uploads\/2025\/05\/Pneu-increvable-tactical-13.jpg","datePublished":"2025-05-31T14:45:34+00:00","dateModified":"2025-10-19T01:41:51+00:00","description":"Equipaggiate il vostro carrello da trekking per le lunghe distanze con i nostri pneumatici antiforatura Modello X-Trek.","breadcrumb":{"@id":"https:\/\/tactical-13.com\/produit\/pneus-increvables-model-x-trek\/#breadcrumb"},"inLanguage":"it-IT","potentialAction":[{"@type":"ReadAction","target":["https:\/\/tactical-13.com\/produit\/pneus-increvables-model-x-trek\/"]}]},{"@type":"ImageObject","inLanguage":"it-IT","@id":"https:\/\/tactical-13.com\/produit\/pneus-increvables-model-x-trek\/#primaryimage","url":"https:\/\/tactical-13.com\/wp-content\/uploads\/2025\/05\/Pneu-increvable-tactical-13.jpg","contentUrl":"https:\/\/tactical-13.com\/wp-content\/uploads\/2025\/05\/Pneu-increvable-tactical-13.jpg","width":1080,"height":1080},{"@type":"BreadcrumbList","@id":"https:\/\/tactical-13.com\/produit\/pneus-increvables-model-x-trek\/#breadcrumb","itemListElement":[{"@type":"ListItem","position":1,"name":"Accueil","item":"https:\/\/tactical-13.com\/"},{"@type":"ListItem","position":2,"name":"Boutique","item":"https:\/\/tactical-13.com\/de\/shop\/"},{"@type":"ListItem","position":3,"name":"Pneus increvables Model X-Trek"}]},{"@type":"WebSite","@id":"https:\/\/tactical-13.com\/nb\/#website","url":"https:\/\/tactical-13.com\/nb\/","name":"TATTICO XIII","description":"Carrello escursionistico","publisher":{"@id":"https:\/\/tactical-13.com\/nb\/#organization"},"potentialAction":[{"@type":"SearchAction","target":{"@type":"EntryPoint","urlTemplate":"https:\/\/tactical-13.com\/nb\/?s={search_term_string}"},"query-input":{"@type":"PropertyValueSpecification","valueRequired":true,"valueName":"search_term_string"}}],"inLanguage":"it-IT"},{"@type":"Organization","@id":"https:\/\/tactical-13.com\/nb\/#organization","name":"TATTICO XIII","url":"https:\/\/tactical-13.com\/nb\/","logo":{"@type":"ImageObject","inLanguage":"it-IT","@id":"https:\/\/tactical-13.com\/nb\/#\/schema\/logo\/image\/","url":"https:\/\/tactical-13.com\/wp-content\/uploads\/2025\/05\/Logo-Tactical-XIII-black.png","contentUrl":"https:\/\/tactical-13.com\/wp-content\/uploads\/2025\/05\/Logo-Tactical-XIII-black.png","width":350,"height":237,"caption":"TACTICAL XIII"},"image":{"@id":"https:\/\/tactical-13.com\/nb\/#\/schema\/logo\/image\/"}}]}},"jetpack_sharing_enabled":true,"_links":{"self":[{"href":"https:\/\/tactical-13.com\/it\/wp-json\/wp\/v2\/product\/2080","targetHints":{"allow":["GET"]}}],"collection":[{"href":"https:\/\/tactical-13.com\/it\/wp-json\/wp\/v2\/product"}],"about":[{"href":"https:\/\/tactical-13.com\/it\/wp-json\/wp\/v2\/types\/product"}],"replies":[{"embeddable":true,"href":"https:\/\/tactical-13.com\/it\/wp-json\/wp\/v2\/comments?post=2080"}],"version-history":[{"count":0,"href":"https:\/\/tactical-13.com\/it\/wp-json\/wp\/v2\/product\/2080\/revisions"}],"wp:featuredmedia":[{"embeddable":true,"href":"https:\/\/tactical-13.com\/it\/wp-json\/wp\/v2\/media\/1107"}],"wp:attachment":[{"href":"https:\/\/tactical-13.com\/it\/wp-json\/wp\/v2\/media?parent=2080"}],"wp:term":[{"taxonomy":"product_brand","embeddable":true,"href":"https:\/\/tactical-13.com\/it\/wp-json\/wp\/v2\/product_brand?post=2080"},{"taxonomy":"product_cat","embeddable":true,"href":"https:\/\/tactical-13.com\/it\/wp-json\/wp\/v2\/product_cat?post=2080"},{"taxonomy":"product_tag","embeddable":true,"href":"https:\/\/tactical-13.com\/it\/wp-json\/wp\/v2\/product_tag?post=2080"}],"curies":[{"name":"wp","href":"https:\/\/api.w.org\/{rel}","templated":true}]}}