{"id":2080,"date":"2025-05-31T16:45:34","date_gmt":"2025-05-31T14:45:34","guid":{"rendered":"https:\/\/tactical-13.com\/?post_type=product&#038;p=2080"},"modified":"2025-10-19T03:41:51","modified_gmt":"2025-10-19T01:41:51","slug":"punkteringssikre-dekk-modell-x-trek","status":"publish","type":"product","link":"https:\/\/tactical-13.com\/nb\/produkt\/punkteringssikre-dekk-modell-x-trek\/","title":{"rendered":"Modell X-Trek punkteringssikre dekk"},"content":{"rendered":"<div data-elementor-type=\"product-post\" data-elementor-id=\"2080\" class=\"elementor elementor-2080\" data-elementor-settings=\"{&quot;ha_cmc_init_switcher&quot;:&quot;no&quot;}\" data-elementor-post-type=\"product\">\n\t\t\t\t<div class=\"elementor-element elementor-element-44652149 e-flex e-con-boxed e-con e-parent\" data-id=\"44652149\" data-element_type=\"container\" data-settings=\"{&quot;jet_parallax_layout_list&quot;:[],&quot;_ha_eqh_enable&quot;:false}\">\n\t\t\t\t\t<div class=\"e-con-inner\">\n\t\t\t\t<div class=\"elementor-element elementor-element-a38bc7d elementor-widget elementor-widget-heading\" data-id=\"a38bc7d\" data-element_type=\"widget\" data-widget_type=\"heading.default\">\n\t\t\t\t<div class=\"elementor-widget-container\">\n\t\t\t\t\t<h2 class=\"elementor-heading-title elementor-size-default\">Det du trenger \u00e5 vite om dekkslitasje og vedlikehold<\/h2>\t\t\t\t<\/div>\n\t\t\t\t<\/div>\n\t\t\t\t<div class=\"elementor-element elementor-element-1bb290c9 elementor-widget elementor-widget-text-editor\" data-id=\"1bb290c9\" data-element_type=\"widget\" data-widget_type=\"text-editor.default\">\n\t\t\t\t<div class=\"elementor-widget-container\">\n\t\t\t\t\t\t\t\t\t<p>Dekkslitasje avhenger av en rekke faktorer:<\/p><ul><li>vekten av lasten din<\/li><li>terrengtype: Dekkene slites raskere p\u00e5 asfalt enn p\u00e5 bane.<\/li><li>hvor ofte du veksler mellom \u00e5 sykle og b\u00e6re\u00a0<\/li><\/ul><p><strong>Vi anbefaler at du bytter dem ut s\u00e5 snart den utvendige diameteren n\u00e6rmer seg 24 cm.<\/strong> (vanligvis mellom 1500 og 3000 km tilbakelagt).<\/p><hr \/><h3>Hva med lagrene?<\/h3><p>Lagrene har ogs\u00e5 varierende levetid avhengig av bruken.<br \/><strong>Vi anbefaler \u00e5 skifte dem etter 5000 km.<\/strong>eller s\u00e5 snart det oppst\u00e5r en unormal lyd under kj\u00f8ring.<\/p><hr \/><h3>Renoverte hjul: en praktisk l\u00f8sning for touring<\/h3><p>N\u00e5r dekkene dine m\u00e5 skiftes ut, har du to alternativer:<\/p><ul><li><strong>Retur av dine komplette hjul<\/strong> dekk og lagre: Vi skifter dekk og lagre p\u00e5 verkstedet v\u00e5rt.<\/li><li><strong>Forsendelse av rekonditionerte hjul<\/strong> Hvis du er p\u00e5 farten, kan vi sende komplett renoverte hjul (nye dekk + lagre) til den adressen du \u00f8nsker, eller med rekommandert levering.<\/li><\/ul>\t\t\t\t\t\t\t\t<\/div>\n\t\t\t\t<\/div>\n\t\t\t\t\t<\/div>\n\t\t\t\t<\/div>\n\t\t\t\t<\/div>","protected":false},"excerpt":{"rendered":"<p>Punkteringssikre dekk designet for \u00e5 takle de mest krevende l\u00f8ypene <strong>Modell X-Trek<\/strong> er utviklet for \u00e5 gi deg utstyr med lang levetid <a href=\"https:\/\/tactical-13.com\/nb\/product-category-2\/trekkingvogner\/\">turvogn<\/a>. De er robuste og p\u00e5litelige og gir stabilitet, kj\u00f8rekomfort og ytelse, selv i ujevnt terreng.<\/p>\n<p><strong>To versjoner er tilgjengelige, avhengig av bruksomr\u00e5de:<\/strong><\/p>\n<ul>\n<li><strong>X-TREK<\/strong> for alle typer terreng <strong>10 \u20ac\/dekk<\/strong><\/li>\n<li><strong>X-ROAD<\/strong> For veldig lange bilturer - <strong>20 \u20ac\/dekk<\/strong> (<em>+400 g p\u00e5 totalvekten av vognen<\/em>)<\/li>\n<\/ul>","protected":false},"featured_media":1107,"comment_status":"open","ping_status":"closed","template":"","meta":[],"product_brand":[],"product_cat":[30],"product_tag":[69,70,68,71,67,72,75,73,74],"class_list":{"0":"post-2080","1":"product","2":"type-product","3":"status-publish","4":"has-post-thumbnail","6":"product_cat-pieces-detachees","7":"product_tag-increvable","8":"product_tag-increvables","9":"product_tag-pneu","10":"product_tag-pneu-increvable","11":"product_tag-pneus","12":"product_tag-pneus-increvables","13":"product_tag-pneus-increvables-model-x-trek","14":"product_tag-roue","15":"product_tag-roues","17":"first","18":"instock","19":"taxable","20":"shipping-taxable","21":"purchasable","22":"product-type-variable","23":"has-default-attributes"},"yoast_head":"<!-- This site is optimized with the Yoast SEO plugin v27.3 - https:\/\/yoast.com\/product\/yoast-seo-wordpress\/ -->\n<title>Pneus de rechange robustes chariot de randonn\u00e9e | Tactical XIII<\/title>\n<meta name=\"description\" content=\"\u00c9quipez durablement votre chariot pour randonn\u00e9e avec nos pneus increvables Model X-Trek.\" \/>\n<meta name=\"robots\" content=\"index, follow, max-snippet:-1, max-image-preview:large, max-video-preview:-1\" \/>\n<link rel=\"canonical\" href=\"https:\/\/tactical-13.com\/nb\/produkt\/punkteringssikre-dekk-modell-x-trek\/\" \/>\n<meta property=\"og:locale\" content=\"nb_NO\" \/>\n<meta property=\"og:type\" content=\"article\" \/>\n<meta property=\"og:title\" content=\"Pneus de rechange robustes chariot de randonn\u00e9e | Tactical XIII\" \/>\n<meta property=\"og:description\" content=\"\u00c9quipez durablement votre chariot pour randonn\u00e9e avec nos pneus increvables Model X-Trek.\" \/>\n<meta property=\"og:url\" content=\"https:\/\/tactical-13.com\/nb\/produkt\/punkteringssikre-dekk-modell-x-trek\/\" \/>\n<meta property=\"og:site_name\" content=\"TACTICAL XIII\" \/>\n<meta property=\"article:modified_time\" content=\"2025-10-19T01:41:51+00:00\" \/>\n<meta property=\"og:image\" content=\"http:\/\/tactical-13.com\/wp-content\/uploads\/2025\/05\/Pneu-increvable-tactical-13.jpg\" \/>\n\t<meta property=\"og:image:width\" content=\"1080\" \/>\n\t<meta property=\"og:image:height\" content=\"1080\" \/>\n\t<meta property=\"og:image:type\" content=\"image\/jpeg\" \/>\n<meta name=\"twitter:card\" content=\"summary_large_image\" \/>\n<meta name=\"twitter:label1\" content=\"Ansl. lesetid\" \/>\n\t<meta name=\"twitter:data1\" content=\"2 minutter\" \/>\n<script type=\"application\/ld+json\" class=\"yoast-schema-graph\">{\"@context\":\"https:\\\/\\\/schema.org\",\"@graph\":[{\"@type\":\"WebPage\",\"@id\":\"https:\\\/\\\/tactical-13.com\\\/produit\\\/pneus-increvables-model-x-trek\\\/\",\"url\":\"https:\\\/\\\/tactical-13.com\\\/produit\\\/pneus-increvables-model-x-trek\\\/\",\"name\":\"Pneus de rechange robustes chariot de randonn\u00e9e | Tactical XIII\",\"isPartOf\":{\"@id\":\"https:\\\/\\\/tactical-13.com\\\/nb\\\/#website\"},\"primaryImageOfPage\":{\"@id\":\"https:\\\/\\\/tactical-13.com\\\/produit\\\/pneus-increvables-model-x-trek\\\/#primaryimage\"},\"image\":{\"@id\":\"https:\\\/\\\/tactical-13.com\\\/produit\\\/pneus-increvables-model-x-trek\\\/#primaryimage\"},\"thumbnailUrl\":\"https:\\\/\\\/tactical-13.com\\\/wp-content\\\/uploads\\\/2025\\\/05\\\/Pneu-increvable-tactical-13.jpg\",\"datePublished\":\"2025-05-31T14:45:34+00:00\",\"dateModified\":\"2025-10-19T01:41:51+00:00\",\"description\":\"\u00c9quipez durablement votre chariot pour randonn\u00e9e avec nos pneus increvables Model X-Trek.\",\"breadcrumb\":{\"@id\":\"https:\\\/\\\/tactical-13.com\\\/produit\\\/pneus-increvables-model-x-trek\\\/#breadcrumb\"},\"inLanguage\":\"nb-NO\",\"potentialAction\":[{\"@type\":\"ReadAction\",\"target\":[\"https:\\\/\\\/tactical-13.com\\\/produit\\\/pneus-increvables-model-x-trek\\\/\"]}]},{\"@type\":\"ImageObject\",\"inLanguage\":\"nb-NO\",\"@id\":\"https:\\\/\\\/tactical-13.com\\\/produit\\\/pneus-increvables-model-x-trek\\\/#primaryimage\",\"url\":\"https:\\\/\\\/tactical-13.com\\\/wp-content\\\/uploads\\\/2025\\\/05\\\/Pneu-increvable-tactical-13.jpg\",\"contentUrl\":\"https:\\\/\\\/tactical-13.com\\\/wp-content\\\/uploads\\\/2025\\\/05\\\/Pneu-increvable-tactical-13.jpg\",\"width\":1080,\"height\":1080},{\"@type\":\"BreadcrumbList\",\"@id\":\"https:\\\/\\\/tactical-13.com\\\/produit\\\/pneus-increvables-model-x-trek\\\/#breadcrumb\",\"itemListElement\":[{\"@type\":\"ListItem\",\"position\":1,\"name\":\"Accueil\",\"item\":\"https:\\\/\\\/tactical-13.com\\\/\"},{\"@type\":\"ListItem\",\"position\":2,\"name\":\"Boutique\",\"item\":\"https:\\\/\\\/tactical-13.com\\\/de\\\/shop\\\/\"},{\"@type\":\"ListItem\",\"position\":3,\"name\":\"Pneus increvables Model X-Trek\"}]},{\"@type\":\"WebSite\",\"@id\":\"https:\\\/\\\/tactical-13.com\\\/nb\\\/#website\",\"url\":\"https:\\\/\\\/tactical-13.com\\\/nb\\\/\",\"name\":\"TACTICAL XIII\",\"description\":\"Chariot de randonn\u00e9e\",\"publisher\":{\"@id\":\"https:\\\/\\\/tactical-13.com\\\/nb\\\/#organization\"},\"potentialAction\":[{\"@type\":\"SearchAction\",\"target\":{\"@type\":\"EntryPoint\",\"urlTemplate\":\"https:\\\/\\\/tactical-13.com\\\/nb\\\/?s={search_term_string}\"},\"query-input\":{\"@type\":\"PropertyValueSpecification\",\"valueRequired\":true,\"valueName\":\"search_term_string\"}}],\"inLanguage\":\"nb-NO\"},{\"@type\":\"Organization\",\"@id\":\"https:\\\/\\\/tactical-13.com\\\/nb\\\/#organization\",\"name\":\"TACTICAL XIII\",\"url\":\"https:\\\/\\\/tactical-13.com\\\/nb\\\/\",\"logo\":{\"@type\":\"ImageObject\",\"inLanguage\":\"nb-NO\",\"@id\":\"https:\\\/\\\/tactical-13.com\\\/nb\\\/#\\\/schema\\\/logo\\\/image\\\/\",\"url\":\"https:\\\/\\\/tactical-13.com\\\/wp-content\\\/uploads\\\/2025\\\/05\\\/Logo-Tactical-XIII-black.png\",\"contentUrl\":\"https:\\\/\\\/tactical-13.com\\\/wp-content\\\/uploads\\\/2025\\\/05\\\/Logo-Tactical-XIII-black.png\",\"width\":350,\"height\":237,\"caption\":\"TACTICAL XIII\"},\"image\":{\"@id\":\"https:\\\/\\\/tactical-13.com\\\/nb\\\/#\\\/schema\\\/logo\\\/image\\\/\"}}]}<\/script>\n<!-- \/ Yoast SEO plugin. -->","yoast_head_json":{"title":"Kraftige reservehjul for trekkingvogner | Tactical XIII","description":"Utstyr trekkingvognen din for lange turer med v\u00e5re punkteringssikre Model X-Trek-dekk.","robots":{"index":"index","follow":"follow","max-snippet":"max-snippet:-1","max-image-preview":"max-image-preview:large","max-video-preview":"max-video-preview:-1"},"canonical":"https:\/\/tactical-13.com\/nb\/produkt\/punkteringssikre-dekk-modell-x-trek\/","og_locale":"nb_NO","og_type":"article","og_title":"Pneus de rechange robustes chariot de randonn\u00e9e | Tactical XIII","og_description":"\u00c9quipez durablement votre chariot pour randonn\u00e9e avec nos pneus increvables Model X-Trek.","og_url":"https:\/\/tactical-13.com\/nb\/produkt\/punkteringssikre-dekk-modell-x-trek\/","og_site_name":"TACTICAL XIII","article_modified_time":"2025-10-19T01:41:51+00:00","og_image":[{"width":1080,"height":1080,"url":"http:\/\/tactical-13.com\/wp-content\/uploads\/2025\/05\/Pneu-increvable-tactical-13.jpg","type":"image\/jpeg"}],"twitter_card":"summary_large_image","twitter_misc":{"Ansl. lesetid":"2 minutter"},"schema":{"@context":"https:\/\/schema.org","@graph":[{"@type":"WebPage","@id":"https:\/\/tactical-13.com\/produit\/pneus-increvables-model-x-trek\/","url":"https:\/\/tactical-13.com\/produit\/pneus-increvables-model-x-trek\/","name":"Kraftige reservehjul for trekkingvogner | Tactical XIII","isPartOf":{"@id":"https:\/\/tactical-13.com\/nb\/#website"},"primaryImageOfPage":{"@id":"https:\/\/tactical-13.com\/produit\/pneus-increvables-model-x-trek\/#primaryimage"},"image":{"@id":"https:\/\/tactical-13.com\/produit\/pneus-increvables-model-x-trek\/#primaryimage"},"thumbnailUrl":"https:\/\/tactical-13.com\/wp-content\/uploads\/2025\/05\/Pneu-increvable-tactical-13.jpg","datePublished":"2025-05-31T14:45:34+00:00","dateModified":"2025-10-19T01:41:51+00:00","description":"Utstyr trekkingvognen din for lange turer med v\u00e5re punkteringssikre Model X-Trek-dekk.","breadcrumb":{"@id":"https:\/\/tactical-13.com\/produit\/pneus-increvables-model-x-trek\/#breadcrumb"},"inLanguage":"nb-NO","potentialAction":[{"@type":"ReadAction","target":["https:\/\/tactical-13.com\/produit\/pneus-increvables-model-x-trek\/"]}]},{"@type":"ImageObject","inLanguage":"nb-NO","@id":"https:\/\/tactical-13.com\/produit\/pneus-increvables-model-x-trek\/#primaryimage","url":"https:\/\/tactical-13.com\/wp-content\/uploads\/2025\/05\/Pneu-increvable-tactical-13.jpg","contentUrl":"https:\/\/tactical-13.com\/wp-content\/uploads\/2025\/05\/Pneu-increvable-tactical-13.jpg","width":1080,"height":1080},{"@type":"BreadcrumbList","@id":"https:\/\/tactical-13.com\/produit\/pneus-increvables-model-x-trek\/#breadcrumb","itemListElement":[{"@type":"ListItem","position":1,"name":"Accueil","item":"https:\/\/tactical-13.com\/"},{"@type":"ListItem","position":2,"name":"Boutique","item":"https:\/\/tactical-13.com\/de\/shop\/"},{"@type":"ListItem","position":3,"name":"Pneus increvables Model X-Trek"}]},{"@type":"WebSite","@id":"https:\/\/tactical-13.com\/nb\/#website","url":"https:\/\/tactical-13.com\/nb\/","name":"TACTICAL XIII","description":"Turg\u00e5ingsvogn","publisher":{"@id":"https:\/\/tactical-13.com\/nb\/#organization"},"potentialAction":[{"@type":"SearchAction","target":{"@type":"EntryPoint","urlTemplate":"https:\/\/tactical-13.com\/nb\/?s={search_term_string}"},"query-input":{"@type":"PropertyValueSpecification","valueRequired":true,"valueName":"search_term_string"}}],"inLanguage":"nb-NO"},{"@type":"Organization","@id":"https:\/\/tactical-13.com\/nb\/#organization","name":"TACTICAL XIII","url":"https:\/\/tactical-13.com\/nb\/","logo":{"@type":"ImageObject","inLanguage":"nb-NO","@id":"https:\/\/tactical-13.com\/nb\/#\/schema\/logo\/image\/","url":"https:\/\/tactical-13.com\/wp-content\/uploads\/2025\/05\/Logo-Tactical-XIII-black.png","contentUrl":"https:\/\/tactical-13.com\/wp-content\/uploads\/2025\/05\/Logo-Tactical-XIII-black.png","width":350,"height":237,"caption":"TACTICAL XIII"},"image":{"@id":"https:\/\/tactical-13.com\/nb\/#\/schema\/logo\/image\/"}}]}},"jetpack_sharing_enabled":true,"_links":{"self":[{"href":"https:\/\/tactical-13.com\/nb\/wp-json\/wp\/v2\/product\/2080","targetHints":{"allow":["GET"]}}],"collection":[{"href":"https:\/\/tactical-13.com\/nb\/wp-json\/wp\/v2\/product"}],"about":[{"href":"https:\/\/tactical-13.com\/nb\/wp-json\/wp\/v2\/types\/product"}],"replies":[{"embeddable":true,"href":"https:\/\/tactical-13.com\/nb\/wp-json\/wp\/v2\/comments?post=2080"}],"version-history":[{"count":0,"href":"https:\/\/tactical-13.com\/nb\/wp-json\/wp\/v2\/product\/2080\/revisions"}],"wp:featuredmedia":[{"embeddable":true,"href":"https:\/\/tactical-13.com\/nb\/wp-json\/wp\/v2\/media\/1107"}],"wp:attachment":[{"href":"https:\/\/tactical-13.com\/nb\/wp-json\/wp\/v2\/media?parent=2080"}],"wp:term":[{"taxonomy":"product_brand","embeddable":true,"href":"https:\/\/tactical-13.com\/nb\/wp-json\/wp\/v2\/product_brand?post=2080"},{"taxonomy":"product_cat","embeddable":true,"href":"https:\/\/tactical-13.com\/nb\/wp-json\/wp\/v2\/product_cat?post=2080"},{"taxonomy":"product_tag","embeddable":true,"href":"https:\/\/tactical-13.com\/nb\/wp-json\/wp\/v2\/product_tag?post=2080"}],"curies":[{"name":"wp","href":"https:\/\/api.w.org\/{rel}","templated":true}]}}