{"id":2425,"date":"2025-06-03T10:55:07","date_gmt":"2025-06-03T08:55:07","guid":{"rendered":"https:\/\/tactical-13.com\/?page_id=2425"},"modified":"2025-07-23T08:07:13","modified_gmt":"2025-07-23T06:07:13","slug":"juridische-informatie","status":"publish","type":"page","link":"https:\/\/tactical-13.com\/nl\/juridische-informatie\/","title":{"rendered":"Juridische informatie"},"content":{"rendered":"<div data-elementor-type=\"wp-page\" data-elementor-id=\"2425\" class=\"elementor elementor-2425\" data-elementor-settings=\"{&quot;ha_cmc_init_switcher&quot;:&quot;no&quot;}\" data-elementor-post-type=\"page\">\n\t\t\t\t<div class=\"elementor-element elementor-element-5b0233e e-flex e-con-boxed e-con e-parent\" data-id=\"5b0233e\" data-element_type=\"container\" data-settings=\"{&quot;background_background&quot;:&quot;classic&quot;,&quot;jet_parallax_layout_list&quot;:[],&quot;_ha_eqh_enable&quot;:false}\">\n\t\t\t\t\t<div class=\"e-con-inner\">\n\t\t<div class=\"elementor-element elementor-element-0ee8521 e-con-full e-flex e-con e-child\" data-id=\"0ee8521\" data-element_type=\"container\" data-settings=\"{&quot;jet_parallax_layout_list&quot;:[],&quot;_ha_eqh_enable&quot;:false}\">\n\t\t\t\t<div class=\"elementor-element elementor-element-3a141d8 elementor-widget elementor-widget-heading\" data-id=\"3a141d8\" data-element_type=\"widget\" data-widget_type=\"heading.default\">\n\t\t\t\t<div class=\"elementor-widget-container\">\n\t\t\t\t\t<h1 class=\"elementor-heading-title elementor-size-default\">Juridische informatie<\/h1>\t\t\t\t<\/div>\n\t\t\t\t<\/div>\n\t\t\t\t<\/div>\n\t\t\t\t\t<\/div>\n\t\t\t\t<\/div>\n\t\t<div class=\"elementor-element elementor-element-c8c861b e-flex e-con-boxed e-con e-parent\" data-id=\"c8c861b\" data-element_type=\"container\" data-settings=\"{&quot;jet_parallax_layout_list&quot;:[],&quot;_ha_eqh_enable&quot;:false}\">\n\t\t\t\t\t<div class=\"e-con-inner\">\n\t\t\t\t<div class=\"elementor-element elementor-element-f8277e7 elementor-widget elementor-widget-text-editor\" data-id=\"f8277e7\" data-element_type=\"widget\" data-widget_type=\"text-editor.default\">\n\t\t\t\t<div class=\"elementor-widget-container\">\n\t\t\t\t\t\t\t\t\t<h3 data-pm-slice=\"1 1 []\">1. Site-editor<\/h3><p>In overeenstemming met artikel 6 van de Franse wet nr. 2004-575 van 21 juni 2004 betreffende het vertrouwen in de digitale economie, worden gebruikers van de website hierbij ge\u00efnformeerd dat <a>www.tactical-13.com<\/a> de identiteit van de verschillende partijen die betrokken zijn bij de implementatie en controle:<\/p><ul data-spread=\"false\"><li><p><strong>Eigenaar \/ uitgever<\/strong> TACTISCH XIII<\/p><\/li><li><p><strong>SIRET<\/strong> : 894 760 388 00012<\/p><\/li><li><p><strong>Verantwoordelijke voor de publicatie<\/strong> TACTISCH XIII - <a>contact@tactical-13.com<\/a><\/p><\/li><li><p><strong>Webmaster<\/strong> : <a href=\"https:\/\/studio-regards.fr\/\">Studio Groeten<\/a><a>\u00a0<\/a>en <a href=\"https:\/\/romeostudio.fr\/\">Romeo Studio<\/a><\/p><\/li><\/ul><div><hr \/><\/div><h3>2. Gebruiksvoorwaarden<\/h3><p>Gebruik van de site <a>www.tactical-13.com<\/a> impliceert volledige acceptatie van de algemene gebruiksvoorwaarden. Deze kunnen op elk moment worden gewijzigd, dus gebruikers wordt aangeraden ze regelmatig te raadplegen.<\/p><p>De site is te allen tijde toegankelijk, maar TACTICAL XIII kan besluiten de site te onderbreken voor onderhoud. TACTICAL XIII zal trachten gebruikers hiervan vooraf op de hoogte te stellen.<\/p><div><hr \/><\/div><h3>3. Beschrijving van diensten<\/h3><p>De website <a>www.tactical-13.com<\/a> is het presenteren van de producten en diensten die worden aangeboden door TACTICAL XIII.<\/p><p>TACTICAL XIII streeft ernaar om zo nauwkeurig mogelijke informatie te verstrekken, maar kan niet verantwoordelijk worden gehouden voor omissies of onnauwkeurigheden.<\/p><div><hr \/><\/div><h3>4. Technische beperkingen<\/h3><p>De site maakt gebruik van het WordPress CMS. Gebruikers verbinden zich ertoe de site te bezoeken met recente, virusvrije apparatuur en een up-to-date browser.<\/p><p>TACTICAL XIII kan niet aansprakelijk worden gesteld voor materi\u00eble schade die voortvloeit uit het gebruik van de site.<\/p><div><hr \/><\/div><h3>5. Intellectuele eigendomsrechten<\/h3><p>TACTICAL XIII is eigenaar van de intellectuele eigendomsrechten of houder van de gebruiksrechten op alle elementen van de site. Elke gehele of gedeeltelijke reproductie of gebruik is verboden zonder schriftelijke toestemming.<\/p><div><hr \/><\/div><h3>6. Beperking van aansprakelijkheid<\/h3><p>TACTICAL XIII kan niet aansprakelijk worden gesteld voor rechtstreekse of onrechtstreekse schade die voortvloeit uit het gebruik van de site.<\/p><p>Interactieve delen zijn beschikbaar voor gebruikers. TACTICAL XIII behoudt zich het recht voor om iedere inhoud die in strijd is met de wet te verwijderen.<\/p><div><hr \/><\/div><h3>7. Beheer van persoonlijke gegevens<\/h3><p>TACTICAL XIII verzamelt alleen de gegevens die nodig zijn om de diensten van de site te gebruiken. De gebruiker heeft het recht zijn gegevens in te kijken, te corrigeren en te verwijderen, op aanvraag bij <a>contact@tactical-13.com<\/a>.<\/p><p>Er wordt geen persoonlijke informatie doorgegeven aan derden zonder de uitdrukkelijke toestemming van de gebruiker. In geval van terugkoop door TACTICAL XIII, kunnen de gegevens doorgegeven worden aan de koper.<\/p><div><hr \/><\/div><h3>8. Hyperlinks en cookies<\/h3><p>De site kan koppelingen naar andere sites bevatten. TACTICAL XIII kan niet instaan voor de inhoud daarvan.<\/p><p>Navigatie op <a>www.tactical-13.com<\/a> kan ervoor zorgen dat cookies worden ge\u00efnstalleerd. Gebruikers kunnen hun browser zo instellen dat cookies worden geblokkeerd.<\/p><div><hr \/><\/div><h3>9. Toepasselijk recht en jurisdictie<\/h3><p>Elk geschil met betrekking tot het gebruik van de site is onderworpen aan het Franse recht. De bevoegde rechtbank is de rechtbank van Clermont-Ferrand.<\/p><div><hr \/><\/div><h3>10. Referentie wetgeving<\/h3><ul data-spread=\"false\"><li><p>Wet nr. 78-17 van 6 januari 1978, zoals gewijzigd (informatietechnologie en burgerlijke vrijheden)<\/p><\/li><li><p>Wet nr. 2004-575 van 21 juni 2004 (vertrouwen in de digitale economie)<\/p><\/li><\/ul><div><hr \/><\/div><h3>11. Erkende bemiddelaar<\/h3><p>In overeenstemming met artikel L.612-1 van de Franse consumentenwet kan de klant gratis gebruikmaken van de bemiddelingsdienst:<br \/>CM2C - Centrum voor Consumentenbemiddeling van Gerechtelijke Bemiddelaars<br \/>www.cm2c.net - 14 rue Saint Jean, 75017 Parijs<\/p><div><hr \/><\/div><h3>12. Woordenlijst<\/h3><ul data-spread=\"false\"><li><p><strong>Gebruiker<\/strong> Internetgebruiker die verbinding maakt met de site.<\/p><\/li><li><p><strong>Persoonlijke informatie<\/strong> Gegevens waarmee een natuurlijke persoon direct of indirect kan worden ge\u00efdentificeerd.<\/p><\/li><\/ul>\t\t\t\t\t\t\t\t<\/div>\n\t\t\t\t<\/div>\n\t\t\t\t\t<\/div>\n\t\t\t\t<\/div>\n\t\t<div class=\"elementor-element elementor-element-1a7c427 e-flex e-con-boxed e-con e-parent\" data-id=\"1a7c427\" data-element_type=\"container\" data-settings=\"{&quot;jet_parallax_layout_list&quot;:[],&quot;background_background&quot;:&quot;classic&quot;,&quot;_ha_eqh_enable&quot;:false}\">\n\t\t\t\t\t<div class=\"e-con-inner\">\n\t\t\t\t<div class=\"elementor-element elementor-element-314550d elementor-widget elementor-widget-heading\" data-id=\"314550d\" data-element_type=\"widget\" data-widget_type=\"heading.default\">\n\t\t\t\t<div class=\"elementor-widget-container\">\n\t\t\t\t\t<h2 class=\"elementor-heading-title elementor-size-default\">Dit is waarom onze klanten van Tactical XIII houden<\/h2>\t\t\t\t<\/div>\n\t\t\t\t<\/div>\n\t\t\t\t\t<\/div>\n\t\t\t\t<\/div>\n\t\t<div class=\"elementor-element elementor-element-18107ed e-flex e-con-boxed e-con e-parent\" data-id=\"18107ed\" data-element_type=\"container\" data-settings=\"{&quot;jet_parallax_layout_list&quot;:[],&quot;background_background&quot;:&quot;classic&quot;,&quot;_ha_eqh_enable&quot;:false}\">\n\t\t\t\t\t<div class=\"e-con-inner\">\n\t\t<div class=\"elementor-element elementor-element-c20f1f7 e-con-full e-flex e-con e-child\" data-id=\"c20f1f7\" data-element_type=\"container\" data-settings=\"{&quot;jet_parallax_layout_list&quot;:[],&quot;_ha_eqh_enable&quot;:false}\">\n\t\t\t\t<div class=\"elementor-element elementor-element-76f4215 elementor-view-default elementor-widget elementor-widget-icon\" data-id=\"76f4215\" data-element_type=\"widget\" data-widget_type=\"icon.default\">\n\t\t\t\t<div class=\"elementor-widget-container\">\n\t\t\t\t\t\t\t<div class=\"elementor-icon-wrapper\">\n\t\t\t<div class=\"elementor-icon\">\n\t\t\t<svg aria-hidden=\"true\" class=\"e-font-icon-svg e-fas-shipping-fast\" viewbox=\"0 0 640 512\" xmlns=\"http:\/\/www.w3.org\/2000\/svg\"><path d=\"M624 352h-16V243.9c0-12.7-5.1-24.9-14.1-33.9L494 110.1c-9-9-21.2-14.1-33.9-14.1H416V48c0-26.5-21.5-48-48-48H112C85.5 0 64 21.5 64 48v48H8c-4.4 0-8 3.6-8 8v16c0 4.4 3.6 8 8 8h272c4.4 0 8 3.6 8 8v16c0 4.4-3.6 8-8 8H40c-4.4 0-8 3.6-8 8v16c0 4.4 3.6 8 8 8h208c4.4 0 8 3.6 8 8v16c0 4.4-3.6 8-8 8H8c-4.4 0-8 3.6-8 8v16c0 4.4 3.6 8 8 8h208c4.4 0 8 3.6 8 8v16c0 4.4-3.6 8-8 8H64v128c0 53 43 96 96 96s96-43 96-96h128c0 53 43 96 96 96s96-43 96-96h48c8.8 0 16-7.2 16-16v-32c0-8.8-7.2-16-16-16zM160 464c-26.5 0-48-21.5-48-48s21.5-48 48-48 48 21.5 48 48-21.5 48-48 48zm320 0c-26.5 0-48-21.5-48-48s21.5-48 48-48 48 21.5 48 48-21.5 48-48 48zm80-208H416V144h44.1l99.9 99.9V256z\"><\/path><\/svg>\t\t\t<\/div>\n\t\t<\/div>\n\t\t\t\t\t\t<\/div>\n\t\t\t\t<\/div>\n\t\t\t\t<div class=\"elementor-element elementor-element-742c498 elementor-widget elementor-widget-heading\" data-id=\"742c498\" data-element_type=\"widget\" data-widget_type=\"heading.default\">\n\t\t\t\t<div class=\"elementor-widget-container\">\n\t\t\t\t\t<h3 class=\"elementor-heading-title elementor-size-default\">Gratis bezorging<br \/>in Frankrijk<\/h3>\t\t\t\t<\/div>\n\t\t\t\t<\/div>\n\t\t\t\t<div class=\"elementor-element elementor-element-61768ac elementor-widget elementor-widget-text-editor\" data-id=\"61768ac\" data-element_type=\"widget\" data-widget_type=\"text-editor.default\">\n\t\t\t\t<div class=\"elementor-widget-container\">\n\t\t\t\t\t\t\t\t\t<p class=\"translation-block\"><span style=\"font-weight: 400\">Krijg je <\/span><b>trolley<\/b> <b>van<\/b> <b>trekking<\/b><span style=\"font-weight: 400\">, en <\/span><b>accessoires<\/b><span style=\"font-weight: 400\">, binnen 3 tot 5 werkdagen gratis thuisbezorgd, klaar om op avontuur te gaan.<\/span><\/p>\t\t\t\t\t\t\t\t<\/div>\n\t\t\t\t<\/div>\n\t\t\t\t<\/div>\n\t\t<div class=\"elementor-element elementor-element-6f56aaf e-con-full e-flex e-con e-child\" data-id=\"6f56aaf\" data-element_type=\"container\" data-settings=\"{&quot;jet_parallax_layout_list&quot;:[],&quot;_ha_eqh_enable&quot;:false}\">\n\t\t\t\t<div class=\"elementor-element elementor-element-19a2fc2 elementor-view-default elementor-widget elementor-widget-icon\" data-id=\"19a2fc2\" data-element_type=\"widget\" data-widget_type=\"icon.default\">\n\t\t\t\t<div class=\"elementor-widget-container\">\n\t\t\t\t\t\t\t<div class=\"elementor-icon-wrapper\">\n\t\t\t<div class=\"elementor-icon\">\n\t\t\t<svg aria-hidden=\"true\" class=\"e-font-icon-svg e-fas-award\" viewbox=\"0 0 384 512\" xmlns=\"http:\/\/www.w3.org\/2000\/svg\"><path d=\"M97.12 362.63c-8.69-8.69-4.16-6.24-25.12-11.85-9.51-2.55-17.87-7.45-25.43-13.32L1.2 448.7c-4.39 10.77 3.81 22.47 15.43 22.03l52.69-2.01L105.56 507c8 8.44 22.04 5.81 26.43-4.96l52.05-127.62c-10.84 6.04-22.87 9.58-35.31 9.58-19.5 0-37.82-7.59-51.61-21.37zM382.8 448.7l-45.37-111.24c-7.56 5.88-15.92 10.77-25.43 13.32-21.07 5.64-16.45 3.18-25.12 11.85-13.79 13.78-32.12 21.37-51.62 21.37-12.44 0-24.47-3.55-35.31-9.58L252 502.04c4.39 10.77 18.44 13.4 26.43 4.96l36.25-38.28 52.69 2.01c11.62.44 19.82-11.27 15.43-22.03zM263 340c15.28-15.55 17.03-14.21 38.79-20.14 13.89-3.79 24.75-14.84 28.47-28.98 7.48-28.4 5.54-24.97 25.95-45.75 10.17-10.35 14.14-25.44 10.42-39.58-7.47-28.38-7.48-24.42 0-52.83 3.72-14.14-.25-29.23-10.42-39.58-20.41-20.78-18.47-17.36-25.95-45.75-3.72-14.14-14.58-25.19-28.47-28.98-27.88-7.61-24.52-5.62-44.95-26.41-10.17-10.35-25-14.4-38.89-10.61-27.87 7.6-23.98 7.61-51.9 0-13.89-3.79-28.72.25-38.89 10.61-20.41 20.78-17.05 18.8-44.94 26.41-13.89 3.79-24.75 14.84-28.47 28.98-7.47 28.39-5.54 24.97-25.95 45.75-10.17 10.35-14.15 25.44-10.42 39.58 7.47 28.36 7.48 24.4 0 52.82-3.72 14.14.25 29.23 10.42 39.59 20.41 20.78 18.47 17.35 25.95 45.75 3.72 14.14 14.58 25.19 28.47 28.98C104.6 325.96 106.27 325 121 340c13.23 13.47 33.84 15.88 49.74 5.82a39.676 39.676 0 0 1 42.53 0c15.89 10.06 36.5 7.65 49.73-5.82zM97.66 175.96c0-53.03 42.24-96.02 94.34-96.02s94.34 42.99 94.34 96.02-42.24 96.02-94.34 96.02-94.34-42.99-94.34-96.02z\"><\/path><\/svg>\t\t\t<\/div>\n\t\t<\/div>\n\t\t\t\t\t\t<\/div>\n\t\t\t\t<\/div>\n\t\t\t\t<div class=\"elementor-element elementor-element-87ec63e elementor-widget elementor-widget-heading\" data-id=\"87ec63e\" data-element_type=\"widget\" data-widget_type=\"heading.default\">\n\t\t\t\t<div class=\"elementor-widget-container\">\n\t\t\t\t\t<h3 class=\"elementor-heading-title elementor-size-default\">Handgemaakte kwaliteit<br \/>Frans<\/h3>\t\t\t\t<\/div>\n\t\t\t\t<\/div>\n\t\t\t\t<div class=\"elementor-element elementor-element-181ebb0 elementor-widget elementor-widget-text-editor\" data-id=\"181ebb0\" data-element_type=\"widget\" data-widget_type=\"text-editor.default\">\n\t\t\t\t<div class=\"elementor-widget-container\">\n\t\t\t\t\t\t\t\t\t<p class=\"translation-block\"><span style=\"font-weight: 400\">Elk <\/span><b>trekkingtrolley<\/b><span style=\"font-weight: 400\"> Model X-Trek wordt met de hand geassembleerd in <\/span><b>Auvergne<\/b><span style=\"font-weight: 400\"> met behulp van <\/span><b>robuuste<\/b><span style=\"font-weight: 400\"> en <\/span><b>lichtgewicht<\/b><span style=\"font-weight: 400\"> materialen.<\/span><\/p>\t\t\t\t\t\t\t\t<\/div>\n\t\t\t\t<\/div>\n\t\t\t\t<\/div>\n\t\t<div class=\"elementor-element elementor-element-5d71e18 e-con-full e-flex e-con e-child\" data-id=\"5d71e18\" data-element_type=\"container\" data-settings=\"{&quot;jet_parallax_layout_list&quot;:[],&quot;_ha_eqh_enable&quot;:false}\">\n\t\t\t\t<div class=\"elementor-element elementor-element-c8b8d31 elementor-view-default elementor-widget elementor-widget-icon\" data-id=\"c8b8d31\" data-element_type=\"widget\" data-widget_type=\"icon.default\">\n\t\t\t\t<div class=\"elementor-widget-container\">\n\t\t\t\t\t\t\t<div class=\"elementor-icon-wrapper\">\n\t\t\t<div class=\"elementor-icon\">\n\t\t\t<svg aria-hidden=\"true\" class=\"e-font-icon-svg e-fas-shield-alt\" viewbox=\"0 0 512 512\" xmlns=\"http:\/\/www.w3.org\/2000\/svg\"><path d=\"M466.5 83.7l-192-80a48.15 48.15 0 0 0-36.9 0l-192 80C27.7 91.1 16 108.6 16 128c0 198.5 114.5 335.7 221.5 380.3 11.8 4.9 25.1 4.9 36.9 0C360.1 472.6 496 349.3 496 128c0-19.4-11.7-36.9-29.5-44.3zM256.1 446.3l-.1-381 175.9 73.3c-3.3 151.4-82.1 261.1-175.8 307.7z\"><\/path><\/svg>\t\t\t<\/div>\n\t\t<\/div>\n\t\t\t\t\t\t<\/div>\n\t\t\t\t<\/div>\n\t\t\t\t<div class=\"elementor-element elementor-element-5402ad8 elementor-widget elementor-widget-heading\" data-id=\"5402ad8\" data-element_type=\"widget\" data-widget_type=\"heading.default\">\n\t\t\t\t<div class=\"elementor-widget-container\">\n\t\t\t\t\t<h3 class=\"elementor-heading-title elementor-size-default translation-block\">Repareerbaar, modulair, duurzaam<\/h3>\t\t\t\t<\/div>\n\t\t\t\t<\/div>\n\t\t\t\t<div class=\"elementor-element elementor-element-54362f9 elementor-widget elementor-widget-text-editor\" data-id=\"54362f9\" data-element_type=\"widget\" data-widget_type=\"text-editor.default\">\n\t\t\t\t<div class=\"elementor-widget-container\">\n\t\t\t\t\t\t\t\t\t<p><span style=\"font-weight: 400;\">Ontworpen met<\/span><b> vervangbare onderdelen<\/b><span style=\"font-weight: 400;\"> om lang mee te gaan, zelfs tijdens uw meest <\/span><b>lange expedities<\/b><span style=\"font-weight: 400;\">.<\/span><\/p>\t\t\t\t\t\t\t\t<\/div>\n\t\t\t\t<\/div>\n\t\t\t\t<\/div>\n\t\t\t\t\t<\/div>\n\t\t\t\t<\/div>\n\t\t\t\t<\/div>","protected":false},"excerpt":{"rendered":"<p>Juridische informatie 1. redacteur van de site In overeenstemming met artikel 6 van de Franse wet nr. 2004-575 van 21 juni 2004 betreffende het vertrouwen in de digitale economie, worden de gebruikers van de site www.tactical-13.com ge\u00efnformeerd over de identiteit van de verschillende partijen die betrokken zijn bij de creatie en het toezicht: Eigenaar \/ redacteur: TACTICAL XIII SIRET [...].<\/p>","protected":false},"author":1,"featured_media":0,"parent":0,"menu_order":0,"comment_status":"closed","ping_status":"closed","template":"elementor_header_footer","meta":{"footnotes":""},"class_list":["post-2425","page","type-page","status-publish","hentry"],"blocksy_meta":[],"yoast_head":"<!-- This site is optimized with the Yoast SEO plugin v27.3 - https:\/\/yoast.com\/product\/yoast-seo-wordpress\/ -->\n<title>Mentions l\u00e9gales - TACTICAL XIII<\/title>\n<meta name=\"robots\" content=\"index, follow, max-snippet:-1, max-image-preview:large, max-video-preview:-1\" \/>\n<link rel=\"canonical\" href=\"https:\/\/tactical-13.com\/nl\/juridische-informatie\/\" \/>\n<meta property=\"og:locale\" content=\"nl_NL\" \/>\n<meta property=\"og:type\" content=\"article\" \/>\n<meta property=\"og:title\" content=\"Mentions l\u00e9gales - TACTICAL XIII\" \/>\n<meta property=\"og:description\" content=\"Mentions L\u00e9gales 1. \u00c9diteur du site Conform\u00e9ment \u00e0 l&rsquo;article 6 de la loi n\u00b0 2004-575 du 21 juin 2004 pour la confiance dans l&rsquo;\u00e9conomie num\u00e9rique, il est pr\u00e9cis\u00e9 aux utilisateurs du site www.tactical-13.com l&rsquo;identit\u00e9 des diff\u00e9rents intervenants dans le cadre de sa r\u00e9alisation et de son suivi : Propri\u00e9taire \/ \u00c9diteur : TACTICAL XIII SIRET [&hellip;]\" \/>\n<meta property=\"og:url\" content=\"https:\/\/tactical-13.com\/nl\/juridische-informatie\/\" \/>\n<meta property=\"og:site_name\" content=\"TACTICAL XIII\" \/>\n<meta property=\"article:modified_time\" content=\"2025-07-23T06:07:13+00:00\" \/>\n<meta name=\"twitter:card\" content=\"summary_large_image\" \/>\n<meta name=\"twitter:label1\" content=\"Geschatte leestijd\" \/>\n\t<meta name=\"twitter:data1\" content=\"3 minuten\" \/>\n<script type=\"application\/ld+json\" class=\"yoast-schema-graph\">{\"@context\":\"https:\\\/\\\/schema.org\",\"@graph\":[{\"@type\":\"WebPage\",\"@id\":\"https:\\\/\\\/tactical-13.com\\\/fr\\\/mention-legales\\\/\",\"url\":\"https:\\\/\\\/tactical-13.com\\\/fr\\\/mention-legales\\\/\",\"name\":\"Mentions l\u00e9gales - TACTICAL XIII\",\"isPartOf\":{\"@id\":\"https:\\\/\\\/tactical-13.com\\\/nb\\\/#website\"},\"datePublished\":\"2025-06-03T08:55:07+00:00\",\"dateModified\":\"2025-07-23T06:07:13+00:00\",\"breadcrumb\":{\"@id\":\"https:\\\/\\\/tactical-13.com\\\/fr\\\/mention-legales\\\/#breadcrumb\"},\"inLanguage\":\"nl-NL\",\"potentialAction\":[{\"@type\":\"ReadAction\",\"target\":[\"https:\\\/\\\/tactical-13.com\\\/fr\\\/mention-legales\\\/\"]}]},{\"@type\":\"BreadcrumbList\",\"@id\":\"https:\\\/\\\/tactical-13.com\\\/fr\\\/mention-legales\\\/#breadcrumb\",\"itemListElement\":[{\"@type\":\"ListItem\",\"position\":1,\"name\":\"Accueil\",\"item\":\"https:\\\/\\\/tactical-13.com\\\/\"},{\"@type\":\"ListItem\",\"position\":2,\"name\":\"Mentions l\u00e9gales\"}]},{\"@type\":\"WebSite\",\"@id\":\"https:\\\/\\\/tactical-13.com\\\/nb\\\/#website\",\"url\":\"https:\\\/\\\/tactical-13.com\\\/nb\\\/\",\"name\":\"TACTICAL XIII\",\"description\":\"Chariot de randonn\u00e9e\",\"publisher\":{\"@id\":\"https:\\\/\\\/tactical-13.com\\\/nb\\\/#organization\"},\"potentialAction\":[{\"@type\":\"SearchAction\",\"target\":{\"@type\":\"EntryPoint\",\"urlTemplate\":\"https:\\\/\\\/tactical-13.com\\\/nb\\\/?s={search_term_string}\"},\"query-input\":{\"@type\":\"PropertyValueSpecification\",\"valueRequired\":true,\"valueName\":\"search_term_string\"}}],\"inLanguage\":\"nl-NL\"},{\"@type\":\"Organization\",\"@id\":\"https:\\\/\\\/tactical-13.com\\\/nb\\\/#organization\",\"name\":\"TACTICAL XIII\",\"url\":\"https:\\\/\\\/tactical-13.com\\\/nb\\\/\",\"logo\":{\"@type\":\"ImageObject\",\"inLanguage\":\"nl-NL\",\"@id\":\"https:\\\/\\\/tactical-13.com\\\/nb\\\/#\\\/schema\\\/logo\\\/image\\\/\",\"url\":\"https:\\\/\\\/tactical-13.com\\\/wp-content\\\/uploads\\\/2025\\\/05\\\/Logo-Tactical-XIII-black.png\",\"contentUrl\":\"https:\\\/\\\/tactical-13.com\\\/wp-content\\\/uploads\\\/2025\\\/05\\\/Logo-Tactical-XIII-black.png\",\"width\":350,\"height\":237,\"caption\":\"TACTICAL XIII\"},\"image\":{\"@id\":\"https:\\\/\\\/tactical-13.com\\\/nb\\\/#\\\/schema\\\/logo\\\/image\\\/\"}}]}<\/script>\n<!-- \/ Yoast SEO plugin. -->","yoast_head_json":{"title":"Wettelijke vermeldingen - TACTICAL XIII","robots":{"index":"index","follow":"follow","max-snippet":"max-snippet:-1","max-image-preview":"max-image-preview:large","max-video-preview":"max-video-preview:-1"},"canonical":"https:\/\/tactical-13.com\/nl\/juridische-informatie\/","og_locale":"nl_NL","og_type":"article","og_title":"Mentions l\u00e9gales - TACTICAL XIII","og_description":"Mentions L\u00e9gales 1. \u00c9diteur du site Conform\u00e9ment \u00e0 l&rsquo;article 6 de la loi n\u00b0 2004-575 du 21 juin 2004 pour la confiance dans l&rsquo;\u00e9conomie num\u00e9rique, il est pr\u00e9cis\u00e9 aux utilisateurs du site www.tactical-13.com l&rsquo;identit\u00e9 des diff\u00e9rents intervenants dans le cadre de sa r\u00e9alisation et de son suivi : Propri\u00e9taire \/ \u00c9diteur : TACTICAL XIII SIRET [&hellip;]","og_url":"https:\/\/tactical-13.com\/nl\/juridische-informatie\/","og_site_name":"TACTICAL XIII","article_modified_time":"2025-07-23T06:07:13+00:00","twitter_card":"summary_large_image","twitter_misc":{"Geschatte leestijd":"3 minuten"},"schema":{"@context":"https:\/\/schema.org","@graph":[{"@type":"WebPage","@id":"https:\/\/tactical-13.com\/fr\/mention-legales\/","url":"https:\/\/tactical-13.com\/fr\/mention-legales\/","name":"Wettelijke vermeldingen - TACTICAL XIII","isPartOf":{"@id":"https:\/\/tactical-13.com\/nb\/#website"},"datePublished":"2025-06-03T08:55:07+00:00","dateModified":"2025-07-23T06:07:13+00:00","breadcrumb":{"@id":"https:\/\/tactical-13.com\/fr\/mention-legales\/#breadcrumb"},"inLanguage":"nl-NL","potentialAction":[{"@type":"ReadAction","target":["https:\/\/tactical-13.com\/fr\/mention-legales\/"]}]},{"@type":"BreadcrumbList","@id":"https:\/\/tactical-13.com\/fr\/mention-legales\/#breadcrumb","itemListElement":[{"@type":"ListItem","position":1,"name":"Accueil","item":"https:\/\/tactical-13.com\/"},{"@type":"ListItem","position":2,"name":"Mentions l\u00e9gales"}]},{"@type":"WebSite","@id":"https:\/\/tactical-13.com\/nb\/#website","url":"https:\/\/tactical-13.com\/nb\/","name":"TACTISCH XIII","description":"Wandelwagen","publisher":{"@id":"https:\/\/tactical-13.com\/nb\/#organization"},"potentialAction":[{"@type":"SearchAction","target":{"@type":"EntryPoint","urlTemplate":"https:\/\/tactical-13.com\/nb\/?s={search_term_string}"},"query-input":{"@type":"PropertyValueSpecification","valueRequired":true,"valueName":"search_term_string"}}],"inLanguage":"nl-NL"},{"@type":"Organization","@id":"https:\/\/tactical-13.com\/nb\/#organization","name":"TACTISCH XIII","url":"https:\/\/tactical-13.com\/nb\/","logo":{"@type":"ImageObject","inLanguage":"nl-NL","@id":"https:\/\/tactical-13.com\/nb\/#\/schema\/logo\/image\/","url":"https:\/\/tactical-13.com\/wp-content\/uploads\/2025\/05\/Logo-Tactical-XIII-black.png","contentUrl":"https:\/\/tactical-13.com\/wp-content\/uploads\/2025\/05\/Logo-Tactical-XIII-black.png","width":350,"height":237,"caption":"TACTICAL XIII"},"image":{"@id":"https:\/\/tactical-13.com\/nb\/#\/schema\/logo\/image\/"}}]}},"jetpack_sharing_enabled":true,"_links":{"self":[{"href":"https:\/\/tactical-13.com\/nl\/wp-json\/wp\/v2\/pages\/2425","targetHints":{"allow":["GET"]}}],"collection":[{"href":"https:\/\/tactical-13.com\/nl\/wp-json\/wp\/v2\/pages"}],"about":[{"href":"https:\/\/tactical-13.com\/nl\/wp-json\/wp\/v2\/types\/page"}],"author":[{"embeddable":true,"href":"https:\/\/tactical-13.com\/nl\/wp-json\/wp\/v2\/users\/1"}],"replies":[{"embeddable":true,"href":"https:\/\/tactical-13.com\/nl\/wp-json\/wp\/v2\/comments?post=2425"}],"version-history":[{"count":0,"href":"https:\/\/tactical-13.com\/nl\/wp-json\/wp\/v2\/pages\/2425\/revisions"}],"wp:attachment":[{"href":"https:\/\/tactical-13.com\/nl\/wp-json\/wp\/v2\/media?parent=2425"}],"curies":[{"name":"wp","href":"https:\/\/api.w.org\/{rel}","templated":true}]}}