{"id":3460,"date":"2025-06-13T14:24:50","date_gmt":"2025-06-13T12:24:50","guid":{"rendered":"https:\/\/tactical-13.com\/?page_id=3460"},"modified":"2026-04-10T00:16:19","modified_gmt":"2026-04-09T22:16:19","slug":"formulier-avis","status":"publish","type":"page","link":"https:\/\/tactical-13.com\/nl\/formulier-avis\/","title":{"rendered":"Kennisgevingsformulier"},"content":{"rendered":"<div data-elementor-type=\"wp-page\" data-elementor-id=\"3460\" class=\"elementor elementor-3460\" data-elementor-settings=\"{&quot;ha_cmc_init_switcher&quot;:&quot;no&quot;}\" data-elementor-post-type=\"page\">\n\t\t\t\t<div class=\"elementor-element elementor-element-5b0233e e-flex e-con-boxed e-con e-parent\" data-id=\"5b0233e\" data-element_type=\"container\" data-settings=\"{&quot;background_background&quot;:&quot;classic&quot;,&quot;jet_parallax_layout_list&quot;:[],&quot;_ha_eqh_enable&quot;:false}\">\n\t\t\t\t\t<div class=\"e-con-inner\">\n\t\t<div class=\"elementor-element elementor-element-0ee8521 e-con-full e-flex e-con e-child\" data-id=\"0ee8521\" data-element_type=\"container\" data-settings=\"{&quot;jet_parallax_layout_list&quot;:[],&quot;_ha_eqh_enable&quot;:false}\">\n\t\t\t\t<div class=\"elementor-element elementor-element-3a141d8 elementor-widget elementor-widget-heading\" data-id=\"3a141d8\" data-element_type=\"widget\" data-widget_type=\"heading.default\">\n\t\t\t\t<div class=\"elementor-widget-container\">\n\t\t\t\t\t<h1 class=\"elementor-heading-title elementor-size-default\">Laat uw mening achter<\/h1>\t\t\t\t<\/div>\n\t\t\t\t<\/div>\n\t\t\t\t<\/div>\n\t\t\t\t\t<\/div>\n\t\t\t\t<\/div>\n\t\t<div class=\"elementor-element elementor-element-d5b26ef e-grid e-con-boxed e-con e-parent\" data-id=\"d5b26ef\" data-element_type=\"container\" data-settings=\"{&quot;jet_parallax_layout_list&quot;:[],&quot;_ha_eqh_enable&quot;:false}\">\n\t\t\t\t\t<div class=\"e-con-inner\">\n\t\t<div class=\"elementor-element elementor-element-108c6e8 e-con-full e-flex e-con e-child\" data-id=\"108c6e8\" data-element_type=\"container\" data-settings=\"{&quot;jet_parallax_layout_list&quot;:[],&quot;_ha_eqh_enable&quot;:false}\">\n\t\t\t\t<div class=\"elementor-element elementor-element-ea60605 elementor-widget elementor-widget-heading\" data-id=\"ea60605\" data-element_type=\"widget\" data-widget_type=\"heading.default\">\n\t\t\t\t<div class=\"elementor-widget-container\">\n\t\t\t\t\t<h2 class=\"elementor-heading-title elementor-size-default\">Deel je feedback:<\/h2>\t\t\t\t<\/div>\n\t\t\t\t<\/div>\n\t\t\t\t<div class=\"elementor-element elementor-element-020119f elementor-widget elementor-widget-spacer\" data-id=\"020119f\" data-element_type=\"widget\" data-widget_type=\"spacer.default\">\n\t\t\t\t<div class=\"elementor-widget-container\">\n\t\t\t\t\t\t\t<div class=\"elementor-spacer\">\n\t\t\t<div class=\"elementor-spacer-inner\"><\/div>\n\t\t<\/div>\n\t\t\t\t\t\t<\/div>\n\t\t\t\t<\/div>\n\t\t\t\t<div class=\"elementor-element elementor-element-3e20e1a elementor-widget elementor-widget-text-editor\" data-id=\"3e20e1a\" data-element_type=\"widget\" data-widget_type=\"text-editor.default\">\n\t\t\t\t<div class=\"elementor-widget-container\">\n\t\t\t\t\t\t\t\t\t<p class=\"translation-block\">Hebt u een bestelling geplaatst bij <a href=\"http:\/\/tactical-13.com\/nl\/\" target=\"_self\"><strong>Tactical XIII<\/strong><\/a>? Gebruikt u op dit moment een van onze <a href=\"https:\/\/tactical-13.com\/nl\/product-categorie\/trolleys\/\" target=\"_self\"><strong>trolleys<\/strong><\/a> of <a href=\"https:\/\/tactical-13.com\/nl\/product-categorie\/opties\/\" target=\"_self\"><strong>accessoires<\/strong><\/a> in het veld?<\/p><p>We horen graag hoe je geniet van je avontuur met onze uitrusting.<\/p><p class=\"translation-block\"><strong>Vertel ons<\/strong> over je ervaring en <strong>deel<\/strong> je mooiste wandel- of zwerffoto's!<\/p><p>Uw getuigenis helpt ons vooruitgang te boeken en kan andere gebruikers inspireren die op zoek zijn naar betrouwbare, beproefde en geteste apparatuur.<\/p>\t\t\t\t\t\t\t\t<\/div>\n\t\t\t\t<\/div>\n\t\t\t\t<\/div>\n\t\t<div class=\"elementor-element elementor-element-6c89eca e-con-full e-flex e-con e-child\" data-id=\"6c89eca\" data-element_type=\"container\" data-settings=\"{&quot;jet_parallax_layout_list&quot;:[],&quot;_ha_eqh_enable&quot;:false}\">\n\t\t\t\t<div class=\"elementor-element elementor-element-26f8e7a elementor-widget elementor-widget-text-editor\" data-id=\"26f8e7a\" data-element_type=\"widget\" data-widget_type=\"text-editor.default\">\n\t\t\t\t<div class=\"elementor-widget-container\">\n\t\t\t\t\t\t\t\t\t<p>\n<div class=\"wpcf7 no-js\" id=\"wpcf7-f6765-o1\" lang=\"fr-FR\" dir=\"ltr\" data-wpcf7-id=\"6765\">\n<div class=\"screen-reader-response\"><p role=\"status\" aria-live=\"polite\" aria-atomic=\"true\"><\/p> <ul><\/ul><\/div>\n<form action=\"\/nl\/wp-json\/wp\/v2\/pages\/3460#wpcf7-f6765-o1\" method=\"post\" class=\"wpcf7-form init\" aria-label=\"Formulaire de contact\" enctype=\"multipart\/form-data\" novalidate=\"novalidate\" data-status=\"init\" data-trp-original-action=\"\/nl\/wp-json\/wp\/v2\/pages\/3460#wpcf7-f6765-o1\">\n<fieldset class=\"hidden-fields-container\"><input type=\"hidden\" name=\"_wpcf7\" value=\"6765\" \/><input type=\"hidden\" name=\"_wpcf7_version\" value=\"6.1.5\" \/><input type=\"hidden\" name=\"_wpcf7_locale\" value=\"fr_FR\" \/><input type=\"hidden\" name=\"_wpcf7_unit_tag\" value=\"wpcf7-f6765-o1\" \/><input type=\"hidden\" name=\"_wpcf7_container_post\" value=\"0\" \/><input type=\"hidden\" name=\"_wpcf7_posted_data_hash\" value=\"\" \/><input type=\"hidden\" name=\"_wpcf7_recaptcha_response\" value=\"\" \/>\n<\/fieldset>\n<div class=\"column one-second\">\n\t<p><span class=\"wpcf7-form-control-wrap\" data-name=\"your-firstname\"><input size=\"40\" maxlength=\"400\" class=\"wpcf7-form-control wpcf7-text wpcf7-validates-as-required\" aria-required=\"true\" aria-invalid=\"false\" placeholder=\"Voornaam\" value=\"\" type=\"text\" name=\"your-firstname\" \/><\/span>\n\t<\/p>\n<\/div>\n<div class=\"column one-second\">\n\t<p><span class=\"wpcf7-form-control-wrap\" data-name=\"your-note\"><select class=\"wpcf7-form-control wpcf7-select wpcf7-validates-as-required\" aria-required=\"true\" aria-invalid=\"false\" name=\"your-note\"><option value=\"\">Score \/5<\/option><option value=\"1\">1<\/option><option value=\"2\">2<\/option><option value=\"3\">3<\/option><option value=\"4\">4<\/option><option value=\"5\">5<\/option><\/select><\/span>\n\t<\/p>\n<\/div>\n<div class=\"column one-second\">\n\t<p><span class=\"wpcf7-form-control-wrap\" data-name=\"your-email\"><input size=\"40\" maxlength=\"400\" class=\"wpcf7-form-control wpcf7-email wpcf7-validates-as-required wpcf7-text wpcf7-validates-as-email\" aria-required=\"true\" aria-invalid=\"false\" placeholder=\"E-mail\" value=\"\" type=\"email\" name=\"your-email\" \/><\/span>\n\t<\/p>\n<\/div>\n<div class=\"column one-second\">\n\t<p><span class=\"wpcf7-form-control-wrap\" data-name=\"your-product\"><select class=\"wpcf7-form-control wpcf7-select wpcf7-validates-as-required\" aria-required=\"true\" aria-invalid=\"false\" name=\"your-product\"><option value=\"Model X-Trek Version 3\">Model X-Trek Versie 3<\/option><option value=\"Model X-Trek V2 Evolution\">Model X-Trek V2 Evolutie<\/option><option value=\"Kit V\u00e9lo\">Fietsset<\/option><option value=\"Ceinture de randonn\u00e9e large\">Brede wandelriem<\/option><option value=\"Patch brod\u00e9 Bleuet de France\">Bleuet de France geborduurde patch<\/option><option value=\"Patch Brod\u00e9 Tactical XIII\">Patch Geborduurd Tactisch XIII<\/option><option value=\"Trousse de d\u00e9pannage\">Pechset<\/option><option value=\"Pneus increvables Model X-Trek\">Model X-Trek lekvrije banden<\/option><\/select><\/span>\n\t<\/p>\n<\/div>\n<div class=\"column one\">\n\t<p><span class=\"wpcf7-form-control-wrap\" data-name=\"your-message\"><textarea cols=\"40\" rows=\"6\" maxlength=\"2000\" class=\"wpcf7-form-control wpcf7-textarea\" aria-invalid=\"false\" placeholder=\"Getuigenis\" name=\"your-message\"><\/textarea><\/span>\n\t<\/p>\n<\/div>\n<div class=\"column one fichiers\">\n\t<p><div id=\"mfcf7_zl_multifilecontainer\"><span class=\"mfcf7-zl-multiline-sample\" style=\"display:none\"><p class=\"wpcf7-form-control-wrap Fichier\"><input size=\"40\" class=\"wpcf7-form-control wpcf7-multilinefile\" multiple=\"multiple\" value=\"S\u00e9lectionner les fichiers\" aria-invalid=\"false\" type=\"file\" name=\"Fichier[]\" \/> <span class=\"mfcf7-zl-multifile-name\"><\/span><a href=\"javascript:void(0);\" class=\"mfcf7_zl_delete_file\"><span class=\"delete-file\" aria-hidden=\"true\">\u274c<\/span><\/a><\/p><\/span><\/div><span class=\"wpcf7-form-control-wrap zl-form-control-wrap Fichier\"><input size=\"40\" class=\"wpcf7-form-control wpcf7-multilinefile\" multiple=\"multiple\" value=\"S\u00e9lectionner les fichiers\" aria-invalid=\"false\" type=\"file\" name=\"Fichier[]\" \/> <span class=\"mfcf7-zl-multifile-name\"><\/span><a href=\"javascript:void(0);\" class=\"mfcf7_zl_delete_file\"><span class=\"delete-file\" aria-hidden=\"true\">\u274c<\/span><\/a><\/span><p><label><span class=\"wpcf7-form-control-wrap\" data-name=\"Fichier-zl-mfcf7-upld-btn\"><input type=\"button\" name=\"Fichier-zl-mfcf7-upld-btn\" class=\"button button-primary qbutton\" id=\"mfcf7_zl_add_file\" value=\"Selecteer de bestanden\"><\/span><\/label><\/p>\n\t<\/p>\n<\/div>\n<div class=\"column one\">\n\t<p><input class=\"wpcf7-form-control wpcf7-submit has-spinner\" type=\"submit\" value=\"Stuur\" \/>\n\t<\/p>\n<\/div><div class=\"wpcf7-response-output\" aria-hidden=\"true\"><\/div>\n<input type=\"hidden\" name=\"trp-form-language\" value=\"nl\"\/><\/form>\n<\/div>\n<\/p>\t\t\t\t\t\t\t\t<\/div>\n\t\t\t\t<\/div>\n\t\t\t\t<\/div>\n\t\t\t\t\t<\/div>\n\t\t\t\t<\/div>\n\t\t<div class=\"elementor-element elementor-element-4dc8b1e e-flex e-con-boxed e-con e-parent\" data-id=\"4dc8b1e\" data-element_type=\"container\" data-settings=\"{&quot;jet_parallax_layout_list&quot;:[],&quot;background_background&quot;:&quot;classic&quot;,&quot;_ha_eqh_enable&quot;:false}\">\n\t\t\t\t\t<div class=\"e-con-inner\">\n\t\t\t\t<div class=\"elementor-element elementor-element-31eb24e elementor-widget elementor-widget-heading\" data-id=\"31eb24e\" data-element_type=\"widget\" data-widget_type=\"heading.default\">\n\t\t\t\t<div class=\"elementor-widget-container\">\n\t\t\t\t\t<h2 class=\"elementor-heading-title elementor-size-default\">Dit is waarom onze klanten van Tactical XIII houden<\/h2>\t\t\t\t<\/div>\n\t\t\t\t<\/div>\n\t\t\t\t\t<\/div>\n\t\t\t\t<\/div>\n\t\t<div class=\"elementor-element elementor-element-10f0fa5 e-flex e-con-boxed e-con e-parent\" data-id=\"10f0fa5\" data-element_type=\"container\" data-settings=\"{&quot;jet_parallax_layout_list&quot;:[],&quot;background_background&quot;:&quot;classic&quot;,&quot;_ha_eqh_enable&quot;:false}\">\n\t\t\t\t\t<div class=\"e-con-inner\">\n\t\t<div class=\"elementor-element elementor-element-c9e465a e-con-full e-flex e-con e-child\" data-id=\"c9e465a\" data-element_type=\"container\" data-settings=\"{&quot;jet_parallax_layout_list&quot;:[],&quot;_ha_eqh_enable&quot;:false}\">\n\t\t\t\t<div class=\"elementor-element elementor-element-c773bc3 elementor-view-default elementor-widget elementor-widget-icon\" data-id=\"c773bc3\" data-element_type=\"widget\" data-widget_type=\"icon.default\">\n\t\t\t\t<div class=\"elementor-widget-container\">\n\t\t\t\t\t\t\t<div class=\"elementor-icon-wrapper\">\n\t\t\t<div class=\"elementor-icon\">\n\t\t\t<svg aria-hidden=\"true\" class=\"e-font-icon-svg e-fas-shipping-fast\" viewbox=\"0 0 640 512\" xmlns=\"http:\/\/www.w3.org\/2000\/svg\"><path d=\"M624 352h-16V243.9c0-12.7-5.1-24.9-14.1-33.9L494 110.1c-9-9-21.2-14.1-33.9-14.1H416V48c0-26.5-21.5-48-48-48H112C85.5 0 64 21.5 64 48v48H8c-4.4 0-8 3.6-8 8v16c0 4.4 3.6 8 8 8h272c4.4 0 8 3.6 8 8v16c0 4.4-3.6 8-8 8H40c-4.4 0-8 3.6-8 8v16c0 4.4 3.6 8 8 8h208c4.4 0 8 3.6 8 8v16c0 4.4-3.6 8-8 8H8c-4.4 0-8 3.6-8 8v16c0 4.4 3.6 8 8 8h208c4.4 0 8 3.6 8 8v16c0 4.4-3.6 8-8 8H64v128c0 53 43 96 96 96s96-43 96-96h128c0 53 43 96 96 96s96-43 96-96h48c8.8 0 16-7.2 16-16v-32c0-8.8-7.2-16-16-16zM160 464c-26.5 0-48-21.5-48-48s21.5-48 48-48 48 21.5 48 48-21.5 48-48 48zm320 0c-26.5 0-48-21.5-48-48s21.5-48 48-48 48 21.5 48 48-21.5 48-48 48zm80-208H416V144h44.1l99.9 99.9V256z\"><\/path><\/svg>\t\t\t<\/div>\n\t\t<\/div>\n\t\t\t\t\t\t<\/div>\n\t\t\t\t<\/div>\n\t\t\t\t<div class=\"elementor-element elementor-element-2dd2864 elementor-widget elementor-widget-heading\" data-id=\"2dd2864\" data-element_type=\"widget\" data-widget_type=\"heading.default\">\n\t\t\t\t<div class=\"elementor-widget-container\">\n\t\t\t\t\t<h3 class=\"elementor-heading-title elementor-size-default\">Gratis bezorging<br \/>in Frankrijk<\/h3>\t\t\t\t<\/div>\n\t\t\t\t<\/div>\n\t\t\t\t<div class=\"elementor-element elementor-element-c751405 elementor-widget elementor-widget-text-editor\" data-id=\"c751405\" data-element_type=\"widget\" data-widget_type=\"text-editor.default\">\n\t\t\t\t<div class=\"elementor-widget-container\">\n\t\t\t\t\t\t\t\t\t<p class=\"translation-block\"><span style=\"font-weight: 400\">Krijg je <\/span><b>trolley<\/b> <b>van<\/b> <b>trekking<\/b><span style=\"font-weight: 400\">, en <\/span><b>accessoires<\/b><span style=\"font-weight: 400\">, binnen 3 tot 5 werkdagen gratis thuisbezorgd, klaar om op avontuur te gaan.<\/span><\/p>\t\t\t\t\t\t\t\t<\/div>\n\t\t\t\t<\/div>\n\t\t\t\t<\/div>\n\t\t<div class=\"elementor-element elementor-element-198417e e-con-full e-flex e-con e-child\" data-id=\"198417e\" data-element_type=\"container\" data-settings=\"{&quot;jet_parallax_layout_list&quot;:[],&quot;_ha_eqh_enable&quot;:false}\">\n\t\t\t\t<div class=\"elementor-element elementor-element-12f4259 elementor-view-default elementor-widget elementor-widget-icon\" data-id=\"12f4259\" data-element_type=\"widget\" data-widget_type=\"icon.default\">\n\t\t\t\t<div class=\"elementor-widget-container\">\n\t\t\t\t\t\t\t<div class=\"elementor-icon-wrapper\">\n\t\t\t<div class=\"elementor-icon\">\n\t\t\t<svg aria-hidden=\"true\" class=\"e-font-icon-svg e-fas-award\" viewbox=\"0 0 384 512\" xmlns=\"http:\/\/www.w3.org\/2000\/svg\"><path d=\"M97.12 362.63c-8.69-8.69-4.16-6.24-25.12-11.85-9.51-2.55-17.87-7.45-25.43-13.32L1.2 448.7c-4.39 10.77 3.81 22.47 15.43 22.03l52.69-2.01L105.56 507c8 8.44 22.04 5.81 26.43-4.96l52.05-127.62c-10.84 6.04-22.87 9.58-35.31 9.58-19.5 0-37.82-7.59-51.61-21.37zM382.8 448.7l-45.37-111.24c-7.56 5.88-15.92 10.77-25.43 13.32-21.07 5.64-16.45 3.18-25.12 11.85-13.79 13.78-32.12 21.37-51.62 21.37-12.44 0-24.47-3.55-35.31-9.58L252 502.04c4.39 10.77 18.44 13.4 26.43 4.96l36.25-38.28 52.69 2.01c11.62.44 19.82-11.27 15.43-22.03zM263 340c15.28-15.55 17.03-14.21 38.79-20.14 13.89-3.79 24.75-14.84 28.47-28.98 7.48-28.4 5.54-24.97 25.95-45.75 10.17-10.35 14.14-25.44 10.42-39.58-7.47-28.38-7.48-24.42 0-52.83 3.72-14.14-.25-29.23-10.42-39.58-20.41-20.78-18.47-17.36-25.95-45.75-3.72-14.14-14.58-25.19-28.47-28.98-27.88-7.61-24.52-5.62-44.95-26.41-10.17-10.35-25-14.4-38.89-10.61-27.87 7.6-23.98 7.61-51.9 0-13.89-3.79-28.72.25-38.89 10.61-20.41 20.78-17.05 18.8-44.94 26.41-13.89 3.79-24.75 14.84-28.47 28.98-7.47 28.39-5.54 24.97-25.95 45.75-10.17 10.35-14.15 25.44-10.42 39.58 7.47 28.36 7.48 24.4 0 52.82-3.72 14.14.25 29.23 10.42 39.59 20.41 20.78 18.47 17.35 25.95 45.75 3.72 14.14 14.58 25.19 28.47 28.98C104.6 325.96 106.27 325 121 340c13.23 13.47 33.84 15.88 49.74 5.82a39.676 39.676 0 0 1 42.53 0c15.89 10.06 36.5 7.65 49.73-5.82zM97.66 175.96c0-53.03 42.24-96.02 94.34-96.02s94.34 42.99 94.34 96.02-42.24 96.02-94.34 96.02-94.34-42.99-94.34-96.02z\"><\/path><\/svg>\t\t\t<\/div>\n\t\t<\/div>\n\t\t\t\t\t\t<\/div>\n\t\t\t\t<\/div>\n\t\t\t\t<div class=\"elementor-element elementor-element-0feeba0 elementor-widget elementor-widget-heading\" data-id=\"0feeba0\" data-element_type=\"widget\" data-widget_type=\"heading.default\">\n\t\t\t\t<div class=\"elementor-widget-container\">\n\t\t\t\t\t<h3 class=\"elementor-heading-title elementor-size-default\">Handgemaakte kwaliteit<br \/>Frans<\/h3>\t\t\t\t<\/div>\n\t\t\t\t<\/div>\n\t\t\t\t<div class=\"elementor-element elementor-element-8aac112 elementor-widget elementor-widget-text-editor\" data-id=\"8aac112\" data-element_type=\"widget\" data-widget_type=\"text-editor.default\">\n\t\t\t\t<div class=\"elementor-widget-container\">\n\t\t\t\t\t\t\t\t\t<p class=\"translation-block\"><span style=\"font-weight: 400\">Elk <\/span><b>trekkingtrolley<\/b><span style=\"font-weight: 400\"> Model X-Trek wordt met de hand geassembleerd in <\/span><b>Auvergne<\/b><span style=\"font-weight: 400\"> met behulp van <\/span><b>robuuste<\/b><span style=\"font-weight: 400\"> en <\/span><b>lichtgewicht<\/b><span style=\"font-weight: 400\"> materialen.<\/span><\/p>\t\t\t\t\t\t\t\t<\/div>\n\t\t\t\t<\/div>\n\t\t\t\t<\/div>\n\t\t<div class=\"elementor-element elementor-element-09318f1 e-con-full e-flex e-con e-child\" data-id=\"09318f1\" data-element_type=\"container\" data-settings=\"{&quot;jet_parallax_layout_list&quot;:[],&quot;_ha_eqh_enable&quot;:false}\">\n\t\t\t\t<div class=\"elementor-element elementor-element-ac69f65 elementor-view-default elementor-widget elementor-widget-icon\" data-id=\"ac69f65\" data-element_type=\"widget\" data-widget_type=\"icon.default\">\n\t\t\t\t<div class=\"elementor-widget-container\">\n\t\t\t\t\t\t\t<div class=\"elementor-icon-wrapper\">\n\t\t\t<div class=\"elementor-icon\">\n\t\t\t<svg aria-hidden=\"true\" class=\"e-font-icon-svg e-fas-shield-alt\" viewbox=\"0 0 512 512\" xmlns=\"http:\/\/www.w3.org\/2000\/svg\"><path d=\"M466.5 83.7l-192-80a48.15 48.15 0 0 0-36.9 0l-192 80C27.7 91.1 16 108.6 16 128c0 198.5 114.5 335.7 221.5 380.3 11.8 4.9 25.1 4.9 36.9 0C360.1 472.6 496 349.3 496 128c0-19.4-11.7-36.9-29.5-44.3zM256.1 446.3l-.1-381 175.9 73.3c-3.3 151.4-82.1 261.1-175.8 307.7z\"><\/path><\/svg>\t\t\t<\/div>\n\t\t<\/div>\n\t\t\t\t\t\t<\/div>\n\t\t\t\t<\/div>\n\t\t\t\t<div class=\"elementor-element elementor-element-ac52ea1 elementor-widget elementor-widget-heading\" data-id=\"ac52ea1\" data-element_type=\"widget\" data-widget_type=\"heading.default\">\n\t\t\t\t<div class=\"elementor-widget-container\">\n\t\t\t\t\t<h3 class=\"elementor-heading-title elementor-size-default translation-block\">Repareerbaar, modulair, duurzaam<\/h3>\t\t\t\t<\/div>\n\t\t\t\t<\/div>\n\t\t\t\t<div class=\"elementor-element elementor-element-cb29779 elementor-widget elementor-widget-text-editor\" data-id=\"cb29779\" data-element_type=\"widget\" data-widget_type=\"text-editor.default\">\n\t\t\t\t<div class=\"elementor-widget-container\">\n\t\t\t\t\t\t\t\t\t<p><span style=\"font-weight: 400;\">Ontworpen met<\/span><b> vervangbare onderdelen<\/b><span style=\"font-weight: 400;\"> om lang mee te gaan, zelfs tijdens uw meest <\/span><b>lange expedities<\/b><span style=\"font-weight: 400;\">.<\/span><\/p>\t\t\t\t\t\t\t\t<\/div>\n\t\t\t\t<\/div>\n\t\t\t\t<\/div>\n\t\t\t\t\t<\/div>\n\t\t\t\t<\/div>\n\t\t\t\t<\/div>","protected":false},"excerpt":{"rendered":"<p>Laat uw mening achter Deel uw feedback: Hebt u bij Tactical XIII besteld? Gebruik je momenteel een van onze trolleys of accessoires in het veld? We horen graag hoe je geniet van je avontuur met onze uitrusting. Vertel ons over je ervaring en deel je mooiste wandel- of zwerffoto's! [...]<\/p>","protected":false},"author":1,"featured_media":0,"parent":0,"menu_order":0,"comment_status":"closed","ping_status":"closed","template":"elementor_header_footer","meta":{"footnotes":""},"class_list":["post-3460","page","type-page","status-publish","hentry"],"blocksy_meta":[],"yoast_head":"<!-- This site is optimized with the Yoast SEO plugin v27.3 - https:\/\/yoast.com\/product\/yoast-seo-wordpress\/ -->\n<title>Formulaire Avis - TACTICAL XIII<\/title>\n<meta name=\"robots\" content=\"index, follow, max-snippet:-1, max-image-preview:large, max-video-preview:-1\" \/>\n<link rel=\"canonical\" href=\"https:\/\/tactical-13.com\/nl\/formulier-avis\/\" \/>\n<meta property=\"og:locale\" content=\"nl_NL\" \/>\n<meta property=\"og:type\" content=\"article\" \/>\n<meta property=\"og:title\" content=\"Formulaire Avis - TACTICAL XIII\" \/>\n<meta property=\"og:description\" content=\"D\u00e9posez votre avis Partagez votre retour d&rsquo;exp\u00e9rience : Vous avez pass\u00e9 commande chez Tactical XIII ? Vous utilisez actuellement l\u2019un de nos chariots ou accessoires sur le terrain ? Nous serions ravis de d\u00e9couvrir comment vous vivez l\u2019aventure avec notre \u00e9quipement. Racontez-nous votre exp\u00e9rience et partagez vos plus belles photos de randonn\u00e9e ou d\u2019itin\u00e9rance ! [&hellip;]\" \/>\n<meta property=\"og:url\" content=\"https:\/\/tactical-13.com\/nl\/formulier-avis\/\" \/>\n<meta property=\"og:site_name\" content=\"TACTICAL XIII\" \/>\n<meta property=\"article:modified_time\" content=\"2026-04-09T22:16:19+00:00\" \/>\n<meta name=\"twitter:card\" content=\"summary_large_image\" \/>\n<meta name=\"twitter:label1\" content=\"Geschatte leestijd\" \/>\n\t<meta name=\"twitter:data1\" content=\"1 minuut\" \/>\n<script type=\"application\/ld+json\" class=\"yoast-schema-graph\">{\"@context\":\"https:\\\/\\\/schema.org\",\"@graph\":[{\"@type\":\"WebPage\",\"@id\":\"https:\\\/\\\/tactical-13.com\\\/form-avis\\\/\",\"url\":\"https:\\\/\\\/tactical-13.com\\\/form-avis\\\/\",\"name\":\"Formulaire Avis - TACTICAL XIII\",\"isPartOf\":{\"@id\":\"https:\\\/\\\/tactical-13.com\\\/nb\\\/#website\"},\"datePublished\":\"2025-06-13T12:24:50+00:00\",\"dateModified\":\"2026-04-09T22:16:19+00:00\",\"breadcrumb\":{\"@id\":\"https:\\\/\\\/tactical-13.com\\\/form-avis\\\/#breadcrumb\"},\"inLanguage\":\"nl-NL\",\"potentialAction\":[{\"@type\":\"ReadAction\",\"target\":[\"https:\\\/\\\/tactical-13.com\\\/form-avis\\\/\"]}]},{\"@type\":\"BreadcrumbList\",\"@id\":\"https:\\\/\\\/tactical-13.com\\\/form-avis\\\/#breadcrumb\",\"itemListElement\":[{\"@type\":\"ListItem\",\"position\":1,\"name\":\"Accueil\",\"item\":\"https:\\\/\\\/tactical-13.com\\\/\"},{\"@type\":\"ListItem\",\"position\":2,\"name\":\"Formulaire Avis\"}]},{\"@type\":\"WebSite\",\"@id\":\"https:\\\/\\\/tactical-13.com\\\/nb\\\/#website\",\"url\":\"https:\\\/\\\/tactical-13.com\\\/nb\\\/\",\"name\":\"TACTICAL XIII\",\"description\":\"Chariot de randonn\u00e9e\",\"publisher\":{\"@id\":\"https:\\\/\\\/tactical-13.com\\\/nb\\\/#organization\"},\"potentialAction\":[{\"@type\":\"SearchAction\",\"target\":{\"@type\":\"EntryPoint\",\"urlTemplate\":\"https:\\\/\\\/tactical-13.com\\\/nb\\\/?s={search_term_string}\"},\"query-input\":{\"@type\":\"PropertyValueSpecification\",\"valueRequired\":true,\"valueName\":\"search_term_string\"}}],\"inLanguage\":\"nl-NL\"},{\"@type\":\"Organization\",\"@id\":\"https:\\\/\\\/tactical-13.com\\\/nb\\\/#organization\",\"name\":\"TACTICAL XIII\",\"url\":\"https:\\\/\\\/tactical-13.com\\\/nb\\\/\",\"logo\":{\"@type\":\"ImageObject\",\"inLanguage\":\"nl-NL\",\"@id\":\"https:\\\/\\\/tactical-13.com\\\/nb\\\/#\\\/schema\\\/logo\\\/image\\\/\",\"url\":\"https:\\\/\\\/tactical-13.com\\\/wp-content\\\/uploads\\\/2025\\\/05\\\/Logo-Tactical-XIII-black.png\",\"contentUrl\":\"https:\\\/\\\/tactical-13.com\\\/wp-content\\\/uploads\\\/2025\\\/05\\\/Logo-Tactical-XIII-black.png\",\"width\":350,\"height\":237,\"caption\":\"TACTICAL XIII\"},\"image\":{\"@id\":\"https:\\\/\\\/tactical-13.com\\\/nb\\\/#\\\/schema\\\/logo\\\/image\\\/\"}}]}<\/script>\n<!-- \/ Yoast SEO plugin. -->","yoast_head_json":{"title":"Kennisgevingsformulier - TACTICAL XIII","robots":{"index":"index","follow":"follow","max-snippet":"max-snippet:-1","max-image-preview":"max-image-preview:large","max-video-preview":"max-video-preview:-1"},"canonical":"https:\/\/tactical-13.com\/nl\/formulier-avis\/","og_locale":"nl_NL","og_type":"article","og_title":"Formulaire Avis - TACTICAL XIII","og_description":"D\u00e9posez votre avis Partagez votre retour d&rsquo;exp\u00e9rience : Vous avez pass\u00e9 commande chez Tactical XIII ? Vous utilisez actuellement l\u2019un de nos chariots ou accessoires sur le terrain ? Nous serions ravis de d\u00e9couvrir comment vous vivez l\u2019aventure avec notre \u00e9quipement. Racontez-nous votre exp\u00e9rience et partagez vos plus belles photos de randonn\u00e9e ou d\u2019itin\u00e9rance ! [&hellip;]","og_url":"https:\/\/tactical-13.com\/nl\/formulier-avis\/","og_site_name":"TACTICAL XIII","article_modified_time":"2026-04-09T22:16:19+00:00","twitter_card":"summary_large_image","twitter_misc":{"Geschatte leestijd":"1 minuut"},"schema":{"@context":"https:\/\/schema.org","@graph":[{"@type":"WebPage","@id":"https:\/\/tactical-13.com\/form-avis\/","url":"https:\/\/tactical-13.com\/form-avis\/","name":"Kennisgevingsformulier - TACTICAL XIII","isPartOf":{"@id":"https:\/\/tactical-13.com\/nb\/#website"},"datePublished":"2025-06-13T12:24:50+00:00","dateModified":"2026-04-09T22:16:19+00:00","breadcrumb":{"@id":"https:\/\/tactical-13.com\/form-avis\/#breadcrumb"},"inLanguage":"nl-NL","potentialAction":[{"@type":"ReadAction","target":["https:\/\/tactical-13.com\/form-avis\/"]}]},{"@type":"BreadcrumbList","@id":"https:\/\/tactical-13.com\/form-avis\/#breadcrumb","itemListElement":[{"@type":"ListItem","position":1,"name":"Accueil","item":"https:\/\/tactical-13.com\/"},{"@type":"ListItem","position":2,"name":"Formulaire Avis"}]},{"@type":"WebSite","@id":"https:\/\/tactical-13.com\/nb\/#website","url":"https:\/\/tactical-13.com\/nb\/","name":"TACTISCH XIII","description":"Wandelwagen","publisher":{"@id":"https:\/\/tactical-13.com\/nb\/#organization"},"potentialAction":[{"@type":"SearchAction","target":{"@type":"EntryPoint","urlTemplate":"https:\/\/tactical-13.com\/nb\/?s={search_term_string}"},"query-input":{"@type":"PropertyValueSpecification","valueRequired":true,"valueName":"search_term_string"}}],"inLanguage":"nl-NL"},{"@type":"Organization","@id":"https:\/\/tactical-13.com\/nb\/#organization","name":"TACTISCH XIII","url":"https:\/\/tactical-13.com\/nb\/","logo":{"@type":"ImageObject","inLanguage":"nl-NL","@id":"https:\/\/tactical-13.com\/nb\/#\/schema\/logo\/image\/","url":"https:\/\/tactical-13.com\/wp-content\/uploads\/2025\/05\/Logo-Tactical-XIII-black.png","contentUrl":"https:\/\/tactical-13.com\/wp-content\/uploads\/2025\/05\/Logo-Tactical-XIII-black.png","width":350,"height":237,"caption":"TACTICAL XIII"},"image":{"@id":"https:\/\/tactical-13.com\/nb\/#\/schema\/logo\/image\/"}}]}},"jetpack_sharing_enabled":true,"_links":{"self":[{"href":"https:\/\/tactical-13.com\/nl\/wp-json\/wp\/v2\/pages\/3460","targetHints":{"allow":["GET"]}}],"collection":[{"href":"https:\/\/tactical-13.com\/nl\/wp-json\/wp\/v2\/pages"}],"about":[{"href":"https:\/\/tactical-13.com\/nl\/wp-json\/wp\/v2\/types\/page"}],"author":[{"embeddable":true,"href":"https:\/\/tactical-13.com\/nl\/wp-json\/wp\/v2\/users\/1"}],"replies":[{"embeddable":true,"href":"https:\/\/tactical-13.com\/nl\/wp-json\/wp\/v2\/comments?post=3460"}],"version-history":[{"count":3,"href":"https:\/\/tactical-13.com\/nl\/wp-json\/wp\/v2\/pages\/3460\/revisions"}],"predecessor-version":[{"id":6771,"href":"https:\/\/tactical-13.com\/nl\/wp-json\/wp\/v2\/pages\/3460\/revisions\/6771"}],"wp:attachment":[{"href":"https:\/\/tactical-13.com\/nl\/wp-json\/wp\/v2\/media?parent=3460"}],"curies":[{"name":"wp","href":"https:\/\/api.w.org\/{rel}","templated":true}]}}