{"id":3478,"date":"2025-06-13T15:18:42","date_gmt":"2025-06-13T13:18:42","guid":{"rendered":"https:\/\/tactical-13.com\/?page_id=3478"},"modified":"2025-07-23T08:06:01","modified_gmt":"2025-07-23T06:06:01","slug":"algemene-verkoopvoorwaarden","status":"publish","type":"page","link":"https:\/\/tactical-13.com\/nl\/algemene-verkoopvoorwaarden\/","title":{"rendered":"Verkoopvoorwaarden"},"content":{"rendered":"<div data-elementor-type=\"wp-page\" data-elementor-id=\"3478\" class=\"elementor elementor-3478\" data-elementor-settings=\"{&quot;ha_cmc_init_switcher&quot;:&quot;no&quot;}\" data-elementor-post-type=\"page\">\n\t\t\t\t<div class=\"elementor-element elementor-element-5b0233e e-flex e-con-boxed e-con e-parent\" data-id=\"5b0233e\" data-element_type=\"container\" data-settings=\"{&quot;background_background&quot;:&quot;classic&quot;,&quot;jet_parallax_layout_list&quot;:[],&quot;_ha_eqh_enable&quot;:false}\">\n\t\t\t\t\t<div class=\"e-con-inner\">\n\t\t<div class=\"elementor-element elementor-element-0ee8521 e-con-full e-flex e-con e-child\" data-id=\"0ee8521\" data-element_type=\"container\" data-settings=\"{&quot;jet_parallax_layout_list&quot;:[],&quot;background_background&quot;:&quot;slideshow&quot;,&quot;background_slideshow_gallery&quot;:[],&quot;background_slideshow_loop&quot;:&quot;yes&quot;,&quot;background_slideshow_slide_duration&quot;:5000,&quot;background_slideshow_slide_transition&quot;:&quot;fade&quot;,&quot;background_slideshow_transition_duration&quot;:500,&quot;_ha_eqh_enable&quot;:false}\">\n\t\t\t\t<div class=\"elementor-element elementor-element-3a141d8 elementor-widget elementor-widget-heading\" data-id=\"3a141d8\" data-element_type=\"widget\" data-widget_type=\"heading.default\">\n\t\t\t\t<div class=\"elementor-widget-container\">\n\t\t\t\t\t<h1 class=\"elementor-heading-title elementor-size-default\">Verkoopvoorwaarden<\/h1>\t\t\t\t<\/div>\n\t\t\t\t<\/div>\n\t\t\t\t<\/div>\n\t\t\t\t\t<\/div>\n\t\t\t\t<\/div>\n\t\t<div class=\"elementor-element elementor-element-c8c861b e-flex e-con-boxed e-con e-parent\" data-id=\"c8c861b\" data-element_type=\"container\" data-settings=\"{&quot;jet_parallax_layout_list&quot;:[],&quot;_ha_eqh_enable&quot;:false}\">\n\t\t\t\t\t<div class=\"e-con-inner\">\n\t\t\t\t<div class=\"elementor-element elementor-element-f8277e7 elementor-widget elementor-widget-text-editor\" data-id=\"f8277e7\" data-element_type=\"widget\" data-widget_type=\"text-editor.default\">\n\t\t\t\t<div class=\"elementor-widget-container\">\n\t\t\t\t\t\t\t\t\t<h3><b>Verkoopvoorwaarden<br \/><br \/><\/b><\/h3><h4><b>1. Identificatie van het bedrijf<\/b><\/h4><p class=\"p3\">Deze voorwaarden zijn van toepassing op alle verkopen via de website <span class=\"s2\"><b>www.tactical-13.com<\/b><\/span>edited by :<\/p><p class=\"p4\"><b>Tactisch XIII<\/b><b><\/b><\/p><p class=\"p3\">SIRET: 894 760 388 00012<\/p><p class=\"p3\">E-mail : <a href=\"mailto:contact@tactical-13.com\">contact@tactical-13.com<\/a><br \/><br \/><\/p><hr \/><h4><b>2. Producten en prijzen<\/b><\/h4><p class=\"p3\">De prijzen op www.tactical-13.com zijn uitgedrukt in euro's, inclusief alle belastingen, maar exclusief leveringskosten.<\/p><p class=\"p3\">Tactical XIII behoudt zich het recht voor om zijn prijzen op elk moment te wijzigen. De producten worden gefactureerd op basis van de prijzen die gelden op het moment dat de bestelling wordt geplaatst.<\/p><p class=\"p3\">De foto's die de producten illustreren hebben geen contractuele waarde.<br \/><br \/><\/p><hr \/><h4><b>3. Besturingselementen<\/b><\/h4><p class=\"p3\">Bestellingen kunnen worden geplaatst :<\/p><ul><li><p class=\"p1\">rechtstreeks op www.tactical-13.com<\/p><\/li><li><p class=\"p1\">of per e-mail naar <a href=\"mailto:contact@tactical-13.com\">contact@tactical-13.com<\/a><\/p><\/li><\/ul><p class=\"p3\">Alle bestellingen worden pas in behandeling genomen na ontvangst van de volledige betaling (per creditcard, bankoverschrijving of andere op de site vermelde middelen) en onder voorbehoud van beschikbaarheid.<\/p><p class=\"p3\">De klant moet een volledig afleveradres en een bereikbaar telefoonnummer opgeven.<br \/><br \/><\/p><hr \/><h4><b>4. Levering<\/b><\/h4><p class=\"p3\">Leveringen vinden plaats op het Franse vasteland en in het buitenland, door Colissimo of een andere vervoerder.<\/p><p class=\"p3\">De verzendkosten worden aangegeven wanneer de bestelling wordt geplaatst en vari\u00ebren afhankelijk van het gewicht en de bestemming.<\/p><p class=\"p3\">Levertijden kunnen vari\u00ebren van <span class=\"s2\"><b>3 tot 5 werkdagen<\/b><\/span> afhankelijk van de activiteit.<\/p><p class=\"p3\">Tactical XIII kan niet verantwoordelijk worden gehouden voor vertragingen of verliezen die te wijten zijn aan vervoerders.<\/p><p class=\"p3\">Na ontvangst van het pakket moet de klant de staat van het product controleren en eventueel voorbehoud maken binnen een periode van <span class=\"s2\"><b>48 uur<\/b><\/span>aan zowel de drager als Tactical XIII.<br \/><br \/><\/p><hr \/><h4><b>5. Herroepingsrecht<\/b><\/h4><p class=\"p3\">In overeenstemming met de huidige wetgeving heeft de klant een herroepingsrecht van <span class=\"s2\"><b>14 kalenderdagen<\/b><\/span> na ontvangst van de producten.<\/p><p class=\"p3\">Retourneren gebeurt op kosten van de klant, in de originele verpakking en de producten mogen niet gebruikt zijn.<\/p><p class=\"p3\">De terugbetaling vindt plaats binnen 14 dagen na ontvangst van de geretourneerde producten.<br \/><br \/><\/p><hr \/><h4><b>6. Garantie<\/b><\/h4><p class=\"p3\">Tactical XIII garandeert zijn producten tegen fabricage- of materiaalfouten, voor een periode in overeenstemming met de wettelijke garantie.<\/p><p class=\"p3\">De garantie dekt niet :<\/p><ul><li><p class=\"p1\">normale slijtage (banden, lagers, enz.)<\/p><\/li><li><p class=\"p1\">schade veroorzaakt door verkeerd gebruik, wijziging, stoten of gebrek aan onderhoud<\/p><\/li><li><p class=\"p1\">tweedehands gekochte producten<\/p><\/li><\/ul><p class=\"p3\">Het product kan worden gerepareerd of vervangen naar goeddunken van Tactical XIII.<br \/><br \/><\/p><hr \/><h4><b>7. Gegevensbescherming<\/b><\/h4><p class=\"p3\">Tactical XIII verzamelt en verwerkt de persoonlijke gegevens van haar klanten in overeenstemming met de Franse wet op gegevensbescherming van 6 januari 1978 en de RGPD.<\/p><p class=\"p3\">Klanten hebben het recht om hun persoonlijke gegevens in te zien, te wijzigen of te verwijderen door te schrijven naar <a href=\"mailto:contact@tactical-13.com\">contact@tactical-13.com<\/a>.<br \/><br \/><\/p><hr \/><h4><b>8. Geschillen en toepasselijk recht<\/b><\/h4><p class=\"p3\">Op deze GCS is het Franse recht van toepassing.<\/p><p class=\"p3\">In geval van een geschil wordt de klant verzocht contact op te nemen met Tactical XIII in der minne. Indien dit niet lukt, kan het geschil aan de rechter worden voorgelegd. <span class=\"s2\"><b>Rechtbank van Clermont-Ferrand<\/b><\/span>.<\/p><p class=\"p3\">In overeenstemming met artikel L612-1 van de Franse consumentenwetgeving heeft elke consument het recht om een gratis beroep te doen op een <span class=\"s2\"><b>consumentenombudsman<\/b><\/span> met het oog op een minnelijke schikking van het geschil.<\/p><p><em>Algemene voorwaarden bijgewerkt op 26\/06\/25<\/em><\/p>\t\t\t\t\t\t\t\t<\/div>\n\t\t\t\t<\/div>\n\t\t\t\t\t<\/div>\n\t\t\t\t<\/div>\n\t\t<div class=\"elementor-element elementor-element-1a7c427 e-flex e-con-boxed e-con e-parent\" data-id=\"1a7c427\" data-element_type=\"container\" data-settings=\"{&quot;jet_parallax_layout_list&quot;:[],&quot;background_background&quot;:&quot;classic&quot;,&quot;_ha_eqh_enable&quot;:false}\">\n\t\t\t\t\t<div class=\"e-con-inner\">\n\t\t\t\t<div class=\"elementor-element elementor-element-314550d elementor-widget elementor-widget-heading\" data-id=\"314550d\" data-element_type=\"widget\" data-widget_type=\"heading.default\">\n\t\t\t\t<div class=\"elementor-widget-container\">\n\t\t\t\t\t<h2 class=\"elementor-heading-title elementor-size-default\">Dit is waarom onze klanten van Tactical XIII houden<\/h2>\t\t\t\t<\/div>\n\t\t\t\t<\/div>\n\t\t\t\t\t<\/div>\n\t\t\t\t<\/div>\n\t\t<div class=\"elementor-element elementor-element-18107ed e-flex e-con-boxed e-con e-parent\" data-id=\"18107ed\" data-element_type=\"container\" data-settings=\"{&quot;jet_parallax_layout_list&quot;:[],&quot;background_background&quot;:&quot;classic&quot;,&quot;_ha_eqh_enable&quot;:false}\">\n\t\t\t\t\t<div class=\"e-con-inner\">\n\t\t<div class=\"elementor-element elementor-element-c20f1f7 e-con-full e-flex e-con e-child\" data-id=\"c20f1f7\" data-element_type=\"container\" data-settings=\"{&quot;jet_parallax_layout_list&quot;:[],&quot;_ha_eqh_enable&quot;:false}\">\n\t\t\t\t<div class=\"elementor-element elementor-element-76f4215 elementor-view-default elementor-widget elementor-widget-icon\" data-id=\"76f4215\" data-element_type=\"widget\" data-widget_type=\"icon.default\">\n\t\t\t\t<div class=\"elementor-widget-container\">\n\t\t\t\t\t\t\t<div class=\"elementor-icon-wrapper\">\n\t\t\t<div class=\"elementor-icon\">\n\t\t\t<svg aria-hidden=\"true\" class=\"e-font-icon-svg e-fas-shipping-fast\" viewbox=\"0 0 640 512\" xmlns=\"http:\/\/www.w3.org\/2000\/svg\"><path d=\"M624 352h-16V243.9c0-12.7-5.1-24.9-14.1-33.9L494 110.1c-9-9-21.2-14.1-33.9-14.1H416V48c0-26.5-21.5-48-48-48H112C85.5 0 64 21.5 64 48v48H8c-4.4 0-8 3.6-8 8v16c0 4.4 3.6 8 8 8h272c4.4 0 8 3.6 8 8v16c0 4.4-3.6 8-8 8H40c-4.4 0-8 3.6-8 8v16c0 4.4 3.6 8 8 8h208c4.4 0 8 3.6 8 8v16c0 4.4-3.6 8-8 8H8c-4.4 0-8 3.6-8 8v16c0 4.4 3.6 8 8 8h208c4.4 0 8 3.6 8 8v16c0 4.4-3.6 8-8 8H64v128c0 53 43 96 96 96s96-43 96-96h128c0 53 43 96 96 96s96-43 96-96h48c8.8 0 16-7.2 16-16v-32c0-8.8-7.2-16-16-16zM160 464c-26.5 0-48-21.5-48-48s21.5-48 48-48 48 21.5 48 48-21.5 48-48 48zm320 0c-26.5 0-48-21.5-48-48s21.5-48 48-48 48 21.5 48 48-21.5 48-48 48zm80-208H416V144h44.1l99.9 99.9V256z\"><\/path><\/svg>\t\t\t<\/div>\n\t\t<\/div>\n\t\t\t\t\t\t<\/div>\n\t\t\t\t<\/div>\n\t\t\t\t<div class=\"elementor-element elementor-element-742c498 elementor-widget elementor-widget-heading\" data-id=\"742c498\" data-element_type=\"widget\" data-widget_type=\"heading.default\">\n\t\t\t\t<div class=\"elementor-widget-container\">\n\t\t\t\t\t<h3 class=\"elementor-heading-title elementor-size-default\">Gratis bezorging<br \/>in Frankrijk<\/h3>\t\t\t\t<\/div>\n\t\t\t\t<\/div>\n\t\t\t\t<div class=\"elementor-element elementor-element-61768ac elementor-widget elementor-widget-text-editor\" data-id=\"61768ac\" data-element_type=\"widget\" data-widget_type=\"text-editor.default\">\n\t\t\t\t<div class=\"elementor-widget-container\">\n\t\t\t\t\t\t\t\t\t<p class=\"translation-block\"><span style=\"font-weight: 400\">Krijg je <\/span><b>trolley<\/b> <b>van<\/b> <b>trekking<\/b><span style=\"font-weight: 400\">, en <\/span><b>accessoires<\/b><span style=\"font-weight: 400\">, binnen 3 tot 5 werkdagen gratis thuisbezorgd, klaar om op avontuur te gaan.<\/span><\/p>\t\t\t\t\t\t\t\t<\/div>\n\t\t\t\t<\/div>\n\t\t\t\t<\/div>\n\t\t<div class=\"elementor-element elementor-element-6f56aaf e-con-full e-flex e-con e-child\" data-id=\"6f56aaf\" data-element_type=\"container\" data-settings=\"{&quot;jet_parallax_layout_list&quot;:[],&quot;_ha_eqh_enable&quot;:false}\">\n\t\t\t\t<div class=\"elementor-element elementor-element-19a2fc2 elementor-view-default elementor-widget elementor-widget-icon\" data-id=\"19a2fc2\" data-element_type=\"widget\" data-widget_type=\"icon.default\">\n\t\t\t\t<div class=\"elementor-widget-container\">\n\t\t\t\t\t\t\t<div class=\"elementor-icon-wrapper\">\n\t\t\t<div class=\"elementor-icon\">\n\t\t\t<svg aria-hidden=\"true\" class=\"e-font-icon-svg e-fas-award\" viewbox=\"0 0 384 512\" xmlns=\"http:\/\/www.w3.org\/2000\/svg\"><path d=\"M97.12 362.63c-8.69-8.69-4.16-6.24-25.12-11.85-9.51-2.55-17.87-7.45-25.43-13.32L1.2 448.7c-4.39 10.77 3.81 22.47 15.43 22.03l52.69-2.01L105.56 507c8 8.44 22.04 5.81 26.43-4.96l52.05-127.62c-10.84 6.04-22.87 9.58-35.31 9.58-19.5 0-37.82-7.59-51.61-21.37zM382.8 448.7l-45.37-111.24c-7.56 5.88-15.92 10.77-25.43 13.32-21.07 5.64-16.45 3.18-25.12 11.85-13.79 13.78-32.12 21.37-51.62 21.37-12.44 0-24.47-3.55-35.31-9.58L252 502.04c4.39 10.77 18.44 13.4 26.43 4.96l36.25-38.28 52.69 2.01c11.62.44 19.82-11.27 15.43-22.03zM263 340c15.28-15.55 17.03-14.21 38.79-20.14 13.89-3.79 24.75-14.84 28.47-28.98 7.48-28.4 5.54-24.97 25.95-45.75 10.17-10.35 14.14-25.44 10.42-39.58-7.47-28.38-7.48-24.42 0-52.83 3.72-14.14-.25-29.23-10.42-39.58-20.41-20.78-18.47-17.36-25.95-45.75-3.72-14.14-14.58-25.19-28.47-28.98-27.88-7.61-24.52-5.62-44.95-26.41-10.17-10.35-25-14.4-38.89-10.61-27.87 7.6-23.98 7.61-51.9 0-13.89-3.79-28.72.25-38.89 10.61-20.41 20.78-17.05 18.8-44.94 26.41-13.89 3.79-24.75 14.84-28.47 28.98-7.47 28.39-5.54 24.97-25.95 45.75-10.17 10.35-14.15 25.44-10.42 39.58 7.47 28.36 7.48 24.4 0 52.82-3.72 14.14.25 29.23 10.42 39.59 20.41 20.78 18.47 17.35 25.95 45.75 3.72 14.14 14.58 25.19 28.47 28.98C104.6 325.96 106.27 325 121 340c13.23 13.47 33.84 15.88 49.74 5.82a39.676 39.676 0 0 1 42.53 0c15.89 10.06 36.5 7.65 49.73-5.82zM97.66 175.96c0-53.03 42.24-96.02 94.34-96.02s94.34 42.99 94.34 96.02-42.24 96.02-94.34 96.02-94.34-42.99-94.34-96.02z\"><\/path><\/svg>\t\t\t<\/div>\n\t\t<\/div>\n\t\t\t\t\t\t<\/div>\n\t\t\t\t<\/div>\n\t\t\t\t<div class=\"elementor-element elementor-element-87ec63e elementor-widget elementor-widget-heading\" data-id=\"87ec63e\" data-element_type=\"widget\" data-widget_type=\"heading.default\">\n\t\t\t\t<div class=\"elementor-widget-container\">\n\t\t\t\t\t<h3 class=\"elementor-heading-title elementor-size-default\">Handgemaakte kwaliteit<br \/>Frans<\/h3>\t\t\t\t<\/div>\n\t\t\t\t<\/div>\n\t\t\t\t<div class=\"elementor-element elementor-element-181ebb0 elementor-widget elementor-widget-text-editor\" data-id=\"181ebb0\" data-element_type=\"widget\" data-widget_type=\"text-editor.default\">\n\t\t\t\t<div class=\"elementor-widget-container\">\n\t\t\t\t\t\t\t\t\t<p class=\"translation-block\"><span style=\"font-weight: 400\">Elk <\/span><b>trekkingtrolley<\/b><span style=\"font-weight: 400\"> Model X-Trek wordt met de hand geassembleerd in <\/span><b>Auvergne<\/b><span style=\"font-weight: 400\"> met behulp van <\/span><b>robuuste<\/b><span style=\"font-weight: 400\"> en <\/span><b>lichtgewicht<\/b><span style=\"font-weight: 400\"> materialen.<\/span><\/p>\t\t\t\t\t\t\t\t<\/div>\n\t\t\t\t<\/div>\n\t\t\t\t<\/div>\n\t\t<div class=\"elementor-element elementor-element-5d71e18 e-con-full e-flex e-con e-child\" data-id=\"5d71e18\" data-element_type=\"container\" data-settings=\"{&quot;jet_parallax_layout_list&quot;:[],&quot;_ha_eqh_enable&quot;:false}\">\n\t\t\t\t<div class=\"elementor-element elementor-element-c8b8d31 elementor-view-default elementor-widget elementor-widget-icon\" data-id=\"c8b8d31\" data-element_type=\"widget\" data-widget_type=\"icon.default\">\n\t\t\t\t<div class=\"elementor-widget-container\">\n\t\t\t\t\t\t\t<div class=\"elementor-icon-wrapper\">\n\t\t\t<div class=\"elementor-icon\">\n\t\t\t<svg aria-hidden=\"true\" class=\"e-font-icon-svg e-fas-shield-alt\" viewbox=\"0 0 512 512\" xmlns=\"http:\/\/www.w3.org\/2000\/svg\"><path d=\"M466.5 83.7l-192-80a48.15 48.15 0 0 0-36.9 0l-192 80C27.7 91.1 16 108.6 16 128c0 198.5 114.5 335.7 221.5 380.3 11.8 4.9 25.1 4.9 36.9 0C360.1 472.6 496 349.3 496 128c0-19.4-11.7-36.9-29.5-44.3zM256.1 446.3l-.1-381 175.9 73.3c-3.3 151.4-82.1 261.1-175.8 307.7z\"><\/path><\/svg>\t\t\t<\/div>\n\t\t<\/div>\n\t\t\t\t\t\t<\/div>\n\t\t\t\t<\/div>\n\t\t\t\t<div class=\"elementor-element elementor-element-5402ad8 elementor-widget elementor-widget-heading\" data-id=\"5402ad8\" data-element_type=\"widget\" data-widget_type=\"heading.default\">\n\t\t\t\t<div class=\"elementor-widget-container\">\n\t\t\t\t\t<h3 class=\"elementor-heading-title elementor-size-default translation-block\">Repareerbaar, modulair, duurzaam<\/h3>\t\t\t\t<\/div>\n\t\t\t\t<\/div>\n\t\t\t\t<div class=\"elementor-element elementor-element-54362f9 elementor-widget elementor-widget-text-editor\" data-id=\"54362f9\" data-element_type=\"widget\" data-widget_type=\"text-editor.default\">\n\t\t\t\t<div class=\"elementor-widget-container\">\n\t\t\t\t\t\t\t\t\t<p><span style=\"font-weight: 400;\">Ontworpen met<\/span><b> vervangbare onderdelen<\/b><span style=\"font-weight: 400;\"> om lang mee te gaan, zelfs tijdens uw meest <\/span><b>lange expedities<\/b><span style=\"font-weight: 400;\">.<\/span><\/p>\t\t\t\t\t\t\t\t<\/div>\n\t\t\t\t<\/div>\n\t\t\t\t<\/div>\n\t\t\t\t\t<\/div>\n\t\t\t\t<\/div>\n\t\t\t\t<\/div>","protected":false},"excerpt":{"rendered":"<p>Algemene verkoopsvoorwaarden Algemene verkoopsvoorwaarden 1. Identificatie van het bedrijf Deze voorwaarden zijn van toepassing op alle verkopen die gesloten worden op de website www.tactical-13.com, uitgegeven door : Tactical XIII SIRET: 894 760 388 00012 E-mail: contact@tactical-13.com 2. Producten en prijzen De prijzen op www.tactical-13.com zijn in euro's en inclusief btw (alle belastingen inbegrepen).<\/p>","protected":false},"author":1,"featured_media":0,"parent":0,"menu_order":0,"comment_status":"closed","ping_status":"closed","template":"elementor_header_footer","meta":{"footnotes":""},"class_list":["post-3478","page","type-page","status-publish","hentry"],"blocksy_meta":[],"yoast_head":"<!-- This site is optimized with the Yoast SEO plugin v27.3 - https:\/\/yoast.com\/product\/yoast-seo-wordpress\/ -->\n<title>Conditions g\u00e9n\u00e9rales de vente - TACTICAL XIII<\/title>\n<meta name=\"robots\" content=\"index, follow, max-snippet:-1, max-image-preview:large, max-video-preview:-1\" \/>\n<link rel=\"canonical\" href=\"https:\/\/tactical-13.com\/nl\/algemene-verkoopvoorwaarden\/\" \/>\n<meta property=\"og:locale\" content=\"nl_NL\" \/>\n<meta property=\"og:type\" content=\"article\" \/>\n<meta property=\"og:title\" content=\"Conditions g\u00e9n\u00e9rales de vente - TACTICAL XIII\" \/>\n<meta property=\"og:description\" content=\"Conditions g\u00e9n\u00e9rales de vente Conditions G\u00e9n\u00e9rales de Vente 1. Identification de la soci\u00e9t\u00e9 Les pr\u00e9sentes conditions s\u2019appliquent \u00e0 toutes les ventes conclues sur le site www.tactical-13.com, \u00e9dit\u00e9 par : Tactical XIII SIRET : 894 760 388 00012 Email : contact@tactical-13.com 2. Produits et prix Les prix affich\u00e9s sur www.tactical-13.com sont exprim\u00e9s en euros TTC (toutes [&hellip;]\" \/>\n<meta property=\"og:url\" content=\"https:\/\/tactical-13.com\/nl\/algemene-verkoopvoorwaarden\/\" \/>\n<meta property=\"og:site_name\" content=\"TACTICAL XIII\" \/>\n<meta property=\"article:modified_time\" content=\"2025-07-23T06:06:01+00:00\" \/>\n<meta name=\"twitter:card\" content=\"summary_large_image\" \/>\n<meta name=\"twitter:label1\" content=\"Geschatte leestijd\" \/>\n\t<meta name=\"twitter:data1\" content=\"3 minuten\" \/>\n<script type=\"application\/ld+json\" class=\"yoast-schema-graph\">{\"@context\":\"https:\\\/\\\/schema.org\",\"@graph\":[{\"@type\":\"WebPage\",\"@id\":\"https:\\\/\\\/tactical-13.com\\\/nb\\\/generelle-vilkar-og-betingelser-for-salg\\\/\",\"url\":\"https:\\\/\\\/tactical-13.com\\\/nb\\\/generelle-vilkar-og-betingelser-for-salg\\\/\",\"name\":\"Conditions g\u00e9n\u00e9rales de vente - TACTICAL XIII\",\"isPartOf\":{\"@id\":\"https:\\\/\\\/tactical-13.com\\\/nb\\\/#website\"},\"datePublished\":\"2025-06-13T13:18:42+00:00\",\"dateModified\":\"2025-07-23T06:06:01+00:00\",\"breadcrumb\":{\"@id\":\"https:\\\/\\\/tactical-13.com\\\/nb\\\/generelle-vilkar-og-betingelser-for-salg\\\/#breadcrumb\"},\"inLanguage\":\"nl-NL\",\"potentialAction\":[{\"@type\":\"ReadAction\",\"target\":[\"https:\\\/\\\/tactical-13.com\\\/nb\\\/generelle-vilkar-og-betingelser-for-salg\\\/\"]}]},{\"@type\":\"BreadcrumbList\",\"@id\":\"https:\\\/\\\/tactical-13.com\\\/nb\\\/generelle-vilkar-og-betingelser-for-salg\\\/#breadcrumb\",\"itemListElement\":[{\"@type\":\"ListItem\",\"position\":1,\"name\":\"Accueil\",\"item\":\"https:\\\/\\\/tactical-13.com\\\/\"},{\"@type\":\"ListItem\",\"position\":2,\"name\":\"Conditions g\u00e9n\u00e9rales de vente\"}]},{\"@type\":\"WebSite\",\"@id\":\"https:\\\/\\\/tactical-13.com\\\/nb\\\/#website\",\"url\":\"https:\\\/\\\/tactical-13.com\\\/nb\\\/\",\"name\":\"TACTICAL XIII\",\"description\":\"Chariot de randonn\u00e9e\",\"publisher\":{\"@id\":\"https:\\\/\\\/tactical-13.com\\\/nb\\\/#organization\"},\"potentialAction\":[{\"@type\":\"SearchAction\",\"target\":{\"@type\":\"EntryPoint\",\"urlTemplate\":\"https:\\\/\\\/tactical-13.com\\\/nb\\\/?s={search_term_string}\"},\"query-input\":{\"@type\":\"PropertyValueSpecification\",\"valueRequired\":true,\"valueName\":\"search_term_string\"}}],\"inLanguage\":\"nl-NL\"},{\"@type\":\"Organization\",\"@id\":\"https:\\\/\\\/tactical-13.com\\\/nb\\\/#organization\",\"name\":\"TACTICAL XIII\",\"url\":\"https:\\\/\\\/tactical-13.com\\\/nb\\\/\",\"logo\":{\"@type\":\"ImageObject\",\"inLanguage\":\"nl-NL\",\"@id\":\"https:\\\/\\\/tactical-13.com\\\/nb\\\/#\\\/schema\\\/logo\\\/image\\\/\",\"url\":\"https:\\\/\\\/tactical-13.com\\\/wp-content\\\/uploads\\\/2025\\\/05\\\/Logo-Tactical-XIII-black.png\",\"contentUrl\":\"https:\\\/\\\/tactical-13.com\\\/wp-content\\\/uploads\\\/2025\\\/05\\\/Logo-Tactical-XIII-black.png\",\"width\":350,\"height\":237,\"caption\":\"TACTICAL XIII\"},\"image\":{\"@id\":\"https:\\\/\\\/tactical-13.com\\\/nb\\\/#\\\/schema\\\/logo\\\/image\\\/\"}}]}<\/script>\n<!-- \/ Yoast SEO plugin. -->","yoast_head_json":{"title":"Algemene verkoopvoorwaarden - TACTICAL XIII","robots":{"index":"index","follow":"follow","max-snippet":"max-snippet:-1","max-image-preview":"max-image-preview:large","max-video-preview":"max-video-preview:-1"},"canonical":"https:\/\/tactical-13.com\/nl\/algemene-verkoopvoorwaarden\/","og_locale":"nl_NL","og_type":"article","og_title":"Conditions g\u00e9n\u00e9rales de vente - TACTICAL XIII","og_description":"Conditions g\u00e9n\u00e9rales de vente Conditions G\u00e9n\u00e9rales de Vente 1. Identification de la soci\u00e9t\u00e9 Les pr\u00e9sentes conditions s\u2019appliquent \u00e0 toutes les ventes conclues sur le site www.tactical-13.com, \u00e9dit\u00e9 par : Tactical XIII SIRET : 894 760 388 00012 Email : contact@tactical-13.com 2. Produits et prix Les prix affich\u00e9s sur www.tactical-13.com sont exprim\u00e9s en euros TTC (toutes [&hellip;]","og_url":"https:\/\/tactical-13.com\/nl\/algemene-verkoopvoorwaarden\/","og_site_name":"TACTICAL XIII","article_modified_time":"2025-07-23T06:06:01+00:00","twitter_card":"summary_large_image","twitter_misc":{"Geschatte leestijd":"3 minuten"},"schema":{"@context":"https:\/\/schema.org","@graph":[{"@type":"WebPage","@id":"https:\/\/tactical-13.com\/nb\/generelle-vilkar-og-betingelser-for-salg\/","url":"https:\/\/tactical-13.com\/nb\/generelle-vilkar-og-betingelser-for-salg\/","name":"Algemene verkoopvoorwaarden - TACTICAL XIII","isPartOf":{"@id":"https:\/\/tactical-13.com\/nb\/#website"},"datePublished":"2025-06-13T13:18:42+00:00","dateModified":"2025-07-23T06:06:01+00:00","breadcrumb":{"@id":"https:\/\/tactical-13.com\/nb\/generelle-vilkar-og-betingelser-for-salg\/#breadcrumb"},"inLanguage":"nl-NL","potentialAction":[{"@type":"ReadAction","target":["https:\/\/tactical-13.com\/nb\/generelle-vilkar-og-betingelser-for-salg\/"]}]},{"@type":"BreadcrumbList","@id":"https:\/\/tactical-13.com\/nb\/generelle-vilkar-og-betingelser-for-salg\/#breadcrumb","itemListElement":[{"@type":"ListItem","position":1,"name":"Accueil","item":"https:\/\/tactical-13.com\/"},{"@type":"ListItem","position":2,"name":"Conditions g\u00e9n\u00e9rales de vente"}]},{"@type":"WebSite","@id":"https:\/\/tactical-13.com\/nb\/#website","url":"https:\/\/tactical-13.com\/nb\/","name":"TACTISCH XIII","description":"Wandelwagen","publisher":{"@id":"https:\/\/tactical-13.com\/nb\/#organization"},"potentialAction":[{"@type":"SearchAction","target":{"@type":"EntryPoint","urlTemplate":"https:\/\/tactical-13.com\/nb\/?s={search_term_string}"},"query-input":{"@type":"PropertyValueSpecification","valueRequired":true,"valueName":"search_term_string"}}],"inLanguage":"nl-NL"},{"@type":"Organization","@id":"https:\/\/tactical-13.com\/nb\/#organization","name":"TACTISCH XIII","url":"https:\/\/tactical-13.com\/nb\/","logo":{"@type":"ImageObject","inLanguage":"nl-NL","@id":"https:\/\/tactical-13.com\/nb\/#\/schema\/logo\/image\/","url":"https:\/\/tactical-13.com\/wp-content\/uploads\/2025\/05\/Logo-Tactical-XIII-black.png","contentUrl":"https:\/\/tactical-13.com\/wp-content\/uploads\/2025\/05\/Logo-Tactical-XIII-black.png","width":350,"height":237,"caption":"TACTICAL XIII"},"image":{"@id":"https:\/\/tactical-13.com\/nb\/#\/schema\/logo\/image\/"}}]}},"jetpack_sharing_enabled":true,"_links":{"self":[{"href":"https:\/\/tactical-13.com\/nl\/wp-json\/wp\/v2\/pages\/3478","targetHints":{"allow":["GET"]}}],"collection":[{"href":"https:\/\/tactical-13.com\/nl\/wp-json\/wp\/v2\/pages"}],"about":[{"href":"https:\/\/tactical-13.com\/nl\/wp-json\/wp\/v2\/types\/page"}],"author":[{"embeddable":true,"href":"https:\/\/tactical-13.com\/nl\/wp-json\/wp\/v2\/users\/1"}],"replies":[{"embeddable":true,"href":"https:\/\/tactical-13.com\/nl\/wp-json\/wp\/v2\/comments?post=3478"}],"version-history":[{"count":0,"href":"https:\/\/tactical-13.com\/nl\/wp-json\/wp\/v2\/pages\/3478\/revisions"}],"wp:attachment":[{"href":"https:\/\/tactical-13.com\/nl\/wp-json\/wp\/v2\/media?parent=3478"}],"curies":[{"name":"wp","href":"https:\/\/api.w.org\/{rel}","templated":true}]}}