{"id":2068,"date":"2025-05-31T16:32:16","date_gmt":"2025-05-31T14:32:16","guid":{"rendered":"https:\/\/tactical-13.com\/?post_type=product&#038;p=2068"},"modified":"2025-11-07T01:44:46","modified_gmt":"2025-11-07T00:44:46","slug":"reparatieset","status":"publish","type":"product","link":"https:\/\/tactical-13.com\/nl\/product-2\/reparatieset\/","title":{"rendered":"Pechset"},"content":{"rendered":"<div data-elementor-type=\"product-post\" data-elementor-id=\"2068\" class=\"elementor elementor-2068\" data-elementor-settings=\"{&quot;ha_cmc_init_switcher&quot;:&quot;no&quot;}\" data-elementor-post-type=\"product\">\n\t\t\t\t<div class=\"elementor-element elementor-element-44652149 e-flex e-con-boxed e-con e-parent\" data-id=\"44652149\" data-element_type=\"container\" data-settings=\"{&quot;jet_parallax_layout_list&quot;:[],&quot;_ha_eqh_enable&quot;:false}\">\n\t\t\t\t\t<div class=\"e-con-inner\">\n\t\t\t\t<div class=\"elementor-element elementor-element-a38bc7d elementor-widget elementor-widget-heading\" data-id=\"a38bc7d\" data-element_type=\"widget\" data-widget_type=\"heading.default\">\n\t\t\t\t<div class=\"elementor-widget-container\">\n\t\t\t\t\t<h2 class=\"elementor-heading-title elementor-size-default\">De zekerheid van onafhankelijke reparatie<\/h2>\t\t\t\t<\/div>\n\t\t\t\t<\/div>\n\t\t\t\t<div class=\"elementor-element elementor-element-1bb290c9 elementor-widget elementor-widget-text-editor\" data-id=\"1bb290c9\" data-element_type=\"widget\" data-widget_type=\"text-editor.default\">\n\t\t\t\t<div class=\"elementor-widget-container\">\n\t\t\t\t\t\t\t\t\t<p><span style=\"font-weight: 400;\">Wanneer je op expeditie gaat, telt elke gram, maar de betrouwbaarheid van je uitrusting is essentieel. Daarom hebben we een <\/span><b>uitsluitset<\/b><span style=\"font-weight: 400;\"> lichtgewicht, praktisch en ontworpen voor onafhankelijkheid. <\/span><span style=\"font-weight: 400;\">Het bevat de onderdelen die u nodig hebt om reparaties uit te voeren aan uw <\/span><b>Model X-Trek trekking trolley<\/b><span style=\"font-weight: 400;\">in het geval van <\/span><b>verlies<\/b><span style=\"font-weight: 400;\">van <\/span><b>break<\/b><span style=\"font-weight: 400;\"> of gewoon natuurlijke slijtage in het veld.<\/span><\/p><p class=\"translation-block\"><b>Aangepast aan extreme omgevingen<\/b><span style=\"font-weight: 400\">, wordt deze kit met name aanbevolen voor lange<\/b><span style=\"font-weight: 400\"> of ge\u00efsoleerde<\/span><b> routes. <\/b><span style=\"font-weight: 400\">Met deze kit kunnen belangrijke onderdelen zonder hulp van buitenaf worden vervangen en wordt de levensduur van uw uitrusting verlengd. <\/span><span style=\"font-weight: 400\">Elke kit is compatibel met <\/span><a href=\"https:\/\/tactical-13.com\/nl\/product-2\/model-x-trek-versie-2-evolutie\/\" target=\"_self\"><b>X-Trek V2 Evolution<\/b><\/a> <span style=\"font-weight: 400\">en <\/span><b><a href=\"https:\/\/tactical-13.com\/nl\/product-2\/model-x-trek-versie-3\/\" target=\"_self\">Version 3<\/a>,<\/b><span style=\"font-weight: 400\">en bevat standaard onderdelen die in het veld gemakkelijk verwisselbaar zijn.<\/span><\/p>\t\t\t\t\t\t\t\t<\/div>\n\t\t\t\t<\/div>\n\t\t\t\t\t<\/div>\n\t\t\t\t<\/div>\n\t\t\t\t<\/div>","protected":false},"excerpt":{"rendered":"<p><span style=\"font-weight: 400;\">La <\/span><b>uitsluitset<\/b><span style=\"font-weight: 400;\"> Tactical XIII is het essenti\u00eble element voor al je <\/span><b>loopt<\/b><span style=\"font-weight: 400;\"> in autonomie. Hij is compact en licht en stelt je in staat om onvoorziene technische problemen op te lossen door je truck eenvoudig te repareren. <\/span><a href=\"https:\/\/tactical-13.com\/nl\/product-categorie\/trolleys\/\"><b>Model X-Trek<\/b><\/a><span style=\"font-weight: 400;\">zelfs in de buitenlucht.<\/span><\/p>\n<p><span style=\"font-weight: 400;\">Hij is ideaal voor lange reizen of afgelegen gebieden en geeft je gemoedsrust bij elke stap die je zet.<\/span><\/p>","protected":false},"featured_media":1103,"comment_status":"open","ping_status":"closed","template":"","meta":[],"product_brand":[],"product_cat":[29],"product_tag":[62,61,64,63],"class_list":{"0":"post-2068","1":"product","2":"type-product","3":"status-publish","4":"has-post-thumbnail","6":"product_cat-options","7":"product_tag-depannage","8":"product_tag-trousse","9":"product_tag-trousse-de-depannage","10":"product_tag-trousse-depannage","12":"first","13":"instock","14":"taxable","15":"shipping-taxable","16":"purchasable","17":"product-type-simple"},"yoast_head":"<!-- This site is optimized with the Yoast SEO plugin v27.3 - https:\/\/yoast.com\/product\/yoast-seo-wordpress\/ -->\n<title>Trousse de d\u00e9pannage pour chariot de randonn\u00e9e | Tactical XIII<\/title>\n<meta name=\"description\" content=\"Assurez votre autonomie avec la trousse de d\u00e9pannage Tactical XIII. Compatible avec les Model X-Trek, elle contient le n\u00e9cessaire pour vos r\u00e9parations.\" \/>\n<meta name=\"robots\" content=\"index, follow, max-snippet:-1, max-image-preview:large, max-video-preview:-1\" \/>\n<link rel=\"canonical\" href=\"https:\/\/tactical-13.com\/nl\/product-2\/reparatieset\/\" \/>\n<meta property=\"og:locale\" content=\"nl_NL\" \/>\n<meta property=\"og:type\" content=\"article\" \/>\n<meta property=\"og:title\" content=\"Trousse de d\u00e9pannage pour chariot de randonn\u00e9e | Tactical XIII\" \/>\n<meta property=\"og:description\" content=\"Assurez votre autonomie avec la trousse de d\u00e9pannage Tactical XIII. Compatible avec les Model X-Trek, elle contient le n\u00e9cessaire pour vos r\u00e9parations.\" \/>\n<meta property=\"og:url\" content=\"https:\/\/tactical-13.com\/nl\/product-2\/reparatieset\/\" \/>\n<meta property=\"og:site_name\" content=\"TACTICAL XIII\" \/>\n<meta property=\"article:modified_time\" content=\"2025-11-07T00:44:46+00:00\" \/>\n<meta property=\"og:image\" content=\"http:\/\/tactical-13.com\/wp-content\/uploads\/2025\/05\/Trousse-de-depannage-Tactical-13.jpg\" \/>\n\t<meta property=\"og:image:width\" content=\"1080\" \/>\n\t<meta property=\"og:image:height\" content=\"1080\" \/>\n\t<meta property=\"og:image:type\" content=\"image\/jpeg\" \/>\n<meta name=\"twitter:card\" content=\"summary_large_image\" \/>\n<script type=\"application\/ld+json\" class=\"yoast-schema-graph\">{\"@context\":\"https:\\\/\\\/schema.org\",\"@graph\":[{\"@type\":\"WebPage\",\"@id\":\"https:\\\/\\\/tactical-13.com\\\/fr\\\/produit\\\/trousse-de-depannage\\\/\",\"url\":\"https:\\\/\\\/tactical-13.com\\\/fr\\\/produit\\\/trousse-de-depannage\\\/\",\"name\":\"Trousse de d\u00e9pannage pour chariot de randonn\u00e9e | Tactical XIII\",\"isPartOf\":{\"@id\":\"https:\\\/\\\/tactical-13.com\\\/nb\\\/#website\"},\"primaryImageOfPage\":{\"@id\":\"https:\\\/\\\/tactical-13.com\\\/fr\\\/produit\\\/trousse-de-depannage\\\/#primaryimage\"},\"image\":{\"@id\":\"https:\\\/\\\/tactical-13.com\\\/fr\\\/produit\\\/trousse-de-depannage\\\/#primaryimage\"},\"thumbnailUrl\":\"https:\\\/\\\/tactical-13.com\\\/wp-content\\\/uploads\\\/2025\\\/05\\\/Trousse-de-depannage-Tactical-13.jpg\",\"datePublished\":\"2025-05-31T14:32:16+00:00\",\"dateModified\":\"2025-11-07T00:44:46+00:00\",\"description\":\"Assurez votre autonomie avec la trousse de d\u00e9pannage Tactical XIII. Compatible avec les Model X-Trek, elle contient le n\u00e9cessaire pour vos r\u00e9parations.\",\"breadcrumb\":{\"@id\":\"https:\\\/\\\/tactical-13.com\\\/fr\\\/produit\\\/trousse-de-depannage\\\/#breadcrumb\"},\"inLanguage\":\"nl-NL\",\"potentialAction\":[{\"@type\":\"ReadAction\",\"target\":[\"https:\\\/\\\/tactical-13.com\\\/fr\\\/produit\\\/trousse-de-depannage\\\/\"]}]},{\"@type\":\"ImageObject\",\"inLanguage\":\"nl-NL\",\"@id\":\"https:\\\/\\\/tactical-13.com\\\/fr\\\/produit\\\/trousse-de-depannage\\\/#primaryimage\",\"url\":\"https:\\\/\\\/tactical-13.com\\\/wp-content\\\/uploads\\\/2025\\\/05\\\/Trousse-de-depannage-Tactical-13.jpg\",\"contentUrl\":\"https:\\\/\\\/tactical-13.com\\\/wp-content\\\/uploads\\\/2025\\\/05\\\/Trousse-de-depannage-Tactical-13.jpg\",\"width\":1080,\"height\":1080},{\"@type\":\"BreadcrumbList\",\"@id\":\"https:\\\/\\\/tactical-13.com\\\/fr\\\/produit\\\/trousse-de-depannage\\\/#breadcrumb\",\"itemListElement\":[{\"@type\":\"ListItem\",\"position\":1,\"name\":\"Accueil\",\"item\":\"https:\\\/\\\/tactical-13.com\\\/\"},{\"@type\":\"ListItem\",\"position\":2,\"name\":\"Boutique\",\"item\":\"https:\\\/\\\/tactical-13.com\\\/de\\\/shop\\\/\"},{\"@type\":\"ListItem\",\"position\":3,\"name\":\"Trousse de d\u00e9pannage\"}]},{\"@type\":\"WebSite\",\"@id\":\"https:\\\/\\\/tactical-13.com\\\/nb\\\/#website\",\"url\":\"https:\\\/\\\/tactical-13.com\\\/nb\\\/\",\"name\":\"TACTICAL XIII\",\"description\":\"Chariot de randonn\u00e9e\",\"publisher\":{\"@id\":\"https:\\\/\\\/tactical-13.com\\\/nb\\\/#organization\"},\"potentialAction\":[{\"@type\":\"SearchAction\",\"target\":{\"@type\":\"EntryPoint\",\"urlTemplate\":\"https:\\\/\\\/tactical-13.com\\\/nb\\\/?s={search_term_string}\"},\"query-input\":{\"@type\":\"PropertyValueSpecification\",\"valueRequired\":true,\"valueName\":\"search_term_string\"}}],\"inLanguage\":\"nl-NL\"},{\"@type\":\"Organization\",\"@id\":\"https:\\\/\\\/tactical-13.com\\\/nb\\\/#organization\",\"name\":\"TACTICAL XIII\",\"url\":\"https:\\\/\\\/tactical-13.com\\\/nb\\\/\",\"logo\":{\"@type\":\"ImageObject\",\"inLanguage\":\"nl-NL\",\"@id\":\"https:\\\/\\\/tactical-13.com\\\/nb\\\/#\\\/schema\\\/logo\\\/image\\\/\",\"url\":\"https:\\\/\\\/tactical-13.com\\\/wp-content\\\/uploads\\\/2025\\\/05\\\/Logo-Tactical-XIII-black.png\",\"contentUrl\":\"https:\\\/\\\/tactical-13.com\\\/wp-content\\\/uploads\\\/2025\\\/05\\\/Logo-Tactical-XIII-black.png\",\"width\":350,\"height\":237,\"caption\":\"TACTICAL XIII\"},\"image\":{\"@id\":\"https:\\\/\\\/tactical-13.com\\\/nb\\\/#\\\/schema\\\/logo\\\/image\\\/\"}}]}<\/script>\n<!-- \/ Yoast SEO plugin. -->","yoast_head_json":{"title":"Reparatieset voor steekwagen | Tactical XIII","description":"Zorg voor autonomie met de Tactical XIII reparatieset. Deze kit is compatibel met model X-Treks en bevat alles wat je nodig hebt voor reparaties.","robots":{"index":"index","follow":"follow","max-snippet":"max-snippet:-1","max-image-preview":"max-image-preview:large","max-video-preview":"max-video-preview:-1"},"canonical":"https:\/\/tactical-13.com\/nl\/product-2\/reparatieset\/","og_locale":"nl_NL","og_type":"article","og_title":"Trousse de d\u00e9pannage pour chariot de randonn\u00e9e | Tactical XIII","og_description":"Assurez votre autonomie avec la trousse de d\u00e9pannage Tactical XIII. Compatible avec les Model X-Trek, elle contient le n\u00e9cessaire pour vos r\u00e9parations.","og_url":"https:\/\/tactical-13.com\/nl\/product-2\/reparatieset\/","og_site_name":"TACTICAL XIII","article_modified_time":"2025-11-07T00:44:46+00:00","og_image":[{"width":1080,"height":1080,"url":"http:\/\/tactical-13.com\/wp-content\/uploads\/2025\/05\/Trousse-de-depannage-Tactical-13.jpg","type":"image\/jpeg"}],"twitter_card":"summary_large_image","schema":{"@context":"https:\/\/schema.org","@graph":[{"@type":"WebPage","@id":"https:\/\/tactical-13.com\/fr\/produit\/trousse-de-depannage\/","url":"https:\/\/tactical-13.com\/fr\/produit\/trousse-de-depannage\/","name":"Reparatieset voor steekwagen | Tactical XIII","isPartOf":{"@id":"https:\/\/tactical-13.com\/nb\/#website"},"primaryImageOfPage":{"@id":"https:\/\/tactical-13.com\/fr\/produit\/trousse-de-depannage\/#primaryimage"},"image":{"@id":"https:\/\/tactical-13.com\/fr\/produit\/trousse-de-depannage\/#primaryimage"},"thumbnailUrl":"https:\/\/tactical-13.com\/wp-content\/uploads\/2025\/05\/Trousse-de-depannage-Tactical-13.jpg","datePublished":"2025-05-31T14:32:16+00:00","dateModified":"2025-11-07T00:44:46+00:00","description":"Zorg voor autonomie met de Tactical XIII reparatieset. Deze kit is compatibel met model X-Treks en bevat alles wat je nodig hebt voor reparaties.","breadcrumb":{"@id":"https:\/\/tactical-13.com\/fr\/produit\/trousse-de-depannage\/#breadcrumb"},"inLanguage":"nl-NL","potentialAction":[{"@type":"ReadAction","target":["https:\/\/tactical-13.com\/fr\/produit\/trousse-de-depannage\/"]}]},{"@type":"ImageObject","inLanguage":"nl-NL","@id":"https:\/\/tactical-13.com\/fr\/produit\/trousse-de-depannage\/#primaryimage","url":"https:\/\/tactical-13.com\/wp-content\/uploads\/2025\/05\/Trousse-de-depannage-Tactical-13.jpg","contentUrl":"https:\/\/tactical-13.com\/wp-content\/uploads\/2025\/05\/Trousse-de-depannage-Tactical-13.jpg","width":1080,"height":1080},{"@type":"BreadcrumbList","@id":"https:\/\/tactical-13.com\/fr\/produit\/trousse-de-depannage\/#breadcrumb","itemListElement":[{"@type":"ListItem","position":1,"name":"Accueil","item":"https:\/\/tactical-13.com\/"},{"@type":"ListItem","position":2,"name":"Boutique","item":"https:\/\/tactical-13.com\/de\/shop\/"},{"@type":"ListItem","position":3,"name":"Trousse de d\u00e9pannage"}]},{"@type":"WebSite","@id":"https:\/\/tactical-13.com\/nb\/#website","url":"https:\/\/tactical-13.com\/nb\/","name":"TACTISCH XIII","description":"Wandelwagen","publisher":{"@id":"https:\/\/tactical-13.com\/nb\/#organization"},"potentialAction":[{"@type":"SearchAction","target":{"@type":"EntryPoint","urlTemplate":"https:\/\/tactical-13.com\/nb\/?s={search_term_string}"},"query-input":{"@type":"PropertyValueSpecification","valueRequired":true,"valueName":"search_term_string"}}],"inLanguage":"nl-NL"},{"@type":"Organization","@id":"https:\/\/tactical-13.com\/nb\/#organization","name":"TACTISCH XIII","url":"https:\/\/tactical-13.com\/nb\/","logo":{"@type":"ImageObject","inLanguage":"nl-NL","@id":"https:\/\/tactical-13.com\/nb\/#\/schema\/logo\/image\/","url":"https:\/\/tactical-13.com\/wp-content\/uploads\/2025\/05\/Logo-Tactical-XIII-black.png","contentUrl":"https:\/\/tactical-13.com\/wp-content\/uploads\/2025\/05\/Logo-Tactical-XIII-black.png","width":350,"height":237,"caption":"TACTICAL XIII"},"image":{"@id":"https:\/\/tactical-13.com\/nb\/#\/schema\/logo\/image\/"}}]}},"jetpack_sharing_enabled":true,"_links":{"self":[{"href":"https:\/\/tactical-13.com\/nl\/wp-json\/wp\/v2\/product\/2068","targetHints":{"allow":["GET"]}}],"collection":[{"href":"https:\/\/tactical-13.com\/nl\/wp-json\/wp\/v2\/product"}],"about":[{"href":"https:\/\/tactical-13.com\/nl\/wp-json\/wp\/v2\/types\/product"}],"replies":[{"embeddable":true,"href":"https:\/\/tactical-13.com\/nl\/wp-json\/wp\/v2\/comments?post=2068"}],"version-history":[{"count":4,"href":"https:\/\/tactical-13.com\/nl\/wp-json\/wp\/v2\/product\/2068\/revisions"}],"predecessor-version":[{"id":6132,"href":"https:\/\/tactical-13.com\/nl\/wp-json\/wp\/v2\/product\/2068\/revisions\/6132"}],"wp:featuredmedia":[{"embeddable":true,"href":"https:\/\/tactical-13.com\/nl\/wp-json\/wp\/v2\/media\/1103"}],"wp:attachment":[{"href":"https:\/\/tactical-13.com\/nl\/wp-json\/wp\/v2\/media?parent=2068"}],"wp:term":[{"taxonomy":"product_brand","embeddable":true,"href":"https:\/\/tactical-13.com\/nl\/wp-json\/wp\/v2\/product_brand?post=2068"},{"taxonomy":"product_cat","embeddable":true,"href":"https:\/\/tactical-13.com\/nl\/wp-json\/wp\/v2\/product_cat?post=2068"},{"taxonomy":"product_tag","embeddable":true,"href":"https:\/\/tactical-13.com\/nl\/wp-json\/wp\/v2\/product_tag?post=2068"}],"curies":[{"name":"wp","href":"https:\/\/api.w.org\/{rel}","templated":true}]}}